{"id":291,"date":"2012-06-28T14:36:52","date_gmt":"2012-06-28T14:36:52","guid":{"rendered":"http:\/\/people.unica.it\/meccanica\/?page_id=291"},"modified":"2012-06-29T08:01:27","modified_gmt":"2012-06-29T08:01:27","slug":"tutor-didattici","status":"publish","type":"page","link":"https:\/\/people.unica.it\/dottoratoindirittodeicontratti\/consiglio-di-classe\/tutor-didattici\/","title":{"rendered":"Tutor didattici"},"content":{"rendered":"<p style=\"text-align: center\"><strong>Art. 25 &#8211;\u00a0 Tutor didattici<\/strong><\/p>\n<p><span style=\"text-decoration: underline\">In funzione delle disponibilit\u00e0 economiche messe a disposizione dall&#8217;Ateneo<\/span>, il CCSIM potr\u00e0 individuare annualmente alcune figure con adeguata preparazione in grado di supportare gli studenti nelle attivit\u00e0 di studio e preparazione all&#8217;esame di specifici insegnamenti attraverso attivit\u00e0 didattico-integrative e di recupero coordinate dal docente.<\/p>\n<p style=\"text-align: center\"><strong>Elenco dei Tutor didattici<\/strong><\/p>\n\n<table id=\"wp-table-reloaded-id-11-no-1\" class=\"wp-table-reloaded wp-table-reloaded-id-11\">\n<thead>\n\t<tr class=\"row-1 odd\">\n\t\t<th class=\"column-1\">N\u00b0<\/th><th class=\"column-2\">Tutor<\/th><th class=\"column-3\">Insegnamento<\/th><th class=\"column-4\">Docente<\/th><th class=\"column-5\">SSD<\/th>\n\t<\/tr>\n<\/thead>\n<tbody class=\"row-hover\">\n\t<tr class=\"row-2 even\">\n\t\t<td class=\"column-1\">1<\/td><td class=\"column-2\">Ing. Roberto Loi<br \/>\r\nIng. Alberto Medda<\/td><td class=\"column-3\">Matematica 1<\/td><td class=\"column-4\"><a href=\"http:\/\/people.unica.it\/monicamarras\">Monica Marras<\/a><br \/>\r\n<a href=\"http:\/\/people.unica.it\/ratto\">Andrea Ratto<\/a><\/td><td class=\"column-5\">Mat\/05<br \/>\r\nMat\/03<\/td>\n\t<\/tr>\n\t<tr class=\"row-3 odd\">\n\t\t<td class=\"column-1\">2<\/td><td class=\"column-2\">Marco Javarone<\/td><td class=\"column-3\">Fondamenti di Informatica 1<\/td><td class=\"column-4\"><a href=\"http:\/\/www.diee.unica.it\/it\/personale\/personale.php?idp=40\">Giuliano Armano <\/a><\/td><td class=\"column-5\">ING-INF\/05<\/td>\n\t<\/tr>\n\t<tr class=\"row-4 even\">\n\t\t<td class=\"column-1\">3<\/td><td class=\"column-2\">Dr. Andrea Urru<br \/>\r\nDr.ssa Ing. Rossella Medda<\/td><td class=\"column-3\">Fisica 2<\/td><td class=\"column-4\"><a href=\"http:\/\/people.unica.it\/giorgioconcas\">Giorgio Concas <\/a><\/td><td class=\"column-5\">Fis\/01<\/td>\n\t<\/tr>\n\t<tr class=\"row-5 odd\">\n\t\t<td class=\"column-1\">4<\/td><td class=\"column-2\">Ing Roberto Loi<br \/>\r\nDott.ssa Claudia Gaviano<\/td><td class=\"column-3\">Matematica 2<\/td><td class=\"column-4\"><a href=\"http:\/\/people.unica.it\/stellapirovernier\">Stella Piro Vernier <\/a><\/td><td class=\"column-5\">Mat\/05<\/td>\n\t<\/tr>\n\t<tr class=\"row-6 even\">\n\t\t<td class=\"column-1\">5<\/td><td class=\"column-2\">Francesco Arrai<\/td><td class=\"column-3\">Matematica applicata<\/td><td class=\"column-4\"><a href=\"http:\/\/people.unica.it\/giusepperodriguez\">Giuseppe Rodriguez<\/a><\/td><td class=\"column-5\">Mat\/08<\/td>\n\t<\/tr>\n\t<tr class=\"row-7 odd\">\n\t\t<td class=\"column-1\">7<\/td><td class=\"column-2\">Stefano Usai<\/td><td class=\"column-3\">Elettrotecnica<\/td><td class=\"column-4\"><a href=\"http:\/\/people.unica.it\/mariangelausai\">Mariangela Usai<\/a><\/td><td class=\"column-5\">ING-IND\/31<\/td>\n\t<\/tr>\n\t<tr class=\"row-8 even\">\n\t\t<td class=\"column-1\">8<\/td><td class=\"column-2\">Costantino Falchi<\/td><td class=\"column-3\">Disegno Assistito dal Calcolatore<\/td><td class=\"column-4\"><a href=\"http:\/\/people.unica.it\/ritaambu\">Rita Ambu<\/a><\/td><td class=\"column-5\">ING-IND\/15<\/td>\n\t<\/tr>\n\t<tr class=\"row-9 odd\">\n\t\t<td class=\"column-1\">9<\/td><td class=\"column-2\">Ing. Marco Meletti<br \/>\r\nIng. Raffaele Parodo<br \/>\r\n<\/td><td class=\"column-3\">Meccanica Applicata alle Macchine<\/td><td class=\"column-4\"><a href=\"http:\/\/people.unica.it\/andreamanuello\">Andrea Manuello Bertetto<\/a><\/td><td class=\"column-5\">ING-IND\/13<\/td>\n\t<\/tr>\n<\/tbody>\n<\/table>\n\n","protected":false},"excerpt":{"rendered":"<p>Art. 25 &#8211;\u00a0 Tutor didattici In funzione delle disponibilit\u00e0 economiche messe a disposizione dall&#8217;Ateneo, il CCSIM potr\u00e0 individuare annualmente alcune figure con adeguata preparazione in grado di supportare gli studenti nelle attivit\u00e0 di studio e preparazione all&#8217;esame di specifici insegnamenti attraverso attivit\u00e0 didattico-integrative e di recupero coordinate dal docente. Elenco dei Tutor didattici<\/p>\n","protected":false},"author":503,"featured_media":0,"parent":7,"menu_order":0,"comment_status":"closed","ping_status":"closed","template":"","meta":{"footnotes":""},"class_list":["post-291","page","type-page","status-publish","hentry","post-seq-1","post-parity-odd","meta-position-corners","fix"],"_links":{"self":[{"href":"https:\/\/people.unica.it\/dottoratoindirittodeicontratti\/wp-json\/wp\/v2\/pages\/291","targetHints":{"allow":["GET"]}}],"collection":[{"href":"https:\/\/people.unica.it\/dottoratoindirittodeicontratti\/wp-json\/wp\/v2\/pages"}],"about":[{"href":"https:\/\/people.unica.it\/dottoratoindirittodeicontratti\/wp-json\/wp\/v2\/types\/page"}],"author":[{"embeddable":true,"href":"https:\/\/people.unica.it\/dottoratoindirittodeicontratti\/wp-json\/wp\/v2\/users\/503"}],"replies":[{"embeddable":true,"href":"https:\/\/people.unica.it\/dottoratoindirittodeicontratti\/wp-json\/wp\/v2\/comments?post=291"}],"version-history":[{"count":5,"href":"https:\/\/people.unica.it\/dottoratoindirittodeicontratti\/wp-json\/wp\/v2\/pages\/291\/revisions"}],"predecessor-version":[{"id":347,"href":"https:\/\/people.unica.it\/dottoratoindirittodeicontratti\/wp-json\/wp\/v2\/pages\/291\/revisions\/347"}],"up":[{"embeddable":true,"href":"https:\/\/people.unica.it\/dottoratoindirittodeicontratti\/wp-json\/wp\/v2\/pages\/7"}],"wp:attachment":[{"href":"https:\/\/people.unica.it\/dottoratoindirittodeicontratti\/wp-json\/wp\/v2\/media?parent=291"}],"curies":[{"name":"wp","href":"https:\/\/api.w.org\/{rel}","templated":true}]}}