{"id":289,"date":"2012-06-28T14:04:13","date_gmt":"2012-06-28T14:04:13","guid":{"rendered":"http:\/\/people.unica.it\/meccanica\/?page_id=289"},"modified":"2012-06-28T14:45:42","modified_gmt":"2012-06-28T14:45:42","slug":"studenti-tutor","status":"publish","type":"page","link":"https:\/\/people.unica.it\/dottoratoindirittodeicontratti\/consiglio-di-classe\/studenti-tutor\/","title":{"rendered":"Studenti Tutor"},"content":{"rendered":"<p style=\"text-align: center\"><strong>Art. 24 &#8211; Studenti Tutor<\/strong><\/p>\n<p>Mediante apposito bando, <span style=\"text-decoration: underline\">in funzione delle disponibilit\u00e0 economiche messe a disposizione dall&#8217;Ateneo<\/span>, verranno selezionati annualmente alcuni studenti capaci e meritevoli, iscritti ai corsi universitari di secondo e terzo livello, a cui verr\u00e0 attribuito un assegno per l&#8217;incentivazione delle attivit\u00e0 di tutorato di cui all&#8217;articolo 13 della legge 19 novembre 1990, n. 341, nonch\u00e9 per le attivit\u00e0 didattico-integrative, propedeutiche e di recupero.<\/p>\n<p>L&#8217;elenco degli Studenti Tutor \u00e8 pubblicizzato sul sito web del Corso di Studi.<\/p>\n","protected":false},"excerpt":{"rendered":"<p>Art. 24 &#8211; Studenti Tutor Mediante apposito bando, in funzione delle disponibilit\u00e0 economiche messe a disposizione dall&#8217;Ateneo, verranno selezionati annualmente alcuni studenti capaci e meritevoli, iscritti ai corsi universitari di secondo e terzo livello, a cui verr\u00e0 attribuito un assegno per l&#8217;incentivazione delle attivit\u00e0 di tutorato di cui all&#8217;articolo 13 della legge 19 novembre 1990, n. 341, nonch\u00e9 per le attivit\u00e0 didattico-integrative, propedeutiche e di recupero. L&#8217;elenco degli Studenti Tutor \u00e8 pubblicizzato sul sito web del Corso di Studi.<\/p>\n","protected":false},"author":503,"featured_media":0,"parent":7,"menu_order":0,"comment_status":"closed","ping_status":"closed","template":"","meta":{"footnotes":""},"class_list":["post-289","page","type-page","status-publish","hentry","post-seq-1","post-parity-odd","meta-position-corners","fix"],"_links":{"self":[{"href":"https:\/\/people.unica.it\/dottoratoindirittodeicontratti\/wp-json\/wp\/v2\/pages\/289","targetHints":{"allow":["GET"]}}],"collection":[{"href":"https:\/\/people.unica.it\/dottoratoindirittodeicontratti\/wp-json\/wp\/v2\/pages"}],"about":[{"href":"https:\/\/people.unica.it\/dottoratoindirittodeicontratti\/wp-json\/wp\/v2\/types\/page"}],"author":[{"embeddable":true,"href":"https:\/\/people.unica.it\/dottoratoindirittodeicontratti\/wp-json\/wp\/v2\/users\/503"}],"replies":[{"embeddable":true,"href":"https:\/\/people.unica.it\/dottoratoindirittodeicontratti\/wp-json\/wp\/v2\/comments?post=289"}],"version-history":[{"count":2,"href":"https:\/\/people.unica.it\/dottoratoindirittodeicontratti\/wp-json\/wp\/v2\/pages\/289\/revisions"}],"predecessor-version":[{"id":301,"href":"https:\/\/people.unica.it\/dottoratoindirittodeicontratti\/wp-json\/wp\/v2\/pages\/289\/revisions\/301"}],"up":[{"embeddable":true,"href":"https:\/\/people.unica.it\/dottoratoindirittodeicontratti\/wp-json\/wp\/v2\/pages\/7"}],"wp:attachment":[{"href":"https:\/\/people.unica.it\/dottoratoindirittodeicontratti\/wp-json\/wp\/v2\/media?parent=289"}],"curies":[{"name":"wp","href":"https:\/\/api.w.org\/{rel}","templated":true}]}}