{"id":844,"date":"2014-07-03T15:01:49","date_gmt":"2014-07-03T14:01:49","guid":{"rendered":"http:\/\/people.unica.it\/dottoratoinchimica\/?page_id=844"},"modified":"2023-06-05T12:57:11","modified_gmt":"2023-06-05T11:57:11","slug":"cotutela-di-tesi","status":"publish","type":"page","link":"https:\/\/people.unica.it\/dottoratoinchimica\/cotutela-di-tesi\/","title":{"rendered":"Joint Supervision of Thesis"},"content":{"rendered":"<h4>it<\/h4><p><\/p>\n<p><strong>Cotutela di te<\/strong>si<\/p>\n<p>Il Collegio di Dottorato ritiene che la realizzazione di programmi di cotutela consistenti nell\u2019elaborazione di tesi sotto la direzione congiunta di un docente del Collegio dei Docenti e di un docente di una universit\u00e0 dell\u2019Unione Europea sia uno strumento formativo importante ed efficace che, attraverso la mobilit\u00e0 dei dottorandi, favorisce in essi la consapevolezza di appartenere a una comunit\u00e0 scientifica transnazionale.<\/p>\n<p>La cotutela di tesi sar\u00e0 di norma attuata a favore dei dottorandi iscritti al primo anno di corso e il relativo programma sar\u00e0 supportato da una convenzione che specifica i termini dell\u2019accordo in conformit\u00e0 alla normativa locale e nazionale.<\/p>\n<p>Il Corso di Dottorato In Scienze e tecnologie chimiche ha sipulato diversi accordi di co-tutela con universit\u00e0 in Francia, Germania e Spagna.<\/p>\n<p>Per maggiori informazioni vedi Art. 17 del <a href=\"https:\/\/www.unica.it\/unica\/protected\/16192\/0\/def\/ref\/AVS16182\/\">Regolamento dei corsi di Dottorato di Ricerca<\/a><\/p>\n<p>&nbsp;<\/p>\n<p><\/p><h4>en<\/h4><p><\/p>\n<p>In the framework of the PhD programs, UNICA and UNISS encourages the mobility of PhD students giving the possibility to spend a part of their curse abroad.<\/p>\n<p>Joint supervision of a thesis (co-tutelle de these)<\/p>\n<p>PhD students may carry out their doctoral course and their research projects in part in a foreign country institution and in part in the University of Cagliari, under the joint supervision of thesis.<\/p>\n<p>A specific agreement will be signed between the two Institutions, and at the end of the program the student will be awarded a double-degree acknowledged from both partners. Doctoral students covered by the joint supervision procedure, work under the direction and responsibility of a thesis supervisor in each of the two Institutions involved in the agreement. Up today the Italian Conferenza dei Rettori delle Universit\u00e0 Italiane (CRUI) has signed joint declaration on bi-nationally supervised doctoral thesis agreements with France, Spain, Germany, and Switzerland.<\/p>\n<p>According to University regulations, PhD students may ask for an increase of 50% of the scholarship, for periods of research carried out abroad.<\/p>\n<p>At national level the Ministry for university and research has established several bilateral programmes with France, Spain and Germany to support PhD students international mobility.<\/p>","protected":false},"excerpt":{"rendered":"<p>it Cotutela di tesi Il Collegio di Dottorato ritiene che la realizzazione di programmi di cotutela consistenti nell\u2019elaborazione di tesi sotto la direzione congiunta di un docente del Collegio dei Docenti e di un docente di una universit\u00e0 dell\u2019Unione Europea sia uno strumento formativo importante ed efficace che, attraverso la mobilit\u00e0 dei dottorandi, favorisce in essi la consapevolezza di appartenere a una comunit\u00e0 scientifica transnazionale. La cotutela di tesi sar\u00e0 di norma attuata a favore dei dottorandi iscritti al primo anno di corso e il relativo programma sar\u00e0 supportato da una convenzione che specifica i termini dell\u2019accordo in conformit\u00e0 alla <a href='https:\/\/people.unica.it\/dottoratoinchimica\/cotutela-di-tesi\/' class='excerpt-more'>[&#8230;]<\/a><\/p>\n","protected":false},"author":522,"featured_media":0,"parent":0,"menu_order":0,"comment_status":"closed","ping_status":"closed","template":"","meta":{"footnotes":""},"class_list":["post-844","page","type-page","status-publish","hentry","post-seq-1","post-parity-odd","meta-position-corners","fix"],"_links":{"self":[{"href":"https:\/\/people.unica.it\/dottoratoinchimica\/wp-json\/wp\/v2\/pages\/844","targetHints":{"allow":["GET"]}}],"collection":[{"href":"https:\/\/people.unica.it\/dottoratoinchimica\/wp-json\/wp\/v2\/pages"}],"about":[{"href":"https:\/\/people.unica.it\/dottoratoinchimica\/wp-json\/wp\/v2\/types\/page"}],"author":[{"embeddable":true,"href":"https:\/\/people.unica.it\/dottoratoinchimica\/wp-json\/wp\/v2\/users\/522"}],"replies":[{"embeddable":true,"href":"https:\/\/people.unica.it\/dottoratoinchimica\/wp-json\/wp\/v2\/comments?post=844"}],"version-history":[{"count":10,"href":"https:\/\/people.unica.it\/dottoratoinchimica\/wp-json\/wp\/v2\/pages\/844\/revisions"}],"predecessor-version":[{"id":1642,"href":"https:\/\/people.unica.it\/dottoratoinchimica\/wp-json\/wp\/v2\/pages\/844\/revisions\/1642"}],"wp:attachment":[{"href":"https:\/\/people.unica.it\/dottoratoinchimica\/wp-json\/wp\/v2\/media?parent=844"}],"curies":[{"name":"wp","href":"https:\/\/api.w.org\/{rel}","templated":true}]}}