{"id":823,"date":"2022-11-03T13:30:53","date_gmt":"2022-11-03T12:30:53","guid":{"rendered":"http:\/\/people.unica.it\/dottoratoinchimica\/?page_id=823"},"modified":"2023-06-05T22:29:54","modified_gmt":"2023-06-05T21:29:54","slug":"stage-estero","status":"publish","type":"page","link":"https:\/\/people.unica.it\/dottoratoinchimica\/stage-estero\/","title":{"rendered":"Abroad Internship"},"content":{"rendered":"<h4>it<\/h4><p><\/p>\n<p><strong>Stage Estero<\/strong><\/p>\n<p>Ai dottorandi \u00e8 fortemente consigliato svolgere periodi di formazione, di ricerca e studio presso Universit\u00e0 o Istituti di ricerca stranieri. La permanenza all\u2019estero non pu\u00f2 eccedere la met\u00e0 della durata prevista per il Corso di dottorato. La borsa di studio \u00e8 maggiorata del 50% in proporzione al periodo di permanenza.<br \/>\nIl soggiorno all&#8217;estero deve essere preventivamente autorizzato dal Collegio dei Docenti.<br \/>\nAl termine del soggiorno all&#8217;estero il dottorando deve presentare una certificazione concernente il periodo effettivamente svolto, rilasciata dalla struttura straniera.<\/p>\n<p>L\u2019opportunit\u00e0 di soggiorno all\u2019estero per motivi di ricerca \u00e8 offerta ai dottorandi anche nel quadro di convenzioni formali e accordi informali con le seguenti universit\u00e0, istituzioni e centri di ricerca che prevedono l\u2019accoglienza dei dottorandi per svolgervi una parte del progetto di ricerca sono attive con le seguenti istituzioni scientifiche straniere:<\/p>\n<p>L\u2019opportunit\u00e0 di soggiorno all\u2019estero per motivi di ricerca \u00e8 offerta ai dottorandi anche nel quadro di convenzioni formali e accordi informali con le seguenti universit\u00e0, istituzioni e centri di ricerca che prevedono l\u2019accoglienza dei dottorandi per svolgervi una parte del progetto di ricerca sono attive con le seguenti istituzioni scientifiche straniere:<\/p>\n<table>\n<tbody>\n<tr>\n<td width=\"217\"><strong>University\/Institute<\/strong><\/td>\n<td width=\"104\"><strong>State<\/strong><\/td>\n<\/tr>\n<tr>\n<td width=\"217\">University College of London<\/td>\n<td width=\"104\">Gran Bretagna<\/td>\n<\/tr>\n<tr>\n<td width=\"217\">Universidad de Chile con sede in Santiago del Cile<\/td>\n<td width=\"104\">Cile<\/td>\n<\/tr>\n<tr>\n<td width=\"217\">School of Pharmacy, Queen&#8217;s University Belfast<\/td>\n<td width=\"104\">Irlanda<\/td>\n<\/tr>\n<tr>\n<td width=\"217\">University of Lille, College of Pharmacy<\/td>\n<td width=\"104\">Francia<\/td>\n<\/tr>\n<tr>\n<td width=\"217\">Instituto de Ciencia de Materiales de Madrid (ICMM)<\/td>\n<td width=\"104\">Spagna<\/td>\n<\/tr>\n<tr>\n<td width=\"217\">National Institute of Chemistry, Ljubljana<\/td>\n<td width=\"104\">Slovenia<\/td>\n<\/tr>\n<tr>\n<td width=\"217\">Agriculture University of Athens<\/td>\n<td width=\"104\">Grecia<\/td>\n<\/tr>\n<tr>\n<td width=\"217\">Universiteit Antwerpen, Anversa<\/td>\n<td width=\"104\">Belgio<\/td>\n<\/tr>\n<tr>\n<td width=\"217\">Humboldt-Universit\u00e4t zu Berlin<\/td>\n<td width=\"104\">Germania<\/td>\n<\/tr>\n<tr>\n<td width=\"217\">ETH Zurich<\/td>\n<td width=\"104\">Svizzera<\/td>\n<\/tr>\n<tr>\n<td width=\"217\">Universit\u00e9 de Paris XIII<\/td>\n<td width=\"104\">Francia<\/td>\n<\/tr>\n<tr>\n<td width=\"217\">Charles University In Prague<\/td>\n<td width=\"104\">Repubblica Ceca<\/td>\n<\/tr>\n<tr>\n<td width=\"217\">University of Ioannina<\/td>\n<td width=\"104\">Grecia<\/td>\n<\/tr>\n<tr>\n<td width=\"217\">Philipps Universitat Marburg<\/td>\n<td width=\"104\">Germania<\/td>\n<\/tr>\n<tr>\n<td width=\"217\">University of Limerick<\/td>\n<td width=\"104\">Irlanda<\/td>\n<\/tr>\n<tr>\n<td width=\"217\">Eberhard Karls Universitat Tubingen<\/td>\n<td width=\"104\">Germania<\/td>\n<\/tr>\n<tr>\n<td width=\"217\">Universidade do Minho<\/td>\n<td width=\"104\">Portogallo<\/td>\n<\/tr>\n<tr>\n<td width=\"217\">Universidad de Burgos<\/td>\n<td width=\"104\">Spagna<\/td>\n<\/tr>\n<tr>\n<td width=\"217\">Universidade Nova de Lisboa<\/td>\n<td width=\"104\">Portogallo<\/td>\n<\/tr>\n<tr>\n<td width=\"217\">Universidad de Granada<\/td>\n<td width=\"104\">Spagna<\/td>\n<\/tr>\n<tr>\n<td width=\"217\">Instituto Superior Tecnico de Lisboa<\/td>\n<td width=\"104\">Portogallo<\/td>\n<\/tr>\n<tr>\n<td width=\"217\">University of La Rioja<\/td>\n<td width=\"104\">Spagna<\/td>\n<\/tr>\n<tr>\n<td width=\"217\">Jan Dlugosz University in Czestochowie<\/td>\n<td width=\"104\">Polonia<\/td>\n<\/tr>\n<tr>\n<td width=\"217\">Max Planck Institute of Colloids and Interfaces, Postdam<\/td>\n<td width=\"104\">Germany<\/td>\n<\/tr>\n<tr>\n<td width=\"217\">Universidad Complutense de Madrid<\/td>\n<td width=\"104\">Spagna<\/td>\n<\/tr>\n<tr>\n<td width=\"217\">Uniwersytet im. Adama Mickiewicz<\/td>\n<td width=\"104\">Polonia<\/td>\n<\/tr>\n<tr>\n<td width=\"217\">Universidad de Sevilla<\/td>\n<td width=\"104\">Spagna<\/td>\n<\/tr>\n<tr>\n<td width=\"217\">Politechnika Warsawska<\/td>\n<td width=\"104\">Polonia<\/td>\n<\/tr>\n<tr>\n<td width=\"217\">Universidad de Valencia<\/td>\n<td width=\"104\">Spagna<\/td>\n<\/tr>\n<tr>\n<td width=\"217\">University of Wroclaw<\/td>\n<td width=\"104\">Polonia<\/td>\n<\/tr>\n<tr>\n<td width=\"217\">Universidad de Vigo<\/td>\n<td width=\"104\">Spagna<\/td>\n<\/tr>\n<tr>\n<td width=\"217\">Universitatea Babes Bolyai Cluj-Napoca<\/td>\n<td width=\"104\">Romania<\/td>\n<\/tr>\n<tr>\n<td width=\"217\">Universidad de Zaragoza<\/td>\n<td width=\"104\">Spagna<\/td>\n<\/tr>\n<tr>\n<td width=\"217\">Linnaeus University<\/td>\n<td width=\"104\">Svezia<\/td>\n<\/tr>\n<tr>\n<td width=\"217\">Universit\u00e9 d\u2019Angers<\/p>\n<p>&nbsp;<\/td>\n<td width=\"104\">Francia<\/td>\n<\/tr>\n<tr>\n<td width=\"217\">Universit\u00e9 de Paris Sud<\/p>\n<p>&nbsp;<\/td>\n<td width=\"104\">Francia<\/td>\n<\/tr>\n<tr>\n<td width=\"217\">University of Nottingham, School of Chemistry<\/td>\n<td width=\"104\">Gran Bretagna<\/td>\n<\/tr>\n<tr>\n<td width=\"217\">Universit\u00e9 du Littoral &#8211; Cote d&#8217;Opale<\/td>\n<td width=\"104\">Francia<\/td>\n<\/tr>\n<tr>\n<td width=\"217\">University of Sheffield<\/td>\n<td width=\"104\">Gran Bretagna<\/td>\n<\/tr>\n<\/tbody>\n<\/table>\n<p><\/p><h4>en<\/h4><p><\/p>\n<p>PhD, international aspects<\/p>\n<p>In the framework of the PhD programs, UNICA encourages the mobility of PhD students giving the possibility to spend a part of their cursus abroad.<\/p>\n<p>Joint supervision of a thesis (co-tutelle de these)<\/p>\n<p>PhD students may carry out their doctoral course and their research projects in part in a foreign country institution and in part in the University of Cagliari, under the joint supervision of thesis.<\/p>\n<p>A specific agreement will be signed between the two Institutions, and at the end of the program the student will be awarded a double-degree acknowledged from both partners. Doctoral students covered by the joint supervision procedure, work under the direction and responsibility of a thesis supervisor in each of the two Institutions involved in the agreement. Up today the Italian Conferenza dei Rettori delle Universit\u00e0 Italiane (CRUI) has signed joint declaration on bi-nationally supervised doctoral thesis agreements with France, Spain, Germany, and Switzerland.<\/p>\n<p>According to University regulations, PhD students may ask for an increase of 50% of the scholarship, for periods of research carried out abroad.<\/p>\n<p>At national level the Ministry for university and research has established several bilateral programmes with France, Spain and Germany to support PhD students international mobility.<\/p>\n<p>&nbsp;<\/p>","protected":false},"excerpt":{"rendered":"<p>it Stage Estero Ai dottorandi \u00e8 fortemente consigliato svolgere periodi di formazione, di ricerca e studio presso Universit\u00e0 o Istituti di ricerca stranieri. La permanenza all\u2019estero non pu\u00f2 eccedere la met\u00e0 della durata prevista per il Corso di dottorato. La borsa di studio \u00e8 maggiorata del 50% in proporzione al periodo di permanenza. Il soggiorno all&#8217;estero deve essere preventivamente autorizzato dal Collegio dei Docenti. Al termine del soggiorno all&#8217;estero il dottorando deve presentare una certificazione concernente il periodo effettivamente svolto, rilasciata dalla struttura straniera. L\u2019opportunit\u00e0 di soggiorno all\u2019estero per motivi di ricerca \u00e8 offerta ai dottorandi anche nel quadro di <a href='https:\/\/people.unica.it\/dottoratoinchimica\/stage-estero\/' class='excerpt-more'>[&#8230;]<\/a><\/p>\n","protected":false},"author":522,"featured_media":0,"parent":0,"menu_order":0,"comment_status":"closed","ping_status":"closed","template":"","meta":{"footnotes":""},"class_list":["post-823","page","type-page","status-publish","hentry","post-seq-1","post-parity-odd","meta-position-corners","fix"],"_links":{"self":[{"href":"https:\/\/people.unica.it\/dottoratoinchimica\/wp-json\/wp\/v2\/pages\/823","targetHints":{"allow":["GET"]}}],"collection":[{"href":"https:\/\/people.unica.it\/dottoratoinchimica\/wp-json\/wp\/v2\/pages"}],"about":[{"href":"https:\/\/people.unica.it\/dottoratoinchimica\/wp-json\/wp\/v2\/types\/page"}],"author":[{"embeddable":true,"href":"https:\/\/people.unica.it\/dottoratoinchimica\/wp-json\/wp\/v2\/users\/522"}],"replies":[{"embeddable":true,"href":"https:\/\/people.unica.it\/dottoratoinchimica\/wp-json\/wp\/v2\/comments?post=823"}],"version-history":[{"count":25,"href":"https:\/\/people.unica.it\/dottoratoinchimica\/wp-json\/wp\/v2\/pages\/823\/revisions"}],"predecessor-version":[{"id":1695,"href":"https:\/\/people.unica.it\/dottoratoinchimica\/wp-json\/wp\/v2\/pages\/823\/revisions\/1695"}],"wp:attachment":[{"href":"https:\/\/people.unica.it\/dottoratoinchimica\/wp-json\/wp\/v2\/media?parent=823"}],"curies":[{"name":"wp","href":"https:\/\/api.w.org\/{rel}","templated":true}]}}