{"id":804,"date":"2014-07-03T13:55:14","date_gmt":"2014-07-03T12:55:14","guid":{"rendered":"http:\/\/people.unica.it\/dottoratoinchimica\/?page_id=804"},"modified":"2023-06-05T12:48:34","modified_gmt":"2023-06-05T11:48:34","slug":"visiting-professors","status":"publish","type":"page","link":"https:\/\/people.unica.it\/dottoratoinchimica\/visiting-professors\/","title":{"rendered":"Visiting Scientists"},"content":{"rendered":"<h4>it<\/h4><p><\/p>\n<p>&nbsp;<\/p>\n<p>E&#8217; prevista un&#8217;attivit\u00e0 didattica, seminari, lezioni e workshop, in lingua straniera anche attraverso il programma Visiting Professor finanziato dalla Regione Sardegna e i programmi ERASMUS di Staff Mobility. Nella tabella vengono riportati i docenti che hanno tenuto seminari o corsi avanzati a partire dal 2006.<\/p>\n<table width=\"695\">\n<tbody>\n<tr>\n<td width=\"100\"><strong>Nome<\/strong><\/td>\n<td width=\"94\"><strong>Cognome<\/strong><\/td>\n<td width=\"89\"><strong>Paese<\/strong><\/td>\n<td width=\"135\"><strong>Tipo di attivit\u00e0<\/strong><\/td>\n<td width=\"83\"><strong>Lingua utilizzata<\/strong><\/td>\n<td width=\"83\"><strong>\u00a0Attivit\u00e0 Didattica<\/strong><\/td>\n<td width=\"94\"><strong>Data<\/strong><\/td>\n<\/tr>\n<tr>\n<td width=\"100\">David<\/td>\n<td width=\"94\">Aitken<\/td>\n<td width=\"89\">Universit\u00e9 Paris Saclay, Francia<\/td>\n<td width=\"135\">Seminari<\/td>\n<td width=\"83\">Inglese<\/td>\n<td width=\"83\">Erasmus Staff Mobility<\/td>\n<td width=\"94\">06.10.2023<\/p>\n<p>(prevista)<\/td>\n<\/tr>\n<tr>\n<td width=\"100\">Lukas<\/td>\n<td width=\"94\">Smolko<\/td>\n<td width=\"89\">Pavol Jozef \u0160af\u00e1rik University in Ko\u0161ice, Slovacchia<\/td>\n<td width=\"135\">Seminari<\/td>\n<td width=\"83\">Inglese<\/td>\n<td width=\"83\">Erasmus Staff Mobility<\/td>\n<td width=\"94\">29.05.2023<\/td>\n<\/tr>\n<tr>\n<td width=\"100\">Romana<\/p>\n<p>&nbsp;<\/td>\n<td width=\"94\">Smolkov\u00e1<\/td>\n<td width=\"89\">University of Presov, Slovacchia<\/td>\n<td width=\"135\">Seminari<\/td>\n<td width=\"83\">Inglese<\/td>\n<td width=\"83\">Erasmus Staff Mobility<\/td>\n<td width=\"94\">29.05.2023<\/td>\n<\/tr>\n<tr>\n<td width=\"100\">Manula<\/td>\n<td width=\"94\">Silva<\/td>\n<td width=\"89\">University of Minho, Braga, Portogallo<\/td>\n<td width=\"135\">Seminari<\/td>\n<td width=\"83\">Inglese<\/td>\n<td width=\"83\">Erasmus Staff Mobility<\/td>\n<td width=\"94\">20.05.2023<\/td>\n<\/tr>\n<tr>\n<td width=\"100\">Simona<\/td>\n<td width=\"94\">Bacaita<\/td>\n<td width=\"89\">\u201cGheorghe Asachi\u201d Technical University of Iasi, Romania<\/td>\n<td width=\"135\">Seminari<\/td>\n<td width=\"83\">Inglese<\/td>\n<td width=\"83\">Erasmus Staff Mobility<\/td>\n<td width=\"94\">12.04.2023<\/td>\n<\/tr>\n<tr>\n<td width=\"100\">Johannes<\/p>\n<p>&nbsp;<\/td>\n<td width=\"94\">Fiedler<\/td>\n<td width=\"89\">University of Bergen, Norvegia<\/td>\n<td width=\"135\">Seminari<\/td>\n<td width=\"83\">Inglese<\/td>\n<td width=\"83\">Vis. Prof.<\/td>\n<td width=\"94\">13.11.2022<\/td>\n<\/tr>\n<tr>\n<td width=\"100\">Peter<\/td>\n<td width=\"94\">Kusalik<\/td>\n<td width=\"89\">Calgary University, Canada<\/td>\n<td width=\"135\">Seminari<\/td>\n<td width=\"83\">Inglese<\/td>\n<td width=\"83\">Visiting Prof. 2022<\/td>\n<td width=\"94\">14.10.2022<\/td>\n<\/tr>\n<tr>\n<td width=\"100\">Barbara<\/td>\n<td width=\"94\">Jachimska<\/td>\n<td width=\"89\">Polish Academy of Sciences, Cracow, Polonia<\/td>\n<td width=\"135\">Seminari<\/td>\n<td width=\"83\">Inglese<\/td>\n<td width=\"83\">NAWA project (MAECI, Italia-Polonia)<\/td>\n<td width=\"94\">30.09.2022<\/td>\n<\/tr>\n<tr>\n<td width=\"100\">\u00a0Anna<\/td>\n<td width=\"94\">Przyby\u0142<\/td>\n<td width=\"89\">Adam Mickiewicz University, Poland<\/td>\n<td width=\"135\">Seminari<\/td>\n<td width=\"83\">Inglese<\/td>\n<td width=\"83\">Erasmus Staff Mobility<\/td>\n<td width=\"94\">24.09.2022<\/td>\n<\/tr>\n<tr>\n<td width=\"100\">Zane<\/td>\n<td width=\"94\">Abelniece<\/td>\n<td width=\"89\">Riga University<\/td>\n<td width=\"135\">Seminari<\/td>\n<td width=\"83\">Inglese<\/td>\n<td width=\"83\">Erasmus Staff Mobility<\/td>\n<td width=\"94\">16.05.2022<\/td>\n<\/tr>\n<tr>\n<td width=\"100\">Anca<\/td>\n<td width=\"94\">Silvestru<\/td>\n<td width=\"89\">Universit\u00e0 di Cluj-Napoca<\/td>\n<td width=\"135\">Seminari<\/td>\n<td width=\"83\">Inglese<\/td>\n<td width=\"83\">Erasmus Staff Mobility<\/td>\n<td width=\"94\">12.09.2022<\/td>\n<\/tr>\n<tr>\n<td width=\"100\">Sarka<\/p>\n<p>&nbsp;<\/td>\n<td width=\"94\">Savova<\/td>\n<td width=\"89\">Brno University, Repubblica Ceca<\/td>\n<td width=\"135\">Seminari<\/td>\n<td width=\"83\">Inglese<\/td>\n<td width=\"83\">Erasmus Staff Mobility<\/td>\n<td width=\"94\">16.05.2022<\/td>\n<\/tr>\n<tr>\n<td width=\"100\">Liliana<\/p>\n<p>&nbsp;<\/td>\n<td width=\"94\">Foia<\/td>\n<td width=\"89\">Grigore T.Popa University, Iasi, Romania<\/td>\n<td width=\"135\">Seminari<\/td>\n<td width=\"83\">Inglese<\/td>\n<td width=\"83\">Erasmus Staff Mobility<\/td>\n<td width=\"94\">26.05.2022<\/td>\n<\/tr>\n<tr>\n<td width=\"100\">Simona<\/td>\n<td width=\"94\">Bacaita<\/td>\n<td width=\"89\">\u201cGheorghe Asachi\u201d Technical University of Iasi, Romania<\/td>\n<td width=\"135\">Seminari<\/td>\n<td width=\"83\">Inglese<\/td>\n<td width=\"83\">Erasmus Staff Mobility<\/td>\n<td width=\"94\">25.04.2022<\/td>\n<\/tr>\n<tr>\n<td width=\"100\">Dominika<\/td>\n<td width=\"94\">Zakutna<\/td>\n<td width=\"89\">Charles University, Repubblica Ceca<\/td>\n<td width=\"135\">Seminari<\/td>\n<td width=\"83\">Inglese<\/td>\n<td width=\"83\">Staff Mobility Erasmus+<\/td>\n<td width=\"94\">27.02.2022<\/td>\n<\/tr>\n<tr>\n<td width=\"100\">Aatto<\/td>\n<td width=\"94\">Laaksonen<\/td>\n<td width=\"89\">Stockholm University, Svezia<\/td>\n<td width=\"135\">Seminari<\/td>\n<td width=\"83\">Inglese<\/td>\n<td width=\"83\">Vis. Prof. (Research founds)<\/td>\n<td width=\"94\">01.01.2022<\/td>\n<\/tr>\n<tr>\n<td width=\"100\">Kestutis<\/td>\n<td width=\"94\">Aidas<\/td>\n<td width=\"89\">Vilnius University, Lituania<\/td>\n<td width=\"135\">Seminari<\/td>\n<td width=\"83\">Inglese<\/td>\n<td width=\"83\">Erasmus Staff Mobility<\/td>\n<td width=\"94\">24.09.2021<\/td>\n<\/tr>\n<tr>\n<td width=\"100\">Mar\u00eda \u00c1ngeles<\/td>\n<td width=\"94\">L\u00f3pez Mart\u00edn<\/td>\n<td width=\"89\">Universit\u00e0 di Siviglia, Spagna<\/td>\n<td width=\"135\">Seminari<\/td>\n<td width=\"83\">Inglese<\/td>\n<td width=\"83\">Vis. Prof.<\/p>\n<p>(Siviglia PhD founds)<\/td>\n<td width=\"94\">15.06.2021<\/td>\n<\/tr>\n<tr>\n<td width=\"100\">David<\/td>\n<td width=\"94\">Aitken<\/td>\n<td width=\"89\">Universit\u00e9 Paris Saclay, Francia<\/td>\n<td width=\"135\">Seminari<\/td>\n<td width=\"83\">Inglese<\/td>\n<td width=\"83\">Erasmus Staff Mobility<\/td>\n<td width=\"94\">12.01.2020<\/td>\n<\/tr>\n<tr>\n<td width=\"100\">Miloslav<\/td>\n<td width=\"94\">Pekar<\/td>\n<td width=\"89\">Brno University, Repubblica Ceca<\/td>\n<td width=\"135\">Seminari<\/td>\n<td width=\"83\">Inglese<\/td>\n<td width=\"83\">Erasmus Staff Mobility<\/td>\n<td width=\"94\">20.01.2020<\/td>\n<\/tr>\n<tr>\n<td width=\"100\">Leona<\/p>\n<p>&nbsp;<\/td>\n<td width=\"94\">Kubikova<\/td>\n<td width=\"89\">Brno University, Repubblica Ceca<\/td>\n<td width=\"135\">Seminari<\/td>\n<td width=\"83\">Inglese<\/td>\n<td width=\"83\">Erasmus Staff Mobility<\/td>\n<td width=\"94\">30.01.2020<\/td>\n<\/tr>\n<tr>\n<td width=\"100\">Sarka<\/p>\n<p>&nbsp;<\/td>\n<td width=\"94\">Savova<\/td>\n<td width=\"89\">Brno University, Repubblica Ceca<\/td>\n<td width=\"135\">Seminari<\/td>\n<td width=\"83\">Inglese<\/td>\n<td width=\"83\">Erasmus Staff Mobility<\/td>\n<td width=\"94\">30.01.2020<\/td>\n<\/tr>\n<tr>\n<td width=\"100\">Drew Francis<\/td>\n<td width=\"94\">Parsons<\/td>\n<td width=\"89\">Australia<\/td>\n<td width=\"135\">Seminari<\/td>\n<td width=\"83\">Inglese<\/td>\n<td width=\"83\">Vis. Prof.<\/td>\n<td width=\"94\">2019<\/td>\n<\/tr>\n<tr>\n<td width=\"100\">Evelina<\/td>\n<td width=\"94\">Colacina<\/td>\n<td width=\"89\">Francia<\/td>\n<td width=\"135\">Seminari<\/td>\n<td width=\"83\">Inglese<\/td>\n<td width=\"83\">Vis. Prof.<\/td>\n<td width=\"94\">2017<\/td>\n<\/tr>\n<tr>\n<td width=\"100\">Claus Robert Stellenbosch<\/td>\n<td width=\"94\">Dahms<\/p>\n<p>&nbsp;<\/td>\n<td width=\"89\">Sudafrica<\/td>\n<td width=\"135\">Seminari<\/td>\n<td width=\"83\">Inglese<\/td>\n<td width=\"83\">Vis. Prof.<\/td>\n<td width=\"94\">2017<\/td>\n<\/tr>\n<tr>\n<td width=\"100\">Daniel<\/td>\n<td width=\"94\">Niznansky<\/td>\n<td width=\"89\">Repubblica Ceca<\/td>\n<td width=\"135\">Seminari<\/td>\n<td width=\"83\">Inglese<\/td>\n<td width=\"83\">Vis. Prof.<\/td>\n<td width=\"94\">2017<\/td>\n<\/tr>\n<tr>\n<td width=\"100\">Engelsen S\u00f8ren<\/td>\n<td width=\"94\">Balling<\/td>\n<td width=\"89\">Danimarca<\/td>\n<td width=\"135\">Seminari<\/td>\n<td width=\"83\">Inglese<\/td>\n<td width=\"83\">Vis. Prof<\/td>\n<td width=\"94\">2017<\/td>\n<\/tr>\n<tr>\n<td width=\"100\">Nicola<\/td>\n<td width=\"94\">Pinna<\/td>\n<td width=\"89\">Germania<\/td>\n<td width=\"135\">Seminari<\/td>\n<td width=\"83\">Inglese<\/td>\n<td width=\"83\">Vis. Prof.<\/td>\n<td width=\"94\">2017<\/td>\n<\/tr>\n<tr>\n<td width=\"100\">Graziella<\/td>\n<td width=\"94\">Turdean<\/td>\n<td width=\"89\">Romania<\/td>\n<td width=\"135\">Seminari<\/td>\n<td width=\"83\">Inglese<\/td>\n<td width=\"83\">Staff Mobility Erasmus+<\/td>\n<td width=\"94\">27.05.2016<\/td>\n<\/tr>\n<tr>\n<td width=\"100\">Liana M.<\/td>\n<td width=\"94\">Muresan<\/td>\n<td width=\"89\">Romania<\/td>\n<td width=\"135\">Seminari<\/td>\n<td width=\"83\">Inglese<\/td>\n<td width=\"83\">Staff Mobility Erasmus+<\/td>\n<td width=\"94\">27.05.2016<\/td>\n<\/tr>\n<tr>\n<td width=\"100\">S.J.<\/td>\n<td width=\"94\">Coles<\/td>\n<td width=\"89\">UK<\/td>\n<td width=\"135\">Lezioni\/Workshop<\/td>\n<td width=\"83\">Inglese<\/td>\n<td width=\"83\">Vis. Prof.<\/td>\n<td width=\"94\">05\/07- 15\/07\/2015<\/td>\n<\/tr>\n<tr>\n<td width=\"100\">Henryk<\/td>\n<td width=\"94\">Kozlowski<\/td>\n<td width=\"89\">Polland<\/td>\n<td width=\"135\">Lezioni<\/td>\n<td width=\"83\">Inglese<\/td>\n<td width=\"83\">Vis. Prof.<\/td>\n<td width=\"94\">17\/05- 17\/07\/2015<\/td>\n<\/tr>\n<tr>\n<td width=\"100\">Aatto<\/td>\n<td width=\"94\">Laaksonen<\/td>\n<td width=\"89\">Svezia<\/td>\n<td width=\"135\">Lezioni<\/td>\n<td width=\"83\">Inglese<\/td>\n<td width=\"83\">Vis. Prof.<\/td>\n<td width=\"94\">08\/04- 23\/07\/2015<\/td>\n<\/tr>\n<tr>\n<td width=\"100\">Angela<\/td>\n<td width=\"94\">Casini<\/td>\n<td width=\"89\">Netherland<\/td>\n<td width=\"135\">Seminari<\/td>\n<td width=\"83\">Inglese<\/td>\n<td width=\"83\">Invited<\/td>\n<td width=\"94\">15\/05\/2015<\/td>\n<\/tr>\n<tr>\n<td width=\"100\">Iwona<\/td>\n<td width=\"94\">Zawierucha<\/td>\n<td width=\"89\">Polland<\/td>\n<td width=\"135\">Lezione<\/td>\n<td width=\"83\">Inglese<\/td>\n<td width=\"83\">Staff Mobility Erasum+<\/td>\n<td width=\"94\">07\/05\/2015<\/td>\n<\/tr>\n<tr>\n<td width=\"100\">Renata<\/td>\n<td width=\"94\">Baczynska<\/td>\n<td width=\"89\">Polland<\/td>\n<td width=\"135\">lezione<\/td>\n<td width=\"83\">Inglese<\/td>\n<td width=\"83\">Staff Mobility Erasmus+<\/td>\n<td width=\"94\">06\/05\/2015<\/td>\n<\/tr>\n<tr>\n<td width=\"100\">Katarzyna<\/td>\n<td width=\"94\">Bandurska<\/td>\n<td width=\"89\">Polland<\/td>\n<td width=\"135\">Lezione<\/td>\n<td width=\"83\">Inglese<\/td>\n<td width=\"83\">Staff Mobility Erasmus+<\/td>\n<td width=\"94\">05\/05\/2015<\/td>\n<\/tr>\n<tr>\n<td width=\"100\">Nicolas<\/td>\n<td width=\"94\">Mercier<\/td>\n<td width=\"89\">France<\/td>\n<td width=\"135\">Workshop<\/td>\n<td width=\"83\">Inglese<\/td>\n<td width=\"83\">Invited<\/td>\n<td width=\"94\">19\/03\/2015<\/td>\n<\/tr>\n<tr>\n<td width=\"100\">Marc<\/td>\n<td width=\"94\">Fourmigu\u00e8<\/td>\n<td width=\"89\">France<\/td>\n<td width=\"135\">Workshop<\/td>\n<td width=\"83\">Inglese<\/td>\n<td width=\"83\">Invited<\/td>\n<td width=\"94\">19\/03\/2015<\/td>\n<\/tr>\n<tr>\n<td width=\"100\">Miguel<\/td>\n<td width=\"94\">Julve<\/td>\n<td width=\"89\">Spain<\/td>\n<td width=\"135\">Workshop<\/td>\n<td width=\"83\">Inglese<\/td>\n<td width=\"83\">Invited<\/td>\n<td width=\"94\">19\/03\/2015<\/td>\n<\/tr>\n<tr>\n<td width=\"100\">John<\/td>\n<td width=\"94\">Schlueterde<\/td>\n<td width=\"89\">USA<\/td>\n<td width=\"135\">seminari<\/td>\n<td width=\"83\">Inglese<\/td>\n<td width=\"83\">Vis. Prof.<\/td>\n<td width=\"94\">2013-2014<\/td>\n<\/tr>\n<tr>\n<td width=\"100\">David Robert<\/td>\n<td width=\"94\">Brown<\/td>\n<td width=\"89\">UK<\/td>\n<td width=\"135\">seminari<\/td>\n<td width=\"83\">Inglese<\/td>\n<td width=\"83\">Vis. Prof.<\/td>\n<td width=\"94\">2012-2013<\/td>\n<\/tr>\n<tr>\n<td width=\"100\">Jo\u017ee<\/td>\n<td width=\"94\">Grdadolnik<\/td>\n<td width=\"89\">Slovenia<\/td>\n<td width=\"135\">corso\/seminari<\/td>\n<td width=\"83\">Inglese<\/td>\n<td width=\"83\">Vis. Prof.<\/td>\n<td width=\"94\">01\/05 \u2013 31\/07\/2013<\/td>\n<\/tr>\n<tr>\n<td width=\"100\">Aharon<\/td>\n<td width=\"94\">Gedanken<\/td>\n<td width=\"89\">Israele<\/td>\n<td width=\"135\">Seminari<\/td>\n<td width=\"83\">Inglese<\/td>\n<td width=\"83\">Vis. Prof.<\/td>\n<td width=\"94\">2012-2013<\/td>\n<\/tr>\n<tr>\n<td width=\"100\">Ian J.<\/td>\n<td width=\"94\"><u>Bruce<\/u><\/td>\n<td width=\"89\">Gran Bretagna<\/td>\n<td width=\"135\">Coso\/Seminari<\/td>\n<td width=\"83\">Inglese<\/td>\n<td width=\"83\">Vis. Prof.<\/td>\n<td width=\"94\">2011-2012<\/td>\n<\/tr>\n<tr>\n<td width=\"100\"><u>Aatto<\/u><\/td>\n<td width=\"94\"><u>Laaksonen<\/u><\/td>\n<td width=\"89\">Svezia<\/td>\n<td width=\"135\">Corso\/seminari<\/td>\n<td width=\"83\">Inglese<\/td>\n<td width=\"83\">Vis. Prof<\/td>\n<td width=\"94\">2011-2012<\/td>\n<\/tr>\n<tr>\n<td width=\"100\"><u>Neil<\/u><\/td>\n<td width=\"94\"><u>Robertson<\/u><\/td>\n<td width=\"89\">Gran Bretagna<\/td>\n<td width=\"135\">Corso\/Seminari<\/td>\n<td width=\"83\">Inglese<\/td>\n<td width=\"83\">Vis. Prof<\/td>\n<td width=\"94\">2011-2012<\/td>\n<\/tr>\n<tr>\n<td width=\"100\">Filippo<\/td>\n<td width=\"94\">Amato<\/td>\n<td width=\"89\">Repubblica Ceca<\/td>\n<td width=\"135\">seminari<\/td>\n<td width=\"83\">Inglese<\/td>\n<td width=\"83\">Invited<\/td>\n<td width=\"94\">2011-2012<\/td>\n<\/tr>\n<tr>\n<td width=\"100\">Justina<\/td>\n<td width=\"94\">Brasun<\/td>\n<td width=\"89\">Polonia<\/td>\n<td width=\"135\">Seminari<\/td>\n<td width=\"83\">Inglese<\/td>\n<td width=\"83\">Erasmus Teaching<\/td>\n<td width=\"94\">2010-2011<\/td>\n<\/tr>\n<tr>\n<td width=\"100\">Roberta<\/td>\n<td width=\"94\">Rayner<\/td>\n<td width=\"89\">Francia<\/td>\n<td width=\"135\">Seminari<\/td>\n<td width=\"83\">Inglese<\/td>\n<td width=\"83\">Vis. Prof.<\/td>\n<td width=\"94\">2010-2011<\/td>\n<\/tr>\n<tr>\n<td width=\"100\">Eugenio<\/td>\n<td width=\"94\">Coronado<\/td>\n<td width=\"89\">Spagna<\/td>\n<td width=\"135\">Seminari<\/td>\n<td width=\"83\">Inglese<\/td>\n<td width=\"83\">Vis. Prof<\/td>\n<td width=\"94\">2010-2011<\/td>\n<\/tr>\n<tr>\n<td width=\"100\">Daniel<\/td>\n<td width=\"94\">Niznansky<\/td>\n<td width=\"89\">Repubblica Ceca<\/td>\n<td width=\"135\">Seminari<\/td>\n<td width=\"83\">Inglese<\/td>\n<td width=\"83\">Vis. Prof<\/td>\n<td width=\"94\">2010-2011<\/td>\n<\/tr>\n<tr>\n<td width=\"100\">Aatto<\/td>\n<td width=\"94\">Laaksonen<\/td>\n<td width=\"89\">Svezia<\/td>\n<td width=\"135\">Seminari<\/td>\n<td width=\"83\">Inglese<\/td>\n<td width=\"83\">Vis. Prof<\/td>\n<td width=\"94\">2009-2010<\/td>\n<\/tr>\n<tr>\n<td width=\"100\">Gavin<\/td>\n<td width=\"94\">Mountjoy<\/td>\n<td width=\"89\">Gran Bretagna<\/td>\n<td width=\"135\">Seminari<\/td>\n<td width=\"83\">Inglese<\/td>\n<td width=\"83\">Vis. Prof<\/td>\n<td width=\"94\">2009-2010<\/td>\n<\/tr>\n<tr>\n<td width=\"100\">Peter<\/td>\n<td width=\"94\">Gans<\/td>\n<td width=\"89\">Gran Bretagna<\/td>\n<td width=\"135\">Seminari<\/td>\n<td width=\"83\">Inglese<\/td>\n<td width=\"83\">Vis. Prof<\/td>\n<td width=\"94\">2009-2010<\/td>\n<\/tr>\n<tr>\n<td width=\"100\">Suban<\/td>\n<td width=\"94\">Sahoo<\/td>\n<td width=\"89\">India<\/td>\n<td width=\"135\">Seminari<\/td>\n<td width=\"83\">Inglese<\/td>\n<td width=\"83\">Vis. Prof<\/td>\n<td width=\"94\">2009-2010<\/td>\n<\/tr>\n<tr>\n<td width=\"100\">Francesco<\/td>\n<td width=\"94\">Teixidor<\/td>\n<td width=\"89\">Spagna<\/td>\n<td width=\"135\">C. Avanzato<\/td>\n<td width=\"83\">Inglese<\/td>\n<td width=\"83\">Vis. Prof<\/td>\n<td width=\"94\">\u00a02007-2008<\/td>\n<\/tr>\n<tr>\n<td width=\"100\">Aatto<\/td>\n<td width=\"94\">Laaksonen<\/td>\n<td width=\"89\">Svezia<\/td>\n<td width=\"135\">Seminari<\/td>\n<td width=\"83\">Inglese<\/td>\n<td width=\"83\">Vis. Prof<\/td>\n<td width=\"94\">\u00a02007-2008<\/td>\n<\/tr>\n<tr>\n<td width=\"100\">Michel<\/td>\n<td width=\"94\">Luhmer<\/td>\n<td width=\"89\">Belgio<\/td>\n<td width=\"135\">Seminar<\/td>\n<td width=\"83\">Inglese<\/td>\n<td width=\"83\">Vis. Prof<\/td>\n<td width=\"94\">\u00a02007-2008<\/td>\n<\/tr>\n<tr>\n<td width=\"100\">Gavin<\/td>\n<td width=\"94\">Mountjoy<\/td>\n<td width=\"89\">Gran Bretagna<\/td>\n<td width=\"135\">Seminari<\/td>\n<td width=\"83\">Inglese<\/td>\n<td width=\"83\">Vis. Prof<\/td>\n<td width=\"94\">\u00a02007-2008<\/td>\n<\/tr>\n<tr>\n<td width=\"100\">J.A.<\/td>\n<td width=\"94\">Navio<\/td>\n<td width=\"89\">Spagna<\/td>\n<td width=\"135\">C. Avanzato<\/td>\n<td width=\"83\">Inglese<\/td>\n<td width=\"83\">Vis. Prof<\/td>\n<td width=\"94\">\u00a02007-2008<\/td>\n<\/tr>\n<tr>\n<td width=\"100\">P.A.<\/td>\n<td width=\"94\">Gale<\/td>\n<td width=\"89\">Gran Bretagna<\/td>\n<td width=\"135\">C. Avanzato<\/td>\n<td width=\"83\">Inglese<\/td>\n<td width=\"83\">Vis. Prof<\/td>\n<td width=\"94\">\u00a02007-2008<\/td>\n<\/tr>\n<tr>\n<td width=\"100\">K.I.<\/td>\n<td width=\"94\">Hadjivanov<\/td>\n<td width=\"89\">Bulgaria<\/td>\n<td width=\"135\">C. Avanzato<\/td>\n<td width=\"83\">Inglese<\/td>\n<td width=\"83\">Vis. Prof<\/td>\n<td width=\"94\">\u00a02007-2008<\/td>\n<\/tr>\n<tr>\n<td width=\"100\">J.A.<\/td>\n<td width=\"94\">Ripmeester<\/td>\n<td width=\"89\">Canada<\/td>\n<td width=\"135\">C. Avanzato<\/td>\n<td width=\"83\">Inglese<\/td>\n<td width=\"83\">Vis. Prof<\/td>\n<td width=\"94\">\u00a02007-2008<\/td>\n<\/tr>\n<tr>\n<td width=\"100\">M.<\/td>\n<td width=\"94\">Bostrom<\/td>\n<td width=\"89\">Svezia<\/td>\n<td width=\"135\">Seminari<\/td>\n<td width=\"83\">Inglese<\/td>\n<td width=\"83\">Vis. Prof<\/td>\n<td width=\"94\">\u00a02007-2008<\/td>\n<\/tr>\n<tr>\n<td width=\"100\">Masahito<\/td>\n<td width=\"94\">Yamashita<\/td>\n<td width=\"89\">Giappone<\/td>\n<td width=\"135\">Seminari<\/td>\n<td width=\"83\">Inglese<\/td>\n<td width=\"83\">Vis. Prof<\/td>\n<td width=\"94\">\u00a02006-2007<\/td>\n<\/tr>\n<tr>\n<td width=\"100\">Michel B.<\/td>\n<td width=\"94\">Hursthouse<\/td>\n<td width=\"89\">Gran Bretagna<\/td>\n<td width=\"135\">Seminari<\/td>\n<td width=\"83\">Inglese<\/td>\n<td width=\"83\">Vis. Prof<\/td>\n<td width=\"94\">\u00a02006-2007<\/td>\n<\/tr>\n<tr>\n<td width=\"100\">Richard<\/td>\n<td width=\"94\">Gonzales<\/td>\n<td width=\"89\">Stati Uniti<\/td>\n<td width=\"135\">Seminari<\/td>\n<td width=\"83\">Inglese<\/td>\n<td width=\"83\">Vis. Prof<\/td>\n<td width=\"94\">2006-2007<\/td>\n<\/tr>\n<tr>\n<td width=\"100\">Carlos J.<\/td>\n<td width=\"94\">Gomez-Garzia<\/td>\n<td width=\"89\">Spagna<\/td>\n<td width=\"135\">Seminari<\/td>\n<td width=\"83\">Inglese<\/td>\n<td width=\"83\">Vis. Prof<\/td>\n<td width=\"94\">\u00a02006-2007<\/td>\n<\/tr>\n<tr>\n<td width=\"100\">Neil<\/td>\n<td width=\"94\">Robertson<\/td>\n<td width=\"89\">Gran Bretagna<\/td>\n<td width=\"135\">Seminari<\/td>\n<td width=\"83\">Inglese<\/td>\n<td width=\"83\">Vis. Prof<\/td>\n<td width=\"94\">\u00a02006-2007<\/td>\n<\/tr>\n<tr>\n<td width=\"100\">Robert<\/td>\n<td width=\"94\">Newport<\/td>\n<td width=\"89\">Gran Bretagna<\/td>\n<td width=\"135\">Seminari<\/td>\n<td width=\"83\">Inglese<\/td>\n<td width=\"83\">Vis. Prof<\/td>\n<td width=\"94\">\u00a02006-2007<\/td>\n<\/tr>\n<tr>\n<td width=\"100\">Henryk<\/td>\n<td width=\"94\">Kozlowski<\/td>\n<td width=\"89\">Polonia<\/td>\n<td width=\"135\">Seminari<\/td>\n<td width=\"83\">Inglese<\/td>\n<td width=\"83\">Vis. Prof<\/td>\n<td width=\"94\">\u00a02006-2007<\/td>\n<\/tr>\n<\/tbody>\n<\/table>\n<p>&nbsp;<\/p>\n<p><\/p><h4>en<\/h4><p><\/p>","protected":false},"excerpt":{"rendered":"<p>it &nbsp; E&#8217; prevista un&#8217;attivit\u00e0 didattica, seminari, lezioni e workshop, in lingua straniera anche attraverso il programma Visiting Professor finanziato dalla Regione Sardegna e i programmi ERASMUS di Staff Mobility. Nella tabella vengono riportati i docenti che hanno tenuto seminari o corsi avanzati a partire dal 2006. Nome Cognome Paese Tipo di attivit\u00e0 Lingua utilizzata \u00a0Attivit\u00e0 Didattica Data David Aitken Universit\u00e9 Paris Saclay, Francia Seminari Inglese Erasmus Staff Mobility 06.10.2023 (prevista) Lukas Smolko Pavol Jozef \u0160af\u00e1rik University in Ko\u0161ice, Slovacchia Seminari Inglese Erasmus Staff Mobility 29.05.2023 Romana &nbsp; Smolkov\u00e1 University of Presov, Slovacchia Seminari Inglese Erasmus Staff Mobility 29.05.2023 Manula <a href='https:\/\/people.unica.it\/dottoratoinchimica\/visiting-professors\/' class='excerpt-more'>[&#8230;]<\/a><\/p>\n","protected":false},"author":522,"featured_media":0,"parent":0,"menu_order":0,"comment_status":"closed","ping_status":"closed","template":"","meta":{"footnotes":""},"class_list":["post-804","page","type-page","status-publish","hentry","post-seq-1","post-parity-odd","meta-position-corners","fix"],"_links":{"self":[{"href":"https:\/\/people.unica.it\/dottoratoinchimica\/wp-json\/wp\/v2\/pages\/804","targetHints":{"allow":["GET"]}}],"collection":[{"href":"https:\/\/people.unica.it\/dottoratoinchimica\/wp-json\/wp\/v2\/pages"}],"about":[{"href":"https:\/\/people.unica.it\/dottoratoinchimica\/wp-json\/wp\/v2\/types\/page"}],"author":[{"embeddable":true,"href":"https:\/\/people.unica.it\/dottoratoinchimica\/wp-json\/wp\/v2\/users\/522"}],"replies":[{"embeddable":true,"href":"https:\/\/people.unica.it\/dottoratoinchimica\/wp-json\/wp\/v2\/comments?post=804"}],"version-history":[{"count":30,"href":"https:\/\/people.unica.it\/dottoratoinchimica\/wp-json\/wp\/v2\/pages\/804\/revisions"}],"predecessor-version":[{"id":1639,"href":"https:\/\/people.unica.it\/dottoratoinchimica\/wp-json\/wp\/v2\/pages\/804\/revisions\/1639"}],"wp:attachment":[{"href":"https:\/\/people.unica.it\/dottoratoinchimica\/wp-json\/wp\/v2\/media?parent=804"}],"curies":[{"name":"wp","href":"https:\/\/api.w.org\/{rel}","templated":true}]}}