{"id":1073,"date":"2015-02-05T14:24:24","date_gmt":"2015-02-05T13:24:24","guid":{"rendered":"http:\/\/people.unica.it\/dottoratoinchimica\/?page_id=1073"},"modified":"2022-05-17T17:26:47","modified_gmt":"2022-05-17T16:26:47","slug":"phd-school-coordinators","status":"publish","type":"page","link":"https:\/\/people.unica.it\/dottoratoinchimica\/phd-school-coordinators\/","title":{"rendered":"PhD Coordinators"},"content":{"rendered":"<table width=\"691\">\n<tbody>\n<tr>\n<td width=\"291\"><span style=\"color: #333399\">Prof. Carla Cannas (Universit\u00e0 di Cagliari)<\/span><\/td>\n<td width=\"252\"><span style=\"color: #333399\">dal XXXVII ciclo<\/span><\/td>\n<\/tr>\n<tr>\n<td width=\"291\"><span style=\"color: #333399\">Prof. Stefano Enzo (Universit\u00e0 di Sassari)<\/span><\/td>\n<td width=\"252\"><span style=\"color: #333399\">dal XXXII ciclo al XXXVI<\/span><\/td>\n<\/tr>\n<tr>\n<td width=\"291\"><span style=\"color: #333399\">Prof. Mariano Casu (Universit\u00e0 di Cagliari)<\/span><\/td>\n<td width=\"252\"><span style=\"color: #333399\">dal XXV ciclo\u00a0 al XXXI ciclo<\/span><\/td>\n<\/tr>\n<tr>\n<td width=\"291\"><span style=\"color: #333399\">Prof. Vito Lippolis (Universit\u00e0 di Cagliari)<\/span><\/td>\n<td width=\"252\"><span style=\"color: #333399\">dal XXII ciclo al XXIV ciclo<\/span><\/td>\n<\/tr>\n<tr>\n<td width=\"291\"><span style=\"color: #333399\">Prof. Italo Ferino (Universit\u00e0 di Cagliari)<\/span><\/td>\n<td width=\"252\"><span style=\"color: #333399\">dal XVI ciclo al XXI ciclo<\/span><\/td>\n<\/tr>\n<tr>\n<td width=\"291\"><span style=\"color: #333399\">Prof. Maura Monduzzi (Universit\u00e0 di Cagliari)<\/span><\/td>\n<td width=\"252\"><span style=\"color: #333399\">dal XIV ciclo\u00a0 al XV ciclo<\/span><\/td>\n<\/tr>\n<tr>\n<td width=\"291\"><span style=\"color: #333399\">Prof. Domenico De Filippo (Universit\u00e0 di Cagliari)<\/span><\/td>\n<td width=\"252\"><span style=\"color: #333399\">dal XII ciclo al XIII ciclo<\/span><\/td>\n<\/tr>\n<\/tbody>\n<\/table>\n","protected":false},"excerpt":{"rendered":"<p>Prof. Carla Cannas (Universit\u00e0 di Cagliari) dal XXXVII ciclo Prof. Stefano Enzo (Universit\u00e0 di Sassari) dal XXXII ciclo al XXXVI Prof. Mariano Casu (Universit\u00e0 di Cagliari) dal XXV ciclo\u00a0 al XXXI ciclo Prof. Vito Lippolis (Universit\u00e0 di Cagliari) dal XXII ciclo al XXIV ciclo Prof. Italo Ferino (Universit\u00e0 di Cagliari) dal XVI ciclo al XXI ciclo Prof. Maura Monduzzi (Universit\u00e0 di Cagliari) dal XIV ciclo\u00a0 al XV ciclo Prof. Domenico De Filippo (Universit\u00e0 di Cagliari) dal XII ciclo al XIII ciclo<\/p>\n","protected":false},"author":522,"featured_media":0,"parent":0,"menu_order":0,"comment_status":"closed","ping_status":"closed","template":"","meta":{"footnotes":""},"class_list":["post-1073","page","type-page","status-publish","hentry","post-seq-1","post-parity-odd","meta-position-corners","fix"],"_links":{"self":[{"href":"https:\/\/people.unica.it\/dottoratoinchimica\/wp-json\/wp\/v2\/pages\/1073","targetHints":{"allow":["GET"]}}],"collection":[{"href":"https:\/\/people.unica.it\/dottoratoinchimica\/wp-json\/wp\/v2\/pages"}],"about":[{"href":"https:\/\/people.unica.it\/dottoratoinchimica\/wp-json\/wp\/v2\/types\/page"}],"author":[{"embeddable":true,"href":"https:\/\/people.unica.it\/dottoratoinchimica\/wp-json\/wp\/v2\/users\/522"}],"replies":[{"embeddable":true,"href":"https:\/\/people.unica.it\/dottoratoinchimica\/wp-json\/wp\/v2\/comments?post=1073"}],"version-history":[{"count":10,"href":"https:\/\/people.unica.it\/dottoratoinchimica\/wp-json\/wp\/v2\/pages\/1073\/revisions"}],"predecessor-version":[{"id":1588,"href":"https:\/\/people.unica.it\/dottoratoinchimica\/wp-json\/wp\/v2\/pages\/1073\/revisions\/1588"}],"wp:attachment":[{"href":"https:\/\/people.unica.it\/dottoratoinchimica\/wp-json\/wp\/v2\/media?parent=1073"}],"curies":[{"name":"wp","href":"https:\/\/api.w.org\/{rel}","templated":true}]}}