{"id":4268,"date":"2023-07-27T12:55:03","date_gmt":"2023-07-27T12:55:03","guid":{"rendered":"https:\/\/people.unica.it\/disabilita\/?page_id=4268"},"modified":"2024-02-29T16:50:22","modified_gmt":"2024-02-29T16:50:22","slug":"f-a-q","status":"publish","type":"page","link":"https:\/\/people.unica.it\/disabilita\/f-a-q\/","title":{"rendered":"F.A.Q."},"content":{"rendered":"<ul>\n<li>Cos&#8217;\u00e8 il S.I.A.?<\/li>\n<\/ul>\n<p>Il\u00a0 <a href=\"https:\/\/people.unica.it\/disabilita\/\">S.I.A. (Servizi per l\u2019Inclusione e l\u2019Apprendimento)-Ufficio Disabilit\u00e0<\/a>.<br \/>\n\u00c8 un servizio di consulenza, intermediazione, integrazione per gli studenti e le studentesse con disabilit\u00e0 e D.S.A. (Disturbi Specifici di Apprendimento).<br \/>\nIl S.I.A. -Ufficio Disabilit\u00e0 \u00e8 stato attivato nell\u2019Anno Accademico 2001\/2002 con l\u2019obiettivo di realizzare una serie di servizi ed interventi che permettano agli \u00a0\u00a0\u00a0 studenti con disabilit\u00e0 di seguire il percorso di studi prescelto, attenuando o eliminando le difficolt\u00e0 derivanti dalla propria condizione di disabilit\u00e0, cos\u00ec come previsto dalla <strong>Legge n. 17\/99<\/strong>.<\/p>\n<ul>\n<li>Dove si trova il S.I.A.?<\/li>\n<\/ul>\n<p>L\u2019ufficio centrale \u00e8 in via S. Giorgio 12 a Cagliari.\u00a0 Tel. 070\/675.6222. Mail <a href=\"mailto:tutor.sia@unica.it\">tutor.sia@unica.it<\/a>, ai quali rivolgersi per chiedere appuntamento.<\/p>\n<p>Ogni polo dell\u2019Ateneo (scientifico, umanistico, economico, medico etc) ha il suo ufficio.<\/p>\n<ul>\n<li>Chi pu\u00f2 usufruire dei suoi servizi?<\/li>\n<\/ul>\n<p>I servizi del S.I.A. sono rivolti\u00a0a tutti gli studenti e studentesse con disabilit\u00e0 e D.S.A. (Disturbi Specifici di Apprendimento).<\/p>\n<ul>\n<li>Come si accede ai servizi?<\/li>\n<\/ul>\n<p>Si accede ai servizi del S.I.A. attraverso la presentazione del riconoscimento di disabilit\u00e0 ai sensi della L.104\/92, dell\u2019invalidit\u00e0 civile o di un Disturbo Specifico dell\u2019Apprendimento.<\/p>\n<ul>\n<li>Come vengono gestiti i dati personali?<\/li>\n<\/ul>\n<p>I dati personali sono trattati a norma di legge, esclusivamente per fini istituzionali.<\/p>\n<ul>\n<li>I servizi offerti sono gratuiti?<\/li>\n<\/ul>\n<p>L\u2019Universit\u00e0 di Cagliari mette a disposizione delle risorse che consentono di avvalersi di tutte le tutele garantite dalla <strong>L. 17\/1999 e dalla L. 170\/2010<\/strong>.<\/p>\n<p>&nbsp;<\/p>\n","protected":false},"excerpt":{"rendered":"<p>Cos&#8217;\u00e8 il S.I.A.? Il\u00a0 S.I.A. (Servizi per l\u2019Inclusione e l\u2019Apprendimento)-Ufficio Disabilit\u00e0. \u00c8 un servizio di consulenza, intermediazione, integrazione per gli studenti e le studentesse con disabilit\u00e0 e D.S.A. (Disturbi Specifici di Apprendimento). Il S.I.A. -Ufficio Disabilit\u00e0 \u00e8 stato attivato nell\u2019Anno Accademico 2001\/2002 con l\u2019obiettivo di realizzare una serie di servizi ed interventi che permettano agli \u00a0\u00a0\u00a0 studenti con disabilit\u00e0 di seguire il percorso di studi prescelto, attenuando o eliminando le difficolt\u00e0 derivanti dalla propria condizione di disabilit\u00e0, cos\u00ec come previsto dalla Legge n. 17\/99. Dove si trova il S.I.A.? L\u2019ufficio centrale \u00e8 in via S. Giorgio 12 a Cagliari.\u00a0 Tel. <a href='https:\/\/people.unica.it\/disabilita\/f-a-q\/' class='excerpt-more'>[&#8230;]<\/a><\/p>\n","protected":false},"author":2508,"featured_media":0,"parent":0,"menu_order":0,"comment_status":"closed","ping_status":"closed","template":"","meta":{"footnotes":""},"class_list":["post-4268","page","type-page","status-publish","hentry","post-seq-1","post-parity-odd","meta-position-corners","fix"],"_links":{"self":[{"href":"https:\/\/people.unica.it\/disabilita\/wp-json\/wp\/v2\/pages\/4268","targetHints":{"allow":["GET"]}}],"collection":[{"href":"https:\/\/people.unica.it\/disabilita\/wp-json\/wp\/v2\/pages"}],"about":[{"href":"https:\/\/people.unica.it\/disabilita\/wp-json\/wp\/v2\/types\/page"}],"author":[{"embeddable":true,"href":"https:\/\/people.unica.it\/disabilita\/wp-json\/wp\/v2\/users\/2508"}],"replies":[{"embeddable":true,"href":"https:\/\/people.unica.it\/disabilita\/wp-json\/wp\/v2\/comments?post=4268"}],"version-history":[{"count":7,"href":"https:\/\/people.unica.it\/disabilita\/wp-json\/wp\/v2\/pages\/4268\/revisions"}],"predecessor-version":[{"id":4367,"href":"https:\/\/people.unica.it\/disabilita\/wp-json\/wp\/v2\/pages\/4268\/revisions\/4367"}],"wp:attachment":[{"href":"https:\/\/people.unica.it\/disabilita\/wp-json\/wp\/v2\/media?parent=4268"}],"curies":[{"name":"wp","href":"https:\/\/api.w.org\/{rel}","templated":true}]}}