{"id":328,"date":"2010-10-13T10:18:57","date_gmt":"2010-10-13T10:18:57","guid":{"rendered":"http:\/\/people.unica.it\/disabilita\/"},"modified":"2024-11-26T08:55:14","modified_gmt":"2024-11-26T08:55:14","slug":"link","status":"publish","type":"page","link":"https:\/\/people.unica.it\/disabilita\/link\/","title":{"rendered":"LINK"},"content":{"rendered":"<ul>\n<li><strong>Associazione Italiana Dislessia<\/strong><\/li>\n<\/ul>\n<p><a href=\"https:\/\/www.aiditalia.org\/\">https:\/\/www.aiditalia.org\/<\/a><\/p>\n<ul>\n<li>\n<h4>Disabilit\u00e0<br \/>\nSito dedicato alla disabilit\u00e0, diviso per aree tematiche. Sono previsti diversi spazi e forum nei quali l&#8217;utente pu\u00f2 intervenire direttamente.<br \/>\n<a title=\"vai al sito disabili punto com\" href=\"http:\/\/www.disabili.com\/\" target=\"_blank\" rel=\"noopener\">http:\/\/www.disabili.com\/\u00a0<\/a><\/h4>\n<\/li>\n<li>\n<h4><a title=\"vai al sito handimpresa punto it\" href=\"http:\/\/www.handimpresa.it\/\" target=\"_blank\" rel=\"noopener\">Legislazione<\/a><br \/>\nSito dei siti su handicap e disabilit\u00e0.<br \/>\n<a href=\"https:\/\/www.jobbydoo.it\/lavoro-categorie-protette\"><strong>https:\/\/www.jobbydoo.it\/lavoro-categorie-protette<\/strong><\/a><\/h4>\n<\/li>\n<\/ul>\n<ul>\n<li>\n<h4>Dipartimento per gli Affari Sociali<br \/>\nPercorso guidato nei siti italiani per l&#8217;handicap<br \/>\n<a title=\"vai al sito affari sociali handicap punto it\" href=\"http:\/\/www.affarisocialihandicap.it\/\" target=\"_blank\" rel=\"noopener\">http:\/\/www.affarisocialihandicap.it\/ <\/a><\/h4>\n<\/li>\n<\/ul>\n<ul>\n<li>\n<h4>Tutti i link sull&#8217;handicap argomento per argomento<\/h4>\n<\/li>\n<\/ul>\n<h4><a title=\"vai al sito sui link sull'handicap punto it\" href=\"http:\/\/www.mclink.it\/mclink\/handicap\/\" target=\"_blank\" rel=\"noopener\">www.mclink.it\/mclink\/handicap\/ <\/a><\/h4>\n<ul>\n<li>\n<h4>Centro documentazione handicap on line<\/h4>\n<\/li>\n<\/ul>\n<h4><a title=\"vai al sito centro documentazione handicap punto it\" href=\"http:\/\/www.accaparlante.it\/\" target=\"_blank\" rel=\"noopener\">www.accaparlante.it\/<\/a><\/h4>\n<ul>\n<li>\n<h4>Il portale italiano della Biblioteca di Documentazione Pedagogica sulle Tecnologie per l&#8217;handicap<\/h4>\n<\/li>\n<\/ul>\n<h4><a title=\"vai al sito handitecno punto it\" href=\"http:\/\/www.bdp.it\/handitecno\/\" target=\"_blank\" rel=\"noopener\">www.bdp.it\/handitecno\/ <\/a><\/h4>\n<ul>\n<li>\n<h4>Unione Italiana Ciechi<\/h4>\n<\/li>\n<\/ul>\n<h4><a title=\"vai al sito Unione italiana Ciechi punto it\" href=\"http:\/\/www.uiciechi.it\/\" target=\"_blank\" rel=\"noopener\">http:\/\/www.uiciechi.it\/<\/a><\/h4>\n<ul>\n<li><strong>Ente Nazionale Sordi<\/strong><\/li>\n<\/ul>\n<p><a href=\"http:\/\/cagliari.ens.it\/contatti-e-dove-siamo\"><strong>http:\/\/cagliari.ens.it\/contatti-e-dove-siamo<\/strong><\/a><\/p>\n<ul>\n<li>\n<h4>Sito dell&#8217;Inail dedicato ai disabili<\/h4>\n<\/li>\n<\/ul>\n<h4><a title=\"vai al sito superabile\" href=\"http:\/\/www.superabile.it\/\" target=\"_blank\" rel=\"noopener\">http:\/\/www.superabile.it <\/a><\/h4>\n<ul>\n<li>\n<h4>Unione Italiana Lotta alla Distrofia Muscolare &#8211; Direzione Nazionale<\/h4>\n<\/li>\n<\/ul>\n<h4><a title=\"vai al sito Uildm punto org\" href=\"http:\/\/www.uildm.org\/\" target=\"_blank\" rel=\"noopener\">http:\/\/www.uildm.org\/ <\/a><\/h4>\n<ul>\n<li>\n<h4>Associazione Italiana Sclerosi Multipla<\/h4>\n<\/li>\n<\/ul>\n<h4><a title=\"vai al sito aism punto it\" href=\"http:\/\/www.aism.it\/\" target=\"_blank\" rel=\"noopener\">http:\/\/www.aism.it\/ <\/a><\/h4>\n<ul>\n<li>\n<h4>Ente Regionale per il diritto allo Studio Universitario &#8211; Cagliari<\/h4>\n<\/li>\n<\/ul>\n<h4><a title=\"vai al sito ERSU Cagliari punto it\" href=\"http:\/\/www.ersucagliarionline.it\/\" target=\"_blank\" rel=\"noopener\">http:\/\/www.ersucagliarionline.it\/<\/a><\/h4>\n<ul>\n<li>\n<h4>Persone con disabilit\u00e0 e diritti<\/h4>\n<\/li>\n<\/ul>\n<h4><a title=\"vai al sito handylex punto org\" href=\"http:\/\/www.handylex.org\/\" target=\"_blank\" rel=\"noopener\">http:\/\/www.handylex.org\/<\/a><\/h4>\n<ul>\n<li>\n<h4>Sistema informativo del lavoro in Sardegna<\/h4>\n<\/li>\n<\/ul>\n<h4><a title=\"vai al sito sardegna lavoro punto it\" href=\"http:\/\/www.sardegnalavoro.it\/portal\/sil-portale.aspx\" target=\"_blank\" rel=\"noopener\">http:\/\/www.sardegnalavoro.it\/portal\/sil-portale.aspx<\/a><\/h4>\n<ul>\n<li>\n<h4>Ricerca Lavoro<\/h4>\n<\/li>\n<\/ul>\n<p><strong><a href=\"https:\/\/it.jooble.org\/\">https:\/\/it.jooble.org\/<\/a><\/strong> <strong>motore di ricerca lavoro in Italia<\/strong><\/p>\n<ul>\n<li>\n<h4>Formazione Lavoratori<\/h4>\n<\/li>\n<\/ul>\n<p><a href=\"https:\/\/www.c-and-a.com\/it\/it\/shop\/formazione-persone-disabili\">Formazione per disabili: info e corsi per persone con disabilit\u00e0<\/a><\/p>\n","protected":false},"excerpt":{"rendered":"<p>Associazione Italiana Dislessia https:\/\/www.aiditalia.org\/ Disabilit\u00e0 Sito dedicato alla disabilit\u00e0, diviso per aree tematiche. Sono previsti diversi spazi e forum nei quali l&#8217;utente pu\u00f2 intervenire direttamente. http:\/\/www.disabili.com\/\u00a0 Legislazione Sito dei siti su handicap e disabilit\u00e0. https:\/\/www.jobbydoo.it\/lavoro-categorie-protette Dipartimento per gli Affari Sociali Percorso guidato nei siti italiani per l&#8217;handicap http:\/\/www.affarisocialihandicap.it\/ Tutti i link sull&#8217;handicap argomento per argomento www.mclink.it\/mclink\/handicap\/ Centro documentazione handicap on line www.accaparlante.it\/ Il portale italiano della Biblioteca di Documentazione Pedagogica sulle Tecnologie per l&#8217;handicap www.bdp.it\/handitecno\/ Unione Italiana Ciechi http:\/\/www.uiciechi.it\/ Ente Nazionale Sordi http:\/\/cagliari.ens.it\/contatti-e-dove-siamo Sito dell&#8217;Inail dedicato ai disabili http:\/\/www.superabile.it Unione Italiana Lotta alla Distrofia Muscolare &#8211; Direzione Nazionale http:\/\/www.uildm.org\/ Associazione <a href='https:\/\/people.unica.it\/disabilita\/link\/' class='excerpt-more'>[&#8230;]<\/a><\/p>\n","protected":false},"author":361,"featured_media":0,"parent":0,"menu_order":0,"comment_status":"closed","ping_status":"closed","template":"","meta":{"footnotes":""},"class_list":["post-328","page","type-page","status-publish","hentry","post-seq-1","post-parity-odd","meta-position-corners","fix"],"_links":{"self":[{"href":"https:\/\/people.unica.it\/disabilita\/wp-json\/wp\/v2\/pages\/328","targetHints":{"allow":["GET"]}}],"collection":[{"href":"https:\/\/people.unica.it\/disabilita\/wp-json\/wp\/v2\/pages"}],"about":[{"href":"https:\/\/people.unica.it\/disabilita\/wp-json\/wp\/v2\/types\/page"}],"author":[{"embeddable":true,"href":"https:\/\/people.unica.it\/disabilita\/wp-json\/wp\/v2\/users\/361"}],"replies":[{"embeddable":true,"href":"https:\/\/people.unica.it\/disabilita\/wp-json\/wp\/v2\/comments?post=328"}],"version-history":[{"count":10,"href":"https:\/\/people.unica.it\/disabilita\/wp-json\/wp\/v2\/pages\/328\/revisions"}],"predecessor-version":[{"id":4554,"href":"https:\/\/people.unica.it\/disabilita\/wp-json\/wp\/v2\/pages\/328\/revisions\/4554"}],"wp:attachment":[{"href":"https:\/\/people.unica.it\/disabilita\/wp-json\/wp\/v2\/media?parent=328"}],"curies":[{"name":"wp","href":"https:\/\/api.w.org\/{rel}","templated":true}]}}