{"id":287,"date":"2010-10-11T10:37:47","date_gmt":"2010-10-11T10:37:47","guid":{"rendered":"http:\/\/people.unica.it\/disabilita\/"},"modified":"2024-07-03T07:38:04","modified_gmt":"2024-07-03T07:38:04","slug":"vietato-non-toccare","status":"publish","type":"page","link":"https:\/\/people.unica.it\/disabilita\/progetti\/vietato-non-toccare\/","title":{"rendered":"Vietato non toccare"},"content":{"rendered":"<p>L&#8217;Ufficio Disabilit\u00e0 dell&#8217;Universit\u00e0 degli Studi di Cagliari, in collaborazione con l&#8217;Ufficio Disabilit\u00e0 dell&#8217;Universit\u00e0 degli Studi di Siena, per l&#8217;intero mese di Marzo 2010\u00a0ha allestito\u00a0la mostra &#8220;Vietato Non Toccare&#8221; presso la Sala Esposizione della Cittadella dei Musei di Cagliari.<\/p>\n<p>Vietato non toccare \u00e8 un itinerario museale tattile olfattivo finalizzato all&#8217;esemplificazione delle buone prassi da adottare nella progettazione degli ambienti dedicati all&#8217;arte ed alla cultura. Si pone come obiettivo l&#8217;abbattimento sia delle barriere architettoniche, sia delle barriere sensoriali, causa di alterazione della percezione visiva, sia delle barriere di tipo emotivo, che fanno percepire gli ambienti insicuri e pericolosi. Vietato non toccare \u00e8 un museo per tutti, un nuovo modo di fare cultura museale, un cantiere aperto a nuovi percorsi di formazione.<\/p>\n<p>All&#8217;entrata della mostra, i visitatori sono inviati a bendarsi, poi in gruppi di due o tre persone si affidano ad una guida che li condurr\u00e0 in un percorso al buio da esplorare con il tatto e da percepire con l&#8217;olfatto e l&#8217;udito, utilizzando quindi i sensi che solitamente sono gregari della vista.<br \/>\nPer maggiori informazioni sui contenuti della mostra potete\u00a0 visitare il sito <a class=\"alignleft\" href=\"http:\/\/www.unisi.it\/vietatonontoccare\/\" target=\"_blank\" rel=\"noopener\">www.unisi.it\/vietatonontoccare\/<\/a><\/p>\n","protected":false},"excerpt":{"rendered":"<p>L&#8217;Ufficio Disabilit\u00e0 dell&#8217;Universit\u00e0 degli Studi di Cagliari, in collaborazione con l&#8217;Ufficio Disabilit\u00e0 dell&#8217;Universit\u00e0 degli Studi di Siena, per l&#8217;intero mese di Marzo 2010\u00a0ha allestito\u00a0la mostra &#8220;Vietato Non Toccare&#8221; presso la Sala Esposizione della Cittadella dei Musei di Cagliari. Vietato non toccare \u00e8 un itinerario museale tattile olfattivo finalizzato all&#8217;esemplificazione delle buone prassi da adottare nella progettazione degli ambienti dedicati all&#8217;arte ed alla cultura. Si pone come obiettivo l&#8217;abbattimento sia delle barriere architettoniche, sia delle barriere sensoriali, causa di alterazione della percezione visiva, sia delle barriere di tipo emotivo, che fanno percepire gli ambienti insicuri e pericolosi. Vietato non toccare \u00e8 <a href='https:\/\/people.unica.it\/disabilita\/progetti\/vietato-non-toccare\/' class='excerpt-more'>[&#8230;]<\/a><\/p>\n","protected":false},"author":361,"featured_media":0,"parent":21,"menu_order":1,"comment_status":"closed","ping_status":"closed","template":"","meta":{"footnotes":""},"class_list":["post-287","page","type-page","status-publish","hentry","post-seq-1","post-parity-odd","meta-position-corners","fix"],"_links":{"self":[{"href":"https:\/\/people.unica.it\/disabilita\/wp-json\/wp\/v2\/pages\/287","targetHints":{"allow":["GET"]}}],"collection":[{"href":"https:\/\/people.unica.it\/disabilita\/wp-json\/wp\/v2\/pages"}],"about":[{"href":"https:\/\/people.unica.it\/disabilita\/wp-json\/wp\/v2\/types\/page"}],"author":[{"embeddable":true,"href":"https:\/\/people.unica.it\/disabilita\/wp-json\/wp\/v2\/users\/361"}],"replies":[{"embeddable":true,"href":"https:\/\/people.unica.it\/disabilita\/wp-json\/wp\/v2\/comments?post=287"}],"version-history":[{"count":7,"href":"https:\/\/people.unica.it\/disabilita\/wp-json\/wp\/v2\/pages\/287\/revisions"}],"predecessor-version":[{"id":3903,"href":"https:\/\/people.unica.it\/disabilita\/wp-json\/wp\/v2\/pages\/287\/revisions\/3903"}],"up":[{"embeddable":true,"href":"https:\/\/people.unica.it\/disabilita\/wp-json\/wp\/v2\/pages\/21"}],"wp:attachment":[{"href":"https:\/\/people.unica.it\/disabilita\/wp-json\/wp\/v2\/media?parent=287"}],"curies":[{"name":"wp","href":"https:\/\/api.w.org\/{rel}","templated":true}]}}