{"id":282,"date":"2010-10-11T10:33:51","date_gmt":"2010-10-11T10:33:51","guid":{"rendered":"http:\/\/people.unica.it\/disabilita\/"},"modified":"2024-07-03T07:37:24","modified_gmt":"2024-07-03T07:37:24","slug":"postazioni-multimediali","status":"publish","type":"page","link":"https:\/\/people.unica.it\/disabilita\/progetti\/postazioni-multimediali\/","title":{"rendered":"Postazioni multimediali"},"content":{"rendered":"<h4>Progetto del S.I.A.-Ufficio Disabilit\u00e0 realizzato in collaborazione con i Servizi Bibliotecari d&#8217;Ateneo.<\/h4>\n<h4>DISABILITA&#8217; E AUSILI<\/h4>\n<p>Definizione di Ausilio: L&#8217;ausilio (dal latino auxilium = aiuto) \u00e8 uno strumento che consente alla persona di attivare un percorso in autonomia.<\/p>\n<p>Il Progetto &#8220;Biblioteca Amica&#8221; si propone di venire incontro alle esigenze degli studenti con disabilit\u00e0 visive e motorie.<\/p>\n<p>A seguito di una rilevazione condotta presso gli studenti dell&#8217;Universit\u00e0 di Cagliari, per venire incontro alle esigenze emerse tra gli studenti con disabilit\u00e0 visive e motorie,il S.I.A.-Ufficio Disabilit\u00e0, in collaborazione con le Biblioteche dell&#8217;Ateneo ha installato, presso la Biblioteca Dante Alighieri di Via Trentino e l&#8217;Aula Informatica di Viale Fra Ignazio, due postazioni multimediali attrezzate con ausili specifici personal computer dotati di sintesi vocale Jaws, programma di ingrandimento, tastiere, joystick, schermo touch screen. Le postazioni non sono isolate ma integrate con le altre utilizzate da tutti gli studenti. L&#8217;iniziativa nasce infatti dalla volont\u00e0 di fornire a tutti la possibilit\u00e0 di fruire degli spazi e dei molteplici servizi bibliotecari in autonomia e senza rinunce. Le postazioni sono utilizzabili dagli studenti interessati sulla base delle loro esigenze in accordo con il S.I.A.-Ufficio Disabilit\u00e0 e il responsabile della struttura dove esse sono ubicate.<\/p>\n<p>Il perch\u00e8 dell&#8217;iniziativa:<\/p>\n<p>Secondo i dati dell&#8217;ISTAT il 37 % delle persone disabili in Italia \u00e8 colpito da un deficit motorio mentre il 12% sono ipovedenti e ciechi totali. Le tecnologie e la telematica possono venire incontro alle esigenze degli studenti, in particolare con disabilit\u00e0 motoria, non vedenti e ipovedenti. Questi, grazie ad ausili quali il touch screen, tastiere con scudo, joystick speciali, l&#8217;ingrandimento dei caratteri sullo schermo, la sintesi vocale, possono utilizzare autonomamente un comune personal computer in quasi tutte le sue potenzialit\u00e0: toccare le icone direttamente sullo schermo, scrivere e leggere testi, sviluppare programmi applicativi, accedere ad archivi, inviare e-mail, navigare in Internet, usufruire di servizi digitali e svolgere attivit\u00e0 online. L&#8217;uso combinato di uno scanner, un programma di riconoscimento dei caratteri (OCR) e un programma di lettura di schermo consente la fruizione di libri e testi a stampa.<\/p>\n<p>Dove si trovano:<\/p>\n<p>La postazione per studenti non vedenti e ipovedenti presso la Biblioteca Centrale del Distretto delle Scienze Umane sezione &#8211; &#8220;Dante Alighieri&#8221; &#8211; piano terra, Via Trentino &#8211; Loc. Sa Duchessa &#8211; Cagliari<\/p>\n<p>&#8211; Responsabile: Dott. Gianfranco De Martis<\/p>\n<p>&#8211; Referente tecnico: Sig. Giorgio Spiga<\/p>\n<p>La postazione per studenti disabili motori presso l&#8217;aula informatica della Biblioteca di distretto di Scienze Sociali &#8211; Economiche &#8211; Giuridiche (S.S.E.G) di Via Sant&#8217;Ignazio, 84 &#8211; Cagliari<\/p>\n<p>&#8211; Responsabile: Dott. Giovanni Pilo<\/p>\n<p>&#8211; Referente tecnico: Sig. Gianfranco Flore<\/p>\n<p>Orari Biblioteche: dalle 8.30 alle 19.30 per i servizi, apertura fino alle 21.00<\/p>\n<p>Per informazioni e prenotazioni contattare il S.I.A.- Ufficio Disabilit\u00e0\u00a0 tel. 070 675 62 22 o inviare una e-mail a: <a href=\"mailto:tutor.cas@amm.unica.it\">tutorsia@unica.it<\/a><\/p>\n<p><a href=\"http:\/\/people.unica.it\/disabilita\/files\/2010\/10\/Postazione-per-studenti-non-vedenti-e-ipovedenti.doc\" target=\"_blank\" rel=\"noopener\">Descrizione tecnica ausili<\/a><\/p>\n","protected":false},"excerpt":{"rendered":"<p>Progetto del S.I.A.-Ufficio Disabilit\u00e0 realizzato in collaborazione con i Servizi Bibliotecari d&#8217;Ateneo. DISABILITA&#8217; E AUSILI Definizione di Ausilio: L&#8217;ausilio (dal latino auxilium = aiuto) \u00e8 uno strumento che consente alla persona di attivare un percorso in autonomia. Il Progetto &#8220;Biblioteca Amica&#8221; si propone di venire incontro alle esigenze degli studenti con disabilit\u00e0 visive e motorie. A seguito di una rilevazione condotta presso gli studenti dell&#8217;Universit\u00e0 di Cagliari, per venire incontro alle esigenze emerse tra gli studenti con disabilit\u00e0 visive e motorie,il S.I.A.-Ufficio Disabilit\u00e0, in collaborazione con le Biblioteche dell&#8217;Ateneo ha installato, presso la Biblioteca Dante Alighieri di Via Trentino e <a href='https:\/\/people.unica.it\/disabilita\/progetti\/postazioni-multimediali\/' class='excerpt-more'>[&#8230;]<\/a><\/p>\n","protected":false},"author":361,"featured_media":0,"parent":21,"menu_order":1,"comment_status":"closed","ping_status":"closed","template":"","meta":{"footnotes":""},"class_list":["post-282","page","type-page","status-publish","hentry","post-seq-1","post-parity-odd","meta-position-corners","fix"],"_links":{"self":[{"href":"https:\/\/people.unica.it\/disabilita\/wp-json\/wp\/v2\/pages\/282","targetHints":{"allow":["GET"]}}],"collection":[{"href":"https:\/\/people.unica.it\/disabilita\/wp-json\/wp\/v2\/pages"}],"about":[{"href":"https:\/\/people.unica.it\/disabilita\/wp-json\/wp\/v2\/types\/page"}],"author":[{"embeddable":true,"href":"https:\/\/people.unica.it\/disabilita\/wp-json\/wp\/v2\/users\/361"}],"replies":[{"embeddable":true,"href":"https:\/\/people.unica.it\/disabilita\/wp-json\/wp\/v2\/comments?post=282"}],"version-history":[{"count":8,"href":"https:\/\/people.unica.it\/disabilita\/wp-json\/wp\/v2\/pages\/282\/revisions"}],"predecessor-version":[{"id":3902,"href":"https:\/\/people.unica.it\/disabilita\/wp-json\/wp\/v2\/pages\/282\/revisions\/3902"}],"up":[{"embeddable":true,"href":"https:\/\/people.unica.it\/disabilita\/wp-json\/wp\/v2\/pages\/21"}],"wp:attachment":[{"href":"https:\/\/people.unica.it\/disabilita\/wp-json\/wp\/v2\/media?parent=282"}],"curies":[{"name":"wp","href":"https:\/\/api.w.org\/{rel}","templated":true}]}}