{"id":276,"date":"2010-10-11T10:19:42","date_gmt":"2010-10-11T10:19:42","guid":{"rendered":"http:\/\/people.unica.it\/disabilita\/"},"modified":"2024-07-03T07:37:39","modified_gmt":"2024-07-03T07:37:39","slug":"mobilita-internazionale","status":"publish","type":"page","link":"https:\/\/people.unica.it\/disabilita\/progetti\/mobilita-internazionale\/","title":{"rendered":"Mobilit\u00e0 internazionale"},"content":{"rendered":"<p>L&#8217;Ateneo di Cagliari offre un servizio specifico agli studenti con \u00a0disabilit\u00e0 e D.S.A. (Disturbi Specifici di Apprendimento) interessati al programmi di mobilit\u00e0 internazionale.<\/p>\n<p>Grazie alla collaborazione con il Settore Mobilit\u00e0 Studentesca, \u00e8 possibile individuare il bando pi\u00f9 adatto rispetto alle proprie esigenze e al proprio percorso di studi.<\/p>\n<p>E&#8217; possibile consultare i bandi attivi nel sito:<\/p>\n<p><a href=\"https:\/\/www.unica.it\/unica\/it\/ateneo_s04_ss01.page\">unica.it &#8211; Mobilit\u00e0 Studenti<\/a><\/p>\n<p>Sono inoltre presenti ulteriori specifici finanziamenti a supporto delle esigenze degli studenti e delle studentesse con disabilit\u00e0 che intendono affrontare un periodo di formazione in un paese estero.<\/p>\n<p>I tutor del S.I.A.\u00a0 offrono agli studenti che ne fanno richiesta un supporto nell&#8217;organizzazione del soggiorno all&#8217;estero e assistenza\u00a0 qualora si presentino difficolt\u00e0 didattiche e logistiche.<\/p>\n<p>&nbsp;<\/p>\n","protected":false},"excerpt":{"rendered":"<p>L&#8217;Ateneo di Cagliari offre un servizio specifico agli studenti con \u00a0disabilit\u00e0 e D.S.A. (Disturbi Specifici di Apprendimento) interessati al programmi di mobilit\u00e0 internazionale. Grazie alla collaborazione con il Settore Mobilit\u00e0 Studentesca, \u00e8 possibile individuare il bando pi\u00f9 adatto rispetto alle proprie esigenze e al proprio percorso di studi. E&#8217; possibile consultare i bandi attivi nel sito: unica.it &#8211; Mobilit\u00e0 Studenti Sono inoltre presenti ulteriori specifici finanziamenti a supporto delle esigenze degli studenti e delle studentesse con disabilit\u00e0 che intendono affrontare un periodo di formazione in un paese estero. I tutor del S.I.A.\u00a0 offrono agli studenti che ne fanno richiesta un <a href='https:\/\/people.unica.it\/disabilita\/progetti\/mobilita-internazionale\/' class='excerpt-more'>[&#8230;]<\/a><\/p>\n","protected":false},"author":361,"featured_media":0,"parent":21,"menu_order":1,"comment_status":"closed","ping_status":"closed","template":"","meta":{"footnotes":""},"class_list":["post-276","page","type-page","status-publish","hentry","post-seq-1","post-parity-odd","meta-position-corners","fix"],"_links":{"self":[{"href":"https:\/\/people.unica.it\/disabilita\/wp-json\/wp\/v2\/pages\/276","targetHints":{"allow":["GET"]}}],"collection":[{"href":"https:\/\/people.unica.it\/disabilita\/wp-json\/wp\/v2\/pages"}],"about":[{"href":"https:\/\/people.unica.it\/disabilita\/wp-json\/wp\/v2\/types\/page"}],"author":[{"embeddable":true,"href":"https:\/\/people.unica.it\/disabilita\/wp-json\/wp\/v2\/users\/361"}],"replies":[{"embeddable":true,"href":"https:\/\/people.unica.it\/disabilita\/wp-json\/wp\/v2\/comments?post=276"}],"version-history":[{"count":9,"href":"https:\/\/people.unica.it\/disabilita\/wp-json\/wp\/v2\/pages\/276\/revisions"}],"predecessor-version":[{"id":3966,"href":"https:\/\/people.unica.it\/disabilita\/wp-json\/wp\/v2\/pages\/276\/revisions\/3966"}],"up":[{"embeddable":true,"href":"https:\/\/people.unica.it\/disabilita\/wp-json\/wp\/v2\/pages\/21"}],"wp:attachment":[{"href":"https:\/\/people.unica.it\/disabilita\/wp-json\/wp\/v2\/media?parent=276"}],"curies":[{"name":"wp","href":"https:\/\/api.w.org\/{rel}","templated":true}]}}