{"id":2753,"date":"2017-08-01T13:22:31","date_gmt":"2017-08-01T13:22:31","guid":{"rendered":"http:\/\/people.unica.it\/disabilita\/?page_id=2753"},"modified":"2023-08-24T08:41:06","modified_gmt":"2023-08-24T08:41:06","slug":"iscrizione-alle-categorie-protette-l-6899","status":"publish","type":"page","link":"https:\/\/people.unica.it\/disabilita\/iscrizione-alle-categorie-protette-l-6899\/","title":{"rendered":"Iscrizione alle Liste per l&#8217;inserimento lavorativo  L. 68\/&#8217;99"},"content":{"rendered":"<p><a href=\"https:\/\/people.unica.it\/disabilita\/servizi\/\">Presentazione sintetica servizi &#8211; S.I.A.<\/a><\/p>\n<p><strong>Dove e come iscriversi alle Liste per l\u2019inserimento lavorativo (<a href=\"http:\/\/www.parlamento.it\/parlam\/leggi\/99068l.htm\">Lg. 68\/\u201999<\/a>)<\/strong><\/p>\n<p>Per iscriversi alle<strong> liste per l\u2019inserimento lavorativo<\/strong>, \u00e8 necessario recarsi presso il\u00a0<a href=\"http:\/\/www.sardegnalavoro.it\/servizi-per-il-lavoro\/centri-per-impiego\"><strong>Centro per l\u2019impiego <\/strong><\/a><strong>\u00a0<\/strong>individuando quello di competenza del proprio comune di residenza, ovvero i vecchi uffici di collocamento.<\/p>\n<p>I cittadini che possono iscriversi alle liste della L. 68\/99 gestite dai CPI possono essere persone con Disabilit\u00e0 (art. 1 L. 68\/99) o categorie protette (art. 18 L. 68\/99).<\/p>\n<p>Le persone con disabilit\u00e0 devono essere in possesso della documentazione medica che attesti la percentuale di invalidit\u00e0, <strong>per poter iscriversi alla <a href=\"http:\/\/www.parlamento.it\/parlam\/leggi\/99068l.htm\">Legge 68\/\u201999<\/a><\/strong> bisogna avere una percentuale di invalidit\u00e0 di <strong>almeno il 46% di invalidit\u00e0<\/strong>.<\/p>\n<p>La <a href=\"http:\/\/www.parlamento.it\/parlam\/leggi\/99068l.htm\"><strong>Legge\u00a068\/\u201999\u00a0<\/strong><\/a>promuove espressamente\u00a0<strong>l\u2019inserimento<\/strong>\u00a0nel mondo del lavoro delle persone con da disabilit\u00e0. In particolare, sono previste forme specifiche di tutela per:<\/p>\n<ol>\n<li>persone affette da minorazioni psichiche, fisiche e sensoriali, nonch\u00e9 portatrici di handicap intellettivo, che comportino una riduzione della capacit\u00e0 lavorativa\u00a0<strong>superiore al 45%<\/strong>;<\/li>\n<li>persone invalide del lavoro, con un grado di invalidit\u00e0\u00a0<strong>superiore al 33%<\/strong>;<\/li>\n<li>persone non vedenti e sordomute;<\/li>\n<li>persone invalide di guerra, invalide civili di guerra e invalide per servizio;<\/li>\n<li>vittime del terrorismo, coniugi e orfani di coloro che sono deceduti per causa di lavoro, di guerra o di servizio, ovvero per l\u2019aggravarsi dell\u2019invalidit\u00e0 derivante da tali cause.<\/li>\n<\/ol>\n<p>Presso il Centro per l\u2019impiego si dovr\u00e0 compilare un\u00a0<strong>apposito modulo<\/strong>\u00a0che attesti il possesso dei requisiti richiesti:<\/p>\n<ul>\n<li>et\u00e0 superiore a 15 anni;<\/li>\n<li>non essere in et\u00e0 pensionabile;<\/li>\n<li>stato di disoccupazione;<\/li>\n<li>possesso della percentuale di invalidit\u00e0 richiesta dalla legge (mediante presentazione del verbale della commissione medica).<\/li>\n<\/ul>\n<p>&nbsp;<\/p>\n<p>Al momento dell&#8217;iscrizione la persona con disabilit\u00e0 deve presentare<strong> il verbale di accertamento della capacit\u00e0 globale ai fini del collocamento mirato di cui al DPCM 13.01.2000 <\/strong>&#8211; <strong>Diagnosi funzionale<\/strong> o <strong>relazione conclusiva<\/strong>\u00a0 rilasciata dalla commissione medica integrata dell&#8217;INPS, contenente le abilit\u00e0 residue possedute.<br \/>\nNel caso in la persona con disabilit\u00e0 non ne fosse ancora in possesso, potr\u00e0 presentare la ricevuta della richiesta on line della visita, che pu\u00f2 essere richiesta tramite il portale INPS.<\/p>\n<p>I<strong> CPI<\/strong> offrono all&#8217;utente tutti i servizi cosiddetti di politica attiva per la <strong>ricerca di occupazione<\/strong> ai sensi del D.Lgs. 150\/2015. Nell&#8217;inserimento mirato, in particolare, i servizi sono volti al supporto del cittadino nella ricerca di un lavoro che sia adeguato alle abilit\u00e0 residue dello stesso, individuate tramite la diagnosi funzionale dalla commissione medica integrata dell\u2019INPS.<\/p>\n<p>&nbsp;<\/p>\n<p><strong>Le categorie protette: vantaggi previsti dalla legge 68\/\u201999<\/strong><\/p>\n<p>Con l\u2019iscrizione in un apposito elenco, il cittadino che rientri nelle suddette categorie pu\u00f2 beneficiare di alcuni vantaggi per un\u00a0<strong>pi\u00f9 facile inserimento lavorativo<\/strong>. Si predispone un sistema che consente di valutare le capacit\u00e0 lavorative del soggetto, al fine di adibire quest\u2019ultimo alle mansioni adeguate al suo grado di invalidit\u00e0.<\/p>\n<p>Sotto questo punto di vista, i datori di lavoro, sia pubblici che privati, hanno\u00a0<strong>l\u2019obbligo di assumere<\/strong>\u00a0lavoratori appartenenti alle categorie protette, nella seguente misura:<\/p>\n<ul>\n<li>il 7% dei lavoratori occupati, se l\u2019azienda ha pi\u00f9 di 50 dipendenti;<\/li>\n<li>due lavoratori, se ne ha tra 36 e 50;<\/li>\n<li>un lavoratore, se ne ha tra 15 a 35.<\/li>\n<\/ul>\n<p>Inoltre, le aziende devono assumere i soggetti di cui al\u00a0<strong>punto 5<\/strong>\u00a0del precedente elenco, nella misura dell\u20191% se occupano pi\u00f9 di 150 dipendenti, e di un lavoratore se ne occupano da 51 a 150.<\/p>\n<p>L\u2019assunzione avviene per\u00a0<strong>chiamata nominativa o numerica<\/strong>\u00a0dalle liste presenti presso i Centri per l\u2019impiego, cui la persona disabile \u00e8 tenuta ad iscriversi.<\/p>\n<p>&nbsp;<\/p>\n<p>Link utili:<br \/>\n<a href=\"http:\/\/www.sardegnalavoro.it\/\">www.sardegnalavoro.it<\/a> dove si possono trovare gli annunci di lavoro gestiti da tutti i CPI della Sardegna;<br \/>\n<a href=\"https:\/\/www.cliclavoro.gov.it\/Pagine\/default.html\">www.cliclavoro.gov.it<\/a> dove si possono trovare le informazioni in merito all&#8217;inserimento mirato.<\/p>\n<p>&nbsp;<\/p>\n<p>&nbsp;<\/p>\n","protected":false},"excerpt":{"rendered":"<p>Presentazione sintetica servizi &#8211; S.I.A. Dove e come iscriversi alle Liste per l\u2019inserimento lavorativo (Lg. 68\/\u201999) Per iscriversi alle liste per l\u2019inserimento lavorativo, \u00e8 necessario recarsi presso il\u00a0Centro per l\u2019impiego \u00a0individuando quello di competenza del proprio comune di residenza, ovvero i vecchi uffici di collocamento. I cittadini che possono iscriversi alle liste della L. 68\/99 gestite dai CPI possono essere persone con Disabilit\u00e0 (art. 1 L. 68\/99) o categorie protette (art. 18 L. 68\/99). Le persone con disabilit\u00e0 devono essere in possesso della documentazione medica che attesti la percentuale di invalidit\u00e0, per poter iscriversi alla Legge 68\/\u201999 bisogna avere una <a href='https:\/\/people.unica.it\/disabilita\/iscrizione-alle-categorie-protette-l-6899\/' class='excerpt-more'>[&#8230;]<\/a><\/p>\n","protected":false},"author":2508,"featured_media":0,"parent":0,"menu_order":0,"comment_status":"closed","ping_status":"closed","template":"","meta":{"footnotes":""},"class_list":["post-2753","page","type-page","status-publish","hentry","post-seq-1","post-parity-odd","meta-position-corners","fix"],"_links":{"self":[{"href":"https:\/\/people.unica.it\/disabilita\/wp-json\/wp\/v2\/pages\/2753","targetHints":{"allow":["GET"]}}],"collection":[{"href":"https:\/\/people.unica.it\/disabilita\/wp-json\/wp\/v2\/pages"}],"about":[{"href":"https:\/\/people.unica.it\/disabilita\/wp-json\/wp\/v2\/types\/page"}],"author":[{"embeddable":true,"href":"https:\/\/people.unica.it\/disabilita\/wp-json\/wp\/v2\/users\/2508"}],"replies":[{"embeddable":true,"href":"https:\/\/people.unica.it\/disabilita\/wp-json\/wp\/v2\/comments?post=2753"}],"version-history":[{"count":10,"href":"https:\/\/people.unica.it\/disabilita\/wp-json\/wp\/v2\/pages\/2753\/revisions"}],"predecessor-version":[{"id":4300,"href":"https:\/\/people.unica.it\/disabilita\/wp-json\/wp\/v2\/pages\/2753\/revisions\/4300"}],"wp:attachment":[{"href":"https:\/\/people.unica.it\/disabilita\/wp-json\/wp\/v2\/media?parent=2753"}],"curies":[{"name":"wp","href":"https:\/\/api.w.org\/{rel}","templated":true}]}}