{"id":2561,"date":"2017-06-30T07:46:07","date_gmt":"2017-06-30T07:46:07","guid":{"rendered":"http:\/\/people.unica.it\/disabilita\/?page_id=2561"},"modified":"2025-03-14T10:17:42","modified_gmt":"2025-03-14T10:17:42","slug":"certificazione-di-qualita","status":"publish","type":"page","link":"https:\/\/people.unica.it\/disabilita\/certificazione-di-qualita\/","title":{"rendered":"Certificazione di Qualit\u00e0"},"content":{"rendered":"<p style=\"text-align: justify\">Il S.I.A. nel 2014 \u00e8 tra i primi uffici disabilit\u00e0 delle Universit\u00e0 italiane ad ottenere la <strong><em>Certificazione di Qualit\u00e0 Uni En Iso 9001:2008<\/em><\/strong> che attesta l\u2019implementazione di un sistema di gestione condiviso, programmato e verificato che consenta di monitorare i processi messi in atto, con particolare attenzione al soddisfacimento dell\u2019utenza.<\/p>\n<p style=\"text-align: justify\">La Certificazione \u00e8 stata confermata nel 2015 e nel 2016. Nel 2017 seguendo le nuove norme, il S.I.A. ottiene nuovamente il primato nel panorama italiano, confermando la <strong><em>Certificazione di Qualit\u00e0 Uni En Iso 9001:2015<\/em><\/strong>, anticipando l\u2019obbligatoriet\u00e0 prescritta a partire dal 2018. Negli anni successivi \u00e8 stata confermata e successivamente rinnovata nel 2023.<\/p>\n<p>Link all&#8217;articolo.<\/p>\n<p><a href=\"https:\/\/www.unica.it\/unica\/page\/it\/certificazione_di_qualita_per_il_sia_delluniversita_di_cagliari\">unica.it &#8211; Notizia<\/a><\/p>\n<p style=\"text-align: justify\">Link alla Cerimonia di consegna della Prima Certificazione di Qualit\u00e0<\/p>\n<p style=\"text-align: justify\"><a href=\"http:\/\/www.unica.it\/pub\/7\/show.jsp?id=35020&amp;iso=-2&amp;is=7\">http:\/\/www.unica.it\/pub\/7\/show.jsp?id=35020&amp;iso=-2&amp;is=7<\/a><\/p>\n<p><strong>Politiche della Qualit\u00e0\u00a0<\/strong><\/p>\n<p>Il documento che segue contiene\u00a0 i principi guida della politica del S.I.A. (Servizi per l\u2019Inclusione e l\u2019Apprendimento) aggiornate al 23 maggio 2022.<\/p>\n<p><a href=\"https:\/\/people.unica.it\/disabilita\/files\/2023\/03\/Mod-P05-01-01-Politica-SIA-aggiornamento-2022.docx\">Mod-P05-01-01 &#8211; Politica SIA\u00a0 2022<\/a><\/p>\n<p>In data 15 Marzo 2022 \u00e8 avvenuta la conferma Certificazione per l&#8217;anno 2022.<\/p>\n<p>In data 7 Marzo 2023 \u00e8 avvenuto il rinnovo della Certificazione per il triennio 2023-2025.<\/p>\n<p>In data 4 marzo 2024 \u00e8 avvenuta la conferma Certificazione per l&#8217;anno 2024.<\/p>\n<p>In data 10 marzo 2025 \u00e8 avvenuta la conferma Certificazione per l&#8217;anno 2025.<\/p>\n<p><a href=\"https:\/\/people.unica.it\/disabilita\/files\/2021\/04\/Universita-degli-Studi-di-Cagliari.jpg\"><img decoding=\"async\" class=\"alignleft size-thumbnail wp-image-3744\" src=\"https:\/\/people.unica.it\/disabilita\/files\/2021\/04\/Universita-degli-Studi-di-Cagliari-150x150.jpg\" alt=\"\" width=\"150\" height=\"150\" srcset=\"https:\/\/people.unica.it\/disabilita\/files\/2021\/04\/Universita-degli-Studi-di-Cagliari-150x150.jpg 150w, https:\/\/people.unica.it\/disabilita\/files\/2021\/04\/Universita-degli-Studi-di-Cagliari-96x96.jpg 96w, https:\/\/people.unica.it\/disabilita\/files\/2021\/04\/Universita-degli-Studi-di-Cagliari-24x24.jpg 24w, https:\/\/people.unica.it\/disabilita\/files\/2021\/04\/Universita-degli-Studi-di-Cagliari-36x36.jpg 36w, https:\/\/people.unica.it\/disabilita\/files\/2021\/04\/Universita-degli-Studi-di-Cagliari-48x48.jpg 48w, https:\/\/people.unica.it\/disabilita\/files\/2021\/04\/Universita-degli-Studi-di-Cagliari-64x64.jpg 64w\" sizes=\"(max-width: 150px) 100vw, 150px\" \/><\/a><\/p>\n","protected":false},"excerpt":{"rendered":"<p>Il S.I.A. nel 2014 \u00e8 tra i primi uffici disabilit\u00e0 delle Universit\u00e0 italiane ad ottenere la Certificazione di Qualit\u00e0 Uni En Iso 9001:2008 che attesta l\u2019implementazione di un sistema di gestione condiviso, programmato e verificato che consenta di monitorare i processi messi in atto, con particolare attenzione al soddisfacimento dell\u2019utenza. La Certificazione \u00e8 stata confermata nel 2015 e nel 2016. Nel 2017 seguendo le nuove norme, il S.I.A. ottiene nuovamente il primato nel panorama italiano, confermando la Certificazione di Qualit\u00e0 Uni En Iso 9001:2015, anticipando l\u2019obbligatoriet\u00e0 prescritta a partire dal 2018. Negli anni successivi \u00e8 stata confermata e successivamente rinnovata <a href='https:\/\/people.unica.it\/disabilita\/certificazione-di-qualita\/' class='excerpt-more'>[&#8230;]<\/a><\/p>\n","protected":false},"author":361,"featured_media":0,"parent":0,"menu_order":0,"comment_status":"closed","ping_status":"closed","template":"","meta":{"footnotes":""},"class_list":["post-2561","page","type-page","status-publish","hentry","post-seq-1","post-parity-odd","meta-position-corners","fix"],"_links":{"self":[{"href":"https:\/\/people.unica.it\/disabilita\/wp-json\/wp\/v2\/pages\/2561","targetHints":{"allow":["GET"]}}],"collection":[{"href":"https:\/\/people.unica.it\/disabilita\/wp-json\/wp\/v2\/pages"}],"about":[{"href":"https:\/\/people.unica.it\/disabilita\/wp-json\/wp\/v2\/types\/page"}],"author":[{"embeddable":true,"href":"https:\/\/people.unica.it\/disabilita\/wp-json\/wp\/v2\/users\/361"}],"replies":[{"embeddable":true,"href":"https:\/\/people.unica.it\/disabilita\/wp-json\/wp\/v2\/comments?post=2561"}],"version-history":[{"count":17,"href":"https:\/\/people.unica.it\/disabilita\/wp-json\/wp\/v2\/pages\/2561\/revisions"}],"predecessor-version":[{"id":4630,"href":"https:\/\/people.unica.it\/disabilita\/wp-json\/wp\/v2\/pages\/2561\/revisions\/4630"}],"wp:attachment":[{"href":"https:\/\/people.unica.it\/disabilita\/wp-json\/wp\/v2\/media?parent=2561"}],"curies":[{"name":"wp","href":"https:\/\/api.w.org\/{rel}","templated":true}]}}