{"id":1273,"date":"2012-11-14T11:40:26","date_gmt":"2012-11-14T11:40:26","guid":{"rendered":"http:\/\/people.unica.it\/disabilita\/?page_id=1273"},"modified":"2026-04-17T12:56:44","modified_gmt":"2026-04-17T12:56:44","slug":"i-nostri-uffici","status":"publish","type":"page","link":"https:\/\/people.unica.it\/disabilita\/i-nostri-uffici\/","title":{"rendered":"Dove Siamo e Apertura al Pubblico"},"content":{"rendered":"<p>Il <strong>S.I.A.<\/strong> (<strong>S<\/strong>ervizi per l&#8217;<strong>I<\/strong>nclusione e l&#8217;<strong>A<\/strong>pprendimento) \u00a0ha sede in <a href=\"https:\/\/www.google.it\/maps\/place\/S.I.A.+Servizi+Per+l'Inclusione+e+l'Apprendimento\/@39.2212621,9.1149697,285m\/data=!3m1!1e3!4m8!1m2!2m1!1ssia+universit%C3%A0!3m4!1s0x12e7340fc6218e39:0x7e5a87f10bc195b5!8m2!3d39.2213823!4d9.1144693\">Via San Giorgio n. 12 &#8211; Cagliari <\/a>e sedi decentrate nelle Facolt\u00e0 dell&#8217;Ateneo Cagliaritano.<\/p>\n<p><a href=\"https:\/\/www.google.it\/maps\/place\/S.I.A.+Servizi+Per+l'Inclusione+e+l'Apprendimento\/@39.2212621,9.1149697,285m\/data=!3m1!1e3!4m8!1m2!2m1!1ssia+universit%C3%A0!3m4!1s0x12e7340fc6218e39:0x7e5a87f10bc195b5!8m2!3d39.2213823!4d9.1144693\"><img decoding=\"async\" class=\"wp-image-2757 size-medium\" src=\"http:\/\/people.unica.it\/disabilita\/files\/2012\/11\/google-maps-1-300x202.jpg\" alt=\"Link a Google Maps\" width=\"300\" height=\"202\" srcset=\"https:\/\/people.unica.it\/disabilita\/files\/2012\/11\/google-maps-1-300x202.jpg 300w, https:\/\/people.unica.it\/disabilita\/files\/2012\/11\/google-maps-1-768x517.jpg 768w, https:\/\/people.unica.it\/disabilita\/files\/2012\/11\/google-maps-1-1024x689.jpg 1024w, https:\/\/people.unica.it\/disabilita\/files\/2012\/11\/google-maps-1.jpg 1200w\" sizes=\"(max-width: 300px) 100vw, 300px\" \/><\/a><\/p>\n<p>Sede centrale del \u00a0<strong>S.I.A.<\/strong> (<strong>S<\/strong>ervizi per l&#8217;<strong>I<\/strong>nclusione e l&#8217;<strong>A<\/strong>pprendimento), via San Giorgio n.12<\/p>\n<p><a href=\"https:\/\/www.google.it\/maps\/place\/S.I.A.+Servizi+Per+l'Inclusione+e+l'Apprendimento\/@39.2210101,9.114871,360m\/data=!3m1!1e3!4m8!1m2!2m1!1ssia+universit%C3%A0!3m4!1s0x12e7340fc6218e39:0x7e5a87f10bc195b5!8m2!3d39.2213823!4d9.1144693?hl=it\">Mappa<\/a><\/p>\n<h6 style=\"text-align: left\" align=\"center\"><a style=\"font-size: 16px\" href=\"https:\/\/www.google.it\/maps\/place\/S.I.A.+Servizi+Per+l'Inclusione+e+l'Apprendimento\/@39.2212621,9.1149697,285m\/data=!3m1!1e3!4m8!1m2!2m1!1ssia+universit%C3%A0!3m4!1s0x12e7340fc6218e39:0x7e5a87f10bc195b5!8m2!3d39.2213823!4d9.1144693\">Link a google maps<\/a><\/h6>\n<h6><strong><a href=\"https:\/\/people.unica.it\/disabilita\/files\/2023\/03\/Brochure_SIA.pdf\">Clicca qui per visionare la brochure informativa<\/a><\/strong><\/h6>\n<p><strong>Nuovi orari sedi S.I.A. e nuove aperture al pubblico<\/strong><\/p>\n<p>A partire dal 1 luglio 2025 \u00e8 previsto un aumento delle attivit\u00e0 di supporto agli studenti e alle studentesse con disabilit\u00e0, D.S.A. e B.E.S..<\/p>\n<p>Saranno potenziate le aperture degli uffici al pubblico e le attivit\u00e0 dei tutor specializzati e secondo gli orari che seguono:<\/p>\n<p><strong>Orari di apertura sede centrale<\/strong><\/p>\n<p><strong>Campus Aresu<\/strong>, via San Giorgio n.12 &#8211; tel. 070 6756222 &#8211; mail: tutor.sia@unica.it:<\/p>\n<p>Luned\u00ec: 9.00-13.00;<\/p>\n<p>Marted\u00ec: 9.00-13.00, 13.30-15.30;<\/p>\n<p>Mercoled\u00ec: 9.00-13.00, 13.30-15.30;<\/p>\n<p>Gioved\u00ec: 9.00-12.00;<\/p>\n<p>Venerd\u00ec: 9.00-12.00.<\/p>\n<p><strong>Orari di apertura sedi decentrate<\/strong><\/p>\n<p><strong>Studi Umanistici<\/strong> (ex Facolt\u00e0 di Lettere e Filosofia, Scienze della Formazione, Ex Facolt\u00e0 di Lingue), via Is Mirrionis n.1- Loc. Sa Duchessa stanza n. 7 bis \u2013 Corpo centrale tel. 070675 7810:<\/p>\n<p>Luned\u00ec: 09.00-12.00;<\/p>\n<p>Marted\u00ec: 09.00-12.00, 13.30-15.30;<\/p>\n<p>Mercoled\u00ec: 09.00-12.00;<\/p>\n<p>Gioved\u00ec: 09.00-12.00, 13.30-15.30;<\/p>\n<p>Venerd\u00ec: 09.00-12.00.<\/p>\n<p><strong>Ingegneria e Architettura<\/strong>, (via Marengo n.3 \u2013 Pad. Presidenza, Piano -1) &#8211; tel. 070 675 5092:<\/p>\n<p>Marted\u00ec: 9.00 \u2013 13.00; nel pomeriggio possibilit\u00e0 di ricevimento su appuntamento<\/p>\n<p>Gioved\u00ec: 10.00 \u2013 13.00; nel pomeriggio possibilit\u00e0 di ricevimento su appuntamento<\/p>\n<p><strong>Biologia e Farmacia \u2013 Scienze \u2013 Medicina e Chirurgia<\/strong>, c\/o Centro Servizi-corte Blocco G \u2013 Complesso Universitario di Monserrato \u2013 tel. 070 675 4625:<\/p>\n<p>Luned\u00ec: 9.00-12.30, 13.30-15.30;<\/p>\n<p>Gioved\u00ec: 9.00-12.00;<\/p>\n<p>Venerd\u00ec: 9.00-12.30.<\/p>\n<p><strong>Scienze Economiche, Giuridiche e Politiche<\/strong>, Campus Sant&#8217;Ignazio, viale le Sant\u2019Ignazio n. 76\/78<\/p>\n<p>Il percorso accessibile tramite ascensore \u00e8 si trova accedendo da Viale Sant&#8217;Ignazio 76.<\/p>\n<p>tel. 070 675 3541:<\/p>\n<p>Luned\u00ec: 10.00-12.00;<\/p>\n<p>Marted\u00ec: 15.00 \u2013 17.00;<\/p>\n<p>Mercoled\u00ec: 09.00-13.00;<\/p>\n<p>Gioved\u00ec: 10.00-12.00.<\/p>\n<p>E&#8217; possibile concordare un appuntamento in funzione di specifiche esigenze con le\/i\u00a0 tutor di tutti i poli\/sedi.<\/p>\n<p>Al fine di ampliare le possibilit\u00e0 di comunicazione degli studenti e delle studentesse \u00e8 sempre possibile contattare le tutor specializzate \u00a0telefonicamente, via mail all\u2019indirizzo <a href=\"mailto:tutor.sia@unica.it\">tutor.sia@unica.it<\/a> e tramite i software Teams e Skype.<\/p>\n<p>In tutte le giornate di servizio \u00e8 sempre garantita la comunicazione tramite e-mail all\u2019indirizzo: tutor.sia@unica.it.<\/p>\n<p>Nell\u2019orario di chiusura al pubblico degli uffici \u00e8 possibile contattare il <strong>telefono delle emergenze<\/strong> secondo il seguente orario: 14.30-17.30 \u2013 lun.\u00a0 ven.: 342 9400410<\/p>\n<p><strong>Sportello virtuale S.I.A.<\/strong><\/p>\n<p>E\u2019 possibile inoltre prenotare un colloquio su Teams con le tutor specializzate cliccando sul link che segue:<\/p>\n<p><a href=\"https:\/\/outlook.office365.com\/owa\/calendar\/SportellovirtualeSIA@unicadrsi.onmicrosoft.com\/bookings\/\">https:\/\/outlook.office365.com\/owa\/calendar\/SportellovirtualeSIA@unicadrsi.onmicrosoft.com\/bookings\/<\/a><\/p>\n<p>La sede centrale e le sedi decentrate del S.I.A. rispettano il calendario accademico.<\/p>\n<p>Ulteriori chiusure delle sedi decentrate possono avvenire in riferimento alla chiusura delle Facolt\u00e0 ospitanti.<\/p>\n","protected":false},"excerpt":{"rendered":"<p>Il S.I.A. (Servizi per l&#8217;Inclusione e l&#8217;Apprendimento) \u00a0ha sede in Via San Giorgio n. 12 &#8211; Cagliari e sedi decentrate nelle Facolt\u00e0 dell&#8217;Ateneo Cagliaritano. Sede centrale del \u00a0S.I.A. (Servizi per l&#8217;Inclusione e l&#8217;Apprendimento), via San Giorgio n.12 Mappa Link a google maps Clicca qui per visionare la brochure informativa Nuovi orari sedi S.I.A. e nuove aperture al pubblico A partire dal 1 luglio 2025 \u00e8 previsto un aumento delle attivit\u00e0 di supporto agli studenti e alle studentesse con disabilit\u00e0, D.S.A. e B.E.S.. Saranno potenziate le aperture degli uffici al pubblico e le attivit\u00e0 dei tutor specializzati e secondo gli orari <a href='https:\/\/people.unica.it\/disabilita\/i-nostri-uffici\/' class='excerpt-more'>[&#8230;]<\/a><\/p>\n","protected":false},"author":361,"featured_media":0,"parent":0,"menu_order":0,"comment_status":"closed","ping_status":"closed","template":"","meta":{"footnotes":""},"class_list":["post-1273","page","type-page","status-publish","hentry","post-seq-1","post-parity-odd","meta-position-corners","fix"],"_links":{"self":[{"href":"https:\/\/people.unica.it\/disabilita\/wp-json\/wp\/v2\/pages\/1273","targetHints":{"allow":["GET"]}}],"collection":[{"href":"https:\/\/people.unica.it\/disabilita\/wp-json\/wp\/v2\/pages"}],"about":[{"href":"https:\/\/people.unica.it\/disabilita\/wp-json\/wp\/v2\/types\/page"}],"author":[{"embeddable":true,"href":"https:\/\/people.unica.it\/disabilita\/wp-json\/wp\/v2\/users\/361"}],"replies":[{"embeddable":true,"href":"https:\/\/people.unica.it\/disabilita\/wp-json\/wp\/v2\/comments?post=1273"}],"version-history":[{"count":136,"href":"https:\/\/people.unica.it\/disabilita\/wp-json\/wp\/v2\/pages\/1273\/revisions"}],"predecessor-version":[{"id":4883,"href":"https:\/\/people.unica.it\/disabilita\/wp-json\/wp\/v2\/pages\/1273\/revisions\/4883"}],"wp:attachment":[{"href":"https:\/\/people.unica.it\/disabilita\/wp-json\/wp\/v2\/media?parent=1273"}],"curies":[{"name":"wp","href":"https:\/\/api.w.org\/{rel}","templated":true}]}}