{"id":177,"date":"2010-11-22T10:27:55","date_gmt":"2010-11-22T10:27:55","guid":{"rendered":"http:\/\/people.unica.it\/dipstoge\/?page_id=177"},"modified":"2011-09-15T08:22:56","modified_gmt":"2011-09-15T08:22:56","slug":"link-utili","status":"publish","type":"page","link":"https:\/\/people.unica.it\/dipstoge\/?page_id=177","title":{"rendered":"Link utili"},"content":{"rendered":"<p><a href=\"http:\/\/www.unica.it\/\" target=\"_blank\">Universit\u00e0 degli Studi di Cagliari<\/a><\/p>\n<p><a href=\"http:\/\/lettere.unica.it\/\" target=\"_blank\">Facolt\u00e0 di Lettere e Filosofia<\/a><\/p>\n<p><a href=\"http:\/\/www.lingue-unica.it\/\">Facolt\u00e0 di Lingue e Letterature Straniere<\/a><\/p>\n<p><a href=\"http:\/\/www.scform.unica.it\" target=\"_blank\">Facolt\u00e0 di Scienze della Formazione<\/a><\/p>\n<p><a href=\"http:\/\/www.istruzione.it\" target=\"_blank\">Ministero dell&#8217;Istruzione, dell&#8217;Universit\u00e0 e della Ricerca<\/a><\/p>\n<p><a href=\"http:\/\/www.incontrotransfrontaliero.com\/\">Progetto INCONTRO<\/a><\/p>\n","protected":false},"excerpt":{"rendered":"<p>Universit\u00e0 degli Studi di Cagliari Facolt\u00e0 di Lettere e Filosofia Facolt\u00e0 di Lingue e Letterature Straniere Facolt\u00e0 di Scienze della Formazione Ministero dell&#8217;Istruzione, dell&#8217;Universit\u00e0 e della Ricerca Progetto INCONTRO<\/p>\n","protected":false},"author":355,"featured_media":0,"parent":0,"menu_order":6,"comment_status":"closed","ping_status":"closed","template":"","meta":{"ngg_post_thumbnail":0,"footnotes":""},"class_list":["post-177","page","type-page","status-publish","hentry","post-seq-1","post-parity-odd","meta-position-corners","fix"],"_links":{"self":[{"href":"https:\/\/people.unica.it\/dipstoge\/index.php?rest_route=\/wp\/v2\/pages\/177","targetHints":{"allow":["GET"]}}],"collection":[{"href":"https:\/\/people.unica.it\/dipstoge\/index.php?rest_route=\/wp\/v2\/pages"}],"about":[{"href":"https:\/\/people.unica.it\/dipstoge\/index.php?rest_route=\/wp\/v2\/types\/page"}],"author":[{"embeddable":true,"href":"https:\/\/people.unica.it\/dipstoge\/index.php?rest_route=\/wp\/v2\/users\/355"}],"replies":[{"embeddable":true,"href":"https:\/\/people.unica.it\/dipstoge\/index.php?rest_route=%2Fwp%2Fv2%2Fcomments&post=177"}],"version-history":[{"count":10,"href":"https:\/\/people.unica.it\/dipstoge\/index.php?rest_route=\/wp\/v2\/pages\/177\/revisions"}],"predecessor-version":[{"id":181,"href":"https:\/\/people.unica.it\/dipstoge\/index.php?rest_route=\/wp\/v2\/pages\/177\/revisions\/181"}],"wp:attachment":[{"href":"https:\/\/people.unica.it\/dipstoge\/index.php?rest_route=%2Fwp%2Fv2%2Fmedia&parent=177"}],"curies":[{"name":"wp","href":"https:\/\/api.w.org\/{rel}","templated":true}]}}