{"id":852,"date":"2011-02-17T19:34:08","date_gmt":"2011-02-17T17:34:08","guid":{"rendered":"http:\/\/people.unica.it\/diparch\/"},"modified":"2011-02-17T19:34:08","modified_gmt":"2011-02-17T17:34:08","slug":"ing-ind22","status":"publish","type":"page","link":"https:\/\/people.unica.it\/diparch\/il-personale\/ing-ind22\/","title":{"rendered":"ING-IND\/22"},"content":{"rendered":"<p><strong>Settore scientifico-disciplinare<\/strong><\/p>\n<p><strong>ING-IND\/22 SCIENZA E TECNOLOGIA DEI MATERIALI<\/strong><\/p>\n<p>Il settore racchiude la globalit\u00e0 degli aspetti culturali    e professionali relativi alla scienza ed alla tecnologia dei materiali. Pi\u00f9    specificamente, sono in esso incluse le competenze connesse con struttura e    propriet\u00e0, progettazione, processi di produzione e trasformazione, impiego,    analisi, caratterizzazione e controllo di qualit\u00e0, corrosione e degrado,    conservazione, ripristino e riciclo di materiali e loro assemblaggi o combinazioni,    aventi interesse ingegneristico, industriale e biomedico. E&#8217;, inoltre, patrimonio    del settore il complesso delle conoscenze relative ai materiali per la conversione,    l&#8217;accumulo e la conservazione dell&#8217;energia ed alle tecnologie per la tutela    dell&#8217;ambiente.<\/p>\n","protected":false},"excerpt":{"rendered":"<p>Settore scientifico-disciplinare ING-IND\/22 SCIENZA E TECNOLOGIA DEI MATERIALI Il settore racchiude la globalit\u00e0 degli aspetti culturali e professionali relativi alla scienza ed alla tecnologia dei materiali. Pi\u00f9 specificamente, sono in esso incluse le competenze connesse con struttura e propriet\u00e0, progettazione, processi di produzione e trasformazione, impiego, analisi, caratterizzazione e controllo di qualit\u00e0, corrosione e degrado, conservazione, ripristino e riciclo di materiali e loro assemblaggi o combinazioni, aventi interesse ingegneristico, industriale e biomedico. E&#8217;, inoltre, patrimonio del settore il complesso delle conoscenze relative ai materiali per la conversione, l&#8217;accumulo e la conservazione dell&#8217;energia ed alle tecnologie per la tutela dell&#8217;ambiente.<\/p>\n","protected":false},"author":55,"featured_media":0,"parent":66,"menu_order":0,"comment_status":"closed","ping_status":"closed","template":"","meta":{"footnotes":""},"class_list":["post-852","page","type-page","status-publish","hentry","post-seq-1","post-parity-odd","meta-position-corners","fix"],"_links":{"self":[{"href":"https:\/\/people.unica.it\/diparch\/wp-json\/wp\/v2\/pages\/852","targetHints":{"allow":["GET"]}}],"collection":[{"href":"https:\/\/people.unica.it\/diparch\/wp-json\/wp\/v2\/pages"}],"about":[{"href":"https:\/\/people.unica.it\/diparch\/wp-json\/wp\/v2\/types\/page"}],"author":[{"embeddable":true,"href":"https:\/\/people.unica.it\/diparch\/wp-json\/wp\/v2\/users\/55"}],"replies":[{"embeddable":true,"href":"https:\/\/people.unica.it\/diparch\/wp-json\/wp\/v2\/comments?post=852"}],"version-history":[{"count":1,"href":"https:\/\/people.unica.it\/diparch\/wp-json\/wp\/v2\/pages\/852\/revisions"}],"predecessor-version":[{"id":853,"href":"https:\/\/people.unica.it\/diparch\/wp-json\/wp\/v2\/pages\/852\/revisions\/853"}],"up":[{"embeddable":true,"href":"https:\/\/people.unica.it\/diparch\/wp-json\/wp\/v2\/pages\/66"}],"wp:attachment":[{"href":"https:\/\/people.unica.it\/diparch\/wp-json\/wp\/v2\/media?parent=852"}],"curies":[{"name":"wp","href":"https:\/\/api.w.org\/{rel}","templated":true}]}}