{"id":156,"date":"2009-06-16T10:49:08","date_gmt":"2009-06-16T08:49:08","guid":{"rendered":"http:\/\/people.unica.it\/diparch\/?page_id=156"},"modified":"2009-07-22T16:49:41","modified_gmt":"2009-07-22T14:49:41","slug":"housing-sociale-sostenibile","status":"publish","type":"page","link":"https:\/\/people.unica.it\/diparch\/ricerca-2\/housing-sociale-sostenibile\/","title":{"rendered":"Housing sociale sostenibile"},"content":{"rendered":"<p>Coordinato dal <strong><span style=\"text-decoration: underline\">prof. Antonello Sanna<\/span><\/strong>. La nuova domanda sociale, crescente esponenzialmente anche nell&#8217;occidente &#8220;maturo&#8221; e ancor pi\u00f9 nei paesi della globalizzazione, si coniuga sempre di pi\u00f9 con le tematiche dell&#8217;abitare sostenibile. Alcuni dei progetti pi\u00f9 rilevanti che a livello internazionale hanno affrontato in senso ecosistemico il tema della nuova efficienza energetica dell&#8217;insediamento, si sono applicati al tema dell&#8217;housing sociale. Affrontare e sviluppare questa tematica, creando una struttura di documentazione delle best practices internazionali, collegandosi e sviluppando le ricerche avanzate in tema di sostenibilit\u00e0 edilizia, costituisce l&#8217;obiettivo principale del Gruppo di ricerca.<\/p>\n<p><em>Componenti: Elisabetta Pani, Giorgio Peghin, Valeria Saiu, Maria Maddalena Achenza, Pier Francesco Cherchi, Enrico Alfonso Corti, Giuseppe Desogus, Luciano Mareddu.<\/em><\/p>\n","protected":false},"excerpt":{"rendered":"<p>Coordinato dal prof. Antonello Sanna. La nuova domanda sociale, crescente esponenzialmente anche nell&#8217;occidente &#8220;maturo&#8221; e ancor pi\u00f9 nei paesi della globalizzazione, si coniuga sempre di pi\u00f9 con le tematiche dell&#8217;abitare sostenibile. Alcuni dei progetti pi\u00f9 rilevanti che a livello internazionale hanno affrontato in senso ecosistemico il tema della nuova efficienza energetica dell&#8217;insediamento, si sono applicati al tema dell&#8217;housing sociale. Affrontare e sviluppare questa tematica, creando una struttura di documentazione delle best practices internazionali, collegandosi e sviluppando le ricerche avanzate in tema di sostenibilit\u00e0 edilizia, costituisce l&#8217;obiettivo principale del Gruppo di ricerca. Componenti: Elisabetta Pani, Giorgio Peghin, Valeria Saiu, Maria Maddalena <a href='https:\/\/people.unica.it\/diparch\/ricerca-2\/housing-sociale-sostenibile\/' class='excerpt-more'>[&#8230;]<\/a><\/p>\n","protected":false},"author":55,"featured_media":0,"parent":29,"menu_order":0,"comment_status":"closed","ping_status":"closed","template":"","meta":{"footnotes":""},"class_list":["post-156","page","type-page","status-publish","hentry","category-1-id","post-seq-1","post-parity-odd","meta-position-corners","fix"],"_links":{"self":[{"href":"https:\/\/people.unica.it\/diparch\/wp-json\/wp\/v2\/pages\/156","targetHints":{"allow":["GET"]}}],"collection":[{"href":"https:\/\/people.unica.it\/diparch\/wp-json\/wp\/v2\/pages"}],"about":[{"href":"https:\/\/people.unica.it\/diparch\/wp-json\/wp\/v2\/types\/page"}],"author":[{"embeddable":true,"href":"https:\/\/people.unica.it\/diparch\/wp-json\/wp\/v2\/users\/55"}],"replies":[{"embeddable":true,"href":"https:\/\/people.unica.it\/diparch\/wp-json\/wp\/v2\/comments?post=156"}],"version-history":[{"count":4,"href":"https:\/\/people.unica.it\/diparch\/wp-json\/wp\/v2\/pages\/156\/revisions"}],"predecessor-version":[{"id":281,"href":"https:\/\/people.unica.it\/diparch\/wp-json\/wp\/v2\/pages\/156\/revisions\/281"}],"up":[{"embeddable":true,"href":"https:\/\/people.unica.it\/diparch\/wp-json\/wp\/v2\/pages\/29"}],"wp:attachment":[{"href":"https:\/\/people.unica.it\/diparch\/wp-json\/wp\/v2\/media?parent=156"}],"curies":[{"name":"wp","href":"https:\/\/api.w.org\/{rel}","templated":true}]}}