{"id":35,"date":"2010-01-18T16:25:51","date_gmt":"2010-01-18T15:25:51","guid":{"rendered":"http:\/\/people.unica.it\/cursu\/?page_id=35"},"modified":"2010-02-16T14:54:03","modified_gmt":"2010-02-16T13:54:03","slug":"eventus","status":"publish","type":"page","link":"https:\/\/people.unica.it\/cursu\/eventus\/","title":{"rendered":"EVENTUS"},"content":{"rendered":"<h4 style=\"text-align: center\"><span style=\"color: #993300\"><strong>CURSU <\/strong><strong>DE <\/strong><strong>DER\u00c8TU SINDACALI A.A. 2009\/2010<br \/>\n<\/strong><\/span><\/h4>\n<p>Su Cursu Der\u00e8tu Sindacali de sa Facultadi de Sci\u00e8ntzias Pol\u00ecticas cumintzat su 2 de martzu a is 4 de mer\u00ec, in s\u2019aula 6 de su palatzu \u201csordo muti\u201d in Viale Sant\u2019Ignazio n. 70.<\/p>\n<p>Titolari de su Cursu est su professori Gianni Loy. Faint letzioni, imparis cun su issu, Piera Loi e Enrico Mastinu, professoris de Deritu de su Triballu in sa Facultadi de Lei. Atrus espertus ant a partecipai a is seminarius. <strong>S\u2019Ufitziu de sa Limba Sarda de s\u2019Universidadi de Casteddu agiudat a fai su cursu.<\/strong><\/p>\n<p>Su cursu durat trinta oras. At a essi cu\u00ecndixi letzionis de duas oras dogna lunis, martis et merculis, segundu su calendariu.<\/p>\n<p>Su cursu donat cincu creditus didaticus a is istudentis de Sci\u00e8ntzias Pol\u00ecticas e de is atras Facultadis chi du faint.<\/p>\n<p>Sa frequentzia est oberta a totus is interessaus, puru si non funti iscritus a s\u2019Universidadi. Su certificau cun is creditus, poi is chi passant s\u2019esamini finali e non funti iscritus a sa Facultadi de Sci\u00e8ntzias Pol\u00ecticas, tenit valori in su sistema de s\u2019istrutzioni publica. A is atrus at a essi donau unu certificau de frecu\u00e8ntzia.<\/p>\n<p>Sa preparatzioni s\u2019at a cumpretai cun semin\u00e0rius e atrus agiudus inform\u00e0ticus.<\/p>\n<p>S\u00ecnteri su cursu, is professoris chi teninti is letzionis, arricint is istudentis in s\u2019ora fissada in su calendariu de dognunu de issus.<\/p>\n<p>Is istudentis chi sighint su cursu e superant s\u2019esamini podint preguntai de fai sa tesi de laurea in sa materia de Der\u00e8tu sindacali in lingua sarda.<\/p>\n<p>Totus is chi funt interessaus si pondint assentai a su cursu iscriendi una <em>e-mail<\/em> a s\u2019indiritzu <a href=\"mailto:Linguasarda@csri.it\">linguasarda@csri.it<\/a><\/p>\n<p>Po informatzionis, si podit telefonai:<\/p>\n<p style=\"text-align: center\"><strong>Centru de istudius de Relatzionis Indhustrialis, Via Nicolodi<\/strong><strong> 98, (C.A.P. 09123) <\/strong><\/p>\n<p style=\"text-align: center\"><strong>tel. 070-6753967, fax 070-6753969<\/strong><\/p>\n<p><strong> <\/strong><span style=\"color: #000000\"><a href=\"..\/\"><br \/>\n<\/a><\/span><\/p>\n","protected":false},"excerpt":{"rendered":"<p>CURSU DE DER\u00c8TU SINDACALI A.A. 2009\/2010 Su Cursu Der\u00e8tu Sindacali de sa Facultadi de Sci\u00e8ntzias Pol\u00ecticas cumintzat su 2 de martzu a is 4 de mer\u00ec, in s\u2019aula 6 de su palatzu \u201csordo muti\u201d in Viale Sant\u2019Ignazio n. 70. Titolari de su Cursu est su professori Gianni Loy. Faint letzioni, imparis cun su issu, Piera Loi e Enrico Mastinu, professoris de Deritu de su Triballu in sa Facultadi de Lei. Atrus espertus ant a partecipai a is seminarius. S\u2019Ufitziu de sa Limba Sarda de s\u2019Universidadi de Casteddu agiudat a fai su cursu. Su cursu durat trinta oras. At a essi <a href='https:\/\/people.unica.it\/cursu\/eventus\/' class='excerpt-more'>[&#8230;]<\/a><\/p>\n","protected":false},"author":322,"featured_media":0,"parent":0,"menu_order":0,"comment_status":"open","ping_status":"open","template":"","meta":{"footnotes":""},"class_list":["post-35","page","type-page","status-publish","hentry","category-1-id","post-seq-1","post-parity-odd","meta-position-corners","fix"],"_links":{"self":[{"href":"https:\/\/people.unica.it\/cursu\/wp-json\/wp\/v2\/pages\/35","targetHints":{"allow":["GET"]}}],"collection":[{"href":"https:\/\/people.unica.it\/cursu\/wp-json\/wp\/v2\/pages"}],"about":[{"href":"https:\/\/people.unica.it\/cursu\/wp-json\/wp\/v2\/types\/page"}],"author":[{"embeddable":true,"href":"https:\/\/people.unica.it\/cursu\/wp-json\/wp\/v2\/users\/322"}],"replies":[{"embeddable":true,"href":"https:\/\/people.unica.it\/cursu\/wp-json\/wp\/v2\/comments?post=35"}],"version-history":[{"count":9,"href":"https:\/\/people.unica.it\/cursu\/wp-json\/wp\/v2\/pages\/35\/revisions"}],"predecessor-version":[{"id":100,"href":"https:\/\/people.unica.it\/cursu\/wp-json\/wp\/v2\/pages\/35\/revisions\/100"}],"wp:attachment":[{"href":"https:\/\/people.unica.it\/cursu\/wp-json\/wp\/v2\/media?parent=35"}],"curies":[{"name":"wp","href":"https:\/\/api.w.org\/{rel}","templated":true}]}}