{"id":31,"date":"2010-01-18T15:53:03","date_gmt":"2010-01-18T14:53:03","guid":{"rendered":"http:\/\/people.unica.it\/cursu\/?page_id=31"},"modified":"2010-02-16T14:47:10","modified_gmt":"2010-02-16T13:47:10","slug":"domu","status":"publish","type":"page","link":"https:\/\/people.unica.it\/cursu\/domu\/","title":{"rendered":"DOMU"},"content":{"rendered":"<p>Custu giassu nascit po acumpangiai e agiudai is fa\u00ecnas de su cursu de Der\u00e8tu Sindacali fatas in sa Facultadi de Sc\u00e8ntzias Politicas de s\u2019Universidadi de Casteddu.<\/p>\n<p>Ci funti totu is ap\u00f2ltas de is programmas didaticus, de is esaminis e donat istrum\u00e8ntus de autovalutatzioni de s\u2019imp\u00e0ru e materialis didaticus. Agatais unu blog, aundi podeis chistionai de is argumentus de is letzionis.<\/p>\n<p>Ci traballant po du fai su Centru Istudius de Relatzionis Indhustrialis s\u2019Universidadi de Casteddu, (su respunsabili est sa Prof.ssa Piera Loi) e S\u2019Uffitziu po sa Limba sarda, (su respunsabili est su Dut. Franco Meloni).<\/p>\n<p>Su traballu est curdinau de su prof. Gianni Loy e ci funt, cumenti professoris, Piera Loi e Enrico Mastinu, professoris de Deretu de su Traballu in sa Facultadi de Lei de s\u2019Universidadi de Casteddu.<\/p>\n<p>Ci traballant puru Antonello Giuntini, Giovanni Sio, Ivo Murgia, Lucia Cossu e Fabrizio Mattana, chi agiudant a fai is initziativas e is tradutzionis e sighint su giassu.<\/p>\n","protected":false},"excerpt":{"rendered":"<p>Custu giassu nascit po acumpangiai e agiudai is fa\u00ecnas de su cursu de Der\u00e8tu Sindacali fatas in sa Facultadi de Sc\u00e8ntzias Politicas de s\u2019Universidadi de Casteddu. Ci funti totu is ap\u00f2ltas de is programmas didaticus, de is esaminis e donat istrum\u00e8ntus de autovalutatzioni de s\u2019imp\u00e0ru e materialis didaticus. Agatais unu blog, aundi podeis chistionai de is argumentus de is letzionis. Ci traballant po du fai su Centru Istudius de Relatzionis Indhustrialis s\u2019Universidadi de Casteddu, (su respunsabili est sa Prof.ssa Piera Loi) e S\u2019Uffitziu po sa Limba sarda, (su respunsabili est su Dut. Franco Meloni). Su traballu est curdinau de su <a href='https:\/\/people.unica.it\/cursu\/domu\/' class='excerpt-more'>[&#8230;]<\/a><\/p>\n","protected":false},"author":322,"featured_media":0,"parent":0,"menu_order":0,"comment_status":"open","ping_status":"open","template":"","meta":{"footnotes":""},"class_list":["post-31","page","type-page","status-publish","hentry","category-1-id","post-seq-1","post-parity-odd","meta-position-corners","fix"],"_links":{"self":[{"href":"https:\/\/people.unica.it\/cursu\/wp-json\/wp\/v2\/pages\/31","targetHints":{"allow":["GET"]}}],"collection":[{"href":"https:\/\/people.unica.it\/cursu\/wp-json\/wp\/v2\/pages"}],"about":[{"href":"https:\/\/people.unica.it\/cursu\/wp-json\/wp\/v2\/types\/page"}],"author":[{"embeddable":true,"href":"https:\/\/people.unica.it\/cursu\/wp-json\/wp\/v2\/users\/322"}],"replies":[{"embeddable":true,"href":"https:\/\/people.unica.it\/cursu\/wp-json\/wp\/v2\/comments?post=31"}],"version-history":[{"count":5,"href":"https:\/\/people.unica.it\/cursu\/wp-json\/wp\/v2\/pages\/31\/revisions"}],"predecessor-version":[{"id":48,"href":"https:\/\/people.unica.it\/cursu\/wp-json\/wp\/v2\/pages\/31\/revisions\/48"}],"wp:attachment":[{"href":"https:\/\/people.unica.it\/cursu\/wp-json\/wp\/v2\/media?parent=31"}],"curies":[{"name":"wp","href":"https:\/\/api.w.org\/{rel}","templated":true}]}}