{"id":688,"date":"2013-03-20T13:54:04","date_gmt":"2013-03-20T12:54:04","guid":{"rendered":"http:\/\/people.unica.it\/cruc\/?page_id=688"},"modified":"2024-11-05T17:45:56","modified_gmt":"2024-11-05T16:45:56","slug":"storia","status":"publish","type":"page","link":"https:\/\/people.unica.it\/cruc\/chi-siamo\/storia\/","title":{"rendered":"Storia"},"content":{"rendered":"<p style=\"text-align: justify\">L\u2019associazione Circolo ricreativo universit\u00e0 di Cagliari, denominata Cruc, \u00e8 stata costituita con atto notarile nel 1978 ed \u00e8 riservata ai dipendenti dell\u2019ateneo cagliaritano in servizio e quiescenza. Si propone, tra i suoi fini istituzionali, di promuovere e favorire l\u2019aggregazione e la socializzazione degli associati attraverso la valorizzazione in ogni sua forma, del tempo libero, sviluppando e arricchendo la loro personalit\u00e0.<br \/>\nL&#8217;associazione svolge attivit\u00e0 di carattere ricreativo, culturale, sociale, artistico e sportivo. In considerazione della pluralit\u00e0 dei suoi fini e delle sue attivit\u00e0, il circolo \u00e8 articolato in sezioni operative per ogni singola attivit\u00e0.<br \/>\nIl Cruc aderisce all\u2019Anciu (Associazione nazionale dei circoli italiani universitari) e all\u2019Intercral Sardegna. Opera in collegamento con l\u2019universit\u00e0 e con le strutture sindacali dell\u2019azienda.<br \/>\nL\u2019associazione \u00e8 amministrata da un consiglio direttivo composto da nove consiglieri membri, i quali eleggono al proprio interno il presidente, il vicepresidente e l\u2019economo cassiere. Il segretario \u00e8 nominato tra i soci su proposta del presidente. La gestione \u00e8 controllata da un collegio di revisori di conti. Le controversie dell\u2019associazione sono affidate al collegio dei Probiviri. Le cariche sociali sono valide per un triennio.<br \/>\nL\u2019assemblea dei soci \u00e8 l\u2019organo sovrano del circolo. I soci contribuiscono alla vita associativa con una quota annuale di partecipazione stabilita dalla stessa assemblea.<br \/>\nNell\u2019assemblea straordinaria dei soci del 18 marzo 2013 sono state approvate le modifiche di\u00a0<a href=\"http:\/\/people.unica.it\/cruc\/files\/2012\/05\/cruc-statuto-regolamento-marzo2013.pdf\"><strong>statuto e regolamento generale<\/strong><\/a> per l\u2019adeguamento alle nuove disposizioni di legge in materia di enti non profit.<\/p>\n","protected":false},"excerpt":{"rendered":"<p>L\u2019associazione Circolo ricreativo universit\u00e0 di Cagliari, denominata Cruc, \u00e8 stata costituita con atto notarile nel 1978 ed \u00e8 riservata ai dipendenti dell\u2019ateneo cagliaritano in servizio e quiescenza. Si propone, tra i suoi fini istituzionali, di promuovere [&hellip;]<\/p>\n","protected":false},"author":624,"featured_media":0,"parent":12,"menu_order":0,"comment_status":"closed","ping_status":"closed","template":"","meta":{"footnotes":""},"class_list":["post-688","page","type-page","status-publish","hentry"],"_links":{"self":[{"href":"https:\/\/people.unica.it\/cruc\/wp-json\/wp\/v2\/pages\/688","targetHints":{"allow":["GET"]}}],"collection":[{"href":"https:\/\/people.unica.it\/cruc\/wp-json\/wp\/v2\/pages"}],"about":[{"href":"https:\/\/people.unica.it\/cruc\/wp-json\/wp\/v2\/types\/page"}],"author":[{"embeddable":true,"href":"https:\/\/people.unica.it\/cruc\/wp-json\/wp\/v2\/users\/624"}],"replies":[{"embeddable":true,"href":"https:\/\/people.unica.it\/cruc\/wp-json\/wp\/v2\/comments?post=688"}],"version-history":[{"count":8,"href":"https:\/\/people.unica.it\/cruc\/wp-json\/wp\/v2\/pages\/688\/revisions"}],"predecessor-version":[{"id":6093,"href":"https:\/\/people.unica.it\/cruc\/wp-json\/wp\/v2\/pages\/688\/revisions\/6093"}],"up":[{"embeddable":true,"href":"https:\/\/people.unica.it\/cruc\/wp-json\/wp\/v2\/pages\/12"}],"wp:attachment":[{"href":"https:\/\/people.unica.it\/cruc\/wp-json\/wp\/v2\/media?parent=688"}],"curies":[{"name":"wp","href":"https:\/\/api.w.org\/{rel}","templated":true}]}}