{"id":12,"date":"2021-02-28T17:09:33","date_gmt":"2021-02-28T16:09:33","guid":{"rendered":"http:\/\/people.unica.it\/cruc\/chi-siamo\/"},"modified":"2024-11-26T13:48:29","modified_gmt":"2024-11-26T12:48:29","slug":"chi-siamo","status":"publish","type":"page","link":"https:\/\/people.unica.it\/cruc\/chi-siamo\/","title":{"rendered":"Chi siamo"},"content":{"rendered":"<h3 align=\"justify\"><span style=\"color: #000000;font-family: 'Arial Unicode MS';font-size: small\"><strong>L\u2019Associazione &#8220;Circolo Ricreativo Universit\u00e0 di Cagliari&#8221; &#8211; Associazione di Promozione Sociale &#8211; denominata CRUC &#8211; APS, \u00e8 stata costituita con regolare atto notarile nel 1978.<\/strong><\/span><br \/><br \/><span style=\"color: #000000;font-family: 'Arial Unicode MS';font-size: small\"><strong>Possono essere Soci dell\u2019Associazione tutti i lavoratori che hanno un rapporto di lavoro a tempo indeterminato o a tempo determinato, relativamente al periodo di servizio e con contratto sottoscritto con l\u2019Universit\u00e0 degli Studi di Cagliari, il personale universitario in quiescenza e i loro familiari, e i cittadini italiani o stranieri che intendano iscriversi all\u2019Associazione.<\/strong><\/span><br \/><br \/><span style=\"color: #000000;font-family: 'Arial Unicode MS';font-size: small\"><strong>L\u2019Associazione svolge attivit\u00e0 di carattere ricreativo, culturale, sociale, artistico e sportivo. In considerazione della pluralit\u00e0 dei suoi fini e delle sue attivit\u00e0, l\u2019associazione \u00e8 articolata in sezioni operative per ogni singola attivit\u00e0.<\/strong><\/span><br \/><br \/><span style=\"color: #000000;font-family: 'Arial Unicode MS';font-size: small\"><strong>IL CRUC aderisce all\u2019ANCIU (Associazione Nazionale dei Circoli Italiani Universitari) e all\u2019INTERCRAL SARDEGNA.\u00a0<\/strong><\/span><br \/><br \/><span style=\"color: #000000;font-family: 'Arial Unicode MS';font-size: small\"><strong>L\u2019Associazione \u00e8 amministrata da un Consiglio Direttivo composto da 9 consiglieri membri, i quali eleggono al proprio interno il Presidente, il Vice Presidente e l\u2019Economo cassiere. Il Segretario \u00e8 nominato tra i soci su proposta del Presidente. Le controversie dell\u2019associazione sono affidate al Collegio dei Probiviri. Le cariche sociali sono valide per un triennio.<\/strong><\/span><br \/><br \/><span style=\"color: #000000;font-family: 'Arial Unicode MS';font-size: small\"><strong>L\u2019Assemblea dei Soci \u00e8 l\u2019organo sovrano del Circolo. Tutti i Soci contribuiscono alla vita associativa con una quota annuale di partecipazione stabilita dalla stessa assemblea.<\/strong><\/span><br \/><br \/><span style=\"color: #000000\"><span style=\"font-family: Arial Unicode MS;font-size: small\"><strong>Nell&#8217;Assemblea Straordinaria Soci del 27\/04\/2001 so<\/strong><\/span><span style=\"font-size: small\"><strong><span style=\"font-family: Arial Unicode MS\">no state approvate le modifiche di statuto e regolamento per l\u2019adeguamento alle nuove disposizioni di Legge in materia di Enti non profit. Altre modifiche sono state approvate con la Seduta dell&#8217;Assemblea Straordinaria dei Soci del 20\/10\/2004.<\/span><\/strong><\/span><\/span><br \/><br \/><span style=\"color: #000000\"><span style=\"font-family: Arial Unicode MS;font-size: small\"><strong>Ulteriori modifiche allo <span style=\"font-size: small\"><span style=\"font-family: Arial Unicode MS\"> <a style=\"color: #000000\" href=\"https:\/\/people.unica.it\/cruc\/files\/2023\/11\/Statuto_CRUC_2022_registrato-1.pdf\" target=\"_blank\" rel=\"noopener\">statuto e regolamento<\/a> <\/span><\/span>sono state apportate nell&#8217;Assemblea Straordinaria Soci del 13\/12\/2022 <\/strong><\/span><span style=\"font-size: small\"><strong><span style=\"font-family: Arial Unicode MS\">per l\u2019adeguamento alla normativa prevista dal Codice del Terzo Settore.<\/span><\/strong><\/span><\/span><\/h3>\n\n\n<p><\/p>\n","protected":false},"excerpt":{"rendered":"<p>L\u2019Associazione &#8220;Circolo Ricreativo Universit\u00e0 di Cagliari&#8221; &#8211; Associazione di Promozione Sociale &#8211; denominata CRUC &#8211; APS, \u00e8 stata costituita con regolare atto notarile nel 1978. Possono essere Soci dell\u2019Associazione tutti i lavoratori che hanno un rapporto [&hellip;]<\/p>\n","protected":false},"author":1,"featured_media":0,"parent":0,"menu_order":5,"comment_status":"closed","ping_status":"closed","template":"","meta":{"footnotes":""},"class_list":["post-12","page","type-page","status-publish","hentry"],"_links":{"self":[{"href":"https:\/\/people.unica.it\/cruc\/wp-json\/wp\/v2\/pages\/12","targetHints":{"allow":["GET"]}}],"collection":[{"href":"https:\/\/people.unica.it\/cruc\/wp-json\/wp\/v2\/pages"}],"about":[{"href":"https:\/\/people.unica.it\/cruc\/wp-json\/wp\/v2\/types\/page"}],"author":[{"embeddable":true,"href":"https:\/\/people.unica.it\/cruc\/wp-json\/wp\/v2\/users\/1"}],"replies":[{"embeddable":true,"href":"https:\/\/people.unica.it\/cruc\/wp-json\/wp\/v2\/comments?post=12"}],"version-history":[{"count":11,"href":"https:\/\/people.unica.it\/cruc\/wp-json\/wp\/v2\/pages\/12\/revisions"}],"predecessor-version":[{"id":6159,"href":"https:\/\/people.unica.it\/cruc\/wp-json\/wp\/v2\/pages\/12\/revisions\/6159"}],"wp:attachment":[{"href":"https:\/\/people.unica.it\/cruc\/wp-json\/wp\/v2\/media?parent=12"}],"curies":[{"name":"wp","href":"https:\/\/api.w.org\/{rel}","templated":true}]}}