{"id":13,"date":"2012-05-03T18:54:33","date_gmt":"2012-05-03T17:54:33","guid":{"rendered":"http:\/\/people.unica.it\/claudiapisu\/?page_id=13"},"modified":"2020-05-05T14:37:55","modified_gmt":"2020-05-05T13:37:55","slug":"pubblicazioni","status":"publish","type":"page","link":"https:\/\/people.unica.it\/claudiapisu\/pubblicazioni\/","title":{"rendered":"pubblicazioni"},"content":{"rendered":"<p><strong>Elenco delle pubblicazioni scientifiche<\/strong><\/p>\n<p><strong>Monografie<\/strong><\/p>\n<p><strong>2009<\/strong> &#8211; CLAUDIA PISU, <strong><em>L\u2019architettura di influenza catalana nei paesi del centro\u00a0Sardegna: rilievi, analisi grafiche e confronti<\/em><\/strong>, Tesi di dottorato\u00a0di ricerca in \u201cIngegneria Edile\u201d, Universit\u00e0 degli Studi di Cagliari,\u00a0tutor prof. Serafino Casu.<\/p>\n<p><strong>Curatele<\/strong><\/p>\n<p><strong>2011<\/strong> &#8211; PAOLA CASU, CLAUDIA PISU (a cura di), <strong><em>\u00a0Analisi, rappresentazione e simulazione virtuale del paesaggio urbano. Le piazze di Cagliari<\/em><\/strong>, Sandhi Editore, Ortacesus (Cagliari), 2011, pp. 11-22. ISBN 9788889061923.<\/p>\n<p><strong><em>\u00a0<\/em><\/strong><strong>Capitoli su libri<\/strong><\/p>\n<p><strong>2011<\/strong> &#8211; PAOLA CASU, CLAUDIA PISU, \u201c<strong><em>Contenuti e finalit\u00e0 del workshop\u201d, <\/em><\/strong>in Paola Casu e Claudia Pisu (a\u00a0cura di) &#8211; \u201cAnalisi, rappresentazione e simulazione virtuale del paesaggio\u00a0urbano. Le piazze di Cagliari\u201d, Sandhi Editore, Ortacesus (Cagliari), 2011,\u00a0\u00a0pp. 11-22. ISBN 9788889061923.<\/p>\n<p><strong>2011\u00a0<\/strong> &#8211; CLAUDIA PISU, \u201c<strong><em>Applicazioni di fotogrammetria architettonica e restituzione\u00a0grafica dei profili stradali\u201d, <\/em><\/strong>in Paola Casu e Claudia Pisu (a cura di) &#8211; \u201cAnalisi,\u00a0 rappresentazione e simulazione virtuale del paesaggio urbano. Le piazze di\u00a0Cagliari\u201d, Sandhi Editore, Ortacesus (Cagliari), 2011, pp. 47-56. ISBN\u00a0 9788889061923.<\/p>\n<p>2011 &#8211; CLAUDIA PISU, \u201c<strong><em>Tecniche grafiche di rappresentazione\u201d, <\/em><\/strong>in Paola Casu e Claudia Pisu (a\u00a0\u00a0cura di) &#8211; \u201cAnalisi, rappresentazione e simulazione virtuale del paesaggio\u00a0urbano. Le piazze di Cagliari\u201d, Sandhi Editore, Ortacesus (Cagliari), 2011,\u00a0 pp. 85-90. ISBN 9788889061923.<\/p>\n<p>2011 &#8211; PAOLA CASU, CLAUDIA PISU, CRISTINA VANINI, \u201c<strong><em>Descrizione dei lavori\u201d, <\/em><\/strong>in Paola Casu e Claudia Pisu (a cura di) &#8211; \u201cAnalisi, rappresentazione e simulazione virtuale del paesaggio urbano. Le piazze di Cagliari\u201d, Sandhi Editore, Ortacesus (Cagliari), 2011, pp. 93-102. ISBN 9788889061923.<\/p>\n<p>2009 &#8211; VINCENZO BAGNOLO, PAOLA CASU, CLAUDIA PISU, \u201c<strong><em>Il rilevamento delle aree di studio\u201d <\/em><\/strong>In Caterina Giannattasio (a cura di) \u2013 \u201cAntiche ferite e nuovi significati. Cagliari e la citt\u00e0 storica. Workshop internazionale di Restauro Architettonico e Urbano, Progetti\u201d, Gangemi Editore, Roma, 2009, pp. 37-42. ISBN 9788849216127.<\/p>\n<p>2007 &#8211; CLAUDIA PISU \u201c<strong><em>Episodi di architettura civile nel Mandrolisai: Sorgono<\/em><\/strong><em>\u201d, <\/em>in Gianni Montaldo e Paola Casu\u00a0 (a cura di) \u2013 \u201cArchitettura Catalana in Sardegna\u201d, volume 4 di \u201cL\u2019architettura di et\u00e0 aragonese nell\u2019Italia centro-meridionale. Verso la\u00a0\u00a0costituzione di un sistema informativo territoriale documentario ed\u00a0 iconografico. Materiali della ricerca co-finanziata dal MIUR nel 2004.\u00a0Coordinatore nazionale Cesare Cundari\u201d. Edizioni Nuove grafiche Puddu, Ortacesus (Cagliari), 2007, pp. 53-62. ISBN 9788889061404.<\/p>\n<p>2007 &#8211; CLAUDIA PISU, \u201c<strong><em>La Provincia di Nuoro<\/em><\/strong>\u201d, in Gianni Montaldo e Paola Casu (a cura di) \u2013 \u201cArchitettura Catalana in Sardegna\u201d, volume 4 di \u00a0\u00a0\u00a0\u00a0 \u201cL\u2019architettura di et\u00e0 aragonese nell\u2019Italia centro-meridionale. Verso la costituzione di un sistema informativo territoriale documentario ed\u00a0 iconografico. Materiali della ricerca co-finanziata dal MIUR nel 2004. Coordinatore nazionale Cesare Cundari\u201d. Edizioni Nuove grafiche Puddu,\u00a0 Ortacesus (Cagliari), 2007, pp. 105-106. ISBN 9788889061404.<\/p>\n<p>2007 &#8211; CLAUDIA PISU, Scheda:<strong> Chiesa di Sant\u2019Antioco\u00a0\u00a0ad Atzara<\/strong>, in Gianni Montaldo e Paola Casu (a cura di) \u2013 \u201cArchitettura Catalana in Sardegna\u201d, volume 4 di \u201cL\u2019architettura di et\u00e0 aragonese nell\u2019Italia centro-meridionale. Verso la costituzione di un sistema\u00a0informativo territoriale documentario ed iconografico. Materiali della ricerca co-finanziata dal MIUR nel 2004. Coordinatore nazionale Cesare\u00a0 Cundari\u201d. Edizioni Nuove grafiche Puddu, Ortacesus (Cagliari), 2007, pp.\u00a0107-108. ISBN 9788889061404.<\/p>\n<p>2007 &#8211; CLAUDIA PISU, Scheda: <strong>Casa Muggianu ad\u00a0Atzara<\/strong>, in Gianni Montaldo e Paola Casu (a cura di) \u2013 \u201cArchitettura\u00a0Catalana in Sardegna\u201d, volume 4 di \u201cL\u2019architettura di et\u00e0 aragonese\u00a0 nell\u2019Italia centro-meridionale. Verso la costituzione di un sistema informativo territoriale documentario ed iconografico. Materiali della\u00a0ricerca co-finanziata dal MIUR nel 2004. Coordinatore nazionale Cesare\u00a0Cundari\u201d. Edizioni Nuove grafiche Puddu, Ortacesus (Cagliari), 2007, pp.\u00a0109-113. ISBN 9788889061404.<\/p>\n<p><strong>\u00a0<\/strong><\/p>\n<p><strong>Atti di Congressi Nazionali e Internazionali<\/strong><\/p>\n<p>2012 &#8211; PAOLA CASU, CLAUDIA PISU, \u201c<strong><em>Indagini sulla chiesa di Sant\u2019Antonio Abate a Decimomannu (CA)\u201d, <\/em><\/strong>in Aid Monuments Conoscere, Progettare, Ricostruire, Perugia 24-26 maggio 2012. Articolo selezionato per la presentazione orale. (IN CORSO DI PUBBLICAZIONE)<\/p>\n<p>2012 &#8211; PAOLA CASU, CLAUDIA PISU, \u201c<strong><em>XVI-XVIIth late gothic architecture in Busachi. <\/em><\/strong><strong><em>Survey, three-dimensional modeling, diffusion on the web\u201d<\/em><\/strong>, X Forum Internazionale di Studi \u2013 Le Vie dei Mercanti \u2013 Less\/More Architecture, design, landscape, Capri 31 maggio \u2013 02 giugno 2012. Articolo selezionato per la presentazione orale. (IN CORSO DI PUBBLICAZIONE)<\/p>\n<p>2012 &#8211; CLAUDIA PISU, \u201c<strong><em>Un secolo di concorsi di progettazione a Cagliari<\/em><\/strong>\u201d \u00a0XIV Congreso Intrnacional Expresion grafica arquitectonica, Oporto, 31 maggio \u2013 2 giugno 2012 \u2013 Concursos de arquitectura. (IN CORSO DI PUBBLICAZIONE)<\/p>\n<p>2011 &#8211; PAOLA CASU<strong>, <\/strong>CLAUDIA PISU, \u201c<strong><em>Rappresentazione e simulazione virtuale di uno spazio urbano di Cagliari\u201d<\/em><\/strong>, Giornate Internazionali di Studio: Abitare il Futuro 2012, il Disegno delle trasformazioni, Facolt\u00e0 di Ingegneria, Napoli 1-2 dicembre 2011. Clean Edizioni, Napoli, 2011. ISBN 9788884972156. Articolo selezionato per la presentazione orale.<\/p>\n<p>2011 &#8211; CLAUDIA PISU, PAOLA CASU,<strong><em> \u201cLe volte tardogotiche dipinte nelle chiese sarde\u201d, <\/em><\/strong>Ottavo Congresso UID. XXXIII Convegno Internazionale dei docenti delle discipline della rappresentazione, Lerici 13-15 ottobre 2011, Giornata di studio \u201cIl colore nel costruito storico. Innovazione, sperimentazione, applicazione\u201d \u2013 Patrizia Falzone, ERMES Servizi Editoriali Integrati, 2011, Roma. ISBN 9788854843172.<\/p>\n<p>2011 &#8211; CLAUDIA PISU,<strong> \u201c<em>Il colore negli affreschi dei palazzi ottocenteschi. Un caso particolare nella Sardegna centrale\u201d<\/em>, <\/strong>Collana Quaderni di Ottica e Fotonica n\u00b0 20, Colore e colorimetria, contributi multidisciplinari vol. VII\/A, atti della VII\u00b0 CONFERENZA NAZIONALE DEL COLORE, 15-16 settembre 2011, Universit\u00e0 La Sapienza Roma, a cura di Maurizio Rossi, Maggioli Editore, Milano 2011. ISBN 9788838760426. Articolo selezionato per la presentazione orale.<\/p>\n<p>2011 &#8211; CLAUDIA PISU, VALENTINA FAIS,<strong> \u201c<em>L\u2019uso del colore nella rappresentazione grafica della percezione visiva del quartiere Castello di Cagliari\u201d,<\/em> <\/strong>Collana Quaderni di Ottica e Fotonica n\u00b0 20, Colore e colorimetria, contributi multidisciplinari vol. VII\/A, atti della VII\u00b0 CONFERENZA NAZIONALE DEL COLORE, 15-16 settembre 2011, Universit\u00e0 La Sapienza Roma, a cura di Maurizio Rossi, Maggioli Editore, 2011, Milano. ISBN 9788838760426.<\/p>\n<p>2011 &#8211; CLAUDIA PISU, PAOLA CASU<strong>, \u201c<em>Representation and simulation of the urban landscape. A didactic experience\u201d<\/em>, <\/strong>in Proceedings of ICSIT 2011 The 2nd International Conference on Society and Information Technologies. March 27<sup>th<\/sup> \u2013 30<sup>th<\/sup> 2011 \u2013 Orlando, Florida, USA, \u00a0Edited by International Institute of Informatics and Systemics IIIS, pp. 244-249. ISBN 9781936338184.<\/p>\n<p>2011 &#8211; PAOLA CASU, CLAUDIA PISU<strong>, \u201c<em>Rilievo e analisi geometrica dei portali del Campidano di Cagliari\u201d, <\/em><\/strong>in APEGA 2010, X Congreso Internacional Expresi\u00f3n Gr\u00e1fica aplicada a la Edificaci\u00f3n, Universidad de Alicante Departemento de Expresi\u00f3n Gr\u00e1fica aplicada y Cartografia, Editorial Marfil, Alicante, 2010, pp. 825-834. ISBN 9788426815286. ARTICOLO SELEZIONATO PER LA PRESENTAZIONE ORALE.<\/p>\n<p>2010 &#8211; CLAUDIA PISU, poster<strong> <em>Geometric analysis of gothic openings with ogee arch<\/em>, <\/strong>Proceedings of The 14<sup>th<\/sup> International Conference on Geometry and Graphics, Edited by International Society for Geometry and Graphics, Kyoto, 2010, P.352. ISBN 9784990096717. Oral presentation.<\/p>\n<p>2010 &#8211;<em>\u00a0<\/em>CLAUDIA PISU, poster <strong>\u201c<em>Virtual recostruction of a gothic window\u201d<\/em><\/strong><em>, in EGA 2010 &#8211; <\/em>XIII International Congress of Architectural Graphic Expression, Valencia 27-28-29 maggio 2010, Actas volumen III CD rom, Editorial de la Universitat Polit\u00e9cnica de Val\u00e9ncia, Valencia, 2010. ISBN 9788483635520.<\/p>\n<p>2010 &#8211; CLAUDIA PISU, \u201c<strong><em>Architettura catalana nel centro di Busachi. Su Cunventu<\/em>, rivivere il passato nel presente\u201d, <\/strong>in C. Gambardella, Le vie dei mercanti . Rappresentare la conoscenza, La scuola di Pitagora editrice, Napoli, 2010, pp. 803-806. ISBN 9788865420140.<\/p>\n<p>2010 &#8211; CLAUDIA PISU, \u201c<strong><em>Rappresentare l\u2019architettura. Un\u2019esperienza didattica\u201d, <\/em><\/strong>in Sesto Congresso UID. XXXI Convegno Internazionale dei docenti delle discipline della rappresentazione. Disegno e progetto. Relazioni e contributi, Lerici 13-15 ottobre 2009, G.S. Digital Editore, Genova, 2010, pp. 213-215. ISBN 9788890532405.<\/p>\n<p>2009 &#8211;\u00a0CLAUDIA PISU, \u201c<strong><em>I rapporti tra territorio e costruito nella Barbagia-Mandrolisai. Il disegno della forma urbana di Sorgono nel XVI secolo\u201d,<\/em><\/strong> In C. Gambardella, M. Giovannini, S. Martuscello (a cura di) &#8211; Rilievo \u00e8\/o Progetto, n\u00b0 14, Collana diretta da C. Gambardella, Le vie dei mercanti .Cielo dal Mediterraneo all\u2019Oriente, Atti del Sesto Forum Internazionale di Studi. Caserta-Capri 5-6-7 giugno 2008, Edizioni Scientifiche Italiane, Napoli. 2009, pp. 741-744. ISBN 9788849518382.<\/p>\n<p><em>2009 &#8211; <\/em>CLAUDIA PISU, \u201c<strong><em>La casa di impronta catalana nei paesi del centro Sardegna\u201d,<\/em><\/strong> in Carmine Gambardella, O. Zerlenga, N. Pisacane, P.Argenziano, L.Carlomagno, (a cura di) &#8211; Rilievo \u00e8\/o Progetto, n\u00b0 15, Collana diretta da C. Gambardella, Le vie dei mercanti .Cielo dal Mediterraneo all\u2019Oriente, Catalogo della mostra concorso Sesto Forum Internazionale di Studi, Capri 6-7 giugno 2008, Edizioni Scientifiche Italiane, Napoli, 2009, pp.50-52. ISBN 9788849518399.<\/p>\n<p>2008 &#8211; CLAUDIA PISU, <em>\u201c<strong>Io non cerco, trovo\u2026tracce dell\u2019edilizia gotico-catalana nei paesi del centro Sardegna<\/strong>\u201d, in <\/em>Quarto Congresso UID, XXIX Congresso Internazionale delle discipline della rappresentazione. Io non cerco trovo. \u2013 Progetto nel rapporto tra ricerca e didattica all\u2019inizio del terzo millennio. Relazioni e contributi, Lerici 4-5-6 ottobre 2007, Graphic Sector Editore, Genova, 2008, pp. 120-123. ISBN 9788889738219.<\/p>\n<p><em>2008 &#8211; <\/em>CLAUDIA PISU, \u201c<strong><em>La casa d\u2019impronta catalana nei paesi del centro Sardegna: Sorgono e Atzara<\/em>\u201d<\/strong>, in Pierfrancesco Fiore (a cura di) Le case e i luoghi del lavoro: letture e confronti. Atti del Convegno Internazionale, Salerno 28-29 settembre 2007, Gutemberg Edizioni, 2008, Fisciano (SA), pp. 645-658. ISBN 9788875540128.<\/p>\n<p><em>2008 &#8211; CLAUDIA PISU, poster \u201c<strong><em>Il\u00a0\u00a0\u00a0\u00a0\u00a0 rilievo di palazzo Cubeddu a Sorgono\u201d<\/em><\/strong>. in C. Gambardella, O. Zerlenga, N. Pisacane, P.Argenziano, G.\u00a0\u00a0\u00a0\u00a0\u00a0 Giordano (a cura di) &#8211; Le vie dei mercanti. Rappresentare il Mediterraneo.\u00a0\u00a0\u00a0\u00a0\u00a0 Catalogo della mostra concorso Quinto Forum Internazionale di Studi, Capri\u00a0\u00a0\u00a0\u00a0\u00a0 14-15-16 giugno 2007, La Scuola di Pitagora Editrice, Napoli, 2008. ISBN\u00a0\u00a0\u00a0\u00a0\u00a0 9788889579541.<\/em><\/p>\n<p>2007 &#8211; CLAUDIA PISU, dossier \u201c<strong><em>Il rilievo di Palazzo Cubeddu a Sorgono\u201d<\/em><\/strong>, in C.\u00a0\u00a0\u00a0\u00a0\u00a0 Gambardella, O. Zerlenga, N. Pisacane, P.Argenziano, G. Giordano (a cura\u00a0\u00a0\u00a0\u00a0\u00a0 di) &#8211; Le vie dei mercanti. Rappresentare il Mediterraneo. Catalogo della\u00a0\u00a0\u00a0\u00a0\u00a0 mostra concorso Quinto Forum Internazionale di Studi, Capri 14-15-16\u00a0\u00a0\u00a0\u00a0\u00a0 giugno 2007, La Scuola di Pitagora Editrice, Napoli, 2008. ISBN\u00a0\u00a0\u00a0\u00a0\u00a0 9788889579541.<\/p>\n<p>2007 &#8211; CLAUDIA PISU, ELISABETTA LOBINA, \u201c<strong><em>Tipologie edilizie storiche nel centro vecchio di Quartu Sant\u2019Elena\u201d<\/em><\/strong>, E-Arcom 07 \u2013 Sistemi informativi per l\u2019architettura, atti del convegno, Ancona 2007, Alinea Editrice, Firenze, 2007, pp.494-497 ISBN9788860551351<\/p>\n<p>2005 &#8211; SERAFINO CASU, VINCENZO BAGNOLO, PAOLA CASU, MARISA LALLAI, ELISABETTA LOBINA, ROMINA MARONGIU, ANDREA PIRINU, CLAUDIA PISU, \u201c<strong><em>La ristrutturazione dello spazio nel centro vecchio di Quartu Sant\u2019Elena<\/em><\/strong>\u201d in Carmine Gambardella, Sabina Martuscello (a cura di) &#8211; Le vie dei mercanti. Disegno come topologia della mente. Atti del Terzo Forum Internazionale di Studi. Capri 2004, Alinea Editrice, Firenze, 2005, ISBN 9788860550545.<\/p>\n<p>&nbsp;<\/p>\n<p><strong>Poster a mostre Nazionali e Internazionali<\/strong><\/p>\n<p><em>2009 &#8211; <\/em>CLAUDIA PISU, N\u00b0 1 poster dal titolo: \u201c<strong><em>Architettura minore e insediamento nell\u2019et\u00e0 Aragonese in Sardegna\u201d,<\/em><\/strong> WORSAR 2009: Workshop Regionale Sardo degli Assegnisti di Ricerca, Monserrato, 24-25 settembre 2009.<\/p>\n<p><em>2008 &#8211; <\/em>CLAUDIA PISU, N\u00b0 3 poster dal titolo: \u201c<strong><em>La chiesa di San Mauro di Sorgono e la chiesa di Sant\u2019Antioco di Atzara<\/em><\/strong><em>\u201d, \u201c<strong>Casa Carta a Sorgono<\/strong>\u201d, <\/em>\u201c<strong><em>Casa Muggianu ad Atzara<\/em><\/strong>\u201d, \u00a0Convegno-Mostra, L\u2019architettura di et\u00e0 Aragonese nell\u2019Italia centro-meridionale ed insulare. Dalla documentazione alla conservazione, Roma, 24-25 novembre 2008.<\/p>\n","protected":false},"excerpt":{"rendered":"<p>Elenco delle pubblicazioni scientifiche Monografie 2009 &#8211; CLAUDIA PISU, L\u2019architettura di influenza catalana nei paesi del centro\u00a0Sardegna: rilievi, analisi grafiche e confronti, Tesi di dottorato\u00a0di ricerca in \u201cIngegneria Edile\u201d, Universit\u00e0 degli Studi di Cagliari,\u00a0tutor prof. Serafino Casu. Curatele 2011 &#8211; PAOLA CASU, CLAUDIA PISU (a cura di), \u00a0Analisi, rappresentazione e simulazione virtuale del paesaggio urbano. Le piazze di Cagliari, Sandhi Editore, Ortacesus (Cagliari), 2011, pp. 11-22. ISBN 9788889061923. \u00a0Capitoli su libri 2011 &#8211; PAOLA CASU, CLAUDIA PISU, \u201cContenuti e finalit\u00e0 del workshop\u201d, in Paola Casu e Claudia Pisu (a\u00a0cura di) &#8211; \u201cAnalisi, rappresentazione e simulazione virtuale del paesaggio\u00a0urbano. Le piazze <a href='https:\/\/people.unica.it\/claudiapisu\/pubblicazioni\/' class='excerpt-more'>[&#8230;]<\/a><\/p>\n","protected":false},"author":135,"featured_media":0,"parent":0,"menu_order":0,"comment_status":"closed","ping_status":"closed","template":"","meta":{"footnotes":""},"class_list":["post-13","page","type-page","status-publish","hentry","post-seq-1","post-parity-odd","meta-position-corners","fix"],"_links":{"self":[{"href":"https:\/\/people.unica.it\/claudiapisu\/wp-json\/wp\/v2\/pages\/13","targetHints":{"allow":["GET"]}}],"collection":[{"href":"https:\/\/people.unica.it\/claudiapisu\/wp-json\/wp\/v2\/pages"}],"about":[{"href":"https:\/\/people.unica.it\/claudiapisu\/wp-json\/wp\/v2\/types\/page"}],"author":[{"embeddable":true,"href":"https:\/\/people.unica.it\/claudiapisu\/wp-json\/wp\/v2\/users\/135"}],"replies":[{"embeddable":true,"href":"https:\/\/people.unica.it\/claudiapisu\/wp-json\/wp\/v2\/comments?post=13"}],"version-history":[{"count":9,"href":"https:\/\/people.unica.it\/claudiapisu\/wp-json\/wp\/v2\/pages\/13\/revisions"}],"predecessor-version":[{"id":50,"href":"https:\/\/people.unica.it\/claudiapisu\/wp-json\/wp\/v2\/pages\/13\/revisions\/50"}],"wp:attachment":[{"href":"https:\/\/people.unica.it\/claudiapisu\/wp-json\/wp\/v2\/media?parent=13"}],"curies":[{"name":"wp","href":"https:\/\/api.w.org\/{rel}","templated":true}]}}