{"id":2,"date":"2010-09-30T08:15:19","date_gmt":"2010-09-30T08:15:19","guid":{"rendered":"http:\/\/people.unica.it\/citymovie\/?page_id=2"},"modified":"2011-02-04T09:49:02","modified_gmt":"2011-02-04T09:49:02","slug":"info","status":"publish","type":"page","link":"https:\/\/people.unica.it\/citymovie\/info\/","title":{"rendered":"Contatti"},"content":{"rendered":"<p><strong>CITY<em>movie<\/em>. Laboratorio citt\u00e0 in movimento<\/strong><br \/>\nUniversit\u00e0 degli studi di Cagliari |  Facolt\u00e0 di architettura<br \/>\nDipartimento di architettura<br \/>\nvia Corte d&#8217;Appello, 87 | 3\u00b0 piano<\/p>\n<p>T. +39 070 6755360 | F. +39 070 6755816<br \/>\nE-mail <a href=\"mailto:citymovie@unica.it\">citymovie@unica.it<\/a><br \/>\nweb <a href=\"http:\/\/people.unica.it\/citymovie\">http:\/\/people.unica.it\/city<em>movie<\/em><\/a><\/p>\n","protected":false},"excerpt":{"rendered":"<p>CITYmovie. Laboratorio citt\u00e0 in movimento Universit\u00e0 degli studi di Cagliari | Facolt\u00e0 di architettura Dipartimento di architettura via Corte d&#8217;Appello, 87 | 3\u00b0 piano T. +39 070 6755360 | F. +39 070 6755816 E-mail citymovie@unica.it web http:\/\/people.unica.it\/citymovie<\/p>\n","protected":false},"author":156,"featured_media":0,"parent":0,"menu_order":3,"comment_status":"open","ping_status":"open","template":"","meta":{"footnotes":""},"class_list":["post-2","page","type-page","status-publish","hentry","post-seq-1","post-parity-odd","meta-position-corners","fix"],"_links":{"self":[{"href":"https:\/\/people.unica.it\/citymovie\/wp-json\/wp\/v2\/pages\/2","targetHints":{"allow":["GET"]}}],"collection":[{"href":"https:\/\/people.unica.it\/citymovie\/wp-json\/wp\/v2\/pages"}],"about":[{"href":"https:\/\/people.unica.it\/citymovie\/wp-json\/wp\/v2\/types\/page"}],"author":[{"embeddable":true,"href":"https:\/\/people.unica.it\/citymovie\/wp-json\/wp\/v2\/users\/156"}],"replies":[{"embeddable":true,"href":"https:\/\/people.unica.it\/citymovie\/wp-json\/wp\/v2\/comments?post=2"}],"version-history":[{"count":8,"href":"https:\/\/people.unica.it\/citymovie\/wp-json\/wp\/v2\/pages\/2\/revisions"}],"predecessor-version":[{"id":37,"href":"https:\/\/people.unica.it\/citymovie\/wp-json\/wp\/v2\/pages\/2\/revisions\/37"}],"wp:attachment":[{"href":"https:\/\/people.unica.it\/citymovie\/wp-json\/wp\/v2\/media?parent=2"}],"curies":[{"name":"wp","href":"https:\/\/api.w.org\/{rel}","templated":true}]}}