{"id":12,"date":"2010-10-01T14:50:07","date_gmt":"2010-10-01T14:50:07","guid":{"rendered":"http:\/\/people.unica.it\/citymovie\/"},"modified":"2011-02-04T10:16:04","modified_gmt":"2011-02-04T10:16:04","slug":"attivita-di-ricerca-e-didattica","status":"publish","type":"page","link":"https:\/\/people.unica.it\/citymovie\/attivita-di-ricerca-e-didattica\/","title":{"rendered":"Attivita&#8217; di ricerca e didattica"},"content":{"rendered":"<p><strong>Didattica<\/strong><br \/>\n&#8211; Cagliari 2005. City<em>movie<\/em> I. Analisi dello spazio urbano con la macchina da presa;<br \/>\n&#8211; Cagliari|Toulouse 2009. City<em>movie<\/em> II. Analisi dello spazio urbano con la macchina da presa.<\/p>\n<p><strong>Ricerca<\/strong><br \/>\n&#8211; Paesaggi d&#8217;acqua e flussi audiovisivi. Cagliari, 2010 <\/p>\n<p><strong>Partners<\/strong><br \/>\n<a href=\"http:\/\/www.toulouse.archi.fr\/fr\/index.html\">Ecole Nationale Sup\u00e9rieure d&#8217;Architecture de Toulouse<\/a> (ENSA Toulouse)<br \/>\nprof. <strong>R\u00e9mi Papillault<\/strong>,<br \/>\n<em>architetto DPLG, CESHCMA, CEA &#8220;Architecture urbaine&#8221;, DEA &#8220;Th\u00e9ories du projet architectural et urbain&#8221;, professore ordinario VT, ENSAT Toulouse.<\/em><br \/>\nprof. <strong>Daniel Estevez<\/strong>,<br \/>\n<em>architetto DPLG, ingegnere CNAM, professore STA, ENSAT Toulouse.<\/em><br \/>\nprof.ssa <strong>Andrea Urlberger<\/strong>,<br \/>\n<em>PhD in Estetica (Germania), professore ATR, ENSAT Toulouse.<\/em><\/p>\n<p><a href=\"http:\/\/didier.bequillard.free.fr\/\">Didier Bequillard<\/a><br \/>\n<em>Artista urbano, Sor\u00e8de-Hamburg<\/em><\/p>\n","protected":false},"excerpt":{"rendered":"<p>Didattica &#8211; Cagliari 2005. Citymovie I. Analisi dello spazio urbano con la macchina da presa; &#8211; Cagliari|Toulouse 2009. Citymovie II. Analisi dello spazio urbano con la macchina da presa. Ricerca &#8211; Paesaggi d&#8217;acqua e flussi audiovisivi. Cagliari, 2010 Partners Ecole Nationale Sup\u00e9rieure d&#8217;Architecture de Toulouse (ENSA Toulouse) prof. R\u00e9mi Papillault, architetto DPLG, CESHCMA, CEA &#8220;Architecture urbaine&#8221;, DEA &#8220;Th\u00e9ories du projet architectural et urbain&#8221;, professore ordinario VT, ENSAT Toulouse. prof. Daniel Estevez, architetto DPLG, ingegnere CNAM, professore STA, ENSAT Toulouse. prof.ssa Andrea Urlberger, PhD in Estetica (Germania), professore ATR, ENSAT Toulouse. Didier Bequillard Artista urbano, Sor\u00e8de-Hamburg<\/p>\n","protected":false},"author":156,"featured_media":0,"parent":0,"menu_order":1,"comment_status":"open","ping_status":"open","template":"","meta":{"footnotes":""},"class_list":["post-12","page","type-page","status-publish","hentry","post-seq-1","post-parity-odd","meta-position-corners","fix"],"_links":{"self":[{"href":"https:\/\/people.unica.it\/citymovie\/wp-json\/wp\/v2\/pages\/12","targetHints":{"allow":["GET"]}}],"collection":[{"href":"https:\/\/people.unica.it\/citymovie\/wp-json\/wp\/v2\/pages"}],"about":[{"href":"https:\/\/people.unica.it\/citymovie\/wp-json\/wp\/v2\/types\/page"}],"author":[{"embeddable":true,"href":"https:\/\/people.unica.it\/citymovie\/wp-json\/wp\/v2\/users\/156"}],"replies":[{"embeddable":true,"href":"https:\/\/people.unica.it\/citymovie\/wp-json\/wp\/v2\/comments?post=12"}],"version-history":[{"count":9,"href":"https:\/\/people.unica.it\/citymovie\/wp-json\/wp\/v2\/pages\/12\/revisions"}],"predecessor-version":[{"id":44,"href":"https:\/\/people.unica.it\/citymovie\/wp-json\/wp\/v2\/pages\/12\/revisions\/44"}],"wp:attachment":[{"href":"https:\/\/people.unica.it\/citymovie\/wp-json\/wp\/v2\/media?parent=12"}],"curies":[{"name":"wp","href":"https:\/\/api.w.org\/{rel}","templated":true}]}}