{"id":232,"date":"2012-01-30T11:28:47","date_gmt":"2012-01-30T11:28:47","guid":{"rendered":"http:\/\/people.unica.it\/dipartimentodigiurisprudenza\/?page_id=18"},"modified":"2025-10-08T11:45:52","modified_gmt":"2025-10-08T11:45:52","slug":"chi-siamo","status":"publish","type":"page","link":"https:\/\/people.unica.it\/cird\/chi-siamo\/","title":{"rendered":"Chi siamo"},"content":{"rendered":"<p style=\"text-align: justify\"><a href=\"http:\/\/people.unica.it\/cird\/files\/2012\/01\/LOGO-CIRD.png\" rel=\"attachment wp-att-2073\"><img decoding=\"async\" class=\"alignleft wp-image-2073\" src=\"http:\/\/people.unica.it\/cird\/files\/2012\/01\/LOGO-CIRD-300x300.png\" alt=\"LOGO CIRD\" width=\"109\" height=\"109\" srcset=\"https:\/\/people.unica.it\/cird\/files\/2012\/01\/LOGO-CIRD-300x300.png 300w, https:\/\/people.unica.it\/cird\/files\/2012\/01\/LOGO-CIRD-150x150.png 150w, https:\/\/people.unica.it\/cird\/files\/2012\/01\/LOGO-CIRD-96x96.png 96w, https:\/\/people.unica.it\/cird\/files\/2012\/01\/LOGO-CIRD-24x24.png 24w, https:\/\/people.unica.it\/cird\/files\/2012\/01\/LOGO-CIRD-36x36.png 36w, https:\/\/people.unica.it\/cird\/files\/2012\/01\/LOGO-CIRD-48x48.png 48w, https:\/\/people.unica.it\/cird\/files\/2012\/01\/LOGO-CIRD-64x64.png 64w, https:\/\/people.unica.it\/cird\/files\/2012\/01\/LOGO-CIRD.png 600w\" sizes=\"(max-width: 109px) 100vw, 109px\" \/><\/a>IL <a href=\"http:\/\/people.unica.it\/cird\/\"><strong><span style=\"color: #a52a2a\">CIRD<\/span><\/strong><\/a> \u00e8 un centro interuniversitario che riunisce professori e ricercatori che conducono ricerche sulle didattiche disciplinari a livello scolastico e universitario, sui processi educativi e scolastici in una prospettiva multi e interdisciplinare.<\/p>\n<p style=\"text-align: justify\"><strong><span style=\"color: #a52a2a\">Storia<\/span><\/strong>.\u00a0Il\u00a0centro \u00e8 stato protagonista nel corso degli anni novanta della riflessione e del dibattito nazionale sulla formazione degli insegnanti nell&#8217;universit\u00e0. A partire dal 1999 ha gestito i corsi della SISS e la sua attivit\u00e0 si \u00e8 intrecciata con quella della Scuola di specializzazione per la formazione degli insegnanti.<\/p>\n<p><strong>Organi triennio<\/strong> 2025-2027<\/p>\n<p style=\"text-align: justify\">\u00a0La <strong>Direttrice <\/strong>\u00e8 la Prof.ssa <strong>Isabella Sulis<\/strong>\u00a0 docente di Statistica Sociale\u00a0 (Universit\u00e0 di Cagliari)<\/p>\n<p style=\"text-align: justify\">Il <strong>Vicedirettore<\/strong> \u00e8 il Prof. <strong>Giuseppe Filippo Dettori<\/strong> docente di Didattica e pedagogia speciale (Universit\u00e0 di Sassari),<\/p>\n<p style=\"text-align: justify\">Sono membri del <strong>Consiglio Direttivo<\/strong> del CIRD:<\/p>\n<p>Prof.ssa Isabella Sulis\u00a0 (Universit\u00e0 di Cagliari, Direttrice del Cird)<\/p>\n<p style=\"text-align: justify\">Prof. Giuseppe Filippo Dettori\u00a0 (Universit\u00e0 di Sassari, Vicedirettore)<\/p>\n<p style=\"text-align: justify\">\u00a0Prof. Gabriele Pinna\u00a0 (Universit\u00e0 di Cagliari)<\/p>\n<p>Prof. ssa Emanuela Span\u00f2 (Universit\u00e0 di Cagliari)<\/p>\n<p style=\"text-align: justify\">Prof.ssa Claudia Secci (Universit\u00e0 di Cagliari)<\/p>\n<p>Sono membri del <strong>Comitato Scientifico<\/strong> del CIRD:<\/p>\n<p>Prof.ssa Isabella Sulis, Universit\u00e0 degli Studi di Cagliari (Direttrice del Cird)<\/p>\n<p>Prof.ssa Antonietta De Feo, Universit\u00e0 Roma Tre<\/p>\n<p>Prof. Mario Pireddu, Universit\u00e0 della Tuscia<\/p>\n<p>Prof. Marco Pitzalis, Universit\u00e0 di Cagliari<\/p>\n<p>Prof.ssa Maria Polo<\/p>\n<p>Prof. Pensavalle Carlo Andrea, Universit\u00e0 di Cagliari<\/p>\n<p>Sono membri del CIRD: <a href=\"https:\/\/people.unica.it\/cird\/files\/2025\/10\/AFFERENTI_7.10.2025.pdf\">afferenze-cird<\/a><\/p>\n<p><strong>Organi triennio<\/strong> 2022-2024<\/p>\n<p style=\"text-align: justify\">\u00a0La <strong>Direttrice <\/strong>\u00e8 la Prof.ssa <strong>Isabella Sulis<\/strong>\u00a0 docente di Statistica Sociale\u00a0 (Universit\u00e0 di Cagliari)<\/p>\n<p style=\"text-align: justify\">Il <strong>Vicedirettore<\/strong> \u00e8 il Prof. <strong>Giuseppe Filippo Dettori<\/strong> docente di Didattica e pedagogia speciale (Universit\u00e0 di Sassari),<\/p>\n<p style=\"text-align: justify\">Sono membri del <strong>Consiglio Direttivo<\/strong> del CIRD:<\/p>\n<p style=\"text-align: justify\">Prof. Giuseppe Filippo Dettori\u00a0 (Universit\u00e0 di Sassari)<\/p>\n<p>Prof. Marco Pitzalis (Universit\u00e0 di Cagliari)<\/p>\n<p style=\"text-align: justify\">\u00a0Prof.ssa\u00a0 Maria Polo\u00a0 (Universit\u00e0 di Cagliari)<\/p>\n<p style=\"text-align: justify\">\u00a0Prof.ssa Claudia Secci (Universit\u00e0 di Cagliari)<\/p>\n<p>Prof.ssa Isabella Sulis\u00a0 (Universit\u00e0 di Cagliari)<\/p>\n<p>Sono membri del <strong>Comitato Scientifico<\/strong> del CIRD:<\/p>\n<p>Prof.ssa Isabella Sulis, Universit\u00e0 degli Studi di Cagliari (Direttrice del Cird)<\/p>\n<p>Prof.ssa Gianna Maria Cappello, Universit\u00e0 di Palermo<\/p>\n<p>Prof.ssa. Luisa Pandolfi, Universit\u00e0 di Sassari<\/p>\n<p>Prof. Mario Pireddu, Universit\u00e0 della Tuscia<\/p>\n<p>Prof. Marco Pitzalis, Universit\u00e0 di Cagliari<\/p>\n<p>Sono membri del CIRD: <a href=\"https:\/\/people.unica.it\/cird\/files\/2024\/10\/cird-afferenti-last2024.pdf\">afferenze-cird<\/a><\/p>\n<p><strong>Organi triennio 2019-2021<\/strong><\/p>\n<p style=\"text-align: justify\">\u00a0Il Direttore \u00e8 il Prof. Marco Pitzalis \u00a0docente di Sociologia dell&#8217;educazione\u00a0(Universit\u00e0 di Cagliari),<\/p>\n<p style=\"text-align: justify\">Il Vicedirettore \u00e8 il Prof. Paolo Calidoni docente di Didattica e pedagogia\u00a0speciale\u00a0(Universit\u00e0 di Sassari),<\/p>\n<p style=\"text-align: justify\">Sono membri del Consiglio Direttivo del CIRD: Prof. Marco Pitzalis, Prof. Paolo Calidoni, Prof. Filippo Dettori, Prof. Maria Polo, Prof. Mariano Porcu.<\/p>\n<p>Sono membri del CIRD:\u00a0<a href=\"http:\/\/people.unica.it\/cird\/files\/2012\/01\/Afferenze-CIRD.pdf\">afferenze-cird<\/a><\/p>\n<h2><\/h2>\n","protected":false},"excerpt":{"rendered":"<p>IL CIRD \u00e8 un centro interuniversitario che riunisce professori e ricercatori che conducono ricerche sulle didattiche disciplinari a livello scolastico e universitario, sui processi educativi e scolastici in una prospettiva multi e interdisciplinare. Storia.\u00a0Il\u00a0centro \u00e8 stato protagonista nel corso degli anni novanta della riflessione e del dibattito nazionale sulla formazione degli insegnanti nell&#8217;universit\u00e0. A partire dal 1999 ha gestito i corsi della SISS e la sua attivit\u00e0 si \u00e8 intrecciata con quella della Scuola di specializzazione per la formazione degli insegnanti. Organi triennio 2025-2027 \u00a0La Direttrice \u00e8 la Prof.ssa Isabella Sulis\u00a0 docente di Statistica Sociale\u00a0 (Universit\u00e0 di Cagliari) Il Vicedirettore <a href='https:\/\/people.unica.it\/cird\/chi-siamo\/' class='excerpt-more'>[&#8230;]<\/a><\/p>\n","protected":false},"author":1,"featured_media":0,"parent":0,"menu_order":0,"comment_status":"closed","ping_status":"closed","template":"","meta":{"footnotes":""},"class_list":["post-232","page","type-page","status-publish","hentry","post-seq-1","post-parity-odd","meta-position-corners","fix"],"_links":{"self":[{"href":"https:\/\/people.unica.it\/cird\/wp-json\/wp\/v2\/pages\/232","targetHints":{"allow":["GET"]}}],"collection":[{"href":"https:\/\/people.unica.it\/cird\/wp-json\/wp\/v2\/pages"}],"about":[{"href":"https:\/\/people.unica.it\/cird\/wp-json\/wp\/v2\/types\/page"}],"author":[{"embeddable":true,"href":"https:\/\/people.unica.it\/cird\/wp-json\/wp\/v2\/users\/1"}],"replies":[{"embeddable":true,"href":"https:\/\/people.unica.it\/cird\/wp-json\/wp\/v2\/comments?post=232"}],"version-history":[{"count":31,"href":"https:\/\/people.unica.it\/cird\/wp-json\/wp\/v2\/pages\/232\/revisions"}],"predecessor-version":[{"id":2304,"href":"https:\/\/people.unica.it\/cird\/wp-json\/wp\/v2\/pages\/232\/revisions\/2304"}],"wp:attachment":[{"href":"https:\/\/people.unica.it\/cird\/wp-json\/wp\/v2\/media?parent=232"}],"curies":[{"name":"wp","href":"https:\/\/api.w.org\/{rel}","templated":true}]}}