{"id":1273,"date":"2013-02-28T09:21:29","date_gmt":"2013-02-28T09:21:29","guid":{"rendered":"http:\/\/people.unica.it\/cird\/?page_id=1273"},"modified":"2013-03-12T12:59:37","modified_gmt":"2013-03-12T12:59:37","slug":"collaborazioni","status":"publish","type":"page","link":"https:\/\/people.unica.it\/cird\/partnership\/collaborazioni\/","title":{"rendered":"Collaborazioni"},"content":{"rendered":"<p style=\"text-align: justify\"><strong><span style=\"color: #a52a2a\">Collaborazioni a progetti.\u00a0<\/span><\/strong>Gli insegnanti della scuola, gli educatori\u00a0e i ricercatori non universitari (o ex universitari) possono collaborare ai progetti del CIRD e alle ricerche.<\/p>\n<p>\u00a0<strong style=\"text-align: justify\"><span style=\"color: #a52a2a\">Tirocini e stage.<\/span><\/strong>\u00a0In seno al CIRD si pu\u00f2 svolgere l&#8217;attivit\u00e0 di tirocinio formativo-lavorativo. I tirocinanti saranno inseriti attivamente nei progetti e nelle attivit\u00e0 del CIRD. Tutte le lauree possono essere considerate valide per poter svolgere un tirocinio. Inviare una lettera con motivazioni e curriculum al nostro indirizzo.<\/p>\n<p>&nbsp;<\/p>\n<p><a href=\"http:\/\/people.unica.it\/cird\/category\/collaborazioni\/\">Leggi gli articoli<\/a><\/p>\n","protected":false},"excerpt":{"rendered":"<p>Collaborazioni a progetti.\u00a0Gli insegnanti della scuola, gli educatori\u00a0e i ricercatori non universitari (o ex universitari) possono collaborare ai progetti del CIRD e alle ricerche. \u00a0Tirocini e stage.\u00a0In seno al CIRD si pu\u00f2 svolgere l&#8217;attivit\u00e0 di tirocinio formativo-lavorativo. I tirocinanti saranno inseriti attivamente nei progetti e nelle attivit\u00e0 del CIRD. Tutte le lauree possono essere considerate valide per poter svolgere un tirocinio. Inviare una lettera con motivazioni e curriculum al nostro indirizzo. &nbsp; Leggi gli articoli<\/p>\n","protected":false},"author":526,"featured_media":0,"parent":1283,"menu_order":0,"comment_status":"closed","ping_status":"closed","template":"","meta":{"footnotes":""},"class_list":["post-1273","page","type-page","status-publish","hentry","post-seq-1","post-parity-odd","meta-position-corners","fix"],"_links":{"self":[{"href":"https:\/\/people.unica.it\/cird\/wp-json\/wp\/v2\/pages\/1273","targetHints":{"allow":["GET"]}}],"collection":[{"href":"https:\/\/people.unica.it\/cird\/wp-json\/wp\/v2\/pages"}],"about":[{"href":"https:\/\/people.unica.it\/cird\/wp-json\/wp\/v2\/types\/page"}],"author":[{"embeddable":true,"href":"https:\/\/people.unica.it\/cird\/wp-json\/wp\/v2\/users\/526"}],"replies":[{"embeddable":true,"href":"https:\/\/people.unica.it\/cird\/wp-json\/wp\/v2\/comments?post=1273"}],"version-history":[{"count":8,"href":"https:\/\/people.unica.it\/cird\/wp-json\/wp\/v2\/pages\/1273\/revisions"}],"predecessor-version":[{"id":1673,"href":"https:\/\/people.unica.it\/cird\/wp-json\/wp\/v2\/pages\/1273\/revisions\/1673"}],"up":[{"embeddable":true,"href":"https:\/\/people.unica.it\/cird\/wp-json\/wp\/v2\/pages\/1283"}],"wp:attachment":[{"href":"https:\/\/people.unica.it\/cird\/wp-json\/wp\/v2\/media?parent=1273"}],"curies":[{"name":"wp","href":"https:\/\/api.w.org\/{rel}","templated":true}]}}