{"id":12,"date":"2012-01-30T10:27:07","date_gmt":"2012-01-30T10:27:07","guid":{"rendered":"http:\/\/people.unica.it\/dipartimentodigiurisprudenza\/?page_id=12"},"modified":"2025-10-08T11:50:23","modified_gmt":"2025-10-08T11:50:23","slug":"12-2","status":"publish","type":"page","link":"#","title":{"rendered":"Home"},"content":{"rendered":"<table style=\"width: 100%\">\n<tbody>\n<tr>\n<td style=\"width: 30%\" width=\"30%\"><a href=\"http:\/\/people.unica.it\/cird\/files\/2012\/01\/LOGO-CIRD.png\" rel=\"attachment wp-att-2073\"><img decoding=\"async\" class=\"alignleft size-medium wp-image-2073\" src=\"http:\/\/people.unica.it\/cird\/files\/2012\/01\/LOGO-CIRD-300x300.png\" alt=\"LOGO CIRD\" width=\"300\" height=\"300\" srcset=\"https:\/\/people.unica.it\/cird\/files\/2012\/01\/LOGO-CIRD-300x300.png 300w, https:\/\/people.unica.it\/cird\/files\/2012\/01\/LOGO-CIRD-150x150.png 150w, https:\/\/people.unica.it\/cird\/files\/2012\/01\/LOGO-CIRD-96x96.png 96w, https:\/\/people.unica.it\/cird\/files\/2012\/01\/LOGO-CIRD-24x24.png 24w, https:\/\/people.unica.it\/cird\/files\/2012\/01\/LOGO-CIRD-36x36.png 36w, https:\/\/people.unica.it\/cird\/files\/2012\/01\/LOGO-CIRD-48x48.png 48w, https:\/\/people.unica.it\/cird\/files\/2012\/01\/LOGO-CIRD-64x64.png 64w, https:\/\/people.unica.it\/cird\/files\/2012\/01\/LOGO-CIRD.png 600w\" sizes=\"(max-width: 300px) 100vw, 300px\" \/><\/a><a href=\"http:\/\/people.unica.it\/cird\/12-2\/wbresize-2\/\" rel=\"attachment wp-att-1724\"><img decoding=\"async\" class=\" size-full wp-image-1724 alignnone aligncenter\" src=\"http:\/\/people.unica.it\/cird\/files\/2012\/01\/wbresize.jpg\" alt=\"wbresize\" width=\"251\" height=\"200\" \/><\/a><\/td>\n<td style=\"text-align: justify;width: 69.5686%\">\n<p style=\"text-align: left\"><strong><span style=\"font-size: 10\">Il CIRD diviene nel 2015 <span style=\"color: #a52a2a\">Centro Interuniversitario\u00a0per la Ricerca Didattica<\/span>\u00a0costituendo cos\u00ec\u00a0il principale centro di ricerca sui processi e sulle politiche educative nel campo della sperimentazione didattica in Sardegna e assume oggi un sempre pi\u00f9 chiaro profilo nazionale e internazionale. <\/span><\/strong><strong><span style=\"font-size: 10\">Sviluppa progetti con le scuole per la formazione degli insegnanti in servizio e progetti relativi all&#8217;orientamento e alla valutazione scolastica e universitaria. <\/span><\/strong><strong><span style=\"font-size: 10\">Il suo obiettivo precipuo \u00e8 di incentivare la collaborazione scuola-universit\u00e0 e di favorire l&#8217;integrazione del sistema formativo nel suo complesso. Promuove attivit\u00e0 di ricerca e formazione con le scuole, con le associazioni della docenza, con gli enti pubblici e con altri enti di ricerca.<\/span><\/strong><\/p>\n<p style=\"text-align: left\"><strong><span style=\"font-size: 10\"><span style=\"color: #a52a2a\">Centro\u00a0Interuniversitario\u00a0per la Ricerca Didattica <\/span><\/span><\/strong><span style=\"font-size: 10\"><span style=\"color: #a52a2a\">\u00e8 un centro multidisciplinare che unisce ricercatori delle universit\u00e0 di Cagliari e di Sassari provenienti dalla pedagogia, sociologia, didattiche disciplinari, psicologia, statistica, economia dell&#8217;educazione, ecc.<\/span><\/span><\/p>\n<p style=\"text-align: left\">Il Regolamento del CIRD:\u00a0<a href=\"http:\/\/people.unica.it\/cird\/files\/2012\/01\/all.-d.r.-n.-1007_2015.pdf\">all-d-r-n-1007_2015<\/a><\/p>\n<p style=\"text-align: left\"><strong><span style=\"font-size: 10\">Nella sezione <a href=\"http:\/\/people.unica.it\/cird\/collaborazioni\"><span style=\"color: #a52a2a\">Collaborazioni<\/span><\/a> trovate tutte le informazioni utili per l&#8217;attivazione di tirocini, stage e altre forme di collaborazione attiva alle nostre ricerche e ai nostri progetti. Inviare lettera con motivazioni e progetto agli indirizzi: <span style=\"color: #a52a2a\">\u00a0isulis@unica.it; cird@unica.it<\/span><\/span><\/strong><\/p>\n<p style=\"text-align: center\"><strong><span style=\"font-size: 10\"><span style=\"color: #a52a2a\">\u00a0<\/span><\/span><\/strong><strong>IN EVIDENZA:<\/strong><\/p>\n<p style=\"text-align: center\"><a href=\"https:\/\/web.unica.it\/unica\/page\/it\/orientamento_universitario__corso_di_formazione_per_docenti_della_scuola_secondaria_di_ii_grado\"><strong>CORSO ORIENTAMENTO UNIVERSITARIO<\/strong><\/a><\/p>\n<p>ll C<strong>IRD REC<\/strong>\u00a0(Centro Interuniversitario per la Ricerca Didattica \u2013 Research in Education and Culture) delle Universit\u00e0 di Cagliari e Sassari \u00e8 lieto di annunciare l\u2019avvio del\u00a0<strong> corso sull&#8217; Orientamento Universitario<\/strong>, indirizzato a 40 docenti delle scuole secondarie superiori della Sardegna.<\/p>\n<p>Il corso \u00e8 disponibile sulla piattaforma\u00a0<strong>S.O.F.I.A<\/strong><\/p>\n<p>Codice corso:<strong> 101315<\/strong><\/p>\n<p>Maggiori informazioni e la locandina dell&#8217;evento al seguente <a href=\"https:\/\/web.unica.it\/unica\/page\/it\/orientamento_universitario__corso_di_formazione_per_docenti_della_scuola_secondaria_di_ii_grado\">link<\/a> e sul sito S.O.F.I.A.<\/p>\n<p>contatti: <strong>cird@unica.it<\/strong><\/p>\n<p style=\"text-align: center\"><strong><a href=\"http:\/\/Modifica articolo \u201cCorso  \u201cDiseguaglianze Educative\u201d\u201d \u2039 CIRD Centro Interuniversitario per la Ricerca Didattica \u2014 WordPress\" data-wplink-url-error=\"true\">CORSO DISEGUAGLIANZE EDUCATIVE<\/a><\/strong><\/p>\n<p>Il C<strong>IRD REC<\/strong>\u00a0(Centro Interuniversitario per la Ricerca Didattica \u2013 Research in Education and Culture) delle Universit\u00e0 di Cagliari e Sassari \u00e8 lieto di annunciare l\u2019avvio del\u00a0<strong>\u00a0corso sulle Diseguaglianze Educative<\/strong>, indirizzato a 40 docenti delle scuole secondarie superiori della Sardegna.<\/p>\n<p>Il corso \u00e8 disponibile sulla piattaforma\u00a0<strong>S.O.F.I.A.<\/strong>, con iscrizioni aperte fino al\u00a0 16.06.2025<\/p>\n<p>Date: 24 giugno 2025 e 24 settembre 2025<\/p>\n<p>Codice corso:<strong> 98965<\/strong><\/p>\n<p>Per maggiori informazioni e per iscriversi, visitare il sito S.O.F.I.A.<\/p>\n<p>contatti: <strong>cird@unica.it<\/strong><\/p>\n<p><a href=\"https:\/\/people.unica.it\/cird\/files\/2025\/06\/locandina_cird_diseguaglianze-1.pdf\">Locandina con programma dell\u2019evento<\/a><\/p>\n<p style=\"text-align: center\"><a href=\"https:\/\/people.unica.it\/cird\/files\/2024\/09\/CIRD_REC_EDUCAZIONE_GENERE.pdf\"><strong>CORSO EDUCAZIONE DI GENERE\u00a0<\/strong><\/a><\/p>\n<p>Il Centro Interuniversitario per la Ricerca Didattica delle Universit\u00e0 di Cagliari e Sassari annuncia l\u2019avvio del <strong>corso sull\u2019Educazione di Genere<\/strong>, rivolto a 40 docenti delle scuole secondarie superiori della Sardegna. Le iscrizioni sono aperte sulla piattaforma <strong>S.O.F.I.A<\/strong>. fino al 18 ottobre 2024. Codice corso: <strong>95047<\/strong>.<\/p>\n<p><a href=\"https:\/\/people.unica.it\/cird\/files\/2024\/09\/CIRD_REC_EDUCAZIONE_GENERE.pdf\">Locandina evento <\/a><\/p>\n<p>___________________________________________________________________________<\/p>\n<p class=\"header_slogan_what\" style=\"text-align: center\"><a href=\"https:\/\/www.scuolademocratica-conference.net\/\"><strong>Third International Conference of the journal &#8220;Scuola Democratica&#8221;<\/strong><\/a><\/p>\n<p class=\"header_slogan_whenwhere\" style=\"text-align: center\"><strong>June 3-4-5-6, 2024 \u00b7 University of Cagliari (Italy)<\/strong><\/p>\n<p>______________________________________________________________________________<\/p>\n<p style=\"text-align: center\"><strong>SEMINARI SULLA DIDATTICA DELLE DISCIPLINE:<\/strong><\/p>\n<p style=\"text-align: center\"><a href=\"https:\/\/people.unica.it\/cird\/files\/2015\/04\/Seminario_CIRD_-STEM-.2023._27.06.2023.pdf\"><strong>\u201cLa didattica delle discipline STEM all\u2019universit\u00e0: esperienze, riflessioni, confronti\u201d<\/strong><\/a><br \/>\nMARTED\u00cc 27 GIUGNO 2023 \u2013 Ore 9:30 -13.00<br \/>\nAula III, Dipartimento di Matematica e Informatica<br \/>\nVia Ospedale, 72 \u2013 Cagliari<\/p>\n<p style=\"text-align: center\"><a href=\"https:\/\/people.unica.it\/cird\/files\/2015\/04\/Seminario_CIRD_18.05.2023.pdf\"><strong>\u201c<\/strong><\/a><a href=\"https:\/\/people.unica.it\/cird\/files\/2015\/04\/Seminario_CIRD_18.05.2023.pdf\"><strong>La didattica delle discipline universitarie nell\u2019ambito delle<\/strong><\/a><br \/>\n<strong><a href=\"https:\/\/people.unica.it\/cird\/files\/2015\/04\/Seminario_CIRD_18.05.2023.pdf\">scienze sociali: esperienze a confronto<\/a>\u201d<\/strong><br \/>\n<strong>GIOVED\u00cc 18 MAGGIO 2023, Ore 15:00<\/strong><br \/>\n<strong>Aula Magna Baffi, Viale Sant\u2019Ignazio 74<\/strong><\/p>\n<p style=\"text-align: center\"><a href=\"https:\/\/people.unica.it\/cird\/files\/2015\/04\/IMG-20230322-WA0021.jpg\">\u201cIl ruolo del CIRD REC nel miglioramento dei processi formativi\u201d<\/a><\/p>\n<p style=\"text-align: center\">4 aprile 2023\u00a0 alle h 15:00 presso l\u2019 Universit\u00e0 di Sassari (Aula Magna, Piazza Universit\u00e0) si terr\u00e0 il seminario di studio<\/p>\n<p>_______________________________________________________________________<\/p>\n<section class=\"elementor-section elementor-top-section elementor-element elementor-element-adb08b5 elementor-section-boxed elementor-section-height-default elementor-section-height-default\" data-id=\"adb08b5\" data-element_type=\"section\">\n<div class=\"elementor-container elementor-column-gap-default\">\n<div class=\"elementor-row\">\n<div class=\"elementor-column elementor-col-100 elementor-top-column elementor-element elementor-element-490cbe1\" data-id=\"490cbe1\" data-element_type=\"column\">\n<div class=\"elementor-column-wrap elementor-element-populated\">\n<div class=\"elementor-widget-wrap\">\n<div class=\"elementor-element elementor-element-4001554 elementor-widget elementor-widget-heading\" data-id=\"4001554\" data-element_type=\"widget\" data-widget_type=\"heading.default\">\n<h3 class=\"elementor-heading-title elementor-size-default\" style=\"text-align: center\"><a href=\"https:\/\/www.scuolademocratica-conference.net\/\">II International Conference of the journal &#8220;Scuola Democratica&#8221;<\/a><\/h3>\n<h3 class=\"elementor-widget-container\" style=\"text-align: center\">2-3-4-5 June 2021<\/h3>\n<\/div>\n<\/div>\n<\/div>\n<p>_________________________________________________________________________<\/p>\n<\/div>\n<\/div>\n<\/div>\n<\/section>\n<section class=\"elementor-section elementor-top-section elementor-element elementor-element-668119c elementor-section-boxed elementor-section-height-default elementor-section-height-default\" data-id=\"668119c\" data-element_type=\"section\">\n<div class=\"elementor-container elementor-column-gap-default\">\n<div class=\"elementor-row\">\n<div class=\"elementor-column elementor-col-100 elementor-top-column elementor-element elementor-element-aa2f9a6\" data-id=\"aa2f9a6\" data-element_type=\"column\">\n<div class=\"elementor-column-wrap elementor-element-populated\">\n<div class=\"elementor-widget-wrap\">\n<div class=\"elementor-element elementor-element-4505c91 elementor-widget elementor-widget-text-editor\" data-id=\"4505c91\" data-element_type=\"widget\" data-widget_type=\"text-editor.default\">\n<div class=\"elementor-widget-container\">\n<h3 class=\"elementor-text-editor elementor-clearfix\" style=\"text-align: center\"><strong><a href=\"https:\/\/www.scuolademocratica-conference.net\/general-programme\/\"><span id=\"page252R_mcid4\" class=\"markedContent\"> 1<sup><span dir=\"ltr\" role=\"presentation\">st<\/span><\/sup> <span dir=\"ltr\" role=\"presentation\">International Conference of the journal &#8220;Scuola Democratica&#8221; <\/span><\/span><\/a><span id=\"page252R_mcid6\" class=\"markedContent\"><br role=\"presentation\" \/><span dir=\"ltr\" role=\"presentation\">EDUCATION AND POST-DEMOCRACY<\/span><\/span><span id=\"page252R_mcid7\" class=\"markedContent\"><\/span><span id=\"page252R_mcid8\" class=\"markedContent\"><br role=\"presentation\" \/><span dir=\"ltr\" role=\"presentation\">Cagliari, 6-7-8 June 2019<\/span><\/span>\u00a0<\/strong><\/h3>\n<\/div>\n<\/div>\n<\/div>\n<\/div>\n<\/div>\n<\/div>\n<\/div>\n<\/section>\n<section class=\"elementor-section elementor-top-section elementor-element elementor-element-adb08b5 elementor-section-boxed elementor-section-height-default elementor-section-height-default\" data-id=\"adb08b5\" data-element_type=\"section\">\n<div class=\"elementor-container elementor-column-gap-default\">\n<div class=\"elementor-row\">\n<div class=\"elementor-column elementor-col-100 elementor-top-column elementor-element elementor-element-490cbe1\" data-id=\"490cbe1\" data-element_type=\"column\">\n<div class=\"elementor-column-wrap elementor-element-populated\">\n<div class=\"elementor-widget-wrap\"><\/div>\n<\/div>\n<\/div>\n<\/div>\n<\/div>\n<\/section>\n<p><strong>\u00a0<\/strong><\/p>\n<div id=\"attachment_2081\" style=\"width: 205px\" class=\"wp-caption aligncenter\"><a href=\"http:\/\/people.unica.it\/cird\/files\/2012\/01\/innovare-a-scuola.png\"><img decoding=\"async\" aria-describedby=\"caption-attachment-2081\" class=\"size-medium wp-image-2081\" src=\"http:\/\/people.unica.it\/cird\/files\/2012\/01\/innovare-a-scuola-195x300.png\" alt=\"Una ricerca sulla scuola digitale in Sardegna\" width=\"195\" height=\"300\" srcset=\"https:\/\/people.unica.it\/cird\/files\/2012\/01\/innovare-a-scuola-195x300.png 195w, https:\/\/people.unica.it\/cird\/files\/2012\/01\/innovare-a-scuola.png 400w\" sizes=\"(max-width: 195px) 100vw, 195px\" \/><\/a><p id=\"caption-attachment-2081\" class=\"wp-caption-text\">Una ricerca sulla scuola digitale in Sardegna<\/p><\/div>\n<p>Other initiatives: \u00a0<a href=\"http:\/\/www.learningdigital.net\/\">http:\/\/www.learningdigital.net\/<\/a><\/p>\n<h4><span style=\"color: #993300\">Le transizioni scolastiche, la scelta e l&#8217;orientamento in Sardegna<\/span> (rapporto sintetico).<\/h4>\n<p><a href=\"http:\/\/www.rai.it\/dl\/tgr\/regioni\/PublishingBlock-c9be07a1-4453-4cfd-b296-30d47339bd1a.html\"><img decoding=\"async\" class=\"alignleft wp-image-2052\" src=\"http:\/\/people.unica.it\/cird\/files\/2012\/01\/foto-presentazione-cird-con-rettore-300x135.jpg\" alt=\"foto presentazione cird con rettore\" width=\"264\" height=\"119\" srcset=\"https:\/\/people.unica.it\/cird\/files\/2012\/01\/foto-presentazione-cird-con-rettore-300x135.jpg 300w, https:\/\/people.unica.it\/cird\/files\/2012\/01\/foto-presentazione-cird-con-rettore.jpg 715w\" sizes=\"(max-width: 264px) 100vw, 264px\" \/>Intervista RAI SARDEGNA<\/a>\u00a0(al minuto 13.25)<\/p>\n<p><a href=\"http:\/\/www.unica.it\/pub\/7\/show.jsp?id=29515&amp;iso=-2&amp;is=7\">La rassegna stampa di UNICA<\/a><\/p>\n<p>CLICCA SUL LINK:<\/p>\n<p><a href=\"http:\/\/people.unica.it\/cird\/files\/2012\/01\/10-punti-sulle-transizioni-scolastiche-in-Sardegna-.pdf\">10 punti sulle transizioni scolastiche in Sardegna<\/a><\/p>\n<p><a href=\"http:\/\/people.unica.it\/cird\/files\/2012\/01\/Approfondimento-1-La-ricerca-qualitativa-1.pdf\">Approfondimento 1 &#8211; La ricerca qualitativa (1)<\/a><\/td>\n<\/tr>\n<tr>\n<td style=\"width: 30%\"><\/td>\n<td style=\"text-align: justify;width: 69.5686%\"><strong><span style=\"font-size: 10\">\u00a0<\/span><\/strong><\/td>\n<\/tr>\n<\/tbody>\n<\/table>\n<table>\n<tbody>\n<tr>\n<td width=\"33%\"><a href=\"http:\/\/people.unica.it\/cird\/category\/azioni\/\">\u00a0Azioni<\/a><\/td>\n<td width=\"33%\"><a href=\"http:\/\/people.unica.it\/cird\/category\/in-primo-piano\/\"> In primo piano<\/a><\/td>\n<td width=\"33%\"><a href=\"http:\/\/people.unica.it\/cird\/category\/eventi\/\">\u00a0Eventi<\/a><\/td>\n<\/tr>\n<\/tbody>\n<\/table>\n","protected":false},"excerpt":{"rendered":"<p>Il CIRD diviene nel 2015 Centro Interuniversitario\u00a0per la Ricerca Didattica\u00a0costituendo cos\u00ec\u00a0il principale centro di ricerca sui processi e sulle politiche educative nel campo della sperimentazione didattica in Sardegna e assume oggi un sempre pi\u00f9 chiaro profilo nazionale e internazionale. Sviluppa progetti con le scuole per la formazione degli insegnanti in servizio e progetti relativi all&#8217;orientamento e alla valutazione scolastica e universitaria. Il suo obiettivo precipuo \u00e8 di incentivare la collaborazione scuola-universit\u00e0 e di favorire l&#8217;integrazione del sistema formativo nel suo complesso. Promuove attivit\u00e0 di ricerca e formazione con le scuole, con le associazioni della docenza, con gli enti pubblici e <a href='#' class='excerpt-more'>[&#8230;]<\/a><\/p>\n","protected":false},"author":1,"featured_media":0,"parent":0,"menu_order":0,"comment_status":"closed","ping_status":"closed","template":"magazine.php","meta":{"footnotes":""},"class_list":["post-12","page","type-page","status-publish","hentry","post-seq-1","post-parity-odd","meta-position-corners","fix"],"_links":{"self":[{"href":"https:\/\/people.unica.it\/cird\/wp-json\/wp\/v2\/pages\/12","targetHints":{"allow":["GET"]}}],"collection":[{"href":"https:\/\/people.unica.it\/cird\/wp-json\/wp\/v2\/pages"}],"about":[{"href":"https:\/\/people.unica.it\/cird\/wp-json\/wp\/v2\/types\/page"}],"author":[{"embeddable":true,"href":"https:\/\/people.unica.it\/cird\/wp-json\/wp\/v2\/users\/1"}],"replies":[{"embeddable":true,"href":"https:\/\/people.unica.it\/cird\/wp-json\/wp\/v2\/comments?post=12"}],"version-history":[{"count":132,"href":"https:\/\/people.unica.it\/cird\/wp-json\/wp\/v2\/pages\/12\/revisions"}],"predecessor-version":[{"id":2310,"href":"https:\/\/people.unica.it\/cird\/wp-json\/wp\/v2\/pages\/12\/revisions\/2310"}],"wp:attachment":[{"href":"https:\/\/people.unica.it\/cird\/wp-json\/wp\/v2\/media?parent=12"}],"curies":[{"name":"wp","href":"https:\/\/api.w.org\/{rel}","templated":true}]}}