{"id":2653,"date":"2014-02-28T10:16:58","date_gmt":"2014-02-28T10:16:58","guid":{"rendered":"http:\/\/people.unica.it\/centroqualita\/?page_id=2653"},"modified":"2014-10-21T08:51:22","modified_gmt":"2014-10-21T08:51:22","slug":"i-verbali-del-presidio-per-la-qualita","status":"publish","type":"page","link":"https:\/\/people.unica.it\/centroqualita\/i-verbali-del-presidio-per-la-qualita\/","title":{"rendered":"I verbali del Presidio per la Qualit\u00e0"},"content":{"rendered":"\n<table id=\"tablepress-9\" class=\"tablepress tablepress-id-9\">\n<thead>\n<tr class=\"row-1\">\n\t<th class=\"column-1\">Verbali<\/th><th class=\"column-2\">Allegati<\/th>\n<\/tr>\n<\/thead>\n<tbody class=\"row-striping row-hover\">\n<tr class=\"row-2\">\n\t<td class=\"column-1\"><a href=\"http:\/\/people.unica.it\/centroqualita\/files\/2015\/10\/Verbale-Riunione-PQA-n.-4-del-21-09-2015.pdf\" target=\"_blank\">21 settembre 2015 - Riunione PQA<\/a><\/td><td class=\"column-2\"><\/td>\n<\/tr>\n<tr class=\"row-3\">\n\t<td class=\"column-1\"><a href=\"http:\/\/people.unica.it\/centroqualita\/files\/2015\/06\/Verbale_riunione-PQA_05-06-2015-def.pdf\">5 giugno 2015 - Riunione PQA<\/a><\/td><td class=\"column-2\"><\/td>\n<\/tr>\n<tr class=\"row-4\">\n\t<td class=\"column-1\"><a href=\"http:\/\/people.unica.it\/centroqualita\/files\/2015\/06\/Verbale_riunione-PQA_15-04-2015_def.pdf\">15 aprile 2015 - Riunione PQA<\/a><\/td><td class=\"column-2\"><\/td>\n<\/tr>\n<tr class=\"row-5\">\n\t<td class=\"column-1\"><a href=\"http:\/\/people.unica.it\/centroqualita\/files\/2015\/06\/Verbale_riunione-PQA_15-01-2015-def.pdf\">15 gennaio 2015 - Riunione PQA<\/a><\/td><td class=\"column-2\"><\/td>\n<\/tr>\n<tr class=\"row-6\">\n\t<td class=\"column-1\"><a href=\"http:\/\/people.unica.it\/centroqualita\/files\/2015\/06\/Verbale_riunione-PQA_26-11-2014.pdf\">26 novembre 2014 - Riunione PQA<\/a><\/td><td class=\"column-2\"><a href=\"http:\/\/people.unica.it\/centroqualita\/files\/2015\/06\/Schema-generale-Gestione-Qualit\u00e0.pdf\">Allegato 1<\/a>  <br \/>\n<a href=\"http:\/\/people.unica.it\/centroqualita\/files\/2015\/06\/Presentazione_AQ5_26-11-2014.pdf\">Allegato 2<\/a><\/td>\n<\/tr>\n<tr class=\"row-7\">\n\t<td class=\"column-1\"><a href=\"http:\/\/people.unica.it\/centroqualita\/files\/2014\/02\/RESOCONTO-RIUNIONE-PQA_13-11-2014-rev-SOL-def.pdf\">13 novembre 2014 - Riunione PQA<\/a><\/td><td class=\"column-2\"><\/td>\n<\/tr>\n<tr class=\"row-8\">\n\t<td class=\"column-1\"><a href=\"http:\/\/people.unica.it\/centroqualita\/files\/2014\/02\/verbale_riunione-PQA_04-11-2014-rev1.pdf\">4 novembre 2014 - Riunione PQA<\/a><\/td><td class=\"column-2\"><\/td>\n<\/tr>\n<tr class=\"row-9\">\n\t<td class=\"column-1\"><a href=\"http:\/\/people.unica.it\/centroqualita\/files\/2014\/02\/Verbale_PQA_17-09-2014-def.pdf\">17 settembre 2014 - Riunione PQA<\/a><\/td><td class=\"column-2\"><\/td>\n<\/tr>\n<tr class=\"row-10\">\n\t<td class=\"column-1\"><a href=\"http:\/\/people.unica.it\/centroqualita\/files\/2014\/02\/Verbale_PQA_04-06-14-def.pdf\">4 giugno 2014 - Riunione PQA<\/a><\/td><td class=\"column-2\"><\/td>\n<\/tr>\n<tr class=\"row-11\">\n\t<td class=\"column-1\"><a href=\"http:\/\/people.unica.it\/centroqualita\/files\/2014\/06\/Verbale_PQA_22-05-14_def.pdf\">22 maggio 2014 - Riunione PQA<\/a><\/td><td class=\"column-2\"><\/td>\n<\/tr>\n<tr class=\"row-12\">\n\t<td class=\"column-1\"><a href=\"http:\/\/people.unica.it\/centroqualita\/files\/2014\/02\/Verbale_PQA_17-04-14_rev1.pdf\">17 aprile 2014 - Riunione PQA<\/a><\/td><td class=\"column-2\"><\/td>\n<\/tr>\n<tr class=\"row-13\">\n\t<td class=\"column-1\"><a href='http:\/\/people.unica.it\/centroqualita\/files\/2013\/11\/Verbale-definitivo-Gruppo-di-Lavoro-Consiglio-del-CQA-e-Referenti-Qualit\u00e1-delle-Facolt\u00e1-13-settembre-2013.-Rev.4-Demartis.pdf'> 13 settembre 2013 - Gruppo di Lavoro (Consiglio del CQA e Referenti Qualit\u00e1 delle Facolt\u00e1)<\/a><\/td><td class=\"column-2\"><\/td>\n<\/tr>\n<tr class=\"row-14\">\n\t<td class=\"column-1\"><a href=\"http:\/\/people.unica.it\/centroqualita\/files\/2013\/03\/VerbaleRiunionePQA-14032013.pdf\">14 marzo 2013 - Riunione PQA<\/a><br \/>\n<\/td><td class=\"column-2\"><\/td>\n<\/tr>\n<tr class=\"row-15\">\n\t<td class=\"column-1\"><a href=\"http:\/\/people.unica.it\/centroqualita\/files\/2013\/03\/VerbaleComitatoCoord-26022013.pdf\">26 febbraio  2013 - Comitato di Coordinamento PQA -<\/a><\/td><td class=\"column-2\"><\/td>\n<\/tr>\n<\/tbody>\n<\/table>\n<!-- #tablepress-9 from cache -->\n<p>&nbsp;<\/p>\n","protected":false},"excerpt":{"rendered":"<p>&nbsp;<\/p>\n","protected":false},"author":253,"featured_media":0,"parent":0,"menu_order":0,"comment_status":"closed","ping_status":"closed","template":"","meta":{"footnotes":""},"class_list":["post-2653","page","type-page","status-publish","hentry","post-seq-1","post-parity-odd","meta-position-corners","fix"],"_links":{"self":[{"href":"https:\/\/people.unica.it\/centroqualita\/wp-json\/wp\/v2\/pages\/2653","targetHints":{"allow":["GET"]}}],"collection":[{"href":"https:\/\/people.unica.it\/centroqualita\/wp-json\/wp\/v2\/pages"}],"about":[{"href":"https:\/\/people.unica.it\/centroqualita\/wp-json\/wp\/v2\/types\/page"}],"author":[{"embeddable":true,"href":"https:\/\/people.unica.it\/centroqualita\/wp-json\/wp\/v2\/users\/253"}],"replies":[{"embeddable":true,"href":"https:\/\/people.unica.it\/centroqualita\/wp-json\/wp\/v2\/comments?post=2653"}],"version-history":[{"count":5,"href":"https:\/\/people.unica.it\/centroqualita\/wp-json\/wp\/v2\/pages\/2653\/revisions"}],"predecessor-version":[{"id":3602,"href":"https:\/\/people.unica.it\/centroqualita\/wp-json\/wp\/v2\/pages\/2653\/revisions\/3602"}],"wp:attachment":[{"href":"https:\/\/people.unica.it\/centroqualita\/wp-json\/wp\/v2\/media?parent=2653"}],"curies":[{"name":"wp","href":"https:\/\/api.w.org\/{rel}","templated":true}]}}