{"id":2319,"date":"2013-09-04T11:35:14","date_gmt":"2013-09-04T11:35:14","guid":{"rendered":"http:\/\/people.unica.it\/centroqualita\/?page_id=2319"},"modified":"2014-09-01T12:20:13","modified_gmt":"2014-09-01T12:20:13","slug":"formazione","status":"publish","type":"page","link":"https:\/\/people.unica.it\/centroqualita\/presidio-per-la-qualita\/formazione\/","title":{"rendered":"Formazione PQA"},"content":{"rendered":"<ul>\n<li><a title=\"Corso \u201cIn-formazione sulla qualit\u00e0 nella didattica\u201d rivolto ai rappresentanti del sistema socio-economico della Sardegna\" href=\"http:\/\/people.unica.it\/centroqualita\/2013\/12\/13\/corso-in-formazione-sulla-qualita-nella-didattica-rivolto-ai-rappresentanti-del-sistema-socio-economico-della-sardegna\/\" rel=\"bookmark\">Corso \u201c<strong>In-formazione sulla qualit\u00e0 nella didattica\u201d rivolto ai rappresentanti del sistema socio-economico della Sardegna<\/strong> &#8211; 9 dicembre 2013<\/a><\/li>\n<li><a href=\"http:\/\/people.unica.it\/centroqualita\/corso-di-formazione-sulla-qualita-nella-didattica\/\">Corso di Formazione sulla <strong>Qualit\u00e0 nella Didattica<\/strong> &#8211; 23-24 settembre 2013 e 30 settembre &#8211; 1 ottobre 2013<\/a><\/li>\n<li><a href=\"http:\/\/people.unica.it\/centroqualita\/files\/2013\/09\/Presentazione-Presidio-per-la-Qualit\u00e0-alle-Facolt\u00e0-luglio-2013.pdf\"><strong>Presentazione Presidio per la Qualit\u00e0 alle Facolt\u00e0<\/strong> &#8211; luglio 2013<\/a><\/li>\n<\/ul>\n","protected":false},"excerpt":{"rendered":"<p>Corso \u201cIn-formazione sulla qualit\u00e0 nella didattica\u201d rivolto ai rappresentanti del sistema socio-economico della Sardegna &#8211; 9 dicembre 2013 Corso di Formazione sulla Qualit\u00e0 nella Didattica &#8211; 23-24 settembre 2013 e 30 settembre &#8211; 1 ottobre 2013 Presentazione Presidio per la Qualit\u00e0 alle Facolt\u00e0 &#8211; luglio 2013<\/p>\n","protected":false},"author":478,"featured_media":0,"parent":2240,"menu_order":0,"comment_status":"closed","ping_status":"closed","template":"","meta":{"footnotes":""},"class_list":["post-2319","page","type-page","status-publish","hentry","post-seq-1","post-parity-odd","meta-position-corners","fix"],"_links":{"self":[{"href":"https:\/\/people.unica.it\/centroqualita\/wp-json\/wp\/v2\/pages\/2319","targetHints":{"allow":["GET"]}}],"collection":[{"href":"https:\/\/people.unica.it\/centroqualita\/wp-json\/wp\/v2\/pages"}],"about":[{"href":"https:\/\/people.unica.it\/centroqualita\/wp-json\/wp\/v2\/types\/page"}],"author":[{"embeddable":true,"href":"https:\/\/people.unica.it\/centroqualita\/wp-json\/wp\/v2\/users\/478"}],"replies":[{"embeddable":true,"href":"https:\/\/people.unica.it\/centroqualita\/wp-json\/wp\/v2\/comments?post=2319"}],"version-history":[{"count":17,"href":"https:\/\/people.unica.it\/centroqualita\/wp-json\/wp\/v2\/pages\/2319\/revisions"}],"predecessor-version":[{"id":3291,"href":"https:\/\/people.unica.it\/centroqualita\/wp-json\/wp\/v2\/pages\/2319\/revisions\/3291"}],"up":[{"embeddable":true,"href":"https:\/\/people.unica.it\/centroqualita\/wp-json\/wp\/v2\/pages\/2240"}],"wp:attachment":[{"href":"https:\/\/people.unica.it\/centroqualita\/wp-json\/wp\/v2\/media?parent=2319"}],"curies":[{"name":"wp","href":"https:\/\/api.w.org\/{rel}","templated":true}]}}