{"id":2240,"date":"2013-03-13T10:04:24","date_gmt":"2013-03-13T10:04:24","guid":{"rendered":"http:\/\/people.unica.it\/centroqualita\/?page_id=2240"},"modified":"2016-09-12T11:49:48","modified_gmt":"2016-09-12T11:49:48","slug":"presidio-per-la-qualita","status":"publish","type":"page","link":"https:\/\/people.unica.it\/centroqualita\/presidio-per-la-qualita\/","title":{"rendered":"Presidio per la Qualit\u00e0"},"content":{"rendered":"<ul>\n<li><a href=\"http:\/\/people.unica.it\/centroqualita\/attivita-pqa\/\">Attivit\u00e0<\/a><\/li>\n<li><a title=\"I verbali del Presidio per la Qualit\u00e0\" href=\"http:\/\/people.unica.it\/centroqualita\/i-verbali-del-presidio-per-la-qualita\/\">Verbali<\/a><\/li>\n<li><a title=\"Documenti di lavoro PQA\" href=\"http:\/\/people.unica.it\/centroqualita\/documenti-di-lavoro\/\">Documenti di lavoro<\/a><\/li>\n<li><a href=\"http:\/\/people.unica.it\/centroqualita\/trasparenza-e-valutazione\/valutazione-della-didattica-2\/\">Valutazione della didattica<\/a><\/li>\n<li><a title=\"Formazione\" href=\"http:\/\/people.unica.it\/centroqualita\/formazione\/\">Formazione<\/a><\/li>\n<\/ul>\n<p>&nbsp;<\/p>\n<p style=\"text-align: justify\">&gt; Questo sito non \u00e8 pi\u00f9 attivo, il nuovo sito del <span style=\"color: #800000\"><strong>Presidio della Qualit\u00e0 di Ateneo<\/strong><\/span> \u00e8\u00a0raggiungibile al seguente <span style=\"text-decoration: underline\"><span style=\"color: #0000ff\"><a style=\"color: #0000ff;text-decoration: underline\" href=\"http:\/\/people.unica.it\/pqa\/\" target=\"_blank\">indirizzo<\/a><\/span><\/span>.<\/p>\n","protected":false},"excerpt":{"rendered":"<p>Attivit\u00e0 Verbali Documenti di lavoro Valutazione della didattica Formazione &nbsp; &gt; Questo sito non \u00e8 pi\u00f9 attivo, il nuovo sito del Presidio della Qualit\u00e0 di Ateneo \u00e8\u00a0raggiungibile al seguente indirizzo.<\/p>\n","protected":false},"author":478,"featured_media":0,"parent":0,"menu_order":3,"comment_status":"closed","ping_status":"closed","template":"","meta":{"footnotes":""},"class_list":["post-2240","page","type-page","status-publish","hentry","post-seq-1","post-parity-odd","meta-position-corners","fix"],"_links":{"self":[{"href":"https:\/\/people.unica.it\/centroqualita\/wp-json\/wp\/v2\/pages\/2240","targetHints":{"allow":["GET"]}}],"collection":[{"href":"https:\/\/people.unica.it\/centroqualita\/wp-json\/wp\/v2\/pages"}],"about":[{"href":"https:\/\/people.unica.it\/centroqualita\/wp-json\/wp\/v2\/types\/page"}],"author":[{"embeddable":true,"href":"https:\/\/people.unica.it\/centroqualita\/wp-json\/wp\/v2\/users\/478"}],"replies":[{"embeddable":true,"href":"https:\/\/people.unica.it\/centroqualita\/wp-json\/wp\/v2\/comments?post=2240"}],"version-history":[{"count":21,"href":"https:\/\/people.unica.it\/centroqualita\/wp-json\/wp\/v2\/pages\/2240\/revisions"}],"predecessor-version":[{"id":4182,"href":"https:\/\/people.unica.it\/centroqualita\/wp-json\/wp\/v2\/pages\/2240\/revisions\/4182"}],"wp:attachment":[{"href":"https:\/\/people.unica.it\/centroqualita\/wp-json\/wp\/v2\/media?parent=2240"}],"curies":[{"name":"wp","href":"https:\/\/api.w.org\/{rel}","templated":true}]}}