{"id":1860,"date":"2012-10-24T12:32:49","date_gmt":"2012-10-24T12:32:49","guid":{"rendered":"http:\/\/people.unica.it\/centroqualita\/?page_id=1860"},"modified":"2012-10-24T13:33:39","modified_gmt":"2012-10-24T13:33:39","slug":"progetto-certificazione-ufficio-per-gli-studenti-con-disabilita","status":"publish","type":"page","link":"https:\/\/people.unica.it\/centroqualita\/attivita\/progetti\/progetto-certificazione-ufficio-per-gli-studenti-con-disabilita\/","title":{"rendered":"Progetto Certificazione Ufficio per gli studenti con disabilit\u00e0"},"content":{"rendered":"<p>In conformit\u00e0 alla sua mission, il Centro per la Qualit\u00e0 dell\u2019Ateneo ha dato avvio\u00a0 a un progetto mirato alla Certificazione (in base alle norme ISO 9001\/2008) del servizio erogato dall\u2019Ufficio per gli studenti con disabilit\u00e0 dell\u2019Ateneo.<br \/>\nIl progetto, attualmente in corso, \u00e8 stato suddiviso nelle seguenti fasi operative:<\/p>\n<p>1)\u00a0Analisi dei processi organizzativi dell\u2019Ufficio Disabilit\u00e0<\/p>\n<p>2)\u00a0Riorganizzazione dei processi<\/p>\n<p>3)\u00a0Analisi delle pratiche in atto e dei documenti in uso<\/p>\n<p>4)\u00a0Formazione del personale sui concetti base delle norme ISO 9001<\/p>\n<p>5)\u00a0Formazione approfondita sull&#8217;applicazione della norma ISO 9001<\/p>\n<p>6)\u00a0Stesura manuale delle procedure per la Qualit\u00e0<\/p>\n<p>&nbsp;<\/p>\n<p>In questa area pubblichiamo il materiale che verr\u00e0 presentato nel corso dello svolgimento del progetto.<\/p>\n<p>&nbsp;<\/p>\n<p>I materiali, file, power point, documenti, potranno essere scaricati e utilizzati per ulteriori approfondimenti.<\/p>\n<p>&nbsp;<\/p>\n<p>Sar\u00e0 cura della Segreteria del Centro aggiornare queste pagine.<\/p>\n<p>&nbsp;<\/p>\n<p><strong>Presentazione slide Prof. Solinas<\/strong><\/p>\n<p>&#8211; <a href=\"http:\/\/people.unica.it\/centroqualita\/files\/2012\/10\/Qualit\u00e0-nella-Universit\u00e0-lezione-del-12-luglio.pdf\">Qualit\u00e0 nella Universit\u00e0 1<\/a><\/p>\n<p>&#8211; <a href=\"http:\/\/people.unica.it\/centroqualita\/files\/2012\/10\/Qualit\u00e0-nella-Universit\u00e0.pdf\">Qualit\u00e0 nella Universit\u00e0 2<\/a><\/p>\n<p>&nbsp;<\/p>\n<p><strong><a href=\"http:\/\/people.unica.it\/centroqualita\/files\/2012\/10\/Contenuto-Incontro-1306012.pdf\">Presentazione slide Ing. Antonini<\/a><\/strong><\/p>\n<p><!--  Text: [end] --><!--  CONTENT ELEMENT, uid:337\/text [end] --><\/p>\n","protected":false},"excerpt":{"rendered":"<p>In conformit\u00e0 alla sua mission, il Centro per la Qualit\u00e0 dell\u2019Ateneo ha dato avvio\u00a0 a un progetto mirato alla Certificazione (in base alle norme ISO 9001\/2008) del servizio erogato dall\u2019Ufficio per gli studenti con disabilit\u00e0 dell\u2019Ateneo. Il progetto, attualmente in corso, \u00e8 stato suddiviso nelle seguenti fasi operative: 1)\u00a0Analisi dei processi organizzativi dell\u2019Ufficio Disabilit\u00e0 2)\u00a0Riorganizzazione dei processi 3)\u00a0Analisi delle pratiche in atto e dei documenti in uso 4)\u00a0Formazione del personale sui concetti base delle norme ISO 9001 5)\u00a0Formazione approfondita sull&#8217;applicazione della norma ISO 9001 6)\u00a0Stesura manuale delle procedure per la Qualit\u00e0 &nbsp; In questa area pubblichiamo il materiale che verr\u00e0 <a href='https:\/\/people.unica.it\/centroqualita\/attivita\/progetti\/progetto-certificazione-ufficio-per-gli-studenti-con-disabilita\/' class='excerpt-more'>[&#8230;]<\/a><\/p>\n","protected":false},"author":478,"featured_media":0,"parent":1330,"menu_order":0,"comment_status":"closed","ping_status":"closed","template":"","meta":{"footnotes":""},"class_list":["post-1860","page","type-page","status-publish","hentry","post-seq-1","post-parity-odd","meta-position-corners","fix"],"_links":{"self":[{"href":"https:\/\/people.unica.it\/centroqualita\/wp-json\/wp\/v2\/pages\/1860","targetHints":{"allow":["GET"]}}],"collection":[{"href":"https:\/\/people.unica.it\/centroqualita\/wp-json\/wp\/v2\/pages"}],"about":[{"href":"https:\/\/people.unica.it\/centroqualita\/wp-json\/wp\/v2\/types\/page"}],"author":[{"embeddable":true,"href":"https:\/\/people.unica.it\/centroqualita\/wp-json\/wp\/v2\/users\/478"}],"replies":[{"embeddable":true,"href":"https:\/\/people.unica.it\/centroqualita\/wp-json\/wp\/v2\/comments?post=1860"}],"version-history":[{"count":7,"href":"https:\/\/people.unica.it\/centroqualita\/wp-json\/wp\/v2\/pages\/1860\/revisions"}],"predecessor-version":[{"id":1876,"href":"https:\/\/people.unica.it\/centroqualita\/wp-json\/wp\/v2\/pages\/1860\/revisions\/1876"}],"up":[{"embeddable":true,"href":"https:\/\/people.unica.it\/centroqualita\/wp-json\/wp\/v2\/pages\/1330"}],"wp:attachment":[{"href":"https:\/\/people.unica.it\/centroqualita\/wp-json\/wp\/v2\/media?parent=1860"}],"curies":[{"name":"wp","href":"https:\/\/api.w.org\/{rel}","templated":true}]}}