{"id":1699,"date":"2012-10-19T10:46:47","date_gmt":"2012-10-19T10:46:47","guid":{"rendered":"http:\/\/people.unica.it\/centroqualita\/?page_id=1699"},"modified":"2012-12-07T10:22:45","modified_gmt":"2012-12-07T10:22:45","slug":"corso-di-formazione-per-i-rappresentanti-del-sistema-socio-economico-della-sardegna","status":"publish","type":"page","link":"https:\/\/people.unica.it\/centroqualita\/attivita\/attivita-formative\/corsi-di-formazione\/corso-di-formazione-per-i-rappresentanti-del-sistema-socio-economico-della-sardegna\/","title":{"rendered":"Corso di formazione per i rappresentanti del Sistema Socio Economico della Sardegna"},"content":{"rendered":"<p style=\"text-align: justify\">Dal 14 maggio 2012 prender\u00e0 avvio il corso di formazione per i Rappresentanti del Sistema Socio-Economico della Sardegna.\u00a0Il Corso, di circa 40 ore, destinato alle professionalit\u00e0 provenienti dal Sistema Socio-Economico, si pone come finalit\u00e0 l&#8217;acquisizione delle competenze necessarie per collaborare con il Sistema Universitario nella programmazione, gestione e valutazione delle tre attivit\u00e0 istituzionali dell\u2019Universit\u00e0: didattica, ricerca, servizi amministrativi.<\/p>\n<p style=\"text-align: justify\">Il percorso prevede di migliorare le conoscenze dei Portatori di Interesse sulla nuova organizzazione della governance dell\u2019Ateneo, sui processi formativi e sulle risposte che la ricerca pu\u00f2 mettere a disposizione del territorio.\u00a0Nel contempo verranno evidenziate le esigenze ed i bisogni di cui sono portatori i partecipanti perch\u00e9 diventino linee guida per l\u2019Ateneo.\u00a0Infine i corsisti saranno introdotti alla valutazione del sistema Universit\u00e0 (come auditor interni) per verificare la sua performance e l\u2019efficacia delle attivit\u00e0 svolte.<\/p>\n<p style=\"text-align: justify\">Si tratta di un&#8217;iniziativa innovativa i cui risultati rappresenteranno un ulteriore passo in avanti nel rapporto tra Universit\u00e0 e Territorio oltre che un pi\u00f9 efficace percorso verso la Qualit\u00e0.\u00a0Tra gli enti che hanno aderito: Provincia,\u00a0SFIRS S.p.A., SARAS, Inps, Banca di Credito Sardo, Trenitalia S.p.A, ARST S.p.A., INAF &#8211; Osservatorio Astronomico di Cagliari, Istituto Tecnico Commerciale &#8220;Pietro Martini&#8221;, MATRICA S.p.A., Ordine dei Medici,\u00a0Ordine degli Ingegneri, Ordine degli Psicologi, Confindustria Sardegna Meridionale, Confartigianato, Camera di Commercio, ADOC, Associazione Nazion. Famiglie Numerose Coord. Prov.le di CA.,\u00a0Cgil,\u00a0Uil.<\/p>\n<p style=\"text-align: justify\">Il corso si concluder\u00e0 entro giugno 2012.<\/p>\n<p style=\"text-align: justify\">Articoli correlati:<\/p>\n<p style=\"text-align: justify\"><a href=\"http:\/\/www.unica.it\/pub\/7\/show.jsp?id=20903&amp;iso=96&amp;is=7\">Consegna attestati<\/a><\/p>\n<p><a href=\"http:\/\/www.unitelsardegna.it\/corso-auditor\">Corso per auditor<\/a><\/p>\n<p><a href=\"http:\/\/people.unica.it\/centroqualita\/files\/2012\/10\/AI-Magnifico-Rettore.pdf\">Lettera inviata dall&#8217;Ordine degli Ingegneri\u00a0<\/a><\/p>\n<p><a title=\"Foto del corso\" href=\"http:\/\/people.unica.it\/centroqualita\/foto-del-corso\/\">Le foto del corso<\/a><\/p>\n<p><a href=\"http:\/\/people.unica.it\/centroqualita\/files\/2012\/10\/programma-del-corso.zip\">Programma del corso<\/a><\/p>\n<p><a title=\"Materiale didattico\" href=\"http:\/\/people.unica.it\/centroqualita\/attivita\/attivita-formative\/corsi-di-formazione\/corso-di-formazione-per-i-rappresentanti-del-sistema-socio-economico-della-sardegna\/materiale-didattico\/\">I materiali del corso<\/a><\/p>\n","protected":false},"excerpt":{"rendered":"<p>Dal 14 maggio 2012 prender\u00e0 avvio il corso di formazione per i Rappresentanti del Sistema Socio-Economico della Sardegna.\u00a0Il Corso, di circa 40 ore, destinato alle professionalit\u00e0 provenienti dal Sistema Socio-Economico, si pone come finalit\u00e0 l&#8217;acquisizione delle competenze necessarie per collaborare con il Sistema Universitario nella programmazione, gestione e valutazione delle tre attivit\u00e0 istituzionali dell\u2019Universit\u00e0: didattica, ricerca, servizi amministrativi. Il percorso prevede di migliorare le conoscenze dei Portatori di Interesse sulla nuova organizzazione della governance dell\u2019Ateneo, sui processi formativi e sulle risposte che la ricerca pu\u00f2 mettere a disposizione del territorio.\u00a0Nel contempo verranno evidenziate le esigenze ed i bisogni di cui <a href='https:\/\/people.unica.it\/centroqualita\/attivita\/attivita-formative\/corsi-di-formazione\/corso-di-formazione-per-i-rappresentanti-del-sistema-socio-economico-della-sardegna\/' class='excerpt-more'>[&#8230;]<\/a><\/p>\n","protected":false},"author":669,"featured_media":0,"parent":1417,"menu_order":0,"comment_status":"closed","ping_status":"closed","template":"","meta":{"footnotes":""},"class_list":["post-1699","page","type-page","status-publish","hentry","post-seq-1","post-parity-odd","meta-position-corners","fix"],"_links":{"self":[{"href":"https:\/\/people.unica.it\/centroqualita\/wp-json\/wp\/v2\/pages\/1699","targetHints":{"allow":["GET"]}}],"collection":[{"href":"https:\/\/people.unica.it\/centroqualita\/wp-json\/wp\/v2\/pages"}],"about":[{"href":"https:\/\/people.unica.it\/centroqualita\/wp-json\/wp\/v2\/types\/page"}],"author":[{"embeddable":true,"href":"https:\/\/people.unica.it\/centroqualita\/wp-json\/wp\/v2\/users\/669"}],"replies":[{"embeddable":true,"href":"https:\/\/people.unica.it\/centroqualita\/wp-json\/wp\/v2\/comments?post=1699"}],"version-history":[{"count":11,"href":"https:\/\/people.unica.it\/centroqualita\/wp-json\/wp\/v2\/pages\/1699\/revisions"}],"predecessor-version":[{"id":1701,"href":"https:\/\/people.unica.it\/centroqualita\/wp-json\/wp\/v2\/pages\/1699\/revisions\/1701"}],"up":[{"embeddable":true,"href":"https:\/\/people.unica.it\/centroqualita\/wp-json\/wp\/v2\/pages\/1417"}],"wp:attachment":[{"href":"https:\/\/people.unica.it\/centroqualita\/wp-json\/wp\/v2\/media?parent=1699"}],"curies":[{"name":"wp","href":"https:\/\/api.w.org\/{rel}","templated":true}]}}