{"id":1339,"date":"2012-10-11T09:41:32","date_gmt":"2012-10-11T09:41:32","guid":{"rendered":"http:\/\/people.unica.it\/centroqualita\/?page_id=1339"},"modified":"2012-10-16T09:31:52","modified_gmt":"2012-10-16T09:31:52","slug":"laboratorio-caf-universita","status":"publish","type":"page","link":"https:\/\/people.unica.it\/centroqualita\/attivita\/progetti\/laboratorio-caf-universita\/","title":{"rendered":"Laboratorio CAF &#8211; Universit\u00e0"},"content":{"rendered":"<p>L&#8217;Universit\u00e0 di Cagliari partecipa, insieme ad altri 37 Atenei italiani, al Laboratorio CAF-Universit\u00e0, promosso dalla Fondazione CRUI, dal Dipartimento Funzione Pubblica e dal Miur.<\/p>\n<p>&nbsp;<\/p>\n<p>Documenti correlati:<\/p>\n<p><a title=\"Initiates file download\" href=\"http:\/\/people.unica.it\/centroqualita\/files\/2012\/10\/Schem_RAV__07_REV1.pdf\" target=\"_blank\">RAV-CAF CIVIT (bozza aggiornata al 23.08.2012)<\/a><\/p>\n<p><span style=\"color: #ff6600;\"><span style=\"color: #ff6600;\"><a href=\"http:\/\/people.unica.it\/centroqualita\/files\/2012\/10\/Comunicazione_Laboratorio_CAF.pdf\" target=\"_blank\">La comunicazione del Rettore e del Direttore Amministrativo<\/a><\/span><\/span><\/p>\n<p><span style=\"color: #ff6600;\"><span style=\"color: #ff6600;\"><a href=\"http:\/\/people.unica.it\/centroqualita\/files\/2012\/10\/CAF_Universita.pdf\" target=\"_blank\">Modello CAF Universit\u00e0<\/a><\/span><\/span><\/p>\n<p><a title=\"Il Modello CAF: dall\u2019autovalutazione al miglioramento\" href=\"http:\/\/people.unica.it\/centroqualita\/attivita\/attivita-formative\/corsi-di-formazione\/il-modello-caf-dallautovalutazione-al-miglioramento\/\">\u201cIl Modello CAF: dall\u2019autovalutazione al miglioramento\u201d,\u00a023 \u2013 25 settembre 2010<\/a><\/p>\n<p><a title=\"Initiates file download\" href=\"http:\/\/people.unica.it\/centroqualita\/files\/2012\/10\/Glossario_CAF_Universita.pdf\" target=\"_blank\">Glossario\u00a0CAF Universit\u00e0<\/a><\/p>\n","protected":false},"excerpt":{"rendered":"<p>L&#8217;Universit\u00e0 di Cagliari partecipa, insieme ad altri 37 Atenei italiani, al Laboratorio CAF-Universit\u00e0, promosso dalla Fondazione CRUI, dal Dipartimento Funzione Pubblica e dal Miur. &nbsp; Documenti correlati: RAV-CAF CIVIT (bozza aggiornata al 23.08.2012) La comunicazione del Rettore e del Direttore Amministrativo Modello CAF Universit\u00e0 \u201cIl Modello CAF: dall\u2019autovalutazione al miglioramento\u201d,\u00a023 \u2013 25 settembre 2010 Glossario\u00a0CAF Universit\u00e0<\/p>\n","protected":false},"author":478,"featured_media":0,"parent":1330,"menu_order":0,"comment_status":"closed","ping_status":"closed","template":"","meta":{"footnotes":""},"class_list":["post-1339","page","type-page","status-publish","hentry","post-seq-1","post-parity-odd","meta-position-corners","fix"],"_links":{"self":[{"href":"https:\/\/people.unica.it\/centroqualita\/wp-json\/wp\/v2\/pages\/1339","targetHints":{"allow":["GET"]}}],"collection":[{"href":"https:\/\/people.unica.it\/centroqualita\/wp-json\/wp\/v2\/pages"}],"about":[{"href":"https:\/\/people.unica.it\/centroqualita\/wp-json\/wp\/v2\/types\/page"}],"author":[{"embeddable":true,"href":"https:\/\/people.unica.it\/centroqualita\/wp-json\/wp\/v2\/users\/478"}],"replies":[{"embeddable":true,"href":"https:\/\/people.unica.it\/centroqualita\/wp-json\/wp\/v2\/comments?post=1339"}],"version-history":[{"count":16,"href":"https:\/\/people.unica.it\/centroqualita\/wp-json\/wp\/v2\/pages\/1339\/revisions"}],"predecessor-version":[{"id":1341,"href":"https:\/\/people.unica.it\/centroqualita\/wp-json\/wp\/v2\/pages\/1339\/revisions\/1341"}],"up":[{"embeddable":true,"href":"https:\/\/people.unica.it\/centroqualita\/wp-json\/wp\/v2\/pages\/1330"}],"wp:attachment":[{"href":"https:\/\/people.unica.it\/centroqualita\/wp-json\/wp\/v2\/media?parent=1339"}],"curies":[{"name":"wp","href":"https:\/\/api.w.org\/{rel}","templated":true}]}}