{"id":1113,"date":"2012-10-02T09:19:05","date_gmt":"2012-10-02T09:19:05","guid":{"rendered":"http:\/\/people.unica.it\/centroqualita\/?page_id=1113"},"modified":"2016-02-11T09:55:04","modified_gmt":"2016-02-11T09:55:04","slug":"il-direttore","status":"publish","type":"page","link":"https:\/\/people.unica.it\/centroqualita\/organi\/organi\/il-direttore\/","title":{"rendered":"Il Direttore"},"content":{"rendered":"<p style=\"text-align: justify\">Il Direttore del Centro \u00e8 un esperto sulla Gestione della Qualit\u00e0 scelto, di norma, tra i docenti dell&#8217;Ateneo, \u00a0nominato dal Senato Accademico su proposta del Rettore secondo criteri di specifica, adeguata e documentata competenza. Dura in carica tre anni e pu\u00f2 essere riconfermato. Il Direttore fa parte, di diritto, del Consiglio.<\/p>\n<p>&nbsp;<\/p>\n<p style=\"text-align: justify\"><strong><span style=\"color: #1c345a\">Compiti del Direttore<\/span><\/strong><br \/>\nIl Direttore, vigila sull&#8217;osservanza delle leggi, dello Statuto e dei Regolamenti dell&#8217;Ateneo, sovrintende alle attivit\u00e0 del Centro e in caso di urgenza, pu\u00f2 adottare delibere di competenza del Consiglio da sottoporre a ratifica dello stesso nella prima adunanza successiva.<\/p>\n<p style=\"text-align: justify\">In particolare, il Direttore:<br \/>\na) coordina l&#8217;attivit\u00e0 della Segreteria;<br \/>\nb) in coerenza con le indicazioni del Senato Accademico, predispone il Piano Triennale delle Attivit\u00e0 e quello Operativo Annuale;<br \/>\nc) predispone il Piano di Utilizzazione dei Fondi;<br \/>\nd) predispone la relazione annuale sui risultati conseguiti, corredata della relativa documentazione e, dopo l&#8217;approvazione da parte del Consiglio, la trasmette al Senato Accademico e al Consiglio di Amministrazione che la esaminano e formulano osservazioni;<br \/>\ne) stipula, nel rispetto dei regolamenti di ateneo e nell&#8217;ambito delle finalit\u00e0 e dei compiti del Centro di cui all&#8217;art. 2 del regolamento e secondo i piani di attivit\u00e0 e le disponibilit\u00e0 finanziarie, contratti e convenzioni, necessari al funzionamento del Centro o ad una migliore realizzazione delle sue finalit\u00e0 istituzionali, con i Dipartimenti e con altri Enti pubblici e privati;<br \/>\nf) ordina attrezzature, strumenti, lavori, materiale, anche bibliografico, e quanto serve per il buon funzionamento del Centro, nel rispetto delle decisioni del Consiglio e dispone il pagamento delle relative fatture;<\/p>\n<p style=\"text-align: justify\">g) verifica l&#8217;esecuzione di contratti e convenzioni stipulati dal Centro e l&#8217;adempimento di servizi e forniture da parte di terzi;<br \/>\nh) dispone in ordine all&#8217;utilizzazione delle attrezzature in dotazione al Centro.<\/p>\n<p>_____________________<\/p>\n<p><a href=\"http:\/\/people.unica.it\/centroqualita\/contatti\/\">Contatti<\/a><\/p>\n<p>&nbsp;<\/p>\n","protected":false},"excerpt":{"rendered":"<p>Il Direttore del Centro \u00e8 un esperto sulla Gestione della Qualit\u00e0 scelto, di norma, tra i docenti dell&#8217;Ateneo, \u00a0nominato dal Senato Accademico su proposta del Rettore secondo criteri di specifica, adeguata e documentata competenza. Dura in carica tre anni e pu\u00f2 essere riconfermato. Il Direttore fa parte, di diritto, del Consiglio. &nbsp; Compiti del Direttore Il Direttore, vigila sull&#8217;osservanza delle leggi, dello Statuto e dei Regolamenti dell&#8217;Ateneo, sovrintende alle attivit\u00e0 del Centro e in caso di urgenza, pu\u00f2 adottare delibere di competenza del Consiglio da sottoporre a ratifica dello stesso nella prima adunanza successiva. In particolare, il Direttore: a) coordina <a href='https:\/\/people.unica.it\/centroqualita\/organi\/organi\/il-direttore\/' class='excerpt-more'>[&#8230;]<\/a><\/p>\n","protected":false},"author":478,"featured_media":0,"parent":2657,"menu_order":0,"comment_status":"closed","ping_status":"closed","template":"","meta":{"footnotes":""},"class_list":["post-1113","page","type-page","status-publish","hentry","post-seq-1","post-parity-odd","meta-position-corners","fix"],"_links":{"self":[{"href":"https:\/\/people.unica.it\/centroqualita\/wp-json\/wp\/v2\/pages\/1113","targetHints":{"allow":["GET"]}}],"collection":[{"href":"https:\/\/people.unica.it\/centroqualita\/wp-json\/wp\/v2\/pages"}],"about":[{"href":"https:\/\/people.unica.it\/centroqualita\/wp-json\/wp\/v2\/types\/page"}],"author":[{"embeddable":true,"href":"https:\/\/people.unica.it\/centroqualita\/wp-json\/wp\/v2\/users\/478"}],"replies":[{"embeddable":true,"href":"https:\/\/people.unica.it\/centroqualita\/wp-json\/wp\/v2\/comments?post=1113"}],"version-history":[{"count":29,"href":"https:\/\/people.unica.it\/centroqualita\/wp-json\/wp\/v2\/pages\/1113\/revisions"}],"predecessor-version":[{"id":4149,"href":"https:\/\/people.unica.it\/centroqualita\/wp-json\/wp\/v2\/pages\/1113\/revisions\/4149"}],"up":[{"embeddable":true,"href":"https:\/\/people.unica.it\/centroqualita\/wp-json\/wp\/v2\/pages\/2657"}],"wp:attachment":[{"href":"https:\/\/people.unica.it\/centroqualita\/wp-json\/wp\/v2\/media?parent=1113"}],"curies":[{"name":"wp","href":"https:\/\/api.w.org\/{rel}","templated":true}]}}