{"id":865,"date":"2016-06-26T11:01:33","date_gmt":"2016-06-26T10:01:33","guid":{"rendered":"http:\/\/people.unica.it\/celcam\/?page_id=865"},"modified":"2016-06-26T11:06:17","modified_gmt":"2016-06-26T10:06:17","slug":"borse-di-studio-2","status":"publish","type":"page","link":"https:\/\/people.unica.it\/celcam\/attivita\/master-di-primo-livello-per-filmmaker\/borse-di-studio-2\/","title":{"rendered":"Borse di studio"},"content":{"rendered":"<p>Per la partecipazione al master la Regione Sardegna mette a disposizione diverse borse di studio, riservate ai corsisti nati e\/o residenti in Sardegna, in possesso di particolari requisiti di reddito e merito.<\/p>\n<p>Il requisito di merito \u00e8 fissato nel raggiungimento di un punteggio non inferiore a 50 punti nella selezione.<br \/>\nI requisiti di reddito tengono conto dei seguenti criteri:<\/p>\n<p><strong>A \u2013 Borse di studio per l\u2019abbattimento della tassa di iscrizione<\/strong><br \/>\nSono disponibili 12 borse di 1.000 o 2.000 euro in relazione alla fascia di reddito di appartenenza. La borsa da 2.000 euro \u00e8 concessa per redditi con soglia ISEE non superiore a 15.748,78 euro; la borsa di 1.000 euro \u00e8 concessa per redditi compresi fra la soglia ISEE di 15.748,79 e 20.998,37 euro.<\/p>\n<p><strong>B \u2013 Borse di studio per studenti fuori sede (sede del corso \u00e8 Cagliari)<\/strong><br \/>\nSono disponibili 7 borse di 3.000 euro riservate a studenti fuori sede con reddito ISEE non superiore a 17.472,00 euro.<br \/>\nNon si pu\u00f2 accedere alle borse di studio nel caso in cui il reddito riferito all\u2019Indicatore della situazione patrimoniale equivalente (ISPE) sia superiore a euro 35.434,78.<br \/>\nI redditi ISEE e ISPE tengono conto dei redditi e dei patrimoni del nucleo familiare di appartenenza.<br \/>\nLo status di studente indipendente, il cui nucleo familiare non tiene conto dei componenti la famiglia<br \/>\nd\u2019origine, viene riconosciuto se in possesso di entrambi i seguenti requisiti:<br \/>\na) residenza esterna all\u2019unit\u00e0 abitativa della famiglia di origine, da almeno tre mesi rispetto alla data<br \/>\ndi presentazione della domanda, in alloggio non di propriet\u00e0 di un suo membro;<br \/>\nb) redditi da lavoro dipendente o assimilati fiscalmente dichiarati, da almeno un anno, non inferiori a<br \/>\n6.500,00 euro annui con riferimento ad un nucleo familiare di una persona.<br \/>\nQualora non sussistano entrambi i requisiti sopra elencati, il nucleo familiare del richiedente \u00e8 integrato<br \/>\ncon il nucleo familiare d\u2019origine.<br \/>\nPer identificare lo status di fuori sede si fa riferimento ai criteri adottati dall\u2019ERSU di Cagliari per l\u2019anno in corso con particolare riferimento a quanto attiene il luogo di residenza e inclusa l\u2019esclusione dal beneficio per gli studenti appartenenti a nucleo familiare proprietario di immobili ad uso abitativo nella localit\u00e0 presso cui ha sede la struttura universitaria frequentata.<\/p>\n<p><strong>Le borse di tipologia A e B sono cumulabili.<\/strong><\/p>\n<p>Le borse saranno assegnate secondo l\u2019ordine di una graduatoria stilata tenendo conto del reddito ISEE. In caso di parit\u00e0 la borsa sar\u00e0 assegnata allo studente pi\u00f9 giovane.<\/p>\n","protected":false},"excerpt":{"rendered":"<p>Per la partecipazione al master la Regione Sardegna mette a disposizione diverse borse di studio, riservate ai corsisti nati e\/o residenti in Sardegna, in possesso di particolari requisiti di reddito e merito. Il requisito di merito \u00e8 fissato nel raggiungimento di un punteggio non inferiore a 50 punti nella selezione. I requisiti di reddito tengono conto dei seguenti criteri: A \u2013 Borse di studio per l\u2019abbattimento della tassa di iscrizione Sono disponibili 12 borse di 1.000 o 2.000 euro in relazione alla fascia di reddito di appartenenza. La borsa da 2.000 euro \u00e8 concessa per redditi con soglia ISEE non <a href='https:\/\/people.unica.it\/celcam\/attivita\/master-di-primo-livello-per-filmmaker\/borse-di-studio-2\/' class='excerpt-more'>[&#8230;]<\/a><\/p>\n","protected":false},"author":274,"featured_media":0,"parent":849,"menu_order":0,"comment_status":"closed","ping_status":"closed","template":"","meta":{"footnotes":""},"class_list":["post-865","page","type-page","status-publish","hentry","post-seq-1","post-parity-odd","meta-position-corners","fix"],"_links":{"self":[{"href":"https:\/\/people.unica.it\/celcam\/wp-json\/wp\/v2\/pages\/865","targetHints":{"allow":["GET"]}}],"collection":[{"href":"https:\/\/people.unica.it\/celcam\/wp-json\/wp\/v2\/pages"}],"about":[{"href":"https:\/\/people.unica.it\/celcam\/wp-json\/wp\/v2\/types\/page"}],"author":[{"embeddable":true,"href":"https:\/\/people.unica.it\/celcam\/wp-json\/wp\/v2\/users\/274"}],"replies":[{"embeddable":true,"href":"https:\/\/people.unica.it\/celcam\/wp-json\/wp\/v2\/comments?post=865"}],"version-history":[{"count":1,"href":"https:\/\/people.unica.it\/celcam\/wp-json\/wp\/v2\/pages\/865\/revisions"}],"predecessor-version":[{"id":866,"href":"https:\/\/people.unica.it\/celcam\/wp-json\/wp\/v2\/pages\/865\/revisions\/866"}],"up":[{"embeddable":true,"href":"https:\/\/people.unica.it\/celcam\/wp-json\/wp\/v2\/pages\/849"}],"wp:attachment":[{"href":"https:\/\/people.unica.it\/celcam\/wp-json\/wp\/v2\/media?parent=865"}],"curies":[{"name":"wp","href":"https:\/\/api.w.org\/{rel}","templated":true}]}}