{"id":849,"date":"2016-06-26T10:38:27","date_gmt":"2016-06-26T09:38:27","guid":{"rendered":"http:\/\/people.unica.it\/celcam\/?page_id=849"},"modified":"2016-07-31T10:16:58","modified_gmt":"2016-07-31T09:16:58","slug":"master-di-primo-livello-per-filmmaker","status":"publish","type":"page","link":"https:\/\/people.unica.it\/celcam\/attivita\/master-di-primo-livello-per-filmmaker\/","title":{"rendered":"MASTER di primo livello per FILMMAKER"},"content":{"rendered":"<p><a href=\"http:\/\/people.unica.it\/celcam\/2016\/06\/25\/master-di-primo-livello-per-filmmaker\/locandina_orizzontale\/\" rel=\"attachment wp-att-836\"><img decoding=\"async\" class=\"alignright wp-image-836\" src=\"http:\/\/people.unica.it\/celcam\/files\/2016\/06\/locandina_orizzontale-1024x625.jpg\" alt=\"locandina_orizzontale\" width=\"500\" height=\"305\" srcset=\"https:\/\/people.unica.it\/celcam\/files\/2016\/06\/locandina_orizzontale-1024x625.jpg 1024w, https:\/\/people.unica.it\/celcam\/files\/2016\/06\/locandina_orizzontale-300x183.jpg 300w, https:\/\/people.unica.it\/celcam\/files\/2016\/06\/locandina_orizzontale-768x469.jpg 768w\" sizes=\"(max-width: 500px) 100vw, 500px\" \/><\/a>Organizzato dalle universit\u00e0 di Cagliari e Sassari e sostenuto\u00a0dalla Regione Autonoma della Sardegna, parte il master universitario finalizzato alla formazione del FILMMAKER, quella figura \u201cpolitecnica\u201d con competenze di ordine tecnico e creativo capace di operare in modo versatile nei diversi ruoli del processo di realizzazione di un prodotto audiovisivo.<br \/>\nIl master, il primo di questo genere organizzato in Sardegna, inizia a Cagliari nel mese di luglio 2016 e prosegue fino a marzo 2017. Fra i docenti alcune delle figure di rilievo del giovane cinema italiano e alcuni dei migliori operatori operanti in Sardegna.<\/p>\n<p>&nbsp;<\/p>\n<p><strong>OGGETTO DELL\u2019ATTIVIT\u00c0 FORMATIVA<\/strong><\/p>\n<p>La figura del filmmaker \u00e8 andata delineandosi con l\u2019affermarsi delle tecnologie digitali e con il consolidarsi delle forme di comunicazione telematica. \u00c8 quindi a tutti gli effetti da considerare come una figura che opera all\u2019interno dell\u2019universo dei cosiddetti nuovi media, ossia quelli che usano la tecnologia digitale audiovisiva per elaborare o rielaborare prodotti per la comunicazione.<br \/>\nIl filmmaker \u00e8 una figura \u201cpolitecnica\u201d in quanto assume su di s\u00e9 una rosa di competenze di ordine tecnico e creativo che gli permettono di operare in modo versatile con forti margini di autonomia e di essere intercambiabile nei diversi ruoli del processo di realizzazione di un prodotto audiovisivo. Al limite, \u00e8 in grado di operare anche da solo per raggiungere un risultato. Quella del filmmaker \u00e8 dunque una professione agile e dinamica, capace di intervenire in ambiti disparati e senza l\u2019ausilio di strumentazione ingombrante o di troupe invadenti.<br \/>\nNella societ\u00e0 digitale, con la convergenza dei diversi media verso un unico che coniuga sempre pi\u00f9 immagine e sonoro, il filmmaker opera per la realizzazione di prodotti di natura diversa rispetto ai \u201cvecchi\u201d media cinematografici e televisivi, coniugando le loro peculiarit\u00e0 per ambiti e modalit\u00e0 di fruizione differenti. Il filmmaker non lavora per la realizzazione di lungometraggi destinati al mercato delle sale cinematografiche, anche se non \u00e8 escluso che lo possa fare o che ambisca a farlo, ma in genere realizza documentari, cortometraggi, spot, videoclip, web series da distribuire nei circuiti alternativi e soprattutto attraverso la rete. Opera per conto di enti, aziende, associazioni per realizzare prodotti audiovisivi a basso budget ed \u00e8 comunque in grado di intervenire in progetti di maggiore impegno produttivo per i circuiti pi\u00f9 tradizionali.<br \/>\nIl progetto del master si colloca nel quadro delle politiche regionali di sviluppo del settore che stanno favorendo un forte rilancio del comparto e permette di intervenire con un progetto organico di alta formazione in un territorio dove iniziative di questo tipo sono rare, quando non del tutto assenti, e inoltre permette ai partecipanti di ottenere un titolo universitario prestigioso e utile nel curriculum formativo personale.<\/p>\n<p>&nbsp;<\/p>\n<p><strong>OBIETTIVI E METODOLOGIA<\/strong><\/p>\n<p>Obiettivo del master \u00e8 dunque la formazione articolata di filmmaker capaci di operare a 360 gradi nel campo della produzione audiovisiva con autonomia gestionale e creativa. Per ottenere questi risultati il monte ore complessivo \u00e8 ripartito in modo tale da permettere nel contempo la conoscenza delle principali problematiche teoriche connesse all\u2019uso del linguaggio audiovisivo e la padronanza dei mezzi necessari a operare.<br \/>\nLe medesime discipline sono dunque declinate secondo una prospettiva teorico-metodologica, con lezioni d\u2019aula, e, secondo una prospettiva pratica, con attivit\u00e0 laboratoriali e di confronto con affermati professionisti del settore.<br \/>\nDa un punto di vista metodologico lo staff di coordinamento vanta conoscenze molto approfondite maturate in anni di ricerca sulle pratiche di formazione alle professioni del cinema in ambito nazionale e internazionale. L\u2019impostazione, con l\u2019ambizione di permettere l\u2019acquisizione di competenze con un approccio problematico, coniuga le attivit\u00e0 pratiche con la salda preparazione teorica che si addice a un corso post lauream. L\u2019attivit\u00e0 formativa si svolge dunque attraverso lezioni d\u2019aula a cui seguono attivit\u00e0 laboratoriali di applicazione di quanto trattato. Il tutto verr\u00e0 consolidato con attivit\u00e0 di autoapprendimento supportate dal sostegno di tutor esperti di settore che seguiranno gli allievi nella realizzazione dei loro lavori svolti a livello individuale e di gruppo.<\/p>\n<p>&nbsp;<\/p>\n<p><strong>STRUTTURE ORGANIZZATIVE<\/strong><\/p>\n<p>Il master interateneo \u00e8 proposto congiuntamente dal Dipartimento di Storia, Beni culturali e Territorio dell\u2019Universit\u00e0 di Cagliari (referente amministrativo e didattico) e dal Dipartimento di Scienze Umanistiche e Sociali dell\u2019Universit\u00e0 di Sassari con il contributo economico della Regione Sardegna, Assessorato della Pubblica istruzione, Beni culturali, Informazione, Spettacolo\u00a0e Sport.<br \/>\nLa direzione e il coordinamento sono a cura di Lucia Cardone dell\u2019Universit\u00e0 di Sassari (coordinatrice) e di Antioco Floris dell\u2019Universit\u00e0 di Cagliari (direttore).<\/p>\n<p>&nbsp;<\/p>\n<p><strong>MATERIE<\/strong><\/p>\n<p>Linguaggi audiovisivi<br \/>\nAnalisi del film<br \/>\nAntropologia visiva<br \/>\nLegislazione<br \/>\nMetodologia e pianificazione<br \/>\nSceneggiatura<br \/>\nProduzione<br \/>\nMontaggio<br \/>\nFotografia<br \/>\nMusica<br \/>\nRegia &#8211; ideazione<\/p>\n<p>Laboratorio di fonica e sonoro<br \/>\nLaboratorio di organizzazione<br \/>\nLaboratorio di produzione<br \/>\nLaboratorio di regia documentaria<br \/>\nLaboratorio di regia fiction<br \/>\nLaboratorio di ripresa<br \/>\nLaboratorio di montaggio<br \/>\nLaboratorio di sceneggiatura<\/p>\n<p>&nbsp;<\/p>\n<p><strong>DOCENTI <\/strong>[<strong><span style=\"color: #0000ff\"><a style=\"color: #0000ff\" href=\"http:\/\/people.unica.it\/celcam\/attivita\/master-di-primo-livello-per-filmmaker\/docenti\/\" target=\"_blank\">vedi il curriculum dei docenti<\/a><\/span><\/strong>]<\/p>\n<p>Master class<\/p>\n<p style=\"padding-left: 60px\">Daniele Cipr\u00ec<br \/>\nFrancesco Munzi<br \/>\nIlaria Fraioli<br \/>\nMaria Teresa Soldani<br \/>\nMarina Spada<br \/>\nMichelangelo Frammartino<br \/>\nSalvatore Mereu<\/p>\n<p>Docenti d\u2019aula<\/p>\n<p style=\"padding-left: 60px\">Alessandra Lischi<br \/>\nAntioco Floris<br \/>\nDaniele Maggioni<br \/>\nDavid Bruni<br \/>\nElisabetta Loffredo<br \/>\nElisabetta Soddu<br \/>\nFelice Tiragallo<br \/>\nLucia Cardone<br \/>\nMariapia Comand<br \/>\nNevina Satta<\/p>\n<p>Docenti di laboratorio<\/p>\n<p style=\"padding-left: 60px\">Andrea Lotta<br \/>\nAntonia Iaccarino<br \/>\nCorrado Serri<br \/>\nEnrico Pau<br \/>\nMarco Antonio Pani<br \/>\nPaolo Carboni<br \/>\nPier Giuseppe Fancellu<br \/>\nRoberta Aloisio<br \/>\nSimone Contu<\/p>\n<p>&nbsp;<\/p>\n<p><strong>LABORATORIO MULTIMEDIALE<\/strong><\/p>\n<p>Per tutta la durata del Master gli iscritti hanno la possibilit\u00e0 di utilizzare anche\u00a0al di fuori dell&#8217;orario didattico\u00a0il laboratorio multimediale dotato di telecamere, postazioni di montaggio digitale, strumenti di registrazione audio, luci ecc.<\/p>\n<p>&nbsp;<\/p>\n<p><strong>STAGE E TIROCINIO<\/strong><\/p>\n<p>L\u2019attivit\u00e0 di applicazione delle competenze a contesti professionali, dato lo specifico carattere della figura professionale, si svolge in diversi modi:<br \/>\n&#8211; attivit\u00e0 di stage in cui gli allievi, divisi in piccoli gruppi, parteciperanno al processo di realizzazione di un prodotto audiovisivo in tutte le sue fasi all\u2019interno di una struttura professionale;<br \/>\n&#8211; attivit\u00e0 di tirocinio in azienda;<br \/>\n&#8211; attivit\u00e0 di autoformazione in cui gli allievi lavorano individualmente e per piccoli gruppi alla realizzazione di prodotti audiovisivi con la supervisione di tutor esperti di settore.<\/p>\n<p>&nbsp;<\/p>\n<p><strong>PROVA FINALE<\/strong><\/p>\n<p>La prova finale si basa sulla presentazione e discussione di un prodotto audiovisivo realizzato a cura del singolo allievo con il contributo di un gruppo di colleghi al fine di valutare la capacit\u00e0 di elaborare un preciso prodotto e di coordinare risorse umane in vista di un risultato comunicativo.<\/p>\n<p>&nbsp;<\/p>\n<p><strong>TITOLO DI STUDIO CONSEGUITO<\/strong><\/p>\n<p>Alla fine del corso, agli iscritti che avranno superato con esito positivo la prova prevista, verr\u00e0 rilasciato dai Rettori delle universit\u00e0 di Cagliari e di Sassari il titolo congiunto di Master di I livello in Filmmaker.<\/p>\n<p>&nbsp;<\/p>\n<p><strong>TASSE E CONTRIBUTI<\/strong><\/p>\n<p>La tassa di iscrizione \u00e8 fissata in 3.000 euro da pagare secondo le seguenti modalit\u00e0:<br \/>\n&#8211; prima rata \u20ac 1.000,00 + \u20ac 16,00 (imposta di bollo) all\u2019atto dell\u2019immatricolazione<br \/>\n&#8211; seconda rata \u20ac 1.000,00 entro il 30.11.2016<br \/>\n&#8211; terza rata \u20ac 1.000,00 entro il 13.12.2016<\/p>\n<p>(La rateizzazione della tassa di iscrizione costituisce un\u2019agevolazione per lo studente, che si impegna a<br \/>\nversare all\u2019Universit\u00e0 degli Studi di Cagliari l\u2019intero importo di \u20ac 3.000,00 anche nell\u2019ipotesi di rinuncia o\u00a0non conclusione del master)<\/p>\n<p>Gli studenti beneficiari di borse di studio per la riduzione della tassa di iscrizione dovranno versare la prima rata e, a secondo della tipologia di borsa, anche la seconda.<\/p>\n<p>La tassa di partecipazione per gli uditori \u00e8 fissata in euro 2.000.<\/p>\n<p>&nbsp;<\/p>\n<p><strong>BORSE DI STUDIO<\/strong><\/p>\n<p>Per la partecipazione al master la Regione Sardegna mette a disposizione diverse borse di studio, riservate ai corsisti nati e\/o residenti in Sardegna, in possesso di particolari requisiti di reddito e merito:<br \/>\nA \u2013 12 borse di studio per l\u2019abbattimento della tassa di iscrizione<br \/>\nB \u2013 7 borse di studio per studenti fuori sede<br \/>\n[<strong><span style=\"color: #0000ff\"><a style=\"color: #0000ff\" href=\"http:\/\/people.unica.it\/celcam\/borse-di-studio-2\/\" target=\"_blank\">APPROFONDISCI<\/a><\/span><\/strong>]<\/p>\n<p>&nbsp;<\/p>\n<p><strong>DURATA E SEDE<\/strong><\/p>\n<p>La durata del master \u00e8 di 8 mesi<br \/>\nSede principale dell\u2019attivit\u00e0 formativa \u00e8 la Facolt\u00e0 di Studi umanistici dell\u2019Universit\u00e0 di Cagliari, in particolare il laboratorio di cinema e multimedialit\u00e0 \u201cVittorio De Seta\u201d. Altre attivit\u00e0 si svolgeranno presso l\u2019Universit\u00e0 di Sassari e in sedi dislocate nel territorio da individuare in relazione alle specifiche esigenze operative dei singoli docenti.<\/p>\n<p>&nbsp;<\/p>\n<p><strong>MODALIT\u00c0 DI FREQUENZA E ARTICOLAZIONE DELL&#8217;ORARIO<\/strong><\/p>\n<p>Il piano formativo prevede la frequenza a tempo pieno di almeno l\u201980% delle attivit\u00e0 didattiche. Il mancato raggiungimento di tale percentuale di partecipazione comporta il non conseguimento del titolo.<\/p>\n<p>L\u2019impegno medio \u00e8 di 20 ore settimanali articolate in cinque giornate, con possibilit\u00e0 di riduzione o aumento in relazione alle esigenze didattiche. L&#8217;attivit\u00e0 di norma si svolge dal luned\u00ec al venerd\u00ec la mattina, ma occasionalmente possono esserci lezioni il sabato e il pomeriggio. In occasione del lavoro sul set le attivit\u00e0 formative occuperanno tutta la giornata anche per una settimana intera.<\/p>\n<p>&nbsp;<\/p>\n<p><strong>ISCRITTI<\/strong><\/p>\n<p>La partecipazione al master \u00e8 stabilita in un minimo di 17 allievi e in una massimo di 21. A questi possono aggiungersi degli uditori nella misura di 2 (nel caso di 17 iscritti) o di 3 (nel caso di 21 iscritti) privi di laurea ma in possesso di diploma di istruzione superiore.<\/p>\n<p>&nbsp;<\/p>\n<p><strong>TITOLI RICHIESTI PER L\u2019AMMISSIONE<\/strong><\/p>\n<p>Per l\u2019ammissione al master \u00e8 richiesta la laurea triennale ex D.M. n. 270\/2004 o altra laurea conseguita ai sensi degli ordinamenti didattici previgenti. Non \u00e8 prevista alcuna limitazione in riferimento alle classi di laurea.<br \/>\nPer la partecipazione in qualit\u00e0 di uditori \u00e8 richiesto il possesso del diploma di istruzione superiore.<\/p>\n<p>&nbsp;<\/p>\n<p><strong>SELEZIONI<\/strong><\/p>\n<p>A &#8211; Allievi<br \/>\nLa selezione sar\u00e0 effettuata sulla base della valutazione dei titoli e di un colloquio teso a rilevare le conoscenze di base e le motivazioni dei candidati. La prova di ammissione \u00e8 obbligatoria.<br \/>\nB \u2013 Uditori<br \/>\nLa selezione sar\u00e0 effettuata sulla base della valutazione dei titoli e di un colloquio teso a rilevare le conoscenze di base e le motivazioni dei candidati. La prova di ammissione \u00e8 obbligatoria.<br \/>\n[<span style=\"color: #0000ff\"><strong><a style=\"color: #0000ff\" href=\"http:\/\/people.unica.it\/celcam\/attivita\/master-di-primo-livello-per-filmmaker\/selezioni\/\" target=\"_blank\">APPROFONDISCI<\/a><\/strong><\/span>]<\/p>\n<p>&nbsp;<\/p>\n<p><span style=\"color: #0000ff\"><strong>Per consultare il BANDO di selezione <a style=\"color: #0000ff\" href=\"http:\/\/www.unica.it\/UserFiles\/File\/Utenti\/a_cadon1\/Master%20UniCa\/Master%202015-2016\/Bando%20master%20Filmmaker.pdf\">clicca qua<\/a><\/strong><\/span><\/p>\n<p><span style=\"color: #0000ff\"><strong>Per le iscrizioni on line <a style=\"color: #0000ff\" href=\"http:\/\/www.unica.it\/UserFiles\/File\/Utenti\/a_cadon1\/Master%20UniCa\/Iscrizione%20concorso%20Master_Istruzioni.pdf\">clicca qua<\/a><\/strong><\/span><\/p>\n<p>&nbsp;<\/p>\n<p><span style=\"color: #ff0000\"><strong>SE SEI INTERESSATO\/A AD AVERE INFORMAZIONI SULLA PUBBLICAZIONE DEL BANDO\u00a0E\u00a0SU ASPETTI ORGANIZZATIVI O SE VUOI PARLARE CON UN RESPONSABILE COMPILA QUESTO MODULO<\/strong><\/span><\/p>\n\n\t\t<div id=\"usermessage8a\" class=\"cf_info \"><\/div>\n\t\t<form enctype=\"multipart\/form-data\" action=\"\/celcam\/wp-json\/wp\/v2\/pages\/849#usermessage8a\" method=\"post\" class=\"cform\" id=\"cforms8form\">\n\t\t<ol class=\"cf-ol\">\n\t\t\t<li id=\"li-8-1\"><label for=\"cf8_field_1\"><span>Nome e cognome<\/span><\/label><input type=\"text\" name=\"cf8_field_1\" id=\"cf8_field_1\" class=\"single fldrequired\" value=\"\"\/><span class=\"reqtxt\">(required)<\/span><\/li>\n\t\t\t<li id=\"li-8-2\"><label for=\"cf8_field_2\"><span>Data di nascita<\/span><\/label><input type=\"text\" name=\"cf8_field_2\" id=\"cf8_field_2\" class=\"single fldrequired\" value=\"\"\/><span class=\"reqtxt\">(required)<\/span><\/li>\n\t\t\t<li id=\"li-8-3\"><label for=\"cf8_field_3\"><span>Luogo di residenza<\/span><\/label><input type=\"text\" name=\"cf8_field_3\" id=\"cf8_field_3\" class=\"single fldrequired\" value=\"\"\/><span class=\"reqtxt\">(required)<\/span><\/li>\n\t\t\t<li id=\"li-8-4\"><label for=\"cf8_field_4\"><span>Titolo di studio<\/span><\/label><input type=\"text\" name=\"cf8_field_4\" id=\"cf8_field_4\" class=\"single fldrequired\" value=\"\"\/><span class=\"reqtxt\">(required)<\/span><\/li>\n\t\t\t<li id=\"li-8-5\"><label for=\"cf8_field_5\"><span>Cellulare<\/span><\/label><input type=\"text\" name=\"cf8_field_5\" id=\"cf8_field_5\" class=\"single\" value=\"\"\/><\/li>\n\t\t\t<li id=\"li-8-6\"><label for=\"cf8_field_6\"><span>email<\/span><\/label><input type=\"text\" name=\"cf8_field_6\" id=\"cf8_field_6\" class=\"single fldemail\" value=\"\"\/><span class=\"emailreqtxt\">(valid email required)<\/span><\/li>\n\t\t\t<li id=\"li-8-7\"><label for=\"cf8_field_7\"><span>Messaggio<\/span><\/label><textarea cols=\"30\" rows=\"8\" name=\"cf8_field_7\" id=\"cf8_field_7\" class=\"area fldrequired\"><\/textarea><span class=\"reqtxt\">(required)<\/span><\/li>\n\t\t\t<li id=\"li-8-8\" class=\"textonly\">Nell'inviare il presente modulo dichiaro di essere informato di quanto   previsto dal Decreto Legislativo 30 giugno 2003, n. 196 (\"Codice in   materia di protezione dei dati personali\"), e di essere consapevole   che i dati personali raccolti saranno trattati, anche con strumenti   informatici, nell'ambito del procedimento per il quale la presente   dichiarazione viene resa e per l'invio di informazioni relative alle   attivit\u00e0 istituzionali del Centro senza possibilit\u00e0 di cessione a terzi<\/li>\n\t\t<\/ol>\n\t\t<fieldset class=\"cf_hidden\">\n\t\t\t<legend>&nbsp;<\/legend>\n\t\t\t<input type=\"hidden\" name=\"cf_working8\" id=\"cf_working8\" value=\"Un%20attimo%20per%20favore...\"\/>\n\t\t\t<input type=\"hidden\" name=\"cf_failure8\" id=\"cf_failure8\" value=\"Please%20fill%20in%20all%20the%20required%20fields.\"\/>\n\t\t\t<input type=\"hidden\" name=\"cf_codeerr8\" id=\"cf_codeerr8\" value=\"Please%20double-check%20your%20verification%20code.\"\/>\n\t\t\t<input type=\"hidden\" name=\"cf_customerr8\" id=\"cf_customerr8\" value=\"yyy\"\/>\n\t\t\t<input type=\"hidden\" name=\"cf_popup8\" id=\"cf_popup8\" value=\"nn\"\/>\n\t\t<\/fieldset>\n\t\t<p class=\"cf-sb\"><input type=\"submit\" name=\"sendbutton8\" id=\"sendbutton8\" class=\"sendbutton\" value=\"Submit\"\/><\/p>\n\t\t<\/form>\n\t\t<p class=\"linklove\" id=\"ll8\"><a href=\"http:\/\/www.deliciousdays.com\/cforms-plugin\"><em>cforms<\/em> contact form by delicious:days<\/a><\/p>\n","protected":false},"excerpt":{"rendered":"<p>Organizzato dalle universit\u00e0 di Cagliari e Sassari e sostenuto\u00a0dalla Regione Autonoma della Sardegna, parte il master universitario finalizzato alla formazione del FILMMAKER, quella figura \u201cpolitecnica\u201d con competenze di ordine tecnico e creativo capace di operare in modo versatile nei diversi ruoli del processo di realizzazione di un prodotto audiovisivo. Il master, il primo di questo genere organizzato in Sardegna, inizia a Cagliari nel mese di luglio 2016 e prosegue fino a marzo 2017. Fra i docenti alcune delle figure di rilievo del giovane cinema italiano e alcuni dei migliori operatori operanti in Sardegna. &nbsp; OGGETTO DELL\u2019ATTIVIT\u00c0 FORMATIVA La figura del <a href='https:\/\/people.unica.it\/celcam\/attivita\/master-di-primo-livello-per-filmmaker\/' class='excerpt-more'>[&#8230;]<\/a><\/p>\n","protected":false},"author":274,"featured_media":0,"parent":8,"menu_order":0,"comment_status":"closed","ping_status":"closed","template":"","meta":{"footnotes":""},"class_list":["post-849","page","type-page","status-publish","hentry","post-seq-1","post-parity-odd","meta-position-corners","fix"],"_links":{"self":[{"href":"https:\/\/people.unica.it\/celcam\/wp-json\/wp\/v2\/pages\/849","targetHints":{"allow":["GET"]}}],"collection":[{"href":"https:\/\/people.unica.it\/celcam\/wp-json\/wp\/v2\/pages"}],"about":[{"href":"https:\/\/people.unica.it\/celcam\/wp-json\/wp\/v2\/types\/page"}],"author":[{"embeddable":true,"href":"https:\/\/people.unica.it\/celcam\/wp-json\/wp\/v2\/users\/274"}],"replies":[{"embeddable":true,"href":"https:\/\/people.unica.it\/celcam\/wp-json\/wp\/v2\/comments?post=849"}],"version-history":[{"count":21,"href":"https:\/\/people.unica.it\/celcam\/wp-json\/wp\/v2\/pages\/849\/revisions"}],"predecessor-version":[{"id":923,"href":"https:\/\/people.unica.it\/celcam\/wp-json\/wp\/v2\/pages\/849\/revisions\/923"}],"up":[{"embeddable":true,"href":"https:\/\/people.unica.it\/celcam\/wp-json\/wp\/v2\/pages\/8"}],"wp:attachment":[{"href":"https:\/\/people.unica.it\/celcam\/wp-json\/wp\/v2\/media?parent=849"}],"curies":[{"name":"wp","href":"https:\/\/api.w.org\/{rel}","templated":true}]}}