{"id":830,"date":"2015-12-12T16:51:52","date_gmt":"2015-12-12T15:51:52","guid":{"rendered":"http:\/\/people.unica.it\/celcam\/?page_id=830"},"modified":"2015-12-12T16:52:50","modified_gmt":"2015-12-12T15:52:50","slug":"laboratorio-di-regia-cinematografica-con-enrico-pau","status":"publish","type":"page","link":"https:\/\/people.unica.it\/celcam\/laboratorio-di-regia-cinematografica-con-enrico-pau\/","title":{"rendered":"Laboratorio di regia cinematografica con Enrico Pau"},"content":{"rendered":"<p><strong>LABORATORIO DI REGIA CINEMATOGRAFICA<\/strong><br \/>\n<strong>Corso avanzato finalizzato alla realizzazione di un cortometraggio<\/strong><\/p>\n<p>Il\u00a0<strong>CELCAM<\/strong>\u00a0dell\u2019Universit\u00e0 di Cagliari e il circolo cinematografico universitario\u00a0<strong>Notorius<\/strong>, con il contributo dell\u2019<strong>Assessorato della Pubblica istruzione della Regione Autonoma della Sardegna<\/strong>\u00a0e dell\u2019<strong>ERSU<\/strong>\u00a0di\u00a0Cagliari, promuovono un laboratorio di regia cinematografica finalizzato alla realizzazione di un film di cortometraggio.<\/p>\n<p>Il corso \u00e8 tenuto dal regista\u00a0<strong>Enrico Pau<\/strong>\u00a0e si propone di far partecipare gli allievi al processo di realizzazione di un cortometraggio cos\u00ec come viene progettato, ideato e realizzato da un regista professionista. Gli allievi parteciperanno a fianco al docente all\u2019elaborazione del soggetto e della sceneggiatura del corto, lo affiancheranno \u00a0nella scelta di attori e location ed elaboreranno il piano delle riprese. In sede di allestimento del set e di effettuazione delle riprese potranno osservare come il regista svolge il suo lavoro occupando ruoli di assistenza nell\u2019ambito della troupe.<\/p>\n<p>La parte del montaggio verr\u00e0 invece svolta fuori dall\u2019aula e gli allievi parteciperanno unicamente a momenti esemplificativi del lavoro.<br \/>\nIl laboratorio ha la durata complessiva di circa 120 ore delle quali circa 30 autogestite e le restanti cos\u00ec suddivise: un terzo \u00e8 dedicato alla elaborazione del progetto, due terzi al lavoro sul set e alla riflessione sul montaggio. La prima parte \u00e8 articolata in incontri di circa 3 ore dalle 16.00 alle 19.00 due volte la settimana nei giorni di mercoled\u00ec e venerd\u00ec dalle 16.00 alle 19.00. La seconda parte si svolger\u00e0 invece nell\u2019arco di 4 giorni consecutivi secondo le modalit\u00e0 normali di lavoro sul set con orario continuato per l\u2019intera giornata. Il giorno prima dell\u2019inizio delle riprese si lavorer\u00e0 tutta la sera per riepilogare i dettagli del lavoro dei giorni successivi. Gli allievi saranno chiamati a svolgere dei compiti a livello individuale o di gruppo nei periodi che intercorrono fra un insieme di lezioni e l\u2019altro.<br \/>\nL\u2019attivit\u00e0 \u00e8 rivolta a persone che\u00a0 abbiano gi\u00e0 delle nozioni di base acquisite con la frequenza di corsi universitari e altri laboratori o anche solo con la pratica da autodidatta.<\/p>\n<p>Docente del laboratorio \u00e8 Enrico Pau, regista di lungometraggi fra i quali l\u2019ultimo, <strong>L\u2019accabadora<\/strong>, \u00e8 attualmente in attesa di distribuzione nelle sale cinematografiche. Pau \u00e8 regista di fiction, documentari e sceneggiatore dei suoi film. Svolge inoltre attivit\u00e0 nel campo della formazione cinematografica. I suoi film sono stati presentati in numerosi festival in tutto il mondo dove hanno ottenuto riconoscimenti e apprezzamenti da parte della critica internazionale.<br \/>\nIl corso inizia venerd\u00ec 18 dicembre, prosegue luned\u00ec 21 e poi da gennaio secondo l\u2019articolazione proposta precedentemente ossia con due incontri settimanali il mercoled\u00ec e il venerd\u00ec dalle 16.00 alle 19.00.<br \/>\nAi partecipanti che ne facciano richiesta verr\u00e0 rilasciato da parte del CELCAM un attesto e verranno riconosciuti tre crediti formativi di tipo F che gli studenti potranno eventualmente far valere nel loro piano di studi nei termini stabiliti dai regolamenti dei diversi corsi di laurea.<br \/>\nL\u2019attivit\u00e0 \u00e8 aperta a un numero massimo di 16 persone e si svolge presso il laboratorio di cinema e multimedialit\u00e0 \u201cV. De Seta\u201d della Facolt\u00e0 di Studi umanistici. Qualora entro la data di scadenza delle iscrizioni il numero delle richieste di partecipazione fosse superiore ai posti disponibili si far\u00e0 una selezione in base alle informazioni fornite nel modulo di iscrizione.<\/p>\n<p><strong>Modalit\u00e0 e quota di iscrizione:<\/strong><\/p>\n<p>Le quote di iscrizione al laboratorio sono:<\/p>\n<p>\u2013 10 euro quota iscrizione associazione Notorius<\/p>\n<p>\u2013 150 euro studenti (sia universitari che di istituti superiori)<\/p>\n<p>\u2013 350 euro non studenti.<\/p>\n<p><strong>Data di scadenza delle iscrizioni: 17 dicembre 2015<\/strong><\/p>\n<p>&nbsp;<\/p>\n<p>ISCRIZIONI<br \/>\n(Gli ammessi riceveranno indicazioni per l\u2019iscrizione all\u2019associazione e per il pagamento della quota)<\/p>\n\n\t\t<div id=\"usermessage4a\" class=\"cf_info \"><\/div><strong>No more submissions accepted at this time.<\/strong>\n","protected":false},"excerpt":{"rendered":"<p>LABORATORIO DI REGIA CINEMATOGRAFICA Corso avanzato finalizzato alla realizzazione di un cortometraggio Il\u00a0CELCAM\u00a0dell\u2019Universit\u00e0 di Cagliari e il circolo cinematografico universitario\u00a0Notorius, con il contributo dell\u2019Assessorato della Pubblica istruzione della Regione Autonoma della Sardegna\u00a0e dell\u2019ERSU\u00a0di\u00a0Cagliari, promuovono un laboratorio di regia cinematografica finalizzato alla realizzazione di un film di cortometraggio. Il corso \u00e8 tenuto dal regista\u00a0Enrico Pau\u00a0e si propone di far partecipare gli allievi al processo di realizzazione di un cortometraggio cos\u00ec come viene progettato, ideato e realizzato da un regista professionista. Gli allievi parteciperanno a fianco al docente all\u2019elaborazione del soggetto e della sceneggiatura del corto, lo affiancheranno \u00a0nella scelta di attori <a href='https:\/\/people.unica.it\/celcam\/laboratorio-di-regia-cinematografica-con-enrico-pau\/' class='excerpt-more'>[&#8230;]<\/a><\/p>\n","protected":false},"author":274,"featured_media":0,"parent":0,"menu_order":0,"comment_status":"closed","ping_status":"closed","template":"","meta":{"footnotes":""},"class_list":["post-830","page","type-page","status-publish","hentry","post-seq-1","post-parity-odd","meta-position-corners","fix"],"_links":{"self":[{"href":"https:\/\/people.unica.it\/celcam\/wp-json\/wp\/v2\/pages\/830","targetHints":{"allow":["GET"]}}],"collection":[{"href":"https:\/\/people.unica.it\/celcam\/wp-json\/wp\/v2\/pages"}],"about":[{"href":"https:\/\/people.unica.it\/celcam\/wp-json\/wp\/v2\/types\/page"}],"author":[{"embeddable":true,"href":"https:\/\/people.unica.it\/celcam\/wp-json\/wp\/v2\/users\/274"}],"replies":[{"embeddable":true,"href":"https:\/\/people.unica.it\/celcam\/wp-json\/wp\/v2\/comments?post=830"}],"version-history":[{"count":1,"href":"https:\/\/people.unica.it\/celcam\/wp-json\/wp\/v2\/pages\/830\/revisions"}],"predecessor-version":[{"id":831,"href":"https:\/\/people.unica.it\/celcam\/wp-json\/wp\/v2\/pages\/830\/revisions\/831"}],"wp:attachment":[{"href":"https:\/\/people.unica.it\/celcam\/wp-json\/wp\/v2\/media?parent=830"}],"curies":[{"name":"wp","href":"https:\/\/api.w.org\/{rel}","templated":true}]}}