{"id":662,"date":"2013-06-17T15:26:02","date_gmt":"2013-06-17T14:26:02","guid":{"rendered":"http:\/\/people.unica.it\/celcam\/?page_id=662"},"modified":"2013-06-17T15:33:29","modified_gmt":"2013-06-17T14:33:29","slug":"il-trattamento-del-sonoro-per-il-cinema-e-laudiovisivo-laboratorio-per-filmmaker","status":"publish","type":"page","link":"https:\/\/people.unica.it\/celcam\/attivita\/il-trattamento-del-sonoro-per-il-cinema-e-laudiovisivo-laboratorio-per-filmmaker\/","title":{"rendered":"IL TRATTAMENTO DEL SONORO PER IL CINEMA E L&#8217;AUDIOVISIVO. LABORATORIO PER FILMMAKER"},"content":{"rendered":"<p><strong>IL TRATTAMENTO DEL SONORO PER IL CINEMA E L&#8217;AUDIOVISIVO. LABORATORIO PER FILMMAKER<\/strong><\/p>\n<p>&nbsp;<\/p>\n<p>Il CELCAM dell\u2019Universit\u00e0 di Cagliari e il circolo cinematografico universitario Notorius promuovono, con il contributo dell\u2019Universit\u00e0 e dell\u2019ERSU, un laboratorio sulle tecniche di ripresa e di post-produzione del suono per la realizzazione di prodotti audiovisivi.<\/p>\n<p>Il corso, della durata complessiva di 12 ore suddivise in 3 incontri di 4 ore, \u00e8 rivolto a principianti che comunque abbiano gi\u00e0 delle nozioni di linguaggio cinematografico acquisite con la frequenza di corsi universitari e altri laboratori o anche solo con la pratica da autodidatta.<\/p>\n<p>La prima parte del laboratorio sar\u00e0 dedicata alla ripresa del suono. Verranno presentate le caratteristiche degli strumenti e le tecniche in uso per la registrazione sonora di eventi, sia in ambienti chiusi che all\u2019aperto. Si terranno anche delle brevi sessioni di esercitazione. La seconda parte consister\u00e0 in una introduzione alla post produzione audio. Verr\u00e0 delineata la prassi di lavoro, gli strumenti e tecniche pi\u00f9 indicate per elaborare i diversi materiali, le tecniche di montaggio e missaggio, infine i problemi tecnici e le scelte estetiche nella sincronizzazione audio-video. Durante il percorso verranno fatti richiami ai fondamenti di acustica musicale, alla rappresentazione analogica dei segnali, alla rappresentazione digitale dei segnali sulla base delle competenze degli allievi. Si far\u00e0 cenno anche al concetto di paesaggio sonoro per far crescere la consapevolezza delle possibilit\u00e0 dell\u2019impiego del sonoro nel video. Durante il seminario verranno presentati e discussi alcuni frammenti di documentari e\/o video per approfondire le possibilit\u00e0 espressive del suono.<\/p>\n<p>Docente del laboratorio \u00e8 Giovanni De Mezzo, esperto di fonica e trattamento del sonoro nonche docente all&#8217;universit\u00e0 di Udine e curatore degli aspetti sonori di vari documentari.<\/p>\n<p>Il corso, aperto a un numero massimo di 20 persone, si tiene venerd\u00ec 21, luned\u00ec 24 e marted\u00ec 25 giugno 2013 dalle ore 15.00 alle ore 19.00 presso il laboratorio di cinema e multimedialit\u00e0 Vittorio De Seta (ex aula 7) della Facolt\u00e0 di studi umanistici.<\/p>\n<p>Qualora entro la data scadenza delle iscrizioni il numero delle richieste di partecipazione fosse superiore ai posti disponibili si far\u00e0 una selezione in base alle informazioni fornite nel modulo di iscrizione.<\/p>\n<p>Ai partecipanti che ne facciano richiesta verr\u00e0 rilasciato da parte del CELCAM un attesto e verr\u00e0 riconosciuto un credito formativo di tipo F che gli studenti potranno eventualmente far valere nel loro piano di studi nei termini stabiliti dai regolamenti dei diversi corsi di laurea.<\/p>\n<p>&nbsp;<\/p>\n<p><strong>Modalit\u00e0 e quota di iscrizione:<\/strong><\/p>\n<p>Le quote di iscrizione al laboratorio sono:<\/p>\n<p>&#8211; 15 euro soci Notorius<\/p>\n<p>&#8211; 25 euro studenti (sia universitari che di istituti superiori)<\/p>\n<p>&#8211; 60 euro non studenti.<\/p>\n<p><strong>Data di scadenza delle iscrizioni: 20 giugno 2013<\/strong><\/p>\n<p>&nbsp;<\/p>\n<p><a href=\"http:\/\/www.cuc-notorius.it\/iscrizione-ai-corsi-notorius-2012\/\" target=\"_blank\"><strong>ISCRIZIONI<\/strong><\/a><\/p>\n<p>(Gli ammessi al laboratorio riceveranno informazioni dettagliate per formalizzare l\u2019iscrizione prima dell\u2019inizio delle attivit\u00e0)<\/p>\n\n\t\t<div id=\"usermessage3a\" class=\"cf_info \"><\/div><strong>No more submissions accepted at this time.<\/strong>\n","protected":false},"excerpt":{"rendered":"<p>IL TRATTAMENTO DEL SONORO PER IL CINEMA E L&#8217;AUDIOVISIVO. LABORATORIO PER FILMMAKER &nbsp; Il CELCAM dell\u2019Universit\u00e0 di Cagliari e il circolo cinematografico universitario Notorius promuovono, con il contributo dell\u2019Universit\u00e0 e dell\u2019ERSU, un laboratorio sulle tecniche di ripresa e di post-produzione del suono per la realizzazione di prodotti audiovisivi. Il corso, della durata complessiva di 12 ore suddivise in 3 incontri di 4 ore, \u00e8 rivolto a principianti che comunque abbiano gi\u00e0 delle nozioni di linguaggio cinematografico acquisite con la frequenza di corsi universitari e altri laboratori o anche solo con la pratica da autodidatta. La prima parte del laboratorio sar\u00e0 <a href='https:\/\/people.unica.it\/celcam\/attivita\/il-trattamento-del-sonoro-per-il-cinema-e-laudiovisivo-laboratorio-per-filmmaker\/' class='excerpt-more'>[&#8230;]<\/a><\/p>\n","protected":false},"author":274,"featured_media":0,"parent":8,"menu_order":0,"comment_status":"open","ping_status":"open","template":"","meta":{"footnotes":""},"class_list":["post-662","page","type-page","status-publish","hentry","post-seq-1","post-parity-odd","meta-position-corners","fix"],"_links":{"self":[{"href":"https:\/\/people.unica.it\/celcam\/wp-json\/wp\/v2\/pages\/662","targetHints":{"allow":["GET"]}}],"collection":[{"href":"https:\/\/people.unica.it\/celcam\/wp-json\/wp\/v2\/pages"}],"about":[{"href":"https:\/\/people.unica.it\/celcam\/wp-json\/wp\/v2\/types\/page"}],"author":[{"embeddable":true,"href":"https:\/\/people.unica.it\/celcam\/wp-json\/wp\/v2\/users\/274"}],"replies":[{"embeddable":true,"href":"https:\/\/people.unica.it\/celcam\/wp-json\/wp\/v2\/comments?post=662"}],"version-history":[{"count":6,"href":"https:\/\/people.unica.it\/celcam\/wp-json\/wp\/v2\/pages\/662\/revisions"}],"predecessor-version":[{"id":670,"href":"https:\/\/people.unica.it\/celcam\/wp-json\/wp\/v2\/pages\/662\/revisions\/670"}],"up":[{"embeddable":true,"href":"https:\/\/people.unica.it\/celcam\/wp-json\/wp\/v2\/pages\/8"}],"wp:attachment":[{"href":"https:\/\/people.unica.it\/celcam\/wp-json\/wp\/v2\/media?parent=662"}],"curies":[{"name":"wp","href":"https:\/\/api.w.org\/{rel}","templated":true}]}}