{"id":611,"date":"2012-11-02T18:52:39","date_gmt":"2012-11-02T17:52:39","guid":{"rendered":"http:\/\/people.unica.it\/celcam\/?page_id=611"},"modified":"2012-11-06T22:42:33","modified_gmt":"2012-11-06T21:42:33","slug":"laboratorio-di-montaggio","status":"publish","type":"page","link":"https:\/\/people.unica.it\/celcam\/attivita\/laboratorio-di-montaggio\/","title":{"rendered":"Laboratorio di montaggio 2012"},"content":{"rendered":"<p><strong>Laboratorio di montaggio<\/strong><\/p>\n<p>Corso di primo livello sull\u2019uso di software professionale in ambiente PC e Mac<\/p>\n<p>&nbsp;<\/p>\n<p>Il CELCAM dell\u2019Universit\u00e0 di Cagliari e il circolo cinematografico universitario Notorius promuovono, con il contributo dell\u2019Universit\u00e0 e dell\u2019ERSU, un laboratorio di montaggio incentrato principalmente sull\u2019uso di Adobe Premiere in ambiente PC e Mac. Per gli utenti Mac sono previsti anche cenni sul funzionamento di FinalCut.<\/p>\n<p>Il corso, della durata complessiva di 30 ore suddivise in 10 incontri di 3 ore, \u00e8 rivolto a principianti che comunque abbiano gi\u00e0 delle nozioni di montaggio acquisite con la frequenza di corsi universitari e altri laboratori o anche solo con la pratica da autodidatta. Il programma \u00e8 interamente impostato su aspetti operativi e i riferimenti teorici sono limitati allo stretto necessario.<\/p>\n<p>Docente del laboratorio \u00e8 Andrea Lotta, montatore e regista documentarista, abituale collaboratore del CELCAM e del Corso di laurea in Scienze della comunicazione per cui cura la realizzazione dei materiali audiovisivi. Lotta ha all\u2019attivo la regia di diversi documentari (fra i quali <em>Murrasarda<\/em> e <em>Ritorno a Zara<\/em>) e il montaggio di numerosi documentari, spot pubblicitari e cortometraggi. Ha lavorato con i principali registi del cinema sardo fra cui Enrico Pau e Salvatore Mereu econ Mereu ha montato <em>Tajabone<\/em>, presentato in concorso al festival di Venezia nel 2010.<\/p>\n<p>Il corso inizia gioved\u00ec 15 novembre 2012 e prosegue con due incontri settimanali il luned\u00ec e il gioved\u00ec dalle 16.30 alle 19.30.<\/p>\n<p>Ai partecipanti verr\u00e0 rilasciato da parte del CELCAM un attesto e verr\u00e0 riconosciuto un credito formativo di tipo F che gli studenti potranno eventualmente far valere nel loro piano di studi nei termini stabiliti dai regolamenti dei diversi corsi di laurea.<\/p>\n<p>L\u2019attivit\u00e0 \u00e8 aperta a un numero massimo di 18 persone e si svolge presso il laboratorio di cinema e multimedialit\u00e0 della Facolt\u00e0 di studi umanistici dotato di 7 postazioni di montaggio professionale (4\u00a0 PC e 3 Mac)\u00a0 sufficienti peravere a disposizione una macchina ogni tre partecipanti.Qualora entro la data scadenza delle iscrizioni il numero delle richieste di partecipazione fosse superiore ai posti disponibili si far\u00e0 una selezione in base alle informazioni fornite nel modulo di iscrizione.<\/p>\n<p>&nbsp;<\/p>\n<p><strong>Modalit\u00e0 e quota di iscrizione:<\/strong><\/p>\n<p>Per partecipare al corso bisogna iscriversi al circolo universitario cinematografico Notorius. La quota di iscrizione annua all\u2019associazione \u00e8 di 20 euro.<\/p>\n<p>Le quote di iscrizione al laboratorio sono:<\/p>\n<p>&#8211; 100 euro studenti(sia universitari che di istituti superiori)<\/p>\n<p>&#8211; 210 euro non studenti.<\/p>\n<p><strong>Data di scadenza delle iscrizioni: 12 novembre 2012<\/strong><\/p>\n<p>&nbsp;<\/p>\n<p><a href=\"http:\/\/www.cuc-notorius.it\/iscrizione-ai-corsi-notorius-2012\/\" target=\"_blank\"><strong>ISCRIZIONI<\/strong><\/a><\/p>\n<p>(Gli ammessi al laboratorio riceveranno informazioni dettagliate per formalizzare l&#8217;iscrizione prima dell&#8217;inizio delle attivit\u00e0)<\/p>\n","protected":false},"excerpt":{"rendered":"<p>Laboratorio di montaggio Corso di primo livello sull\u2019uso di software professionale in ambiente PC e Mac &nbsp; Il CELCAM dell\u2019Universit\u00e0 di Cagliari e il circolo cinematografico universitario Notorius promuovono, con il contributo dell\u2019Universit\u00e0 e dell\u2019ERSU, un laboratorio di montaggio incentrato principalmente sull\u2019uso di Adobe Premiere in ambiente PC e Mac. Per gli utenti Mac sono previsti anche cenni sul funzionamento di FinalCut. Il corso, della durata complessiva di 30 ore suddivise in 10 incontri di 3 ore, \u00e8 rivolto a principianti che comunque abbiano gi\u00e0 delle nozioni di montaggio acquisite con la frequenza di corsi universitari e altri laboratori o <a href='https:\/\/people.unica.it\/celcam\/attivita\/laboratorio-di-montaggio\/' class='excerpt-more'>[&#8230;]<\/a><\/p>\n","protected":false},"author":274,"featured_media":0,"parent":8,"menu_order":0,"comment_status":"open","ping_status":"open","template":"","meta":{"footnotes":""},"class_list":["post-611","page","type-page","status-publish","hentry","post-seq-1","post-parity-odd","meta-position-corners","fix"],"_links":{"self":[{"href":"https:\/\/people.unica.it\/celcam\/wp-json\/wp\/v2\/pages\/611","targetHints":{"allow":["GET"]}}],"collection":[{"href":"https:\/\/people.unica.it\/celcam\/wp-json\/wp\/v2\/pages"}],"about":[{"href":"https:\/\/people.unica.it\/celcam\/wp-json\/wp\/v2\/types\/page"}],"author":[{"embeddable":true,"href":"https:\/\/people.unica.it\/celcam\/wp-json\/wp\/v2\/users\/274"}],"replies":[{"embeddable":true,"href":"https:\/\/people.unica.it\/celcam\/wp-json\/wp\/v2\/comments?post=611"}],"version-history":[{"count":6,"href":"https:\/\/people.unica.it\/celcam\/wp-json\/wp\/v2\/pages\/611\/revisions"}],"predecessor-version":[{"id":615,"href":"https:\/\/people.unica.it\/celcam\/wp-json\/wp\/v2\/pages\/611\/revisions\/615"}],"up":[{"embeddable":true,"href":"https:\/\/people.unica.it\/celcam\/wp-json\/wp\/v2\/pages\/8"}],"wp:attachment":[{"href":"https:\/\/people.unica.it\/celcam\/wp-json\/wp\/v2\/media?parent=611"}],"curies":[{"name":"wp","href":"https:\/\/api.w.org\/{rel}","templated":true}]}}