{"id":511,"date":"2011-05-28T17:52:38","date_gmt":"2011-05-28T16:52:38","guid":{"rendered":"http:\/\/people.unica.it\/celcam\/?page_id=511"},"modified":"2011-10-14T22:22:24","modified_gmt":"2011-10-14T21:22:24","slug":"in-dvd-il-film-restaurato-dagli-studenti","status":"publish","type":"page","link":"https:\/\/people.unica.it\/celcam\/articoli\/in-dvd-il-film-restaurato-dagli-studenti\/","title":{"rendered":"In DVD il film restaurato dagli studenti"},"content":{"rendered":"<p><a href=\"http:\/\/people.unica.it\/celcam\/files\/2011\/10\/donna-con-brocca.jpg\"><img decoding=\"async\" class=\"alignleft size-medium wp-image-513\" style=\"border: 2px solid black;margin-left: 5px;margin-right: 5px\" src=\"http:\/\/people.unica.it\/celcam\/files\/2011\/10\/donna-con-brocca-300x223.jpg\" alt=\"donna con brocca\" width=\"300\" height=\"223\" srcset=\"https:\/\/people.unica.it\/celcam\/files\/2011\/10\/donna-con-brocca-300x223.jpg 300w, https:\/\/people.unica.it\/celcam\/files\/2011\/10\/donna-con-brocca.jpg 749w\" sizes=\"(max-width: 300px) 100vw, 300px\" \/><\/a>Esce in DVD il film restaurato dagli studenti nell&#8217;ambito del Master per esperti in gestione, conservazione e restauro di prodotti audiovisivi e multimediali. <em>Desulo<\/em> di Fiorenzo Serra, un documentario del 1957 edito nella collana Aspetti della Sardegna, \u00e8 una delle opere pi\u00f9 interessanti del documentarista sassarese.<br \/>\nIl restauro \u00e8 stato curato in collaborazione con il laboratorio la Camera ottica dell&#8217;Universit\u00e0 di Udine, sede di Gorizia, e il Filmmuseum di Vienna grazie ai finanzimenti della Cineteca Sarda della Societ\u00e0 Umanitaria. La stampa del DVD, presentato a Cagliari il 25 maggio,\u00a0 \u00e8 invece stata finaziata dal Comune di Desulo.<\/p>\n<p>&nbsp;<\/p>\n<p><a href=\"http:\/\/www.cinemecum.it\/newsite\/index.php?option=com_content&amp;view=article&amp;id=3314:piccoli-capolavori-crescono&amp;catid=62&amp;Itemid=283\">ARTICOLO DI SALVATORE PINNA SU CINEMECUM<\/a><\/p>\n<p><a href=\"http:\/\/ricerca.gelocal.it\/lanuovasardegna\/archivio\/lanuovasardegna\/2011\/05\/25\/ST5PO_ST501.html\">ARTICOLO DI GIANNI OLLA SU LA NUOVA SARDEGNA<\/a><\/p>\n<p>&nbsp;<\/p>\n<p>Programma dell&#8217;incontro<\/p>\n<p>&nbsp;<\/p>\n<p>Aspetti della Sardegna<br \/>\nDESULO<br \/>\nUn documentario di Fiorenzo Serra<br \/>\nPRESENTAZIONE EDIZIONE RESTAURATA E DVD<\/p>\n<p>Saluti:<\/p>\n<p>ELISABETTA GOLA<br \/>\nPresidente del Corso di Laurea in Scienze della Comunicazione, Universit\u00e0 di Cagliari<\/p>\n<p>GIAN LUIGI LITTARRU<br \/>\nSindaco di Desulo<\/p>\n<p>Intervengono:<\/p>\n<p>GIUSEPPE PILLERI<br \/>\nConservatore Societ\u00e0 Umanitaria\u2013Cineteca Sarda<\/p>\n<p>ANTIOCO FLORIS<br \/>\nDirettore del Master per Esperti in gestione, conservazione e restauro di prodotti audiovisivi e multimediali, Universit\u00e0 di Cagliari<\/p>\n<p>Proiezione film:<\/p>\n<p>DESULO di Fiorenzo Serra (1957), edizione non restaurata<br \/>\nDESULO di Fiorenzo Serra (1957), edizione restaurata<\/p>\n<p>Seguono interventi:<\/p>\n<p>SIMONE VENTURINI e GIANANDREA SASSO<br \/>\nUniversit\u00e0 di Udine, curatori del restauro<\/p>\n<p>NICOLA ZUDDAS<br \/>\nallievo del Master: \u201cUn confronto dopo il restauro\u201d<\/p>\n<p>MARTINA MULAS<br \/>\nallieva del Master: \u201cL\u2019esperienza del restauro nel master\u201d<\/p>\n<p>PAOLO LABIENI<br \/>\nallievo del Master: \u201cPresentazione del DVD di Desulo restaurato\u201d<\/p>\n<p>Coordina: ANTONELLO ZANDA<br \/>\nDirettore Societ\u00e0 Umanitaria-Cineteca Sarda di Cagliari<\/p>\n","protected":false},"excerpt":{"rendered":"<p>Esce in DVD il film restaurato dagli studenti nell&#8217;ambito del Master per esperti in gestione, conservazione e restauro di prodotti audiovisivi e multimediali. Desulo di Fiorenzo Serra, un documentario del 1957 edito nella collana Aspetti della Sardegna, \u00e8 una delle opere pi\u00f9 interessanti del documentarista sassarese. Il restauro \u00e8 stato curato in collaborazione con il laboratorio la Camera ottica dell&#8217;Universit\u00e0 di Udine, sede di Gorizia, e il Filmmuseum di Vienna grazie ai finanzimenti della Cineteca Sarda della Societ\u00e0 Umanitaria. La stampa del DVD, presentato a Cagliari il 25 maggio,\u00a0 \u00e8 invece stata finaziata dal Comune di Desulo. &nbsp; ARTICOLO DI <a href='https:\/\/people.unica.it\/celcam\/articoli\/in-dvd-il-film-restaurato-dagli-studenti\/' class='excerpt-more'>[&#8230;]<\/a><\/p>\n","protected":false},"author":274,"featured_media":0,"parent":172,"menu_order":1,"comment_status":"closed","ping_status":"closed","template":"","meta":{"footnotes":""},"class_list":["post-511","page","type-page","status-publish","hentry","post-seq-1","post-parity-odd","meta-position-corners","fix"],"_links":{"self":[{"href":"https:\/\/people.unica.it\/celcam\/wp-json\/wp\/v2\/pages\/511","targetHints":{"allow":["GET"]}}],"collection":[{"href":"https:\/\/people.unica.it\/celcam\/wp-json\/wp\/v2\/pages"}],"about":[{"href":"https:\/\/people.unica.it\/celcam\/wp-json\/wp\/v2\/types\/page"}],"author":[{"embeddable":true,"href":"https:\/\/people.unica.it\/celcam\/wp-json\/wp\/v2\/users\/274"}],"replies":[{"embeddable":true,"href":"https:\/\/people.unica.it\/celcam\/wp-json\/wp\/v2\/comments?post=511"}],"version-history":[{"count":9,"href":"https:\/\/people.unica.it\/celcam\/wp-json\/wp\/v2\/pages\/511\/revisions"}],"predecessor-version":[{"id":525,"href":"https:\/\/people.unica.it\/celcam\/wp-json\/wp\/v2\/pages\/511\/revisions\/525"}],"up":[{"embeddable":true,"href":"https:\/\/people.unica.it\/celcam\/wp-json\/wp\/v2\/pages\/172"}],"wp:attachment":[{"href":"https:\/\/people.unica.it\/celcam\/wp-json\/wp\/v2\/media?parent=511"}],"curies":[{"name":"wp","href":"https:\/\/api.w.org\/{rel}","templated":true}]}}