{"id":424,"date":"2010-05-08T13:13:12","date_gmt":"2010-05-08T12:13:12","guid":{"rendered":"http:\/\/people.unica.it\/celcam\/?page_id=424"},"modified":"2010-05-18T20:44:17","modified_gmt":"2010-05-18T19:44:17","slug":"laboratorio-di-regia","status":"publish","type":"page","link":"https:\/\/people.unica.it\/celcam\/attivita\/laboratorio-di-regia\/","title":{"rendered":"Laboratorio di regia tenuto da Enrico Pau"},"content":{"rendered":"<p><strong>Corso di regia a cura di Enrico Pau<\/strong><\/p>\n<p>Il corso \u00e8 organizzato dal circolo universitario cinematografico Notorius e dal CELCAM con il contributo dell\u2019ERSU di Cagliari. Ha una durata complessiva di 40 ore e si svolge principalmente nell\u2019arco di due mesi fra fine maggio e giugno 2010 con incontri di 4 ore i pomeriggi del mercoled\u00ec e le mattine del gioved\u00ec (inizio il 26 maggio). Il calendario non verr\u00e0 rispettato nei giorni in cui si effettueranno le riprese (ultima decade di giugno) e i partecipanti concorderanno con il regista orari e tempi di attivit\u00e0. La parte finale, dedicata al montaggio, si svolger\u00e0 nella prima met\u00e0 di settembre.<\/p>\n<p>Per la partecipazione al laboratorio non \u00e8 richiesta una specifica competenze ma \u00e8 auspicabile avere qualche conoscenza nel campo del linguaggio cinematografico (partecipazione ad altri laboratori, frequenza di corsi universitari\u2026).<\/p>\n<p>L\u2019attivit\u00e0 formativa si svolger\u00e0 privilegiando gli aspetti pratici del fare cinema e il programma prevede la progettazione e la realizzazione di un cortometraggio in tutte le sue fasi: scrittura di soggetto e sceneggiatura, casting, scelta del set, riprese, montaggio e presentazione al pubblico.<\/p>\n<p>Il corso \u00e8 tenuto dal regista Enrico Pau.<br \/>\nNato a Cagliari dove insegna Italiano nelle scuole superiori,  Enrico Pau ha cominciato l\u2019attivit\u00e0 di regista dirigendo diversi spettacoli e operette musicali per il teatro, tra i quali si annovera una versione del <em>Brutto anatroccolo<\/em> suonato da Paolo Fresu e interpretato da Massimiliano Medda. Ha lavorato per Radio Rai come regista e sceneggiatore, \u00e8 stato attore di cinema e teatro, \u00e8 critico teatrale del quotidiano La Nuova Sardegna. In campo cinematografico ha realizzato diversi cortometraggi (fra questi <em>La volpe e l\u2019ape<\/em>, 1995, primo premio al festival Visioni italiane), documentari (<em>Storie di pugili<\/em>, 1999, <em>L\u2019anatema di Aquilino<\/em>, 2002, Premio Giuseppe Dess\u00ec) ) e due lungometraggi: <em>Pesi leggeri<\/em> (2001), segnalato come uno dei pi\u00f9 interessanti esordi degli inizi di questo decennio, e <em>Jimmy della Collina<\/em> (2006) premiato fra l\u2019altro al Festival Internazionale del Film di Locarno e a Giffoni.<\/p>\n<p>Il corso \u00e8 aperto a un numero massimo di 15 iscritti, qualora entro la data scadenza delle iscrizioni il numero fosse superiore si far\u00e0 una selezione in base alle informazioni fornite nel modulo di iscrizione.<\/p>\n<p>Modalit\u00e0 e quota di iscrizione:<\/p>\n<p>Per partecipare al corso bisogna iscriversi al circolo universitario cinematografico Notorius. La quota di iscrizione annua all\u2019associazione \u00e8 di 30 euro.<\/p>\n<p>Le quote di iscrizione al laboratorio sono:<\/p>\n<p>&#8211; 30 euro studenti<\/p>\n<p>&#8211; 150 euro non studenti.<\/p>\n<p><strong>Data di scadenza delle iscrizioni: 23 maggio 2010<\/strong><\/p>\n<p><span style=\"color: #ffffff\">..<\/span><\/p>\n<p><span style=\"color: #ff0000\"><strong>DOMANDA DI AMMISSIONE<\/strong><\/span><br \/>\n(Gli ammessi riceveranno indicazioni per l&#8217;iscrizione all&#8217;associazione e per il pagamento della quota<strong>)<br \/>\n<\/strong><\/p>\n\n\t\t<div id=\"usermessage3a\" class=\"cf_info \"><\/div><strong>No more submissions accepted at this time.<\/strong>\n","protected":false},"excerpt":{"rendered":"<p>Corso di regia a cura di Enrico Pau Il corso \u00e8 organizzato dal circolo universitario cinematografico Notorius e dal CELCAM con il contributo dell\u2019ERSU di Cagliari. Ha una durata complessiva di 40 ore e si svolge principalmente nell\u2019arco di due mesi fra fine maggio e giugno 2010 con incontri di 4 ore i pomeriggi del mercoled\u00ec e le mattine del gioved\u00ec (inizio il 26 maggio). Il calendario non verr\u00e0 rispettato nei giorni in cui si effettueranno le riprese (ultima decade di giugno) e i partecipanti concorderanno con il regista orari e tempi di attivit\u00e0. La parte finale, dedicata al montaggio, <a href='https:\/\/people.unica.it\/celcam\/attivita\/laboratorio-di-regia\/' class='excerpt-more'>[&#8230;]<\/a><\/p>\n","protected":false},"author":274,"featured_media":0,"parent":8,"menu_order":0,"comment_status":"open","ping_status":"open","template":"","meta":{"footnotes":""},"class_list":["post-424","page","type-page","status-publish","hentry","category-1-id","post-seq-1","post-parity-odd","meta-position-corners","fix"],"_links":{"self":[{"href":"https:\/\/people.unica.it\/celcam\/wp-json\/wp\/v2\/pages\/424","targetHints":{"allow":["GET"]}}],"collection":[{"href":"https:\/\/people.unica.it\/celcam\/wp-json\/wp\/v2\/pages"}],"about":[{"href":"https:\/\/people.unica.it\/celcam\/wp-json\/wp\/v2\/types\/page"}],"author":[{"embeddable":true,"href":"https:\/\/people.unica.it\/celcam\/wp-json\/wp\/v2\/users\/274"}],"replies":[{"embeddable":true,"href":"https:\/\/people.unica.it\/celcam\/wp-json\/wp\/v2\/comments?post=424"}],"version-history":[{"count":20,"href":"https:\/\/people.unica.it\/celcam\/wp-json\/wp\/v2\/pages\/424\/revisions"}],"predecessor-version":[{"id":458,"href":"https:\/\/people.unica.it\/celcam\/wp-json\/wp\/v2\/pages\/424\/revisions\/458"}],"up":[{"embeddable":true,"href":"https:\/\/people.unica.it\/celcam\/wp-json\/wp\/v2\/pages\/8"}],"wp:attachment":[{"href":"https:\/\/people.unica.it\/celcam\/wp-json\/wp\/v2\/media?parent=424"}],"curies":[{"name":"wp","href":"https:\/\/api.w.org\/{rel}","templated":true}]}}