{"id":375,"date":"2010-03-21T23:37:31","date_gmt":"2010-03-21T22:37:31","guid":{"rendered":"http:\/\/people.unica.it\/celcam\/?page_id=375"},"modified":"2010-06-19T16:48:16","modified_gmt":"2010-06-19T15:48:16","slug":"al-via-il-master","status":"publish","type":"page","link":"https:\/\/people.unica.it\/celcam\/articoli\/al-via-il-master\/","title":{"rendered":"AL VIA IL MASTER"},"content":{"rendered":"<p>Inizia marted\u00ec 23 marzo il Master di primo livello per <strong>Esperto in  gestione, conservazione, restauro dei prodotti audiovisivi e  multimediali<\/strong> presso la Facolt\u00e0 di Scienze della formazione di Cagliari.  Dopo la lezione introduttiva (ore 16-18, aula 7) tenuta da <strong>Antioco  Floris<\/strong>, direttore del master, il corso entrer\u00e0 nel vivo delle  problematiche legate agli archivi di film e alle mediateche con  l&#8217;intervento di <strong>Sergio Toffetti<\/strong> (mercoled\u00ec e gioved\u00ec ore 15-19.30,  venerd\u00ec ore 9.30-13, sempre aula 7) che parler\u00e0 di Organizzazione e  gestione di archivi del film e mediateche.<\/p>\n<p><strong>Sergio Toffetti<\/strong>,  critico e storico del cinema, \u00e8 attualmente direttore dell&#8217;Archivio  Nazionale Cinema d\u2019Impresa a Ivrea (struttura nata 2003 da un accordo  fra Centro Sperimentale di Cinematografia, Regione Piemonte, Olivetti &#8211;  poi Telecom Italia &#8211; e Comune di Ivrea e con sede nelle strutture della  ex Olivetti) ed \u00e8 stato conservatore della Cineteca Nazionale e ha  insegnato nelle Universit\u00e0 di Paris III, Roma III, Camerino e al  Politecnico di Torino. Ha curato una notevole quantit\u00e0 di monografie su  registi e problemi di storia del cinema.<\/p>\n<p><a href=\"http:\/\/people.unica.it\/celcam\/attivita\/master-esperto-restauro\/calendario\/\">[Consulta tutto il calendario<\/a>]<\/p>\n","protected":false},"excerpt":{"rendered":"<p>Inizia marted\u00ec 23 marzo il Master di primo livello per Esperto in gestione, conservazione, restauro dei prodotti audiovisivi e multimediali presso la Facolt\u00e0 di Scienze della formazione di Cagliari. Dopo la lezione introduttiva (ore 16-18, aula 7) tenuta da Antioco Floris, direttore del master, il corso entrer\u00e0 nel vivo delle problematiche legate agli archivi di film e alle mediateche con l&#8217;intervento di Sergio Toffetti (mercoled\u00ec e gioved\u00ec ore 15-19.30, venerd\u00ec ore 9.30-13, sempre aula 7) che parler\u00e0 di Organizzazione e gestione di archivi del film e mediateche. Sergio Toffetti, critico e storico del cinema, \u00e8 attualmente direttore dell&#8217;Archivio Nazionale Cinema <a href='https:\/\/people.unica.it\/celcam\/articoli\/al-via-il-master\/' class='excerpt-more'>[&#8230;]<\/a><\/p>\n","protected":false},"author":274,"featured_media":0,"parent":172,"menu_order":1,"comment_status":"open","ping_status":"open","template":"","meta":{"footnotes":""},"class_list":["post-375","page","type-page","status-publish","hentry","category-1-id","post-seq-1","post-parity-odd","meta-position-corners","fix"],"_links":{"self":[{"href":"https:\/\/people.unica.it\/celcam\/wp-json\/wp\/v2\/pages\/375","targetHints":{"allow":["GET"]}}],"collection":[{"href":"https:\/\/people.unica.it\/celcam\/wp-json\/wp\/v2\/pages"}],"about":[{"href":"https:\/\/people.unica.it\/celcam\/wp-json\/wp\/v2\/types\/page"}],"author":[{"embeddable":true,"href":"https:\/\/people.unica.it\/celcam\/wp-json\/wp\/v2\/users\/274"}],"replies":[{"embeddable":true,"href":"https:\/\/people.unica.it\/celcam\/wp-json\/wp\/v2\/comments?post=375"}],"version-history":[{"count":6,"href":"https:\/\/people.unica.it\/celcam\/wp-json\/wp\/v2\/pages\/375\/revisions"}],"predecessor-version":[{"id":481,"href":"https:\/\/people.unica.it\/celcam\/wp-json\/wp\/v2\/pages\/375\/revisions\/481"}],"up":[{"embeddable":true,"href":"https:\/\/people.unica.it\/celcam\/wp-json\/wp\/v2\/pages\/172"}],"wp:attachment":[{"href":"https:\/\/people.unica.it\/celcam\/wp-json\/wp\/v2\/media?parent=375"}],"curies":[{"name":"wp","href":"https:\/\/api.w.org\/{rel}","templated":true}]}}