{"id":37,"date":"2009-06-08T09:18:38","date_gmt":"2009-06-08T08:18:38","guid":{"rendered":"http:\/\/people.unica.it\/celcam\/?page_id=37"},"modified":"2009-08-13T13:19:34","modified_gmt":"2009-08-13T12:19:34","slug":"sceneggiatura_sce0109","status":"publish","type":"page","link":"https:\/\/people.unica.it\/celcam\/attivita\/progetto-di-formazione\/sceneggiatura_sce0109\/","title":{"rendered":"CORSO DI SCENEGGIATURA"},"content":{"rendered":"<p class=\"MsoNormal\"><strong>Corso di sceneggiatura &#8211; cod. SCE0109<\/strong><\/p>\n<p class=\"MsoNormal\">Il corso ha la durata complessiva di <strong>40 ore<\/strong> e si svolge in due settimane nel mese di <strong>luglio (dal 7 all&#8217;11 e dal 20 al 24) <\/strong>con incontri di 4 ore tutti i pomeriggi (h. 15.30\/19.30, escluso sabato 11, ore 9.00\/13.00). L\u2019attivit\u00e0 formativa \u00e8 rivolta a persone che non hanno particolari esperienze di settore e che vogliono conoscere le basi della sceneggiatura.<\/p>\n<p class=\"MsoNormal\">Il corso d\u00e0 diritto a 4 crediti formativi di tipo F (tali crediti sono automaticamente riconosciuti per gli studenti iscritti\u00a0 Corso di laurea in Scienze della comunicazione della Facolt\u00e0 di Scienze della formazione, negli altri casi dovranno essere valutati dagli organismi da cui si dipende).<\/p>\n<p class=\"MsoNormal\">Il corso (essendo sopraggiunti problemi familiari ad <strong>Heidrun Schleef<\/strong>, che era prevista come docente) viene tenuto da Salvatore Mereu, regista cinematografico e sceneggiatore.\u00a0 Mereu \u00e8 diplomato in regia cinematografica e televisiva al Centro Sperimentale di Cinematografia di Roma e con i suoi film ha ottenuto vari premi in diversi festival in Italia e all&#8217;estero. Le sue sceneggiature hanno avuto come riconoscimenti:\u00a0<span>Premio Sergio Amidei, Premio Fregene\/Fellini, nomination ai Nastri d\u2019 argento del Sindacato Giornalisti Cinematografici Italiani<\/span> (<em>Ballo a tre passi, <\/em>2003), <!--[if gte mso 9]&gt;  Normal 0 14   false false false        MicrosoftInternetExplorer4  &lt;![endif]--><!--[if gte mso 9]&gt;   &lt;![endif]--><!--  \/* Font Definitions *\/  @font-face \t{font-family:\"Arial Narrow\"; \tpanose-1:2 11 5 6 2 2 2 3 2 4; \tmso-font-charset:0; \tmso-generic-font-family:swiss; \tmso-font-pitch:variable; \tmso-font-signature:647 0 0 0 159 0;}  \/* Style Definitions *\/  p.MsoNormal, li.MsoNormal, div.MsoNormal \t{mso-style-parent:\"\"; \tmargin:0cm; \tmargin-bottom:.0001pt; \tmso-pagination:none; \tfont-size:10.0pt; \tfont-family:\"Times New Roman\"; \tmso-fareast-font-family:\"Times New Roman\"; \tmso-fareast-language:KO;} p.OiaeaeiYiio2, li.OiaeaeiYiio2, div.OiaeaeiYiio2 \t{mso-style-name:\"O?ia eaeiYiio 2\"; \tmargin:0cm; \tmargin-bottom:.0001pt; \ttext-align:right; \tmso-pagination:none; \tfont-size:8.0pt; \tmso-bidi-font-size:10.0pt; \tfont-family:\"Times New Roman\"; \tmso-fareast-font-family:\"Times New Roman\"; \tmso-ansi-language:EN-US; \tmso-fareast-language:KO; \tfont-style:italic; \tmso-bidi-font-style:normal;} @page Section1 \t{size:612.0pt 792.0pt; \tmargin:70.85pt 2.0cm 2.0cm 2.0cm; \tmso-header-margin:36.0pt; \tmso-footer-margin:36.0pt; \tmso-paper-source:0;} div.Section1 \t{page:Section1;} --><!--[if gte mso 10]&gt; &lt;!   \/* Style Definitions *\/  table.MsoNormalTable \t{mso-style-name:\"Tabella normale\"; \tmso-tstyle-rowband-size:0; \tmso-tstyle-colband-size:0; \tmso-style-noshow:yes; \tmso-style-parent:\"\"; \tmso-padding-alt:0cm 5.4pt 0cm 5.4pt; \tmso-para-margin:0cm; \tmso-para-margin-bottom:.0001pt; \tmso-pagination:widow-orphan; \tfont-size:10.0pt; \tfont-family:\"Times New Roman\"; \tmso-ansi-language:#0400; \tmso-fareast-language:#0400; \tmso-bidi-language:#0400;} --> <!--[endif]--><span>F.I.P.A.\u00a0 d\u2019or nella categoria miniserie al<span> <\/span>F.I.P.A. di Biarritz <\/span><span>(<em>Sonet\u00e0ula, <\/em>2008).<br \/>\n<\/span><\/p>\n<p class=\"MsoNormal\">Il corso \u00e8 aperto a un <strong>numero massimo di 30 iscritti<\/strong>, qualora entro la data scadenza delle iscrizioni il numero fosse superiore si far\u00e0 una selezione in base a esperienze pregresse e titoli. In tal caso verr\u00e0 richiesto un breve curriculum. Verranno privilegiate la giovane et\u00e0 e precedenti esperienze nel campo della cultura audiovisiva.\u00a0 E&#8217; garantito ai non studenti\u00a0 un numero di posti non inferiore al 25% di quelli disponibili.<\/p>\n<p class=\"MsoNormal\">\n<p class=\"MsoNormal\">Tassa di iscrizione (pi\u00f9 imposta di bollo \u20ac 14,62):<\/p>\n<p class=\"MsoNormal\">&#8211; 40 euro studenti<\/p>\n<p class=\"MsoNormal\">&#8211; 160 euro non studenti.<\/p>\n<p class=\"MsoNormal\"><!--[if gte mso 9]&gt;  Normal 0 14   false false false        MicrosoftInternetExplorer4  &lt;![endif]--><!--[if gte mso 9]&gt;   &lt;![endif]--><!--  \/* Font Definitions *\/  @font-face \t{font-family:\"Arial Narrow\"; \tpanose-1:2 11 5 6 2 2 2 3 2 4; \tmso-font-charset:0; \tmso-generic-font-family:swiss; \tmso-font-pitch:variable; \tmso-font-signature:647 0 0 0 159 0;}  \/* Style Definitions *\/  p.MsoNormal, li.MsoNormal, div.MsoNormal \t{mso-style-parent:\"\"; \tmargin:0cm; \tmargin-bottom:.0001pt; \tmso-pagination:none; \tfont-size:10.0pt; \tfont-family:\"Times New Roman\"; \tmso-fareast-font-family:\"Times New Roman\"; \tmso-fareast-language:KO;} p.OiaeaeiYiio2, li.OiaeaeiYiio2, div.OiaeaeiYiio2 \t{mso-style-name:\"O?ia eaeiYiio 2\"; \tmargin:0cm; \tmargin-bottom:.0001pt; \ttext-align:right; \tmso-pagination:none; \tfont-size:8.0pt; \tmso-bidi-font-size:10.0pt; \tfont-family:\"Times New Roman\"; \tmso-fareast-font-family:\"Times New Roman\"; \tmso-ansi-language:EN-US; \tmso-fareast-language:KO; \tfont-style:italic; \tmso-bidi-font-style:normal;} @page Section1 \t{size:612.0pt 792.0pt; \tmargin:70.85pt 2.0cm 2.0cm 2.0cm; \tmso-header-margin:36.0pt; \tmso-footer-margin:36.0pt; \tmso-paper-source:0;} div.Section1 \t{page:Section1;} --><!--[if gte mso 10]&gt; &lt;!   \/* Style Definitions *\/  table.MsoNormalTable \t{mso-style-name:\"Tabella normale\"; \tmso-tstyle-rowband-size:0; \tmso-tstyle-colband-size:0; \tmso-style-noshow:yes; \tmso-style-parent:\"\"; \tmso-padding-alt:0cm 5.4pt 0cm 5.4pt; \tmso-para-margin:0cm; \tmso-para-margin-bottom:.0001pt; \tmso-pagination:widow-orphan; \tfont-size:10.0pt; \tfont-family:\"Times New Roman\"; \tmso-ansi-language:#0400; \tmso-fareast-language:#0400; \tmso-bidi-language:#0400;} --> <!--[endif]--><\/p>\n<p class=\"OiaeaeiYiio2\" style=\"margin: 1pt 0cm;text-align: left\" align=\"left\">\n<p class=\"MsoNormal\"><!--[if gte mso 9]&gt;  Normal 0 14   false false false        MicrosoftInternetExplorer4  &lt;![endif]--><!--[if gte mso 9]&gt;   &lt;![endif]--><!--  \/* Font Definitions *\/  @font-face \t{font-family:\"Arial Narrow\"; \tpanose-1:2 11 5 6 2 2 2 3 2 4; \tmso-font-charset:0; \tmso-generic-font-family:swiss; \tmso-font-pitch:variable; \tmso-font-signature:647 0 0 0 159 0;}  \/* Style Definitions *\/  p.MsoNormal, li.MsoNormal, div.MsoNormal \t{mso-style-parent:\"\"; \tmargin:0cm; \tmargin-bottom:.0001pt; \tmso-pagination:none; \tfont-size:10.0pt; \tfont-family:\"Times New Roman\"; \tmso-fareast-font-family:\"Times New Roman\"; \tmso-fareast-language:KO;} p.OiaeaeiYiio2, li.OiaeaeiYiio2, div.OiaeaeiYiio2 \t{mso-style-name:\"O?ia eaeiYiio 2\"; \tmargin:0cm; \tmargin-bottom:.0001pt; \ttext-align:right; \tmso-pagination:none; \tfont-size:8.0pt; \tmso-bidi-font-size:10.0pt; \tfont-family:\"Times New Roman\"; \tmso-fareast-font-family:\"Times New Roman\"; \tmso-ansi-language:EN-US; \tmso-fareast-language:KO; \tfont-style:italic; \tmso-bidi-font-style:normal;} @page Section1 \t{size:612.0pt 792.0pt; \tmargin:70.85pt 2.0cm 2.0cm 2.0cm; \tmso-header-margin:36.0pt; \tmso-footer-margin:36.0pt; \tmso-paper-source:0;} div.Section1 \t{page:Section1;} --><\/p>\n<p class=\"MsoNormal\">\n<p><strong>Data di scadenza delle iscrizioni: 27 giugno 2009<\/strong> (dopo tale data si conosceranno i nomi degli ammessi)<\/p>\n<p>LE ISCRIZIONI SONO CHIUSE<\/p>\n","protected":false},"excerpt":{"rendered":"<p>Corso di sceneggiatura &#8211; cod. SCE0109 Il corso ha la durata complessiva di 40 ore e si svolge in due settimane nel mese di luglio (dal 7 all&#8217;11 e dal 20 al 24) con incontri di 4 ore tutti i pomeriggi (h. 15.30\/19.30, escluso sabato 11, ore 9.00\/13.00). L\u2019attivit\u00e0 formativa \u00e8 rivolta a persone che non hanno particolari esperienze di settore e che vogliono conoscere le basi della sceneggiatura. Il corso d\u00e0 diritto a 4 crediti formativi di tipo F (tali crediti sono automaticamente riconosciuti per gli studenti iscritti\u00a0 Corso di laurea in Scienze della comunicazione della Facolt\u00e0 di Scienze <a href='https:\/\/people.unica.it\/celcam\/attivita\/progetto-di-formazione\/sceneggiatura_sce0109\/' class='excerpt-more'>[&#8230;]<\/a><\/p>\n","protected":false},"author":274,"featured_media":0,"parent":249,"menu_order":0,"comment_status":"open","ping_status":"open","template":"","meta":{"footnotes":""},"class_list":["post-37","page","type-page","status-publish","hentry","category-1-id","post-seq-1","post-parity-odd","meta-position-corners","fix"],"_links":{"self":[{"href":"https:\/\/people.unica.it\/celcam\/wp-json\/wp\/v2\/pages\/37","targetHints":{"allow":["GET"]}}],"collection":[{"href":"https:\/\/people.unica.it\/celcam\/wp-json\/wp\/v2\/pages"}],"about":[{"href":"https:\/\/people.unica.it\/celcam\/wp-json\/wp\/v2\/types\/page"}],"author":[{"embeddable":true,"href":"https:\/\/people.unica.it\/celcam\/wp-json\/wp\/v2\/users\/274"}],"replies":[{"embeddable":true,"href":"https:\/\/people.unica.it\/celcam\/wp-json\/wp\/v2\/comments?post=37"}],"version-history":[{"count":25,"href":"https:\/\/people.unica.it\/celcam\/wp-json\/wp\/v2\/pages\/37\/revisions"}],"predecessor-version":[{"id":260,"href":"https:\/\/people.unica.it\/celcam\/wp-json\/wp\/v2\/pages\/37\/revisions\/260"}],"up":[{"embeddable":true,"href":"https:\/\/people.unica.it\/celcam\/wp-json\/wp\/v2\/pages\/249"}],"wp:attachment":[{"href":"https:\/\/people.unica.it\/celcam\/wp-json\/wp\/v2\/media?parent=37"}],"curies":[{"name":"wp","href":"https:\/\/api.w.org\/{rel}","templated":true}]}}