{"id":366,"date":"2010-02-28T15:54:15","date_gmt":"2010-02-28T14:54:15","guid":{"rendered":"http:\/\/people.unica.it\/celcam\/attivita\/master-esperto-restauro\/selezione-ammissioni-al-master\/"},"modified":"2010-02-28T15:56:32","modified_gmt":"2010-02-28T14:56:32","slug":"selezione-ammissioni-al-master","status":"publish","type":"page","link":"https:\/\/people.unica.it\/celcam\/attivita\/master-esperto-restauro\/selezione-ammissioni-al-master\/","title":{"rendered":"selezione ammissione al master"},"content":{"rendered":"<p>La selezione per l&#8217;ammissione al Master, avendo il numero degli iscritti superato quello dei posti disponibili, si terr\u00e0 gioved\u00ec 4 marzo alle 10.30 presso l&#8217;aula 6 della Facolt\u00e0 di Scienze della formazione in Via Is Mirrionis 1 a Cagliari.<\/p>\n<p>Hanno l&#8217;obbligo di partecipare alla selezione tutti coloro che intendono frequentare il Master inclusi gli uditori che potranno accedervi, secondo la graduatoria formulata in seguito alla selezione, qualora non tutti i possessori di laurea confermino al loro iscrizione. La mancata partecipazione alla selezione comporta l&#8217;impossibilit\u00e0 di iscriversi al Master.<\/p>\n<p>La Commissione di selezione \u00e8 composta da Antioco Floris, direttore del Master, presidente, David Bruni, docente, M. Rossana Rubiu, rappresentante della Regione Autonoma della Sardegna.<\/p>\n","protected":false},"excerpt":{"rendered":"<p>La selezione per l&#8217;ammissione al Master, avendo il numero degli iscritti superato quello dei posti disponibili, si terr\u00e0 gioved\u00ec 4 marzo alle 10.30 presso l&#8217;aula 6 della Facolt\u00e0 di Scienze della formazione in Via Is Mirrionis 1 a Cagliari. Hanno l&#8217;obbligo di partecipare alla selezione tutti coloro che intendono frequentare il Master inclusi gli uditori che potranno accedervi, secondo la graduatoria formulata in seguito alla selezione, qualora non tutti i possessori di laurea confermino al loro iscrizione. La mancata partecipazione alla selezione comporta l&#8217;impossibilit\u00e0 di iscriversi al Master. La Commissione di selezione \u00e8 composta da Antioco Floris, direttore del Master, <a href='https:\/\/people.unica.it\/celcam\/attivita\/master-esperto-restauro\/selezione-ammissioni-al-master\/' class='excerpt-more'>[&#8230;]<\/a><\/p>\n","protected":false},"author":274,"featured_media":0,"parent":270,"menu_order":0,"comment_status":"open","ping_status":"open","template":"","meta":{"footnotes":""},"class_list":["post-366","page","type-page","status-publish","hentry","category-1-id","post-seq-1","post-parity-odd","meta-position-corners","fix"],"_links":{"self":[{"href":"https:\/\/people.unica.it\/celcam\/wp-json\/wp\/v2\/pages\/366","targetHints":{"allow":["GET"]}}],"collection":[{"href":"https:\/\/people.unica.it\/celcam\/wp-json\/wp\/v2\/pages"}],"about":[{"href":"https:\/\/people.unica.it\/celcam\/wp-json\/wp\/v2\/types\/page"}],"author":[{"embeddable":true,"href":"https:\/\/people.unica.it\/celcam\/wp-json\/wp\/v2\/users\/274"}],"replies":[{"embeddable":true,"href":"https:\/\/people.unica.it\/celcam\/wp-json\/wp\/v2\/comments?post=366"}],"version-history":[{"count":2,"href":"https:\/\/people.unica.it\/celcam\/wp-json\/wp\/v2\/pages\/366\/revisions"}],"predecessor-version":[{"id":370,"href":"https:\/\/people.unica.it\/celcam\/wp-json\/wp\/v2\/pages\/366\/revisions\/370"}],"up":[{"embeddable":true,"href":"https:\/\/people.unica.it\/celcam\/wp-json\/wp\/v2\/pages\/270"}],"wp:attachment":[{"href":"https:\/\/people.unica.it\/celcam\/wp-json\/wp\/v2\/media?parent=366"}],"curies":[{"name":"wp","href":"https:\/\/api.w.org\/{rel}","templated":true}]}}