{"id":339,"date":"2010-02-17T19:15:27","date_gmt":"2010-02-17T18:15:27","guid":{"rendered":"http:\/\/people.unica.it\/celcam\/?page_id=339"},"modified":"2010-02-17T20:25:57","modified_gmt":"2010-02-17T19:25:57","slug":"cinemecum-17-02-2010","status":"publish","type":"page","link":"https:\/\/people.unica.it\/celcam\/rassegna-stampa\/cinemecum-17-02-2010\/","title":{"rendered":"CINEMECUM &#8211; 17-02-2010"},"content":{"rendered":"<h2>Specialisti in video<\/h2>\n<p><strong>In citt\u00e0 il master diretto da Antioco Floris per formare addetti ai lavori nella conservazione (e non solo) dei prodotti audiovisivi: protagonista l\u2019Universit\u00e0 di Cagliari in sinergia con l\u2019Universit\u00e0 di Udine. Per partecipare c\u2019\u00e8 tempo sino al primo marzo. Fatevi sotto! di Maria Elena Tiragallo<\/strong><\/p>\n<p>Ghiotta iniziativa accademica nell\u2019Isola. Non occorre pi\u00f9 trasferirsi in altre citt\u00e0 per formarsi in campo cinematografico, o almeno nella sfera dell\u2019audiovisivo.<br \/>\nNon \u00e8 un sogno a ciel sereno, ma una realt\u00e0. Nasce, infatti. all\u2019Universit\u00e0 di Cagliari, in particolare presso la Facolt\u00e0 Scienze della Formazione, il Master di primo livello per Esperto in gestione, conservazione, restauro dei prodotti audiovisivi e multimediali, durante l\u2019anno accademico in corso. Con l\u2019obiettivo di formare operatori, esperti nella conduzione dei moderni centri culturali e archivi destinati alla conservazione e restauro dei prodotti multimediali.<br \/>\nIl corso di specializzazione, fortemente voluto dalla Regione Sardegna, ha il patrocinio dell\u2019Isre, della Societ\u00e0 Umanitaria Cineteca Sarda, del Dams cinema dell\u2019Universit\u00e0 di Udine. Il via alle lezioni, tenute rigorosamente da docenti esperti nel settore a livello nazionale ed internazionale, sar\u00e0 dato a marzo per concludersi a settembre 2010. Circa 360 le ore di attivit\u00e0 didattica, diverse le discipline di studio, 80 ore di tirocinio presso la \u201cCamera ottica\u201d dell\u2019Universit\u00e0 di Udine, sede di Gorizia. Costo del Master 1500 euro per i partecipanti, (numero minimo di ammessi 10 persone per un massimo di 25), 1250 euro per gli uditori, qualora non venga raggiunto il numero massimo di studenti. Per partecipare alle selezioni c\u2019\u00e8 tempo sino al primo marzo 2010. (Per info: mastercinema.unica@gmail.com www.celcam.it )<br \/>\n&#8220;Si tratta di un percorso formativo specifico, indirizzato a tutti coloro che potranno lavorare nel settore della conservazione e restauro dei prodotti audiovisivi con tutte le professionalit\u00e0 richieste &#8211; ha commentato il direttore del Master, il prof. Antioco Floris &#8211; E\u2019 importantissima la collaborazione con l\u2019Universit\u00e0 di Udine che ha un bagaglio di conoscenze internazionali e di esperienza pluriennale. Non \u00e8, quindi, una sinergia superficiale, ci tengo a precisare che il corpo docente \u00e8 formato da esperti provenienti da tutta Italia, chi dalla Cineteca Nazionale, chi dal Museo del Cinema di Torino, chi dalla Cineteca di Bologna. E\u2019 la prima edizione del Master in citt\u00e0, ma \u00e8 specifico e professionale. L\u2019esigenza \u00e8 stata segnalata dalla Regione Sardegna per formare operatori che possono lavorare da esperti e non da autodidatti nelle varie mediateche sarde\u201d<\/p>\n<p><a href=\"http:\/\/people.unica.it\/celcam\/files\/2010\/02\/Specialisti-in-video1.pdf\">Specialisti in video<\/a><\/p>\n","protected":false},"excerpt":{"rendered":"<p>Specialisti in video In citt\u00e0 il master diretto da Antioco Floris per formare addetti ai lavori nella conservazione (e non solo) dei prodotti audiovisivi: protagonista l\u2019Universit\u00e0 di Cagliari in sinergia con l\u2019Universit\u00e0 di Udine. Per partecipare c\u2019\u00e8 tempo sino al primo marzo. Fatevi sotto! di Maria Elena Tiragallo Ghiotta iniziativa accademica nell\u2019Isola. Non occorre pi\u00f9 trasferirsi in altre citt\u00e0 per formarsi in campo cinematografico, o almeno nella sfera dell\u2019audiovisivo. Non \u00e8 un sogno a ciel sereno, ma una realt\u00e0. Nasce, infatti. all\u2019Universit\u00e0 di Cagliari, in particolare presso la Facolt\u00e0 Scienze della Formazione, il Master di primo livello per Esperto in <a href='https:\/\/people.unica.it\/celcam\/rassegna-stampa\/cinemecum-17-02-2010\/' class='excerpt-more'>[&#8230;]<\/a><\/p>\n","protected":false},"author":274,"featured_media":0,"parent":192,"menu_order":0,"comment_status":"open","ping_status":"open","template":"","meta":{"footnotes":""},"class_list":["post-339","page","type-page","status-publish","hentry","category-1-id","post-seq-1","post-parity-odd","meta-position-corners","fix"],"_links":{"self":[{"href":"https:\/\/people.unica.it\/celcam\/wp-json\/wp\/v2\/pages\/339","targetHints":{"allow":["GET"]}}],"collection":[{"href":"https:\/\/people.unica.it\/celcam\/wp-json\/wp\/v2\/pages"}],"about":[{"href":"https:\/\/people.unica.it\/celcam\/wp-json\/wp\/v2\/types\/page"}],"author":[{"embeddable":true,"href":"https:\/\/people.unica.it\/celcam\/wp-json\/wp\/v2\/users\/274"}],"replies":[{"embeddable":true,"href":"https:\/\/people.unica.it\/celcam\/wp-json\/wp\/v2\/comments?post=339"}],"version-history":[{"count":7,"href":"https:\/\/people.unica.it\/celcam\/wp-json\/wp\/v2\/pages\/339\/revisions"}],"predecessor-version":[{"id":346,"href":"https:\/\/people.unica.it\/celcam\/wp-json\/wp\/v2\/pages\/339\/revisions\/346"}],"up":[{"embeddable":true,"href":"https:\/\/people.unica.it\/celcam\/wp-json\/wp\/v2\/pages\/192"}],"wp:attachment":[{"href":"https:\/\/people.unica.it\/celcam\/wp-json\/wp\/v2\/media?parent=339"}],"curies":[{"name":"wp","href":"https:\/\/api.w.org\/{rel}","templated":true}]}}