{"id":2,"date":"2009-03-27T09:27:19","date_gmt":"2009-03-27T08:27:19","guid":{"rendered":""},"modified":"2018-02-11T16:31:09","modified_gmt":"2018-02-11T15:31:09","slug":"info","status":"publish","type":"page","link":"https:\/\/people.unica.it\/celcam\/info\/","title":{"rendered":"Chi Siamo"},"content":{"rendered":"<p>Il <strong>CELCAM<\/strong> (Centro per l\u2019Educazione ai Linguaggi del Cinema, degli Audiovisivi e della Multimedialit\u00e0) \u00e8 un centro di ricerca che fa capo al Dipartimento di Storia, Beni culturali e Territorio dell&#8217;Universit\u00e0 di Cagliari ed \u00e8 istituito, nella composizione attuale, con delibera del Consiglio d\u2019Amministrazione del 28 giugno 2013 e con Decreto rettorale n. 977 del 11 luglio 2013.<\/p>\n<p class=\"MsoNormal\">Il centro \u00e8 nato nel 2007 nell&#8217;ambito delle attivit\u00e0 del Corso di laurea in Scienze della comunicazione con l\u2019obiettivo di approfondire le problematiche legate alla ricerca e alla didattica nel campo della comunicazione cinematografica, audiovisiva e multimediale anche con la produzione di materiali.<\/p>\n<p class=\"MsoNormal\" style=\"text-align: justify\">L\u2019attivit\u00e0 formativa in tale ambito si svolge nell\u2019Ateneo cagliaritano ormai da 45 anni. Essa si \u00e8 caratterizzata essenzialmente per lo studio teorico del linguaggio e della storia del cinema e in alcuni casi per gli aspetti metodologici dell\u2019educazione. A partire dalla fine degli anni novanta \u00e8 invece emersa l\u2019esigenza di un\u2019azione formativa rivolta anche alla dimensione pratica del fare cinema a cui la disciolta facolt\u00e0 di Scienze della formazione ha cercato di dare risposta da un lato con l\u2019allestimento, nel 2002, di un laboratorio reso disponibile agli studenti, dall\u2019altro con l\u2019organizzazione di stage, workshop, incontri con autori.<\/p>\n<p class=\"MsoNormal\" style=\"text-align: justify\">Il consolidamento in questa esperienza \u00e8 stato reso possibile dall\u2019attivazione, nell\u2019AA 2006-2007, del corso di laurea in Scienze della comunicazione che ha ampliato lo spettro degli interessi verso i cosiddetti new media sia in relazione agli aspetti teorico-metodologici sia in relazione a quelli formativi e in particolare all\u2019uso delle nuove tecnologie telematiche (e-learning).<\/p>\n<p class=\"MsoNormal\" style=\"text-align: justify\">Con il nuovo assetto organizzativo dell&#8217;Ateneo cagliaritano in seguito all&#8217;applicazione della Legge 240\/2010, il CELCAM nel 2013 \u00e8 diventato un Centro dipartimentale.<\/p>\n<h2><strong><a href=\"http:\/\/people.unica.it\/celcam\/info\/statuto_celcam\/\" target=\"_blank\" rel=\"noopener\">STATUTO<\/a><\/strong><\/h2>\n<p class=\"MsoNormal\">Direttore:<br \/>\nAntioco Floris<\/p>\n<p class=\"MsoNormal\">Consiglio direttivo:<br \/>\nDavid Bruni<br \/>\nIgnazio Macchiarella<\/p>\n<p>&nbsp;<\/p>\n<p><strong>Hanno collaborato con noi o sono stati nostri ospiti per le attivit\u00e0 formative e di ricerca<\/strong>:<br \/>\nAndrea Lotta, montatore<br \/>\nAntonia Iaccarino, sceneggiatrice<br \/>\nClaudio Giovannesi, regista<br \/>\nCorrado Serri , direttore della fotografia<br \/>\nDaniele Maggioni, produttore-regista<br \/>\nElisa Mandelli, docente Universit\u00e0 di Cagliari<br \/>\nElisabetta Loffredo, docente Universit\u00e0 di Cagliari<br \/>\nElisabetta Soddu, produttrice<br \/>\nEnrico Pau, regista<br \/>\nFelice Tiragallo, docente Universit\u00e0 di Cagliari<br \/>\nFrancesco Munzi, regista<br \/>\nFrancesco Piras, produttore, direttore della fotografia<br \/>\nFrancesco Pitassio, docente Universit\u00e0 di Udine<br \/>\nGiovanni De Mezzo, musicologo<br \/>\nGloria Malatesta, sceneggiatrice<br \/>\nIlaria Fraioli, montatrice<br \/>\nIvan Girina, docente Brunel University, London<br \/>\nLorenzo Cuccu, docente Universit\u00e0 di Pisa<br \/>\nLucia Cardone, docente Universit\u00e0 di Sassari<br \/>\nMarco Antonio Pani, regista-montatore<br \/>\nMarco Gargiulo, docente Universit\u00e0 di Bergen (N)<br \/>\nMariagrazia Fanchi, docente Universit\u00e0 Cattolica del Sacro cuore, Milano<br \/>\nMariapia Comand, docente Universit\u00e0 di Udine<br \/>\nMarina Spada, regista<br \/>\nMassimo Atzori,\u00a0operatore culturale<br \/>\nMassimo Locatelli, docente Universit\u00e0 Cattolica del Sacro cuore, Milano<br \/>\nMichelangelo Frammartino, regista<br \/>\nMichele Vannucci, regista<br \/>\nPaolo Carboni, operatore<br \/>\nPeter Marcias, regista<br \/>\nPier Giuseppe Fancellu, fonico<br \/>\nRoberta Aloisio, direttrice di produzione<br \/>\nRoberto Scarpetti, sceneggiatore<br \/>\nSalvatore Mereu, regista<br \/>\nSandra Lischi, docente Universit\u00e0 di Pisa<br \/>\nSimone Venturini, docente Universit\u00e0 di Udine<br \/>\nStefano Rulli, sceneggiatore<\/p>\n<p>&nbsp;<\/p>\n","protected":false},"excerpt":{"rendered":"<p>Il CELCAM (Centro per l\u2019Educazione ai Linguaggi del Cinema, degli Audiovisivi e della Multimedialit\u00e0) \u00e8 un centro di ricerca che fa capo al Dipartimento di Storia, Beni culturali e Territorio dell&#8217;Universit\u00e0 di Cagliari ed \u00e8 istituito, nella composizione attuale, con delibera del Consiglio d\u2019Amministrazione del 28 giugno 2013 e con Decreto rettorale n. 977 del 11 luglio 2013. Il centro \u00e8 nato nel 2007 nell&#8217;ambito delle attivit\u00e0 del Corso di laurea in Scienze della comunicazione con l\u2019obiettivo di approfondire le problematiche legate alla ricerca e alla didattica nel campo della comunicazione cinematografica, audiovisiva e multimediale anche con la produzione di <a href='https:\/\/people.unica.it\/celcam\/info\/' class='excerpt-more'>[&#8230;]<\/a><\/p>\n","protected":false},"author":274,"featured_media":0,"parent":0,"menu_order":1,"comment_status":"open","ping_status":"open","template":"","meta":{"footnotes":""},"class_list":["post-2","page","type-page","status-publish","hentry","category-1-id","post-seq-1","post-parity-odd","meta-position-corners","fix"],"_links":{"self":[{"href":"https:\/\/people.unica.it\/celcam\/wp-json\/wp\/v2\/pages\/2","targetHints":{"allow":["GET"]}}],"collection":[{"href":"https:\/\/people.unica.it\/celcam\/wp-json\/wp\/v2\/pages"}],"about":[{"href":"https:\/\/people.unica.it\/celcam\/wp-json\/wp\/v2\/types\/page"}],"author":[{"embeddable":true,"href":"https:\/\/people.unica.it\/celcam\/wp-json\/wp\/v2\/users\/274"}],"replies":[{"embeddable":true,"href":"https:\/\/people.unica.it\/celcam\/wp-json\/wp\/v2\/comments?post=2"}],"version-history":[{"count":20,"href":"https:\/\/people.unica.it\/celcam\/wp-json\/wp\/v2\/pages\/2\/revisions"}],"predecessor-version":[{"id":1069,"href":"https:\/\/people.unica.it\/celcam\/wp-json\/wp\/v2\/pages\/2\/revisions\/1069"}],"wp:attachment":[{"href":"https:\/\/people.unica.it\/celcam\/wp-json\/wp\/v2\/media?parent=2"}],"curies":[{"name":"wp","href":"https:\/\/api.w.org\/{rel}","templated":true}]}}