{"id":19,"date":"2009-06-02T16:16:01","date_gmt":"2009-06-02T15:16:01","guid":{"rendered":"http:\/\/people.unica.it\/celcam\/?page_id=19"},"modified":"2009-08-13T13:21:24","modified_gmt":"2009-08-13T12:21:24","slug":"regia_2_pau_reg0209","status":"publish","type":"page","link":"https:\/\/people.unica.it\/celcam\/attivita\/progetto-di-formazione\/regia_2_pau_reg0209\/","title":{"rendered":"CORSO DI REGIA 2 &#8211; Enrico Pau"},"content":{"rendered":"<p><!--[if gte mso 10]&gt; &lt;!   \/* Style Definitions *\/  table.MsoNormalTable \t{mso-style-name:\"Tabella normale\"; \tmso-tstyle-rowband-size:0; \tmso-tstyle-colband-size:0; \tmso-style-noshow:yes; \tmso-style-parent:\"\"; \tmso-padding-alt:0cm 5.4pt 0cm 5.4pt; \tmso-para-margin:0cm; \tmso-para-margin-bottom:.0001pt; \tmso-pagination:widow-orphan; \tfont-size:10.0pt; \tfont-family:\"Times New Roman\"; \tmso-ansi-language:#0400; \tmso-fareast-language:#0400; \tmso-bidi-language:#0400;} --><!--[endif]--><\/p>\n<p class=\"MsoNormal\"><strong>Corso di regia 2 \u2013 cod. REG0209<\/strong><\/p>\n<p class=\"MsoNormal\">Il corso ha la durata complessiva di <strong>40 ore<\/strong> e si svolge nell\u2019arco di tre settimane fra giugno e luglio con incontri di 4 ore i pomeriggi (inizio il 17 giugno e fine il 22 luglio). Per la partecipazione al laboratorio non \u00e8 richiesta una specifica competenze ma sarebbe auspicabile avere qualche conoscenza nel campo del linguaggio cinematografico.<\/p>\n<p class=\"MsoNormal\">L\u2019attivit\u00e0 formativa si svolger\u00e0 privilegiando gli aspetti pratici del fare cinema e il programma prevede la progettazione e la realizzazione di un cortometraggio in tutte le sue fasi: scrittura di soggetto e sceneggiatura, casting, scelta del set, riprese, montaggio e presentazione al pubblico.<\/p>\n<p class=\"MsoNormal\">Il corso d\u00e0 diritto a 4 crediti formativi di tipo F (tali crediti sono automaticamente riconosciuti per gli studenti iscritti\u00a0 Corso di laurea in Scienze della comunicazione della Facolt\u00e0 di Scienze della formazione, negli altri casi dovranno essere valutati dagli organismi da cui si dipende).<\/p>\n<p class=\"MsoNormal\">Il corso \u00e8 tenuto da <strong>Enrico Pau<\/strong>.<\/p>\n<p class=\"MsoNormal\"><strong><span style=\"font-weight: normal\">Nato a Cagliari dove insegna Italiano nelle scuole superiori, <\/span>Enrico Pau<\/strong><strong><span style=\"font-weight: normal\"> ha cominciato l\u2019attivit\u00e0 di regista dirigendo diversi spettacoli e operette musicali per il teatro, tra i quali si annovera una versione del <em>Brutto anatroccolo<\/em> suonato da Paolo Fresu e interpretato da Massimiliano Medda. Ha lavorato per Radio Rai come regista e sceneggiatore, \u00e8 stato attore di cinema e teatro, \u00e8 critico teatrale del quotidiano La Nuova Sardegna. In campo cinematografico ha realizzato diversi cortometraggi (fra questi <em>La volpe e l\u2019ape<\/em>, 1995, primo premio al festival Visioni italiane), documentari (<em>Storie di pugili<\/em>, 1999, <em>L\u2019anatema di Aquilino<\/em>, 2002, Premio Giuseppe Dess\u00ec) ) e due lungometraggi: <em>Pesi leggeri<\/em> (2001),<span> <\/span>segnalato come uno dei pi\u00f9 interessanti esordi degli inizi di questo decennio, e <em>Jimmy della Collina<\/em> (2006) premiato fra l\u2019altro al <\/span><\/strong>Festival Internazionale del Film di Locarno.<\/p>\n<p class=\"MsoNormal\">Calendario degli incontri: <span>Giugno: 17, 18, 19, 22, 23, 29, 30; Luglio: 20, 21, 22<\/span><br \/>\norario 15.30\/19.30 (con molta probabilit\u00e0 gli orari non verranno rispettati nei giorni in cui si effettueranno le riprese e i partecipanti concorderanno con il regista orari e tempi di attivit\u00e0)<\/p>\n<p class=\"MsoNormal\"><span> <\/span><\/p>\n<p class=\"MsoNormal\">\n<p class=\"MsoNormal\">Il corso \u00e8 aperto a un <strong>numero massimo di 15 iscritti<\/strong>, qualora entro la data scadenza delle iscrizioni il numero fosse superiore si far\u00e0 una selezione in base a esperienze pregresse e titoli. In tal caso verr\u00e0 richiesto un breve curriculum. Verranno privilegiate la giovane et\u00e0 e precedenti esperienze nel campo della cultura audiovisiva.\u00a0 \u00c8 garantito ai non studenti\u00a0 un numero di posti non inferiore al 25% di quelli disponibili.<\/p>\n<p class=\"MsoNormal\">Tassa di iscrizione (pi\u00f9 imposta di bollo \u20ac 14,62):<\/p>\n<p class=\"MsoNormal\">&#8211; 40 euro studenti<\/p>\n<p class=\"MsoNormal\">&#8211; 160 euro non studenti.<\/p>\n<p class=\"MsoNormal\"><strong>Data di scadenza delle iscrizioni: 15 giugno 2009<\/strong><\/p>\n<p>Non \u00e8 pi\u00f9 possibile iscriversi<\/p>\n","protected":false},"excerpt":{"rendered":"<p>Corso di regia 2 \u2013 cod. REG0209 Il corso ha la durata complessiva di 40 ore e si svolge nell\u2019arco di tre settimane fra giugno e luglio con incontri di 4 ore i pomeriggi (inizio il 17 giugno e fine il 22 luglio). Per la partecipazione al laboratorio non \u00e8 richiesta una specifica competenze ma sarebbe auspicabile avere qualche conoscenza nel campo del linguaggio cinematografico. L\u2019attivit\u00e0 formativa si svolger\u00e0 privilegiando gli aspetti pratici del fare cinema e il programma prevede la progettazione e la realizzazione di un cortometraggio in tutte le sue fasi: scrittura di soggetto e sceneggiatura, casting, scelta <a href='https:\/\/people.unica.it\/celcam\/attivita\/progetto-di-formazione\/regia_2_pau_reg0209\/' class='excerpt-more'>[&#8230;]<\/a><\/p>\n","protected":false},"author":274,"featured_media":0,"parent":249,"menu_order":2,"comment_status":"open","ping_status":"open","template":"","meta":{"footnotes":""},"class_list":["post-19","page","type-page","status-publish","hentry","category-1-id","post-seq-1","post-parity-odd","meta-position-corners","fix"],"_links":{"self":[{"href":"https:\/\/people.unica.it\/celcam\/wp-json\/wp\/v2\/pages\/19","targetHints":{"allow":["GET"]}}],"collection":[{"href":"https:\/\/people.unica.it\/celcam\/wp-json\/wp\/v2\/pages"}],"about":[{"href":"https:\/\/people.unica.it\/celcam\/wp-json\/wp\/v2\/types\/page"}],"author":[{"embeddable":true,"href":"https:\/\/people.unica.it\/celcam\/wp-json\/wp\/v2\/users\/274"}],"replies":[{"embeddable":true,"href":"https:\/\/people.unica.it\/celcam\/wp-json\/wp\/v2\/comments?post=19"}],"version-history":[{"count":19,"href":"https:\/\/people.unica.it\/celcam\/wp-json\/wp\/v2\/pages\/19\/revisions"}],"predecessor-version":[{"id":23,"href":"https:\/\/people.unica.it\/celcam\/wp-json\/wp\/v2\/pages\/19\/revisions\/23"}],"up":[{"embeddable":true,"href":"https:\/\/people.unica.it\/celcam\/wp-json\/wp\/v2\/pages\/249"}],"wp:attachment":[{"href":"https:\/\/people.unica.it\/celcam\/wp-json\/wp\/v2\/media?parent=19"}],"curies":[{"name":"wp","href":"https:\/\/api.w.org\/{rel}","templated":true}]}}