{"id":10,"date":"2009-06-02T13:17:30","date_gmt":"2009-06-02T12:17:30","guid":{"rendered":"http:\/\/people.unica.it\/celcam\/?page_id=10"},"modified":"2009-08-13T13:20:09","modified_gmt":"2009-08-13T12:20:09","slug":"regia_1_mereu_reg0109","status":"publish","type":"page","link":"https:\/\/people.unica.it\/celcam\/attivita\/progetto-di-formazione\/regia_1_mereu_reg0109\/","title":{"rendered":"CORSO DI REGIA 1 &#8211; Salvatore Mereu"},"content":{"rendered":"<p><!--[endif]--><!--  \/* Style Definitions *\/  p.MsoNormal, li.MsoNormal, div.MsoNormal \t{mso-style-parent:\"\"; \tmargin:0cm; \tmargin-bottom:.0001pt; \tmso-pagination:widow-orphan; \tfont-size:12.0pt; \tfont-family:\"Times New Roman\"; \tmso-fareast-font-family:\"Times New Roman\";} p \t{mso-margin-top-alt:auto; \tmargin-right:0cm; \tmso-margin-bottom-alt:auto; \tmargin-left:0cm; \tmso-pagination:widow-orphan; \tfont-size:12.0pt; \tfont-family:\"Times New Roman\"; \tmso-fareast-font-family:\"Times New Roman\";} @page Section1 \t{size:612.0pt 792.0pt; \tmargin:70.85pt 2.0cm 2.0cm 2.0cm; \tmso-header-margin:36.0pt; \tmso-footer-margin:36.0pt; \tmso-paper-source:0;} div.Section1 \t{page:Section1;} --><\/p>\n<p><!--[if gte mso 10]&gt; &lt;!   \/* Style Definitions *\/  table.MsoNormalTable \t{mso-style-name:\"Tabella normale\"; \tmso-tstyle-rowband-size:0; \tmso-tstyle-colband-size:0; \tmso-style-noshow:yes; \tmso-style-parent:\"\"; \tmso-padding-alt:0cm 5.4pt 0cm 5.4pt; \tmso-para-margin:0cm; \tmso-para-margin-bottom:.0001pt; \tmso-pagination:widow-orphan; \tfont-size:10.0pt; \tfont-family:\"Times New Roman\"; \tmso-ansi-language:#0400; \tmso-fareast-language:#0400; \tmso-bidi-language:#0400;} --><\/p>\n<p><!--[endif]--><\/p>\n<p class=\"MsoNormal\"><strong>Corso di regia 1 \u2013 cod. REG0109<\/strong><\/p>\n<p class=\"MsoNormal\">Il corso ha la durata complessiva di <strong>50 ore<\/strong> e si svolge nell\u2019arco di tre settimane fra giugno e luglio con incontri di 4 ore i pomeriggi (inizio il 17 giugno e fine il 17 luglio). Per la partecipazione al laboratorio non sono richieste una specifiche competenze ma \u00e8 auspicabile avere qualche conoscenza nel campo del linguaggio cinematografico.<\/p>\n<p class=\"MsoNormal\">L\u2019attivit\u00e0 formativa si svolger\u00e0 privilegiando gli aspetti pratici del fare cinema e il programma prevede la progettazione e la realizzazione di un cortometraggio in tutte le sue fasi: scrittura di soggetto e sceneggiatura, casting, scelta del set, riprese, montaggio e presentazione al pubblico.<\/p>\n<p class=\"MsoNormal\">Il corso d\u00e0 diritto a 5 crediti formativi di tipo F (tali crediti sono automaticamente riconosciuti per gli studenti iscritti\u00a0 Corso di laurea in Scienze della comunicazione della Facolt\u00e0 di Scienze della formazione, negli altri casi dovranno essere valutati dagli organismi da cui si dipende).<\/p>\n<p class=\"MsoNormal\">Il corso \u00e8 tenuto da <strong>Salvatore Mereu<\/strong>.<\/p>\n<p class=\"MsoNormal\">Originario della Barbagia, dopo essersi laureato in cinema al DAMS di Bologna, <strong>Salvatore Mereu<\/strong> frequenta il Centro sperimentale di cinematografia dove si diploma in regia nel 1999. \u00c8 autore di diversi cortometraggi (<em>Prima della fucilazione<\/em>, 1996, Premio Sacher; <em>Miguel<\/em>, 1999, secondo premio al festival Visioni italiane) e di due lungometraggi. Il primo, <em>Ballo a tre passi<\/em> (2003), vince la Settimana della critica al festival di Venezia, il David di Donatello, il premio Amidei per la sceneggiatura, il premio Ciak e tanti altri premi in varie rassegne in tutto il mondo. Il secondo, <em>Sonet\u00e0ula<\/em> (2008), realizzato in due versioni una per le sale cinematografiche e l\u2019altra per la televisione, viene presentato alla Berlinale e in diversi festival in tutto il mondo dove ottiene premi e riconoscimenti fra questi il Globo d\u2019oro al Cinema ritrovato di Bologna, Il gran premio della giuria al <strong><span style=\"font-weight: normal\">Festival International du Cin\u00e9ma M\u00e9diterran\u00e9en de T\u00e9touan.<\/span><\/strong><\/p>\n<p class=\"MsoNormal\">Calendario degli incontri: giugno: 17, 18, 19, 23, 24, 24, 26;\u00a0 luglio: 1, 2, 3, 13, 14, 15, 16, 17<br \/>\norario 15.30\/19.30 (con molta probabilit\u00e0 gli orari non verranno rispettati nei giorni in cui si effettueranno le riprese e i partecipanti concorderanno con il regista orari e tempi di attivit\u00e0)<\/p>\n<p class=\"MsoNormal\"><span> <\/span><\/p>\n<p class=\"MsoNormal\">Il corso \u00e8 aperto a un <strong>numero massimo di 15 iscritti<\/strong>, qualora entro la data scadenza delle iscrizioni il numero fosse superiore si far\u00e0 una selezione in base a esperienze pregresse e titoli. In tal caso verr\u00e0 richiesto un breve curriculum. Verranno privilegiate la giovane et\u00e0 e precedenti esperienze nel campo della cultura audiovisiva.\u00a0 \u00c8 garantito ai non studenti\u00a0 un numero di posti non inferiore al 25% di quelli disponibili.<\/p>\n<p class=\"MsoNormal\">Tassa di iscrizione (pi\u00f9 imposta di bollo \u20ac 14,62):<\/p>\n<p class=\"MsoNormal\">&#8211; 50 euro studenti<\/p>\n<p class=\"MsoNormal\">&#8211; 200 euro non studenti.<\/p>\n<p class=\"MsoNormal\">\n<p class=\"MsoNormal\"><strong>Data di scadenza delle iscrizioni: 15 giugno 2009<\/strong><\/p>\n<p>Non \u00e8 pi\u00f9 possibile iscriversi<\/p>\n","protected":false},"excerpt":{"rendered":"<p>Corso di regia 1 \u2013 cod. REG0109 Il corso ha la durata complessiva di 50 ore e si svolge nell\u2019arco di tre settimane fra giugno e luglio con incontri di 4 ore i pomeriggi (inizio il 17 giugno e fine il 17 luglio). Per la partecipazione al laboratorio non sono richieste una specifiche competenze ma \u00e8 auspicabile avere qualche conoscenza nel campo del linguaggio cinematografico. L\u2019attivit\u00e0 formativa si svolger\u00e0 privilegiando gli aspetti pratici del fare cinema e il programma prevede la progettazione e la realizzazione di un cortometraggio in tutte le sue fasi: scrittura di soggetto e sceneggiatura, casting, scelta <a href='https:\/\/people.unica.it\/celcam\/attivita\/progetto-di-formazione\/regia_1_mereu_reg0109\/' class='excerpt-more'>[&#8230;]<\/a><\/p>\n","protected":false},"author":274,"featured_media":0,"parent":249,"menu_order":1,"comment_status":"open","ping_status":"open","template":"","meta":{"footnotes":""},"class_list":["post-10","page","type-page","status-publish","hentry","category-1-id","post-seq-1","post-parity-odd","meta-position-corners","fix"],"_links":{"self":[{"href":"https:\/\/people.unica.it\/celcam\/wp-json\/wp\/v2\/pages\/10","targetHints":{"allow":["GET"]}}],"collection":[{"href":"https:\/\/people.unica.it\/celcam\/wp-json\/wp\/v2\/pages"}],"about":[{"href":"https:\/\/people.unica.it\/celcam\/wp-json\/wp\/v2\/types\/page"}],"author":[{"embeddable":true,"href":"https:\/\/people.unica.it\/celcam\/wp-json\/wp\/v2\/users\/274"}],"replies":[{"embeddable":true,"href":"https:\/\/people.unica.it\/celcam\/wp-json\/wp\/v2\/comments?post=10"}],"version-history":[{"count":20,"href":"https:\/\/people.unica.it\/celcam\/wp-json\/wp\/v2\/pages\/10\/revisions"}],"predecessor-version":[{"id":261,"href":"https:\/\/people.unica.it\/celcam\/wp-json\/wp\/v2\/pages\/10\/revisions\/261"}],"up":[{"embeddable":true,"href":"https:\/\/people.unica.it\/celcam\/wp-json\/wp\/v2\/pages\/249"}],"wp:attachment":[{"href":"https:\/\/people.unica.it\/celcam\/wp-json\/wp\/v2\/media?parent=10"}],"curies":[{"name":"wp","href":"https:\/\/api.w.org\/{rel}","templated":true}]}}