{"id":40,"date":"2010-07-30T11:14:53","date_gmt":"2010-07-30T11:14:53","guid":{"rendered":"http:\/\/people.unica.it\/castrumlab2010\/?page_id=40"},"modified":"2010-08-06T10:08:05","modified_gmt":"2010-08-06T10:08:05","slug":"per-partecipare","status":"publish","type":"page","link":"https:\/\/people.unica.it\/castrumlab2010\/per-partecipare\/","title":{"rendered":"Per partecipare"},"content":{"rendered":"<p><strong>Condizioni di partecipazione e requisiti di ammissione<\/strong><\/p>\n<p>Il Laboratorio \u00e8 aperto a 10 dottorandi di ricerca in Architettura e Ingegneria Edile Architettura, a 6 laureati da non pi\u00f9 di 3 anni in Architettura o Ingegneria Edile Architettura, a 20 laureandi iscritti all\u2019ultimo anno dei corsi di laurea magistrale in Architettura, Architettura delle Costruzioni, Conservazione dei Beni architettonici e ambientali, in Ingegneria Edile Architettura, in possesso di curriculum in cui si evidenzi l\u2019attitudine all\u2019approccio progettuale.<\/p>\n<p>I partecipanti saranno selezionati sulla base del curriculum vitae e universitario.<\/p>\n<p>Le domande di partecipazione sono scaricabili dal link <a title=\"Modulo di richiesta di partecipazione \" href=\"http:\/\/people.unica.it\/castrumlab2010\/files\/2010\/07\/application_form_CastrumLab2010.pdf\" target=\"_blank\">domanda di partecipazione<\/a>\u00a0nel sito http:\/\/people.unica.it\/castrumlab2010, oppure\u00a0possono essere ritirate anche presso la Segreteria Amministrativa del Dipartimento di Architettura dell\u2019Universit\u00e0 di Cagliari, via Corte d\u2019Appello, 87 &#8211; Cagliari. Gli interessati dovranno far pervenire la domanda di ammissione e il curriculum vitae e universitario alla segreteria organizzativa, oppure inviando una e-mail all\u2019indirizzo: <a href=\"mailto:castrumlab2010@unica.it\"><strong>castrumlab2010@unica.it<\/strong><\/a><strong>,<\/strong> entro le ore 12 del 08.09.2010<\/p>\n<p><strong>Articolazione del laboratorio e docenza<\/strong><\/p>\n<p>L\u2019impegno complessivo di circa 75 ore \u00e8 articolato in attivit\u00e0 di laboratorio progettuale, lezioni, visite guidate, presentazione e discussione del lavoro. L\u2019attivit\u00e0 di laboratorio si svolger\u00e0 in gruppi di 12 partecipanti ciascuno, guidati dai docenti con il supporto dei codocenti e l\u2019assistenza dei tutores. Le linee guida per lo sviluppo dei progetti, il coordinamento, la verifica intermedia e la sintesi dei risultati sono assicurati dai docenti del laboratorio con il supporto del Comitato scientifico e del Gruppo di coordinamento.<\/p>\n<p><strong>Selezione e iscrizione<\/strong><\/p>\n<p>La selezione dei partecipanti sar\u00e0 effettuata da una\u00a0 commissione composta dai componenti del comitato scientifico.<\/p>\n<p>I candidati idonei saranno inseriti in una graduatoria provvisoria fino a conferma del pagamento della quota di iscrizione. Ai candidati selezionati sar\u00e0 inviata comunicazione entro il 14.09.2010. La quota dovr\u00e0 essere regolarizzata entro e non oltre il 18.09.2010, facendo pervenire copia del versamento alla Segreteria Amministrativa del Dipartimento di Architettura dell\u2019Universit\u00e0 di Cagliari &#8211; Via Corte d&#8217;Appello, 87- Cagliari, nei seguenti orari: dal luned\u00ec al venerd\u00ec 9.00 \u2013 14.00, o all\u2019indirizzo di posta elettronica <a href=\"mailto:castrumlab2010@unica.it\">castrumlab2010@unica.it<\/a>, o via fax al numero 070\/6755215. I versamenti vanno effettuati indicando la causale (quota di iscrizione CastrumLab2010) sul conto corrente bancario: Banco di Sardegna ABI 01015 \u2013 CAB 04800 \u2013 CCB n. 43225 \u2013 codice IBAN: IT45K0101504800000000043225 \u2013 codice BIC: SARDIT3SXXX.<\/p>\n<p><strong>Costo di partecipazione<\/strong><\/p>\n<p>La quota di iscrizione \u00e8 fissata in 200 Euro; comprende i materiali didattici e il pranzo.<\/p>\n<p><strong>Crediti<\/strong><\/p>\n<p>La partecipazione al Laboratorio CastrumLab2010 d\u00e0 diritto all\u2019attribuzione di 3 crediti formativi.<\/p>\n<p><strong>Segreteria<\/strong><\/p>\n<p>Angelo Carcangiu, Chiara Garau, Valeria Saiu<\/p>\n<p>Ulteriori dettagli si possono trovare sul sito: <a href=\"http:\/\/people.unica.it\/castrumlab2010\">http:\/\/people.unica.it\/castrumlab2010<\/a><\/p>\n<p>Per ogni chiarimento contattare la segreteria:<\/p>\n<p>e-mail: <a href=\"mailto:castrumlab2010@unica.it\">castrumlab2010@unica.it<\/a><\/p>\n<p>tel. +39 070 6755371 &#8211; 5376 fax. +39 070 675818 &#8211; 5816<\/p>\n","protected":false},"excerpt":{"rendered":"<p>Condizioni di partecipazione e requisiti di ammissione Il Laboratorio \u00e8 aperto a 10 dottorandi di ricerca in Architettura e Ingegneria Edile Architettura, a 6 laureati da non pi\u00f9 di 3 anni in Architettura o Ingegneria Edile Architettura, a 20 laureandi iscritti all\u2019ultimo anno dei corsi di laurea magistrale in Architettura, Architettura delle Costruzioni, Conservazione dei Beni architettonici e ambientali, in Ingegneria Edile Architettura, in possesso di curriculum in cui si evidenzi l\u2019attitudine all\u2019approccio progettuale. I partecipanti saranno selezionati sulla base del curriculum vitae e universitario. Le domande di partecipazione sono scaricabili dal link domanda di partecipazione\u00a0nel sito http:\/\/people.unica.it\/castrumlab2010, oppure\u00a0possono essere <a href='https:\/\/people.unica.it\/castrumlab2010\/per-partecipare\/' class='excerpt-more'>[&#8230;]<\/a><\/p>\n","protected":false},"author":357,"featured_media":0,"parent":0,"menu_order":4,"comment_status":"closed","ping_status":"open","template":"","meta":{"footnotes":""},"class_list":["post-40","page","type-page","status-publish","hentry","category-12-id","post-seq-1","post-parity-odd","meta-position-corners","fix"],"_links":{"self":[{"href":"https:\/\/people.unica.it\/castrumlab2010\/wp-json\/wp\/v2\/pages\/40","targetHints":{"allow":["GET"]}}],"collection":[{"href":"https:\/\/people.unica.it\/castrumlab2010\/wp-json\/wp\/v2\/pages"}],"about":[{"href":"https:\/\/people.unica.it\/castrumlab2010\/wp-json\/wp\/v2\/types\/page"}],"author":[{"embeddable":true,"href":"https:\/\/people.unica.it\/castrumlab2010\/wp-json\/wp\/v2\/users\/357"}],"replies":[{"embeddable":true,"href":"https:\/\/people.unica.it\/castrumlab2010\/wp-json\/wp\/v2\/comments?post=40"}],"version-history":[{"count":12,"href":"https:\/\/people.unica.it\/castrumlab2010\/wp-json\/wp\/v2\/pages\/40\/revisions"}],"predecessor-version":[{"id":64,"href":"https:\/\/people.unica.it\/castrumlab2010\/wp-json\/wp\/v2\/pages\/40\/revisions\/64"}],"wp:attachment":[{"href":"https:\/\/people.unica.it\/castrumlab2010\/wp-json\/wp\/v2\/media?parent=40"}],"curies":[{"name":"wp","href":"https:\/\/api.w.org\/{rel}","templated":true}]}}