{"id":2,"date":"2010-07-28T06:27:25","date_gmt":"2010-07-28T06:27:25","guid":{"rendered":""},"modified":"2010-08-06T11:04:09","modified_gmt":"2010-08-06T11:04:09","slug":"about","status":"publish","type":"page","link":"https:\/\/people.unica.it\/castrumlab2010\/about\/","title":{"rendered":"CAGLIARIARCHITETTURA"},"content":{"rendered":"<p style=\"text-align: left\"><strong>\u00a0<a href=\"http:\/\/people.unica.it\/castrumlab2010\/files\/2010\/07\/CAGLIARI_ARCHITETTURA_logo_Asili.jpg\"><img decoding=\"async\" class=\"alignleft size-medium wp-image-68\" src=\"http:\/\/people.unica.it\/castrumlab2010\/files\/2010\/07\/CAGLIARI_ARCHITETTURA_logo_Asili-300x129.jpg\" alt=\"\" width=\"241\" height=\"103\" srcset=\"https:\/\/people.unica.it\/castrumlab2010\/files\/2010\/07\/CAGLIARI_ARCHITETTURA_logo_Asili-300x129.jpg 300w, https:\/\/people.unica.it\/castrumlab2010\/files\/2010\/07\/CAGLIARI_ARCHITETTURA_logo_Asili-1024x441.jpg 1024w\" sizes=\"(max-width: 241px) 100vw, 241px\" \/><\/a><\/strong><\/p>\n<p><strong>\u00a0<\/strong><\/p>\n<p><strong>\u00a0<\/strong><\/p>\n<p><strong>\u00a0<\/strong><\/p>\n<p><strong>\u00a0C<\/strong><strong>astrumLab2010 <\/strong>si<strong> <\/strong>inserisce nel pi\u00f9 ampio programma<strong> <\/strong>di attivit\u00e0 didattiche e scientifiche <strong>CAGLIARIARCHITETTURA<\/strong> avviato dalla Facolt\u00e0 di Architettura che, giunta al quarto anno di vita, ritiene suo compito culturale ed etico quello di restituire alla citt\u00e0 di cui \u00e8 parte, e nel cui cuore \u00e8 insediata, le sue energie migliori per attivare la riflessione critica, il senso dell\u2019appartenenza, la mobilitazione delle conoscenze e delle energie scientifiche e culturali.<\/p>\n<p>\u00a0Per fare questo la Facolt\u00e0:<\/p>\n<ul>\n<li>si d\u00e0 un programma annuale (2010\/2011) per coinvolgere la ricerca e la didattica in un progetto comune, anche se assolutamente plurale, chiamando a raccolta i suoi docenti &#8211; interni, visiting professor, a contratto &#8211; e i giovani che vi lavorano rendendola viva e vitale, per sviluppare iniziative autonome ma convergenti sulla riqualificazione e rivitalizzazione della citt\u00e0 e del suo nucleo storico;<\/li>\n<li>sceglie il Castello, straordinario laboratorio in scala reale, come fulcro, ma anche come punto di partenza di itinerari progettuali urbani da esplorare e proporre, per una molteplicit\u00e0 di motivi, che vanno dalla grande, eclatante sproporzione tra la sua forza intrinseca e l\u2019attuale condizione di sottoutilizzo, sino alle potenzialit\u00e0 che la stessa presenza universitaria al suo interno fa intravvedere;<\/li>\n<li>intende con questa occasione porre la questione della propria\u00a0 identit\u00e0 culturale \u2013 i rapporti architettura-citt\u00e0 e progetto-costruzione, il coinvolgimento etico del progetto nei temi profondi della societ\u00e0 e del suo futuro sostenibile \u00a0&#8211; identit\u00e0 ormai maturata e ben presente, ma ancora poco dichiarata in maniera esplicita e, comunque, non abbastanza percepita all\u2019esterno;<span>\u00a0<\/span><\/li>\n<\/ul>\n<p class=\"MsoPlainText\" style=\"text-align: justify;margin: 0cm 14.2pt 0pt 0cm\"><span>\u00a0<\/span><\/p>\n","protected":false},"excerpt":{"rendered":"<p>\u00a0 \u00a0 \u00a0 \u00a0 \u00a0CastrumLab2010 si inserisce nel pi\u00f9 ampio programma di attivit\u00e0 didattiche e scientifiche CAGLIARIARCHITETTURA avviato dalla Facolt\u00e0 di Architettura che, giunta al quarto anno di vita, ritiene suo compito culturale ed etico quello di restituire alla citt\u00e0 di cui \u00e8 parte, e nel cui cuore \u00e8 insediata, le sue energie migliori per attivare la riflessione critica, il senso dell\u2019appartenenza, la mobilitazione delle conoscenze e delle energie scientifiche e culturali. \u00a0Per fare questo la Facolt\u00e0: si d\u00e0 un programma annuale (2010\/2011) per coinvolgere la ricerca e la didattica in un progetto comune, anche se assolutamente plurale, chiamando a <a href='https:\/\/people.unica.it\/castrumlab2010\/about\/' class='excerpt-more'>[&#8230;]<\/a><\/p>\n","protected":false},"author":357,"featured_media":0,"parent":0,"menu_order":1,"comment_status":"closed","ping_status":"open","template":"","meta":{"footnotes":""},"class_list":["post-2","page","type-page","status-publish","hentry","category-12-id","post-seq-1","post-parity-odd","meta-position-corners","fix"],"_links":{"self":[{"href":"https:\/\/people.unica.it\/castrumlab2010\/wp-json\/wp\/v2\/pages\/2","targetHints":{"allow":["GET"]}}],"collection":[{"href":"https:\/\/people.unica.it\/castrumlab2010\/wp-json\/wp\/v2\/pages"}],"about":[{"href":"https:\/\/people.unica.it\/castrumlab2010\/wp-json\/wp\/v2\/types\/page"}],"author":[{"embeddable":true,"href":"https:\/\/people.unica.it\/castrumlab2010\/wp-json\/wp\/v2\/users\/357"}],"replies":[{"embeddable":true,"href":"https:\/\/people.unica.it\/castrumlab2010\/wp-json\/wp\/v2\/comments?post=2"}],"version-history":[{"count":13,"href":"https:\/\/people.unica.it\/castrumlab2010\/wp-json\/wp\/v2\/pages\/2\/revisions"}],"predecessor-version":[{"id":96,"href":"https:\/\/people.unica.it\/castrumlab2010\/wp-json\/wp\/v2\/pages\/2\/revisions\/96"}],"wp:attachment":[{"href":"https:\/\/people.unica.it\/castrumlab2010\/wp-json\/wp\/v2\/media?parent=2"}],"curies":[{"name":"wp","href":"https:\/\/api.w.org\/{rel}","templated":true}]}}